{"id":10147,"date":"2022-06-23T14:30:28","date_gmt":"2022-06-23T12:30:28","guid":{"rendered":"https:\/\/www.modula.eu\/storie-di-successo\/ceramico\/tecnocer\/"},"modified":"2022-12-20T14:07:15","modified_gmt":"2022-12-20T14:07:15","slug":"tecnocer","status":"publish","type":"page","link":"https:\/\/www.modula.eu\/de\/case-studies\/keramikbranche\/tecnocer\/","title":{"rendered":"Tecnocer"},"content":{"rendered":"","protected":false},"excerpt":{"rendered":"","protected":false},"author":1,"featured_media":7152,"parent":10141,"menu_order":2,"comment_status":"closed","ping_status":"closed","template":"case.php","meta":{"_acf_changed":false,"inline_featured_image":false,"mapsvg_location":"","footnotes":""},"class_list":["post-10147","page","type-page","status-publish","has-post-thumbnail","hentry"],"acf":[],"yoast_head":"<!-- This site is optimized with the Yoast SEO plugin v27.3 - https:\/\/yoast.com\/product\/yoast-seo-wordpress\/ -->\n<title>Lagerverwaltungssystem Modula f\u00fcr die Keramikindustrie: Tecnocer<\/title>\n<meta name=\"description\" content=\"Das Traditionsunternehmen f\u00fcr Emaillieranlagen und -maschinen f\u00fcr Fliesen und Ziegel entwirft und produziert intern B\u00fcrsten, Drehvorrichtungen, Schabergruppen, Bottiche und B\u00fcrstmaschinen.\" \/>\n<meta name=\"robots\" content=\"index, follow, max-snippet:-1, max-image-preview:large, max-video-preview:-1\" \/>\n<link rel=\"canonical\" href=\"https:\/\/www.modula.eu\/de\/case-studies\/keramikbranche\/tecnocer\/\" \/>\n<meta property=\"og:locale\" content=\"de_DE\" \/>\n<meta property=\"og:type\" content=\"article\" \/>\n<meta property=\"og:title\" content=\"Lagerverwaltungssystem Modula f\u00fcr die Keramikindustrie: Tecnocer\" \/>\n<meta property=\"og:description\" content=\"Das Traditionsunternehmen f\u00fcr Emaillieranlagen und -maschinen f\u00fcr Fliesen und Ziegel entwirft und produziert intern B\u00fcrsten, Drehvorrichtungen, Schabergruppen, Bottiche und B\u00fcrstmaschinen.\" \/>\n<meta property=\"og:url\" content=\"https:\/\/www.modula.eu\/de\/case-studies\/keramikbranche\/tecnocer\/\" \/>\n<meta property=\"og:site_name\" content=\"Modula\" \/>\n<meta property=\"article:modified_time\" content=\"2022-12-20T14:07:15+00:00\" \/>\n<meta property=\"og:image\" content=\"https:\/\/www.modula.eu\/wp-content\/uploads\/2022\/10\/69-Tecnocer.jpg\" \/>\n\t<meta property=\"og:image:width\" content=\"600\" \/>\n\t<meta property=\"og:image:height\" content=\"450\" \/>\n\t<meta property=\"og:image:type\" content=\"image\/jpeg\" \/>\n<meta name=\"twitter:card\" content=\"summary_large_image\" \/>\n<script type=\"application\/ld+json\" class=\"yoast-schema-graph\">{\"@context\":\"https:\\\/\\\/schema.org\",\"@graph\":[{\"@type\":\"WebPage\",\"@id\":\"https:\\\/\\\/www.modula.eu\\\/de\\\/case-studies\\\/keramikbranche\\\/tecnocer\\\/\",\"url\":\"https:\\\/\\\/www.modula.eu\\\/de\\\/case-studies\\\/keramikbranche\\\/tecnocer\\\/\",\"name\":\"Lagerverwaltungssystem Modula f\u00fcr die Keramikindustrie: Tecnocer\",\"isPartOf\":{\"@id\":\"https:\\\/\\\/www.modula.eu\\\/de\\\/#website\"},\"primaryImageOfPage\":{\"@id\":\"https:\\\/\\\/www.modula.eu\\\/de\\\/case-studies\\\/keramikbranche\\\/tecnocer\\\/#primaryimage\"},\"image\":{\"@id\":\"https:\\\/\\\/www.modula.eu\\\/de\\\/case-studies\\\/keramikbranche\\\/tecnocer\\\/#primaryimage\"},\"thumbnailUrl\":\"https:\\\/\\\/www.modula.eu\\\/wp-content\\\/uploads\\\/2022\\\/10\\\/69-Tecnocer.jpg\",\"datePublished\":\"2022-06-23T12:30:28+00:00\",\"dateModified\":\"2022-12-20T14:07:15+00:00\",\"description\":\"Das Traditionsunternehmen f\u00fcr Emaillieranlagen und -maschinen f\u00fcr Fliesen und Ziegel entwirft und produziert intern B\u00fcrsten, Drehvorrichtungen, Schabergruppen, Bottiche und B\u00fcrstmaschinen.\",\"breadcrumb\":{\"@id\":\"https:\\\/\\\/www.modula.eu\\\/de\\\/case-studies\\\/keramikbranche\\\/tecnocer\\\/#breadcrumb\"},\"inLanguage\":\"de\",\"potentialAction\":[{\"@type\":\"ReadAction\",\"target\":[\"https:\\\/\\\/www.modula.eu\\\/de\\\/case-studies\\\/keramikbranche\\\/tecnocer\\\/\"]}]},{\"@type\":\"ImageObject\",\"inLanguage\":\"de\",\"@id\":\"https:\\\/\\\/www.modula.eu\\\/de\\\/case-studies\\\/keramikbranche\\\/tecnocer\\\/#primaryimage\",\"url\":\"https:\\\/\\\/www.modula.eu\\\/wp-content\\\/uploads\\\/2022\\\/10\\\/69-Tecnocer.jpg\",\"contentUrl\":\"https:\\\/\\\/www.modula.eu\\\/wp-content\\\/uploads\\\/2022\\\/10\\\/69-Tecnocer.jpg\",\"width\":600,\"height\":450},{\"@type\":\"BreadcrumbList\",\"@id\":\"https:\\\/\\\/www.modula.eu\\\/de\\\/case-studies\\\/keramikbranche\\\/tecnocer\\\/#breadcrumb\",\"itemListElement\":[{\"@type\":\"ListItem\",\"position\":1,\"name\":\"Home\",\"item\":\"https:\\\/\\\/www.modula.eu\\\/de\\\/\"},{\"@type\":\"ListItem\",\"position\":2,\"name\":\"Fallstudien\",\"item\":\"https:\\\/\\\/www.modula.eu\\\/de\\\/case-studies\\\/\"},{\"@type\":\"ListItem\",\"position\":3,\"name\":\"Keramikbranche\",\"item\":\"https:\\\/\\\/www.modula.eu\\\/de\\\/case-studies\\\/keramikbranche\\\/\"},{\"@type\":\"ListItem\",\"position\":4,\"name\":\"Tecnocer\"}]},{\"@type\":\"WebSite\",\"@id\":\"https:\\\/\\\/www.modula.eu\\\/de\\\/#website\",\"url\":\"https:\\\/\\\/www.modula.eu\\\/de\\\/\",\"name\":\"Modula\",\"description\":\"Think Vertical\",\"publisher\":{\"@id\":\"https:\\\/\\\/www.modula.eu\\\/de\\\/#organization\"},\"potentialAction\":[{\"@type\":\"SearchAction\",\"target\":{\"@type\":\"EntryPoint\",\"urlTemplate\":\"https:\\\/\\\/www.modula.eu\\\/de\\\/?s={search_term_string}\"},\"query-input\":{\"@type\":\"PropertyValueSpecification\",\"valueRequired\":true,\"valueName\":\"search_term_string\"}}],\"inLanguage\":\"de\"},{\"@type\":\"Organization\",\"@id\":\"https:\\\/\\\/www.modula.eu\\\/de\\\/#organization\",\"name\":\"Modula\",\"url\":\"https:\\\/\\\/www.modula.eu\\\/de\\\/\",\"logo\":{\"@type\":\"ImageObject\",\"inLanguage\":\"de\",\"@id\":\"https:\\\/\\\/www.modula.eu\\\/de\\\/#\\\/schema\\\/logo\\\/image\\\/\",\"url\":\"https:\\\/\\\/www.modula.eu\\\/wp-content\\\/uploads\\\/2022\\\/12\\\/Modula-logo.jpg\",\"contentUrl\":\"https:\\\/\\\/www.modula.eu\\\/wp-content\\\/uploads\\\/2022\\\/12\\\/Modula-logo.jpg\",\"width\":759,\"height\":512,\"caption\":\"Modula\"},\"image\":{\"@id\":\"https:\\\/\\\/www.modula.eu\\\/de\\\/#\\\/schema\\\/logo\\\/image\\\/\"}}]}<\/script>\n<!-- \/ Yoast SEO plugin. -->","yoast_head_json":{"title":"Lagerverwaltungssystem Modula f\u00fcr die Keramikindustrie: Tecnocer","description":"Das Traditionsunternehmen f\u00fcr Emaillieranlagen und -maschinen f\u00fcr Fliesen und Ziegel entwirft und produziert intern B\u00fcrsten, Drehvorrichtungen, Schabergruppen, Bottiche und B\u00fcrstmaschinen.","robots":{"index":"index","follow":"follow","max-snippet":"max-snippet:-1","max-image-preview":"max-image-preview:large","max-video-preview":"max-video-preview:-1"},"canonical":"https:\/\/www.modula.eu\/de\/case-studies\/keramikbranche\/tecnocer\/","og_locale":"de_DE","og_type":"article","og_title":"Lagerverwaltungssystem Modula f\u00fcr die Keramikindustrie: Tecnocer","og_description":"Das Traditionsunternehmen f\u00fcr Emaillieranlagen und -maschinen f\u00fcr Fliesen und Ziegel entwirft und produziert intern B\u00fcrsten, Drehvorrichtungen, Schabergruppen, Bottiche und B\u00fcrstmaschinen.","og_url":"https:\/\/www.modula.eu\/de\/case-studies\/keramikbranche\/tecnocer\/","og_site_name":"Modula","article_modified_time":"2022-12-20T14:07:15+00:00","og_image":[{"width":600,"height":450,"url":"https:\/\/www.modula.eu\/wp-content\/uploads\/2022\/10\/69-Tecnocer.jpg","type":"image\/jpeg"}],"twitter_card":"summary_large_image","schema":{"@context":"https:\/\/schema.org","@graph":[{"@type":"WebPage","@id":"https:\/\/www.modula.eu\/de\/case-studies\/keramikbranche\/tecnocer\/","url":"https:\/\/www.modula.eu\/de\/case-studies\/keramikbranche\/tecnocer\/","name":"Lagerverwaltungssystem Modula f\u00fcr die Keramikindustrie: Tecnocer","isPartOf":{"@id":"https:\/\/www.modula.eu\/de\/#website"},"primaryImageOfPage":{"@id":"https:\/\/www.modula.eu\/de\/case-studies\/keramikbranche\/tecnocer\/#primaryimage"},"image":{"@id":"https:\/\/www.modula.eu\/de\/case-studies\/keramikbranche\/tecnocer\/#primaryimage"},"thumbnailUrl":"https:\/\/www.modula.eu\/wp-content\/uploads\/2022\/10\/69-Tecnocer.jpg","datePublished":"2022-06-23T12:30:28+00:00","dateModified":"2022-12-20T14:07:15+00:00","description":"Das Traditionsunternehmen f\u00fcr Emaillieranlagen und -maschinen f\u00fcr Fliesen und Ziegel entwirft und produziert intern B\u00fcrsten, Drehvorrichtungen, Schabergruppen, Bottiche und B\u00fcrstmaschinen.","breadcrumb":{"@id":"https:\/\/www.modula.eu\/de\/case-studies\/keramikbranche\/tecnocer\/#breadcrumb"},"inLanguage":"de","potentialAction":[{"@type":"ReadAction","target":["https:\/\/www.modula.eu\/de\/case-studies\/keramikbranche\/tecnocer\/"]}]},{"@type":"ImageObject","inLanguage":"de","@id":"https:\/\/www.modula.eu\/de\/case-studies\/keramikbranche\/tecnocer\/#primaryimage","url":"https:\/\/www.modula.eu\/wp-content\/uploads\/2022\/10\/69-Tecnocer.jpg","contentUrl":"https:\/\/www.modula.eu\/wp-content\/uploads\/2022\/10\/69-Tecnocer.jpg","width":600,"height":450},{"@type":"BreadcrumbList","@id":"https:\/\/www.modula.eu\/de\/case-studies\/keramikbranche\/tecnocer\/#breadcrumb","itemListElement":[{"@type":"ListItem","position":1,"name":"Home","item":"https:\/\/www.modula.eu\/de\/"},{"@type":"ListItem","position":2,"name":"Fallstudien","item":"https:\/\/www.modula.eu\/de\/case-studies\/"},{"@type":"ListItem","position":3,"name":"Keramikbranche","item":"https:\/\/www.modula.eu\/de\/case-studies\/keramikbranche\/"},{"@type":"ListItem","position":4,"name":"Tecnocer"}]},{"@type":"WebSite","@id":"https:\/\/www.modula.eu\/de\/#website","url":"https:\/\/www.modula.eu\/de\/","name":"Modula","description":"Think Vertical","publisher":{"@id":"https:\/\/www.modula.eu\/de\/#organization"},"potentialAction":[{"@type":"SearchAction","target":{"@type":"EntryPoint","urlTemplate":"https:\/\/www.modula.eu\/de\/?s={search_term_string}"},"query-input":{"@type":"PropertyValueSpecification","valueRequired":true,"valueName":"search_term_string"}}],"inLanguage":"de"},{"@type":"Organization","@id":"https:\/\/www.modula.eu\/de\/#organization","name":"Modula","url":"https:\/\/www.modula.eu\/de\/","logo":{"@type":"ImageObject","inLanguage":"de","@id":"https:\/\/www.modula.eu\/de\/#\/schema\/logo\/image\/","url":"https:\/\/www.modula.eu\/wp-content\/uploads\/2022\/12\/Modula-logo.jpg","contentUrl":"https:\/\/www.modula.eu\/wp-content\/uploads\/2022\/12\/Modula-logo.jpg","width":759,"height":512,"caption":"Modula"},"image":{"@id":"https:\/\/www.modula.eu\/de\/#\/schema\/logo\/image\/"}}]}},"_links":{"self":[{"href":"https:\/\/www.modula.eu\/de\/wp-json\/wp\/v2\/pages\/10147","targetHints":{"allow":["GET"]}}],"collection":[{"href":"https:\/\/www.modula.eu\/de\/wp-json\/wp\/v2\/pages"}],"about":[{"href":"https:\/\/www.modula.eu\/de\/wp-json\/wp\/v2\/types\/page"}],"author":[{"embeddable":true,"href":"https:\/\/www.modula.eu\/de\/wp-json\/wp\/v2\/users\/1"}],"replies":[{"embeddable":true,"href":"https:\/\/www.modula.eu\/de\/wp-json\/wp\/v2\/comments?post=10147"}],"version-history":[{"count":0,"href":"https:\/\/www.modula.eu\/de\/wp-json\/wp\/v2\/pages\/10147\/revisions"}],"up":[{"embeddable":true,"href":"https:\/\/www.modula.eu\/de\/wp-json\/wp\/v2\/pages\/10141"}],"wp:featuredmedia":[{"embeddable":true,"href":"https:\/\/www.modula.eu\/de\/wp-json\/wp\/v2\/media\/7152"}],"wp:attachment":[{"href":"https:\/\/www.modula.eu\/de\/wp-json\/wp\/v2\/media?parent=10147"}],"curies":[{"name":"wp","href":"https:\/\/api.w.org\/{rel}","templated":true}]}}