{"id":10195,"date":"2022-06-23T14:30:24","date_gmt":"2022-06-23T12:30:24","guid":{"rendered":"https:\/\/www.modula.eu\/storie-di-successo\/elettronica-e-informatica\/marposs\/"},"modified":"2025-03-04T12:15:13","modified_gmt":"2025-03-04T11:15:13","slug":"marposs","status":"publish","type":"page","link":"https:\/\/www.modula.eu\/de\/case-studies\/elektronik-it-branche\/marposs\/","title":{"rendered":"Marposs"},"content":{"rendered":"","protected":false},"excerpt":{"rendered":"","protected":false},"author":1,"featured_media":7178,"parent":10183,"menu_order":14,"comment_status":"closed","ping_status":"closed","template":"case.php","meta":{"_acf_changed":false,"inline_featured_image":false,"mapsvg_location":"","footnotes":""},"class_list":["post-10195","page","type-page","status-publish","has-post-thumbnail","hentry"],"acf":[],"yoast_head":"<!-- This site is optimized with the Yoast SEO plugin v27.3 - https:\/\/yoast.com\/product\/yoast-seo-wordpress\/ -->\n<title>Modula Automatisches Lager f\u00fcr die Elektronikbranche: Marposs<\/title>\n<meta name=\"description\" content=\"Finden Sie jetzt heraus, warum sich Marposs, f\u00fchrender Anbieter von Pr\u00e4zisionsinstrumenten im Elektroniksektor, f\u00fcr Modula f\u00fcr die Automatisierung seines Lagers entschieden hat!\" \/>\n<meta name=\"robots\" content=\"index, follow, max-snippet:-1, max-image-preview:large, max-video-preview:-1\" \/>\n<link rel=\"canonical\" href=\"https:\/\/www.modula.eu\/de\/case-studies\/elektronik-it-branche\/marposs\/\" \/>\n<meta property=\"og:locale\" content=\"de_DE\" \/>\n<meta property=\"og:type\" content=\"article\" \/>\n<meta property=\"og:title\" content=\"Modula Automatisches Lager f\u00fcr die Elektronikbranche: Marposs\" \/>\n<meta property=\"og:description\" content=\"Finden Sie jetzt heraus, warum sich Marposs, f\u00fchrender Anbieter von Pr\u00e4zisionsinstrumenten im Elektroniksektor, f\u00fcr Modula f\u00fcr die Automatisierung seines Lagers entschieden hat!\" \/>\n<meta property=\"og:url\" content=\"https:\/\/www.modula.eu\/de\/case-studies\/elektronik-it-branche\/marposs\/\" \/>\n<meta property=\"og:site_name\" content=\"Modula\" \/>\n<meta property=\"article:modified_time\" content=\"2025-03-04T11:15:13+00:00\" \/>\n<meta property=\"og:image\" content=\"https:\/\/www.modula.eu\/wp-content\/uploads\/2022\/10\/52-Marposs.jpg\" \/>\n\t<meta property=\"og:image:width\" content=\"800\" \/>\n\t<meta property=\"og:image:height\" content=\"600\" \/>\n\t<meta property=\"og:image:type\" content=\"image\/jpeg\" \/>\n<meta name=\"twitter:card\" content=\"summary_large_image\" \/>\n<script type=\"application\/ld+json\" class=\"yoast-schema-graph\">{\"@context\":\"https:\\\/\\\/schema.org\",\"@graph\":[{\"@type\":\"WebPage\",\"@id\":\"https:\\\/\\\/www.modula.eu\\\/de\\\/case-studies\\\/elektronik-it-branche\\\/marposs\\\/\",\"url\":\"https:\\\/\\\/www.modula.eu\\\/de\\\/case-studies\\\/elektronik-it-branche\\\/marposs\\\/\",\"name\":\"Modula Automatisches Lager f\u00fcr die Elektronikbranche: Marposs\",\"isPartOf\":{\"@id\":\"https:\\\/\\\/www.modula.eu\\\/de\\\/#website\"},\"primaryImageOfPage\":{\"@id\":\"https:\\\/\\\/www.modula.eu\\\/de\\\/case-studies\\\/elektronik-it-branche\\\/marposs\\\/#primaryimage\"},\"image\":{\"@id\":\"https:\\\/\\\/www.modula.eu\\\/de\\\/case-studies\\\/elektronik-it-branche\\\/marposs\\\/#primaryimage\"},\"thumbnailUrl\":\"https:\\\/\\\/www.modula.eu\\\/wp-content\\\/uploads\\\/2022\\\/10\\\/52-Marposs.jpg\",\"datePublished\":\"2022-06-23T12:30:24+00:00\",\"dateModified\":\"2025-03-04T11:15:13+00:00\",\"description\":\"Finden Sie jetzt heraus, warum sich Marposs, f\u00fchrender Anbieter von Pr\u00e4zisionsinstrumenten im Elektroniksektor, f\u00fcr Modula f\u00fcr die Automatisierung seines Lagers entschieden hat!\",\"breadcrumb\":{\"@id\":\"https:\\\/\\\/www.modula.eu\\\/de\\\/case-studies\\\/elektronik-it-branche\\\/marposs\\\/#breadcrumb\"},\"inLanguage\":\"de\",\"potentialAction\":[{\"@type\":\"ReadAction\",\"target\":[\"https:\\\/\\\/www.modula.eu\\\/de\\\/case-studies\\\/elektronik-it-branche\\\/marposs\\\/\"]}]},{\"@type\":\"ImageObject\",\"inLanguage\":\"de\",\"@id\":\"https:\\\/\\\/www.modula.eu\\\/de\\\/case-studies\\\/elektronik-it-branche\\\/marposs\\\/#primaryimage\",\"url\":\"https:\\\/\\\/www.modula.eu\\\/wp-content\\\/uploads\\\/2022\\\/10\\\/52-Marposs.jpg\",\"contentUrl\":\"https:\\\/\\\/www.modula.eu\\\/wp-content\\\/uploads\\\/2022\\\/10\\\/52-Marposs.jpg\",\"width\":800,\"height\":600},{\"@type\":\"BreadcrumbList\",\"@id\":\"https:\\\/\\\/www.modula.eu\\\/de\\\/case-studies\\\/elektronik-it-branche\\\/marposs\\\/#breadcrumb\",\"itemListElement\":[{\"@type\":\"ListItem\",\"position\":1,\"name\":\"Home\",\"item\":\"https:\\\/\\\/www.modula.eu\\\/de\\\/\"},{\"@type\":\"ListItem\",\"position\":2,\"name\":\"Fallstudien\",\"item\":\"https:\\\/\\\/www.modula.eu\\\/de\\\/case-studies\\\/\"},{\"@type\":\"ListItem\",\"position\":3,\"name\":\"Elektronik \\\/ IT-Branche\",\"item\":\"https:\\\/\\\/www.modula.eu\\\/de\\\/case-studies\\\/elektronik-it-branche\\\/\"},{\"@type\":\"ListItem\",\"position\":4,\"name\":\"Marposs\"}]},{\"@type\":\"WebSite\",\"@id\":\"https:\\\/\\\/www.modula.eu\\\/de\\\/#website\",\"url\":\"https:\\\/\\\/www.modula.eu\\\/de\\\/\",\"name\":\"Modula\",\"description\":\"Think Vertical\",\"publisher\":{\"@id\":\"https:\\\/\\\/www.modula.eu\\\/de\\\/#organization\"},\"potentialAction\":[{\"@type\":\"SearchAction\",\"target\":{\"@type\":\"EntryPoint\",\"urlTemplate\":\"https:\\\/\\\/www.modula.eu\\\/de\\\/?s={search_term_string}\"},\"query-input\":{\"@type\":\"PropertyValueSpecification\",\"valueRequired\":true,\"valueName\":\"search_term_string\"}}],\"inLanguage\":\"de\"},{\"@type\":\"Organization\",\"@id\":\"https:\\\/\\\/www.modula.eu\\\/de\\\/#organization\",\"name\":\"Modula\",\"url\":\"https:\\\/\\\/www.modula.eu\\\/de\\\/\",\"logo\":{\"@type\":\"ImageObject\",\"inLanguage\":\"de\",\"@id\":\"https:\\\/\\\/www.modula.eu\\\/de\\\/#\\\/schema\\\/logo\\\/image\\\/\",\"url\":\"https:\\\/\\\/www.modula.eu\\\/wp-content\\\/uploads\\\/2022\\\/12\\\/Modula-logo.jpg\",\"contentUrl\":\"https:\\\/\\\/www.modula.eu\\\/wp-content\\\/uploads\\\/2022\\\/12\\\/Modula-logo.jpg\",\"width\":759,\"height\":512,\"caption\":\"Modula\"},\"image\":{\"@id\":\"https:\\\/\\\/www.modula.eu\\\/de\\\/#\\\/schema\\\/logo\\\/image\\\/\"}}]}<\/script>\n<!-- \/ Yoast SEO plugin. -->","yoast_head_json":{"title":"Modula Automatisches Lager f\u00fcr die Elektronikbranche: Marposs","description":"Finden Sie jetzt heraus, warum sich Marposs, f\u00fchrender Anbieter von Pr\u00e4zisionsinstrumenten im Elektroniksektor, f\u00fcr Modula f\u00fcr die Automatisierung seines Lagers entschieden hat!","robots":{"index":"index","follow":"follow","max-snippet":"max-snippet:-1","max-image-preview":"max-image-preview:large","max-video-preview":"max-video-preview:-1"},"canonical":"https:\/\/www.modula.eu\/de\/case-studies\/elektronik-it-branche\/marposs\/","og_locale":"de_DE","og_type":"article","og_title":"Modula Automatisches Lager f\u00fcr die Elektronikbranche: Marposs","og_description":"Finden Sie jetzt heraus, warum sich Marposs, f\u00fchrender Anbieter von Pr\u00e4zisionsinstrumenten im Elektroniksektor, f\u00fcr Modula f\u00fcr die Automatisierung seines Lagers entschieden hat!","og_url":"https:\/\/www.modula.eu\/de\/case-studies\/elektronik-it-branche\/marposs\/","og_site_name":"Modula","article_modified_time":"2025-03-04T11:15:13+00:00","og_image":[{"width":800,"height":600,"url":"https:\/\/www.modula.eu\/wp-content\/uploads\/2022\/10\/52-Marposs.jpg","type":"image\/jpeg"}],"twitter_card":"summary_large_image","schema":{"@context":"https:\/\/schema.org","@graph":[{"@type":"WebPage","@id":"https:\/\/www.modula.eu\/de\/case-studies\/elektronik-it-branche\/marposs\/","url":"https:\/\/www.modula.eu\/de\/case-studies\/elektronik-it-branche\/marposs\/","name":"Modula Automatisches Lager f\u00fcr die Elektronikbranche: Marposs","isPartOf":{"@id":"https:\/\/www.modula.eu\/de\/#website"},"primaryImageOfPage":{"@id":"https:\/\/www.modula.eu\/de\/case-studies\/elektronik-it-branche\/marposs\/#primaryimage"},"image":{"@id":"https:\/\/www.modula.eu\/de\/case-studies\/elektronik-it-branche\/marposs\/#primaryimage"},"thumbnailUrl":"https:\/\/www.modula.eu\/wp-content\/uploads\/2022\/10\/52-Marposs.jpg","datePublished":"2022-06-23T12:30:24+00:00","dateModified":"2025-03-04T11:15:13+00:00","description":"Finden Sie jetzt heraus, warum sich Marposs, f\u00fchrender Anbieter von Pr\u00e4zisionsinstrumenten im Elektroniksektor, f\u00fcr Modula f\u00fcr die Automatisierung seines Lagers entschieden hat!","breadcrumb":{"@id":"https:\/\/www.modula.eu\/de\/case-studies\/elektronik-it-branche\/marposs\/#breadcrumb"},"inLanguage":"de","potentialAction":[{"@type":"ReadAction","target":["https:\/\/www.modula.eu\/de\/case-studies\/elektronik-it-branche\/marposs\/"]}]},{"@type":"ImageObject","inLanguage":"de","@id":"https:\/\/www.modula.eu\/de\/case-studies\/elektronik-it-branche\/marposs\/#primaryimage","url":"https:\/\/www.modula.eu\/wp-content\/uploads\/2022\/10\/52-Marposs.jpg","contentUrl":"https:\/\/www.modula.eu\/wp-content\/uploads\/2022\/10\/52-Marposs.jpg","width":800,"height":600},{"@type":"BreadcrumbList","@id":"https:\/\/www.modula.eu\/de\/case-studies\/elektronik-it-branche\/marposs\/#breadcrumb","itemListElement":[{"@type":"ListItem","position":1,"name":"Home","item":"https:\/\/www.modula.eu\/de\/"},{"@type":"ListItem","position":2,"name":"Fallstudien","item":"https:\/\/www.modula.eu\/de\/case-studies\/"},{"@type":"ListItem","position":3,"name":"Elektronik \/ IT-Branche","item":"https:\/\/www.modula.eu\/de\/case-studies\/elektronik-it-branche\/"},{"@type":"ListItem","position":4,"name":"Marposs"}]},{"@type":"WebSite","@id":"https:\/\/www.modula.eu\/de\/#website","url":"https:\/\/www.modula.eu\/de\/","name":"Modula","description":"Think Vertical","publisher":{"@id":"https:\/\/www.modula.eu\/de\/#organization"},"potentialAction":[{"@type":"SearchAction","target":{"@type":"EntryPoint","urlTemplate":"https:\/\/www.modula.eu\/de\/?s={search_term_string}"},"query-input":{"@type":"PropertyValueSpecification","valueRequired":true,"valueName":"search_term_string"}}],"inLanguage":"de"},{"@type":"Organization","@id":"https:\/\/www.modula.eu\/de\/#organization","name":"Modula","url":"https:\/\/www.modula.eu\/de\/","logo":{"@type":"ImageObject","inLanguage":"de","@id":"https:\/\/www.modula.eu\/de\/#\/schema\/logo\/image\/","url":"https:\/\/www.modula.eu\/wp-content\/uploads\/2022\/12\/Modula-logo.jpg","contentUrl":"https:\/\/www.modula.eu\/wp-content\/uploads\/2022\/12\/Modula-logo.jpg","width":759,"height":512,"caption":"Modula"},"image":{"@id":"https:\/\/www.modula.eu\/de\/#\/schema\/logo\/image\/"}}]}},"_links":{"self":[{"href":"https:\/\/www.modula.eu\/de\/wp-json\/wp\/v2\/pages\/10195","targetHints":{"allow":["GET"]}}],"collection":[{"href":"https:\/\/www.modula.eu\/de\/wp-json\/wp\/v2\/pages"}],"about":[{"href":"https:\/\/www.modula.eu\/de\/wp-json\/wp\/v2\/types\/page"}],"author":[{"embeddable":true,"href":"https:\/\/www.modula.eu\/de\/wp-json\/wp\/v2\/users\/1"}],"replies":[{"embeddable":true,"href":"https:\/\/www.modula.eu\/de\/wp-json\/wp\/v2\/comments?post=10195"}],"version-history":[{"count":0,"href":"https:\/\/www.modula.eu\/de\/wp-json\/wp\/v2\/pages\/10195\/revisions"}],"up":[{"embeddable":true,"href":"https:\/\/www.modula.eu\/de\/wp-json\/wp\/v2\/pages\/10183"}],"wp:featuredmedia":[{"embeddable":true,"href":"https:\/\/www.modula.eu\/de\/wp-json\/wp\/v2\/media\/7178"}],"wp:attachment":[{"href":"https:\/\/www.modula.eu\/de\/wp-json\/wp\/v2\/media?parent=10195"}],"curies":[{"name":"wp","href":"https:\/\/api.w.org\/{rel}","templated":true}]}}