{"id":10222,"date":"2022-06-23T13:49:36","date_gmt":"2022-06-23T11:49:36","guid":{"rendered":"https:\/\/www.modula.eu\/storie-di-successo\/food-beverage-e-gdo\/gruppo-mezzacorona\/"},"modified":"2024-04-19T11:56:06","modified_gmt":"2024-04-19T09:56:06","slug":"gruppo-mezzacorona","status":"publish","type":"page","link":"https:\/\/www.modula.eu\/de\/case-studies\/lebensmittel-und-getraenkebranche\/gruppo-mezzacorona\/","title":{"rendered":"Gruppo Mezzacorona"},"content":{"rendered":"","protected":false},"excerpt":{"rendered":"","protected":false},"author":1,"featured_media":7192,"parent":10219,"menu_order":0,"comment_status":"closed","ping_status":"closed","template":"case.php","meta":{"_acf_changed":false,"inline_featured_image":false,"mapsvg_location":"","footnotes":""},"class_list":["post-10222","page","type-page","status-publish","has-post-thumbnail","hentry"],"acf":[],"yoast_head":"<!-- This site is optimized with the Yoast SEO plugin v27.3 - https:\/\/yoast.com\/product\/yoast-seo-wordpress\/ -->\n<title>Automatische Lager Modula im Wein- und Obstsektor: Gruppo Mezzacorona<\/title>\n<meta name=\"description\" content=\"Die Mezzacorona-Gruppe ist seit \u00fcber 110 Jahren im Wein- und Obstsektor t\u00e4tig. Sie verwaltet die Aktivit\u00e4ten von der Traubenproduktion bis zur anschlie\u00dfenden Weinbereitung und Abf\u00fcllung.\" \/>\n<meta name=\"robots\" content=\"index, follow, max-snippet:-1, max-image-preview:large, max-video-preview:-1\" \/>\n<link rel=\"canonical\" href=\"https:\/\/www.modula.eu\/de\/case-studies\/lebensmittel-und-getraenkebranche\/gruppo-mezzacorona\/\" \/>\n<meta property=\"og:locale\" content=\"de_DE\" \/>\n<meta property=\"og:type\" content=\"article\" \/>\n<meta property=\"og:title\" content=\"Automatische Lager Modula im Wein- und Obstsektor: Gruppo Mezzacorona\" \/>\n<meta property=\"og:description\" content=\"Die Mezzacorona-Gruppe ist seit \u00fcber 110 Jahren im Wein- und Obstsektor t\u00e4tig. Sie verwaltet die Aktivit\u00e4ten von der Traubenproduktion bis zur anschlie\u00dfenden Weinbereitung und Abf\u00fcllung.\" \/>\n<meta property=\"og:url\" content=\"https:\/\/www.modula.eu\/de\/case-studies\/lebensmittel-und-getraenkebranche\/gruppo-mezzacorona\/\" \/>\n<meta property=\"og:site_name\" content=\"Modula\" \/>\n<meta property=\"article:modified_time\" content=\"2024-04-19T09:56:06+00:00\" \/>\n<meta property=\"og:image\" content=\"https:\/\/www.modula.eu\/wp-content\/uploads\/2022\/10\/38-Gruppo-Mezzacorona.jpg\" \/>\n\t<meta property=\"og:image:width\" content=\"800\" \/>\n\t<meta property=\"og:image:height\" content=\"600\" \/>\n\t<meta property=\"og:image:type\" content=\"image\/jpeg\" \/>\n<meta name=\"twitter:card\" content=\"summary_large_image\" \/>\n<script type=\"application\/ld+json\" class=\"yoast-schema-graph\">{\"@context\":\"https:\\\/\\\/schema.org\",\"@graph\":[{\"@type\":\"WebPage\",\"@id\":\"https:\\\/\\\/www.modula.eu\\\/de\\\/case-studies\\\/lebensmittel-und-getraenkebranche\\\/gruppo-mezzacorona\\\/\",\"url\":\"https:\\\/\\\/www.modula.eu\\\/de\\\/case-studies\\\/lebensmittel-und-getraenkebranche\\\/gruppo-mezzacorona\\\/\",\"name\":\"Automatische Lager Modula im Wein- und Obstsektor: Gruppo Mezzacorona\",\"isPartOf\":{\"@id\":\"https:\\\/\\\/www.modula.eu\\\/de\\\/#website\"},\"primaryImageOfPage\":{\"@id\":\"https:\\\/\\\/www.modula.eu\\\/de\\\/case-studies\\\/lebensmittel-und-getraenkebranche\\\/gruppo-mezzacorona\\\/#primaryimage\"},\"image\":{\"@id\":\"https:\\\/\\\/www.modula.eu\\\/de\\\/case-studies\\\/lebensmittel-und-getraenkebranche\\\/gruppo-mezzacorona\\\/#primaryimage\"},\"thumbnailUrl\":\"https:\\\/\\\/www.modula.eu\\\/wp-content\\\/uploads\\\/2022\\\/10\\\/38-Gruppo-Mezzacorona.jpg\",\"datePublished\":\"2022-06-23T11:49:36+00:00\",\"dateModified\":\"2024-04-19T09:56:06+00:00\",\"description\":\"Die Mezzacorona-Gruppe ist seit \u00fcber 110 Jahren im Wein- und Obstsektor t\u00e4tig. Sie verwaltet die Aktivit\u00e4ten von der Traubenproduktion bis zur anschlie\u00dfenden Weinbereitung und Abf\u00fcllung.\",\"breadcrumb\":{\"@id\":\"https:\\\/\\\/www.modula.eu\\\/de\\\/case-studies\\\/lebensmittel-und-getraenkebranche\\\/gruppo-mezzacorona\\\/#breadcrumb\"},\"inLanguage\":\"de\",\"potentialAction\":[{\"@type\":\"ReadAction\",\"target\":[\"https:\\\/\\\/www.modula.eu\\\/de\\\/case-studies\\\/lebensmittel-und-getraenkebranche\\\/gruppo-mezzacorona\\\/\"]}]},{\"@type\":\"ImageObject\",\"inLanguage\":\"de\",\"@id\":\"https:\\\/\\\/www.modula.eu\\\/de\\\/case-studies\\\/lebensmittel-und-getraenkebranche\\\/gruppo-mezzacorona\\\/#primaryimage\",\"url\":\"https:\\\/\\\/www.modula.eu\\\/wp-content\\\/uploads\\\/2022\\\/10\\\/38-Gruppo-Mezzacorona.jpg\",\"contentUrl\":\"https:\\\/\\\/www.modula.eu\\\/wp-content\\\/uploads\\\/2022\\\/10\\\/38-Gruppo-Mezzacorona.jpg\",\"width\":800,\"height\":600},{\"@type\":\"BreadcrumbList\",\"@id\":\"https:\\\/\\\/www.modula.eu\\\/de\\\/case-studies\\\/lebensmittel-und-getraenkebranche\\\/gruppo-mezzacorona\\\/#breadcrumb\",\"itemListElement\":[{\"@type\":\"ListItem\",\"position\":1,\"name\":\"Home\",\"item\":\"https:\\\/\\\/www.modula.eu\\\/de\\\/\"},{\"@type\":\"ListItem\",\"position\":2,\"name\":\"Fallstudien\",\"item\":\"https:\\\/\\\/www.modula.eu\\\/de\\\/case-studies\\\/\"},{\"@type\":\"ListItem\",\"position\":3,\"name\":\"Lebensmittel und Getr\u00e4nkebranche\",\"item\":\"https:\\\/\\\/www.modula.eu\\\/de\\\/case-studies\\\/lebensmittel-und-getrankebranche\\\/\"},{\"@type\":\"ListItem\",\"position\":4,\"name\":\"Gruppo Mezzacorona\"}]},{\"@type\":\"WebSite\",\"@id\":\"https:\\\/\\\/www.modula.eu\\\/de\\\/#website\",\"url\":\"https:\\\/\\\/www.modula.eu\\\/de\\\/\",\"name\":\"Modula\",\"description\":\"Think Vertical\",\"publisher\":{\"@id\":\"https:\\\/\\\/www.modula.eu\\\/de\\\/#organization\"},\"potentialAction\":[{\"@type\":\"SearchAction\",\"target\":{\"@type\":\"EntryPoint\",\"urlTemplate\":\"https:\\\/\\\/www.modula.eu\\\/de\\\/?s={search_term_string}\"},\"query-input\":{\"@type\":\"PropertyValueSpecification\",\"valueRequired\":true,\"valueName\":\"search_term_string\"}}],\"inLanguage\":\"de\"},{\"@type\":\"Organization\",\"@id\":\"https:\\\/\\\/www.modula.eu\\\/de\\\/#organization\",\"name\":\"Modula\",\"url\":\"https:\\\/\\\/www.modula.eu\\\/de\\\/\",\"logo\":{\"@type\":\"ImageObject\",\"inLanguage\":\"de\",\"@id\":\"https:\\\/\\\/www.modula.eu\\\/de\\\/#\\\/schema\\\/logo\\\/image\\\/\",\"url\":\"https:\\\/\\\/www.modula.eu\\\/wp-content\\\/uploads\\\/2022\\\/12\\\/Modula-logo.jpg\",\"contentUrl\":\"https:\\\/\\\/www.modula.eu\\\/wp-content\\\/uploads\\\/2022\\\/12\\\/Modula-logo.jpg\",\"width\":759,\"height\":512,\"caption\":\"Modula\"},\"image\":{\"@id\":\"https:\\\/\\\/www.modula.eu\\\/de\\\/#\\\/schema\\\/logo\\\/image\\\/\"}}]}<\/script>\n<!-- \/ Yoast SEO plugin. -->","yoast_head_json":{"title":"Automatische Lager Modula im Wein- und Obstsektor: Gruppo Mezzacorona","description":"Die Mezzacorona-Gruppe ist seit \u00fcber 110 Jahren im Wein- und Obstsektor t\u00e4tig. Sie verwaltet die Aktivit\u00e4ten von der Traubenproduktion bis zur anschlie\u00dfenden Weinbereitung und Abf\u00fcllung.","robots":{"index":"index","follow":"follow","max-snippet":"max-snippet:-1","max-image-preview":"max-image-preview:large","max-video-preview":"max-video-preview:-1"},"canonical":"https:\/\/www.modula.eu\/de\/case-studies\/lebensmittel-und-getraenkebranche\/gruppo-mezzacorona\/","og_locale":"de_DE","og_type":"article","og_title":"Automatische Lager Modula im Wein- und Obstsektor: Gruppo Mezzacorona","og_description":"Die Mezzacorona-Gruppe ist seit \u00fcber 110 Jahren im Wein- und Obstsektor t\u00e4tig. Sie verwaltet die Aktivit\u00e4ten von der Traubenproduktion bis zur anschlie\u00dfenden Weinbereitung und Abf\u00fcllung.","og_url":"https:\/\/www.modula.eu\/de\/case-studies\/lebensmittel-und-getraenkebranche\/gruppo-mezzacorona\/","og_site_name":"Modula","article_modified_time":"2024-04-19T09:56:06+00:00","og_image":[{"width":800,"height":600,"url":"https:\/\/www.modula.eu\/wp-content\/uploads\/2022\/10\/38-Gruppo-Mezzacorona.jpg","type":"image\/jpeg"}],"twitter_card":"summary_large_image","schema":{"@context":"https:\/\/schema.org","@graph":[{"@type":"WebPage","@id":"https:\/\/www.modula.eu\/de\/case-studies\/lebensmittel-und-getraenkebranche\/gruppo-mezzacorona\/","url":"https:\/\/www.modula.eu\/de\/case-studies\/lebensmittel-und-getraenkebranche\/gruppo-mezzacorona\/","name":"Automatische Lager Modula im Wein- und Obstsektor: Gruppo Mezzacorona","isPartOf":{"@id":"https:\/\/www.modula.eu\/de\/#website"},"primaryImageOfPage":{"@id":"https:\/\/www.modula.eu\/de\/case-studies\/lebensmittel-und-getraenkebranche\/gruppo-mezzacorona\/#primaryimage"},"image":{"@id":"https:\/\/www.modula.eu\/de\/case-studies\/lebensmittel-und-getraenkebranche\/gruppo-mezzacorona\/#primaryimage"},"thumbnailUrl":"https:\/\/www.modula.eu\/wp-content\/uploads\/2022\/10\/38-Gruppo-Mezzacorona.jpg","datePublished":"2022-06-23T11:49:36+00:00","dateModified":"2024-04-19T09:56:06+00:00","description":"Die Mezzacorona-Gruppe ist seit \u00fcber 110 Jahren im Wein- und Obstsektor t\u00e4tig. Sie verwaltet die Aktivit\u00e4ten von der Traubenproduktion bis zur anschlie\u00dfenden Weinbereitung und Abf\u00fcllung.","breadcrumb":{"@id":"https:\/\/www.modula.eu\/de\/case-studies\/lebensmittel-und-getraenkebranche\/gruppo-mezzacorona\/#breadcrumb"},"inLanguage":"de","potentialAction":[{"@type":"ReadAction","target":["https:\/\/www.modula.eu\/de\/case-studies\/lebensmittel-und-getraenkebranche\/gruppo-mezzacorona\/"]}]},{"@type":"ImageObject","inLanguage":"de","@id":"https:\/\/www.modula.eu\/de\/case-studies\/lebensmittel-und-getraenkebranche\/gruppo-mezzacorona\/#primaryimage","url":"https:\/\/www.modula.eu\/wp-content\/uploads\/2022\/10\/38-Gruppo-Mezzacorona.jpg","contentUrl":"https:\/\/www.modula.eu\/wp-content\/uploads\/2022\/10\/38-Gruppo-Mezzacorona.jpg","width":800,"height":600},{"@type":"BreadcrumbList","@id":"https:\/\/www.modula.eu\/de\/case-studies\/lebensmittel-und-getraenkebranche\/gruppo-mezzacorona\/#breadcrumb","itemListElement":[{"@type":"ListItem","position":1,"name":"Home","item":"https:\/\/www.modula.eu\/de\/"},{"@type":"ListItem","position":2,"name":"Fallstudien","item":"https:\/\/www.modula.eu\/de\/case-studies\/"},{"@type":"ListItem","position":3,"name":"Lebensmittel und Getr\u00e4nkebranche","item":"https:\/\/www.modula.eu\/de\/case-studies\/lebensmittel-und-getrankebranche\/"},{"@type":"ListItem","position":4,"name":"Gruppo Mezzacorona"}]},{"@type":"WebSite","@id":"https:\/\/www.modula.eu\/de\/#website","url":"https:\/\/www.modula.eu\/de\/","name":"Modula","description":"Think Vertical","publisher":{"@id":"https:\/\/www.modula.eu\/de\/#organization"},"potentialAction":[{"@type":"SearchAction","target":{"@type":"EntryPoint","urlTemplate":"https:\/\/www.modula.eu\/de\/?s={search_term_string}"},"query-input":{"@type":"PropertyValueSpecification","valueRequired":true,"valueName":"search_term_string"}}],"inLanguage":"de"},{"@type":"Organization","@id":"https:\/\/www.modula.eu\/de\/#organization","name":"Modula","url":"https:\/\/www.modula.eu\/de\/","logo":{"@type":"ImageObject","inLanguage":"de","@id":"https:\/\/www.modula.eu\/de\/#\/schema\/logo\/image\/","url":"https:\/\/www.modula.eu\/wp-content\/uploads\/2022\/12\/Modula-logo.jpg","contentUrl":"https:\/\/www.modula.eu\/wp-content\/uploads\/2022\/12\/Modula-logo.jpg","width":759,"height":512,"caption":"Modula"},"image":{"@id":"https:\/\/www.modula.eu\/de\/#\/schema\/logo\/image\/"}}]}},"_links":{"self":[{"href":"https:\/\/www.modula.eu\/de\/wp-json\/wp\/v2\/pages\/10222","targetHints":{"allow":["GET"]}}],"collection":[{"href":"https:\/\/www.modula.eu\/de\/wp-json\/wp\/v2\/pages"}],"about":[{"href":"https:\/\/www.modula.eu\/de\/wp-json\/wp\/v2\/types\/page"}],"author":[{"embeddable":true,"href":"https:\/\/www.modula.eu\/de\/wp-json\/wp\/v2\/users\/1"}],"replies":[{"embeddable":true,"href":"https:\/\/www.modula.eu\/de\/wp-json\/wp\/v2\/comments?post=10222"}],"version-history":[{"count":0,"href":"https:\/\/www.modula.eu\/de\/wp-json\/wp\/v2\/pages\/10222\/revisions"}],"up":[{"embeddable":true,"href":"https:\/\/www.modula.eu\/de\/wp-json\/wp\/v2\/pages\/10219"}],"wp:featuredmedia":[{"embeddable":true,"href":"https:\/\/www.modula.eu\/de\/wp-json\/wp\/v2\/media\/7192"}],"wp:attachment":[{"href":"https:\/\/www.modula.eu\/de\/wp-json\/wp\/v2\/media?parent=10222"}],"curies":[{"name":"wp","href":"https:\/\/api.w.org\/{rel}","templated":true}]}}