{"id":10313,"date":"2022-06-22T14:59:06","date_gmt":"2022-06-22T12:59:06","guid":{"rendered":"https:\/\/www.modula.eu\/storie-di-successo\/metallurgico-e-siderurgico\/centro-utensili-milano\/"},"modified":"2024-10-01T16:41:23","modified_gmt":"2024-10-01T14:41:23","slug":"centro-utensili-milano","status":"publish","type":"page","link":"https:\/\/www.modula.eu\/de\/case-studies\/eisen-stahlindustrie\/centro-utensili-milano\/","title":{"rendered":"Centro Utensili Milano"},"content":{"rendered":"","protected":false},"excerpt":{"rendered":"","protected":false},"author":1,"featured_media":36350,"parent":10298,"menu_order":3,"comment_status":"closed","ping_status":"closed","template":"case.php","meta":{"_acf_changed":false,"inline_featured_image":false,"mapsvg_location":"","footnotes":""},"class_list":["post-10313","page","type-page","status-publish","has-post-thumbnail","hentry"],"acf":[],"yoast_head":"<!-- This site is optimized with the Yoast SEO plugin v27.3 - https:\/\/yoast.com\/product\/yoast-seo-wordpress\/ -->\n<title>Automatische vertikale Lager f\u00fcr die Eisen- und Stahlindustrie: Centro Utensili Milano<\/title>\n<meta name=\"description\" content=\"Dank Modula hat das Mail\u00e4nder Centro Utensili, ein in der Feinmechanik t\u00e4tiges Unternehmen, die Verwaltung von Referenzen einfacher und pr\u00e4ziser gemacht.\" \/>\n<meta name=\"robots\" content=\"index, follow, max-snippet:-1, max-image-preview:large, max-video-preview:-1\" \/>\n<link rel=\"canonical\" href=\"https:\/\/www.modula.eu\/de\/case-studies\/eisen-stahlindustrie\/centro-utensili-milano\/\" \/>\n<meta property=\"og:locale\" content=\"de_DE\" \/>\n<meta property=\"og:type\" content=\"article\" \/>\n<meta property=\"og:title\" content=\"Automatische vertikale Lager f\u00fcr die Eisen- und Stahlindustrie: Centro Utensili Milano\" \/>\n<meta property=\"og:description\" content=\"Dank Modula hat das Mail\u00e4nder Centro Utensili, ein in der Feinmechanik t\u00e4tiges Unternehmen, die Verwaltung von Referenzen einfacher und pr\u00e4ziser gemacht.\" \/>\n<meta property=\"og:url\" content=\"https:\/\/www.modula.eu\/de\/case-studies\/eisen-stahlindustrie\/centro-utensili-milano\/\" \/>\n<meta property=\"og:site_name\" content=\"Modula\" \/>\n<meta property=\"article:modified_time\" content=\"2024-10-01T14:41:23+00:00\" \/>\n<meta property=\"og:image\" content=\"https:\/\/www.modula.eu\/wp-content\/uploads\/2024\/07\/centro-milano.jpg\" \/>\n\t<meta property=\"og:image:width\" content=\"800\" \/>\n\t<meta property=\"og:image:height\" content=\"600\" \/>\n\t<meta property=\"og:image:type\" content=\"image\/jpeg\" \/>\n<meta name=\"twitter:card\" content=\"summary_large_image\" \/>\n<script type=\"application\/ld+json\" class=\"yoast-schema-graph\">{\"@context\":\"https:\\\/\\\/schema.org\",\"@graph\":[{\"@type\":\"WebPage\",\"@id\":\"https:\\\/\\\/www.modula.eu\\\/de\\\/case-studies\\\/eisen-stahlindustrie\\\/centro-utensili-milano\\\/\",\"url\":\"https:\\\/\\\/www.modula.eu\\\/de\\\/case-studies\\\/eisen-stahlindustrie\\\/centro-utensili-milano\\\/\",\"name\":\"Automatische vertikale Lager f\u00fcr die Eisen- und Stahlindustrie: Centro Utensili Milano\",\"isPartOf\":{\"@id\":\"https:\\\/\\\/www.modula.eu\\\/de\\\/#website\"},\"primaryImageOfPage\":{\"@id\":\"https:\\\/\\\/www.modula.eu\\\/de\\\/case-studies\\\/eisen-stahlindustrie\\\/centro-utensili-milano\\\/#primaryimage\"},\"image\":{\"@id\":\"https:\\\/\\\/www.modula.eu\\\/de\\\/case-studies\\\/eisen-stahlindustrie\\\/centro-utensili-milano\\\/#primaryimage\"},\"thumbnailUrl\":\"https:\\\/\\\/www.modula.eu\\\/wp-content\\\/uploads\\\/2024\\\/07\\\/centro-milano.jpg\",\"datePublished\":\"2022-06-22T12:59:06+00:00\",\"dateModified\":\"2024-10-01T14:41:23+00:00\",\"description\":\"Dank Modula hat das Mail\u00e4nder Centro Utensili, ein in der Feinmechanik t\u00e4tiges Unternehmen, die Verwaltung von Referenzen einfacher und pr\u00e4ziser gemacht.\",\"breadcrumb\":{\"@id\":\"https:\\\/\\\/www.modula.eu\\\/de\\\/case-studies\\\/eisen-stahlindustrie\\\/centro-utensili-milano\\\/#breadcrumb\"},\"inLanguage\":\"de\",\"potentialAction\":[{\"@type\":\"ReadAction\",\"target\":[\"https:\\\/\\\/www.modula.eu\\\/de\\\/case-studies\\\/eisen-stahlindustrie\\\/centro-utensili-milano\\\/\"]}]},{\"@type\":\"ImageObject\",\"inLanguage\":\"de\",\"@id\":\"https:\\\/\\\/www.modula.eu\\\/de\\\/case-studies\\\/eisen-stahlindustrie\\\/centro-utensili-milano\\\/#primaryimage\",\"url\":\"https:\\\/\\\/www.modula.eu\\\/wp-content\\\/uploads\\\/2024\\\/07\\\/centro-milano.jpg\",\"contentUrl\":\"https:\\\/\\\/www.modula.eu\\\/wp-content\\\/uploads\\\/2024\\\/07\\\/centro-milano.jpg\",\"width\":800,\"height\":600},{\"@type\":\"BreadcrumbList\",\"@id\":\"https:\\\/\\\/www.modula.eu\\\/de\\\/case-studies\\\/eisen-stahlindustrie\\\/centro-utensili-milano\\\/#breadcrumb\",\"itemListElement\":[{\"@type\":\"ListItem\",\"position\":1,\"name\":\"Home\",\"item\":\"https:\\\/\\\/www.modula.eu\\\/de\\\/\"},{\"@type\":\"ListItem\",\"position\":2,\"name\":\"Fallstudien\",\"item\":\"https:\\\/\\\/www.modula.eu\\\/de\\\/case-studies\\\/\"},{\"@type\":\"ListItem\",\"position\":3,\"name\":\"Aluminium \\\/ Eisen \\\/ Stahlindustrie\",\"item\":\"https:\\\/\\\/www.modula.eu\\\/de\\\/case-studies\\\/eisen-stahlindustrie\\\/\"},{\"@type\":\"ListItem\",\"position\":4,\"name\":\"Centro Utensili Milano\"}]},{\"@type\":\"WebSite\",\"@id\":\"https:\\\/\\\/www.modula.eu\\\/de\\\/#website\",\"url\":\"https:\\\/\\\/www.modula.eu\\\/de\\\/\",\"name\":\"Modula\",\"description\":\"Think Vertical\",\"publisher\":{\"@id\":\"https:\\\/\\\/www.modula.eu\\\/de\\\/#organization\"},\"potentialAction\":[{\"@type\":\"SearchAction\",\"target\":{\"@type\":\"EntryPoint\",\"urlTemplate\":\"https:\\\/\\\/www.modula.eu\\\/de\\\/?s={search_term_string}\"},\"query-input\":{\"@type\":\"PropertyValueSpecification\",\"valueRequired\":true,\"valueName\":\"search_term_string\"}}],\"inLanguage\":\"de\"},{\"@type\":\"Organization\",\"@id\":\"https:\\\/\\\/www.modula.eu\\\/de\\\/#organization\",\"name\":\"Modula\",\"url\":\"https:\\\/\\\/www.modula.eu\\\/de\\\/\",\"logo\":{\"@type\":\"ImageObject\",\"inLanguage\":\"de\",\"@id\":\"https:\\\/\\\/www.modula.eu\\\/de\\\/#\\\/schema\\\/logo\\\/image\\\/\",\"url\":\"https:\\\/\\\/www.modula.eu\\\/wp-content\\\/uploads\\\/2022\\\/12\\\/Modula-logo.jpg\",\"contentUrl\":\"https:\\\/\\\/www.modula.eu\\\/wp-content\\\/uploads\\\/2022\\\/12\\\/Modula-logo.jpg\",\"width\":759,\"height\":512,\"caption\":\"Modula\"},\"image\":{\"@id\":\"https:\\\/\\\/www.modula.eu\\\/de\\\/#\\\/schema\\\/logo\\\/image\\\/\"}}]}<\/script>\n<!-- \/ Yoast SEO plugin. -->","yoast_head_json":{"title":"Automatische vertikale Lager f\u00fcr die Eisen- und Stahlindustrie: Centro Utensili Milano","description":"Dank Modula hat das Mail\u00e4nder Centro Utensili, ein in der Feinmechanik t\u00e4tiges Unternehmen, die Verwaltung von Referenzen einfacher und pr\u00e4ziser gemacht.","robots":{"index":"index","follow":"follow","max-snippet":"max-snippet:-1","max-image-preview":"max-image-preview:large","max-video-preview":"max-video-preview:-1"},"canonical":"https:\/\/www.modula.eu\/de\/case-studies\/eisen-stahlindustrie\/centro-utensili-milano\/","og_locale":"de_DE","og_type":"article","og_title":"Automatische vertikale Lager f\u00fcr die Eisen- und Stahlindustrie: Centro Utensili Milano","og_description":"Dank Modula hat das Mail\u00e4nder Centro Utensili, ein in der Feinmechanik t\u00e4tiges Unternehmen, die Verwaltung von Referenzen einfacher und pr\u00e4ziser gemacht.","og_url":"https:\/\/www.modula.eu\/de\/case-studies\/eisen-stahlindustrie\/centro-utensili-milano\/","og_site_name":"Modula","article_modified_time":"2024-10-01T14:41:23+00:00","og_image":[{"width":800,"height":600,"url":"https:\/\/www.modula.eu\/wp-content\/uploads\/2024\/07\/centro-milano.jpg","type":"image\/jpeg"}],"twitter_card":"summary_large_image","schema":{"@context":"https:\/\/schema.org","@graph":[{"@type":"WebPage","@id":"https:\/\/www.modula.eu\/de\/case-studies\/eisen-stahlindustrie\/centro-utensili-milano\/","url":"https:\/\/www.modula.eu\/de\/case-studies\/eisen-stahlindustrie\/centro-utensili-milano\/","name":"Automatische vertikale Lager f\u00fcr die Eisen- und Stahlindustrie: Centro Utensili Milano","isPartOf":{"@id":"https:\/\/www.modula.eu\/de\/#website"},"primaryImageOfPage":{"@id":"https:\/\/www.modula.eu\/de\/case-studies\/eisen-stahlindustrie\/centro-utensili-milano\/#primaryimage"},"image":{"@id":"https:\/\/www.modula.eu\/de\/case-studies\/eisen-stahlindustrie\/centro-utensili-milano\/#primaryimage"},"thumbnailUrl":"https:\/\/www.modula.eu\/wp-content\/uploads\/2024\/07\/centro-milano.jpg","datePublished":"2022-06-22T12:59:06+00:00","dateModified":"2024-10-01T14:41:23+00:00","description":"Dank Modula hat das Mail\u00e4nder Centro Utensili, ein in der Feinmechanik t\u00e4tiges Unternehmen, die Verwaltung von Referenzen einfacher und pr\u00e4ziser gemacht.","breadcrumb":{"@id":"https:\/\/www.modula.eu\/de\/case-studies\/eisen-stahlindustrie\/centro-utensili-milano\/#breadcrumb"},"inLanguage":"de","potentialAction":[{"@type":"ReadAction","target":["https:\/\/www.modula.eu\/de\/case-studies\/eisen-stahlindustrie\/centro-utensili-milano\/"]}]},{"@type":"ImageObject","inLanguage":"de","@id":"https:\/\/www.modula.eu\/de\/case-studies\/eisen-stahlindustrie\/centro-utensili-milano\/#primaryimage","url":"https:\/\/www.modula.eu\/wp-content\/uploads\/2024\/07\/centro-milano.jpg","contentUrl":"https:\/\/www.modula.eu\/wp-content\/uploads\/2024\/07\/centro-milano.jpg","width":800,"height":600},{"@type":"BreadcrumbList","@id":"https:\/\/www.modula.eu\/de\/case-studies\/eisen-stahlindustrie\/centro-utensili-milano\/#breadcrumb","itemListElement":[{"@type":"ListItem","position":1,"name":"Home","item":"https:\/\/www.modula.eu\/de\/"},{"@type":"ListItem","position":2,"name":"Fallstudien","item":"https:\/\/www.modula.eu\/de\/case-studies\/"},{"@type":"ListItem","position":3,"name":"Aluminium \/ Eisen \/ Stahlindustrie","item":"https:\/\/www.modula.eu\/de\/case-studies\/eisen-stahlindustrie\/"},{"@type":"ListItem","position":4,"name":"Centro Utensili Milano"}]},{"@type":"WebSite","@id":"https:\/\/www.modula.eu\/de\/#website","url":"https:\/\/www.modula.eu\/de\/","name":"Modula","description":"Think Vertical","publisher":{"@id":"https:\/\/www.modula.eu\/de\/#organization"},"potentialAction":[{"@type":"SearchAction","target":{"@type":"EntryPoint","urlTemplate":"https:\/\/www.modula.eu\/de\/?s={search_term_string}"},"query-input":{"@type":"PropertyValueSpecification","valueRequired":true,"valueName":"search_term_string"}}],"inLanguage":"de"},{"@type":"Organization","@id":"https:\/\/www.modula.eu\/de\/#organization","name":"Modula","url":"https:\/\/www.modula.eu\/de\/","logo":{"@type":"ImageObject","inLanguage":"de","@id":"https:\/\/www.modula.eu\/de\/#\/schema\/logo\/image\/","url":"https:\/\/www.modula.eu\/wp-content\/uploads\/2022\/12\/Modula-logo.jpg","contentUrl":"https:\/\/www.modula.eu\/wp-content\/uploads\/2022\/12\/Modula-logo.jpg","width":759,"height":512,"caption":"Modula"},"image":{"@id":"https:\/\/www.modula.eu\/de\/#\/schema\/logo\/image\/"}}]}},"_links":{"self":[{"href":"https:\/\/www.modula.eu\/de\/wp-json\/wp\/v2\/pages\/10313","targetHints":{"allow":["GET"]}}],"collection":[{"href":"https:\/\/www.modula.eu\/de\/wp-json\/wp\/v2\/pages"}],"about":[{"href":"https:\/\/www.modula.eu\/de\/wp-json\/wp\/v2\/types\/page"}],"author":[{"embeddable":true,"href":"https:\/\/www.modula.eu\/de\/wp-json\/wp\/v2\/users\/1"}],"replies":[{"embeddable":true,"href":"https:\/\/www.modula.eu\/de\/wp-json\/wp\/v2\/comments?post=10313"}],"version-history":[{"count":0,"href":"https:\/\/www.modula.eu\/de\/wp-json\/wp\/v2\/pages\/10313\/revisions"}],"up":[{"embeddable":true,"href":"https:\/\/www.modula.eu\/de\/wp-json\/wp\/v2\/pages\/10298"}],"wp:featuredmedia":[{"embeddable":true,"href":"https:\/\/www.modula.eu\/de\/wp-json\/wp\/v2\/media\/36350"}],"wp:attachment":[{"href":"https:\/\/www.modula.eu\/de\/wp-json\/wp\/v2\/media?parent=10313"}],"curies":[{"name":"wp","href":"https:\/\/api.w.org\/{rel}","templated":true}]}}