{"id":10402,"date":"2022-10-10T12:02:50","date_gmt":"2022-10-10T10:02:50","guid":{"rendered":"https:\/\/www.modula.eu\/politica-di-qualita-ambiente-salute-e-sicurezza-sul-lavoro\/"},"modified":"2025-04-14T15:41:28","modified_gmt":"2025-04-14T13:41:28","slug":"politik-fur-qualitat-gesundheit-sicherheit-umwelt-und-nachhaltigkeit","status":"publish","type":"page","link":"https:\/\/www.modula.eu\/de\/politik-fur-qualitat-gesundheit-sicherheit-umwelt-und-nachhaltigkeit\/","title":{"rendered":"Politik f\u00fcr Qualit\u00e4t, Gesundheit, Sicherheit, Umwelt und Nachhaltigkeit"},"content":{"rendered":"","protected":false},"excerpt":{"rendered":"","protected":false},"author":1,"featured_media":0,"parent":0,"menu_order":28,"comment_status":"closed","ping_status":"closed","template":"","meta":{"_acf_changed":false,"inline_featured_image":false,"mapsvg_location":"","footnotes":""},"class_list":["post-10402","page","type-page","status-publish","hentry"],"acf":[],"yoast_head":"<!-- This site is optimized with the Yoast SEO plugin v27.4 - https:\/\/yoast.com\/product\/yoast-seo-wordpress\/ -->\n<title>Politik f\u00fcr Qualit\u00e4t, Gesundheit, Sicherheit, Umwelt und Nachhaltigkeit | Modula<\/title>\n<meta name=\"description\" content=\"Die Mission von Modula ist es, dass automatische vertikale Lager von jedem Unternehmen jeder Gr\u00f6\u00dfe und jedem Produktsektor in allen Teilen der Welt \u00fcbernommen werden.\" \/>\n<meta name=\"robots\" content=\"noindex, follow\" \/>\n<meta property=\"og:locale\" content=\"de_DE\" \/>\n<meta property=\"og:type\" content=\"article\" \/>\n<meta property=\"og:title\" content=\"Politik f\u00fcr Qualit\u00e4t, Gesundheit, Sicherheit, Umwelt und Nachhaltigkeit | Modula\" \/>\n<meta property=\"og:description\" content=\"Die Mission von Modula ist es, dass automatische vertikale Lager von jedem Unternehmen jeder Gr\u00f6\u00dfe und jedem Produktsektor in allen Teilen der Welt \u00fcbernommen werden.\" \/>\n<meta property=\"og:url\" content=\"https:\/\/www.modula.eu\/de\/politik-fur-qualitat-gesundheit-sicherheit-umwelt-und-nachhaltigkeit\/\" \/>\n<meta property=\"og:site_name\" content=\"Modula\" \/>\n<meta property=\"article:modified_time\" content=\"2025-04-14T13:41:28+00:00\" \/>\n<meta name=\"twitter:card\" content=\"summary_large_image\" \/>\n<script type=\"application\/ld+json\" class=\"yoast-schema-graph\">{\"@context\":\"https:\\\/\\\/schema.org\",\"@graph\":[{\"@type\":\"WebPage\",\"@id\":\"https:\\\/\\\/www.modula.eu\\\/de\\\/politik-fur-qualitat-gesundheit-sicherheit-umwelt-und-nachhaltigkeit\\\/\",\"url\":\"https:\\\/\\\/www.modula.eu\\\/de\\\/politik-fur-qualitat-gesundheit-sicherheit-umwelt-und-nachhaltigkeit\\\/\",\"name\":\"Politik f\u00fcr Qualit\u00e4t, Gesundheit, Sicherheit, Umwelt und Nachhaltigkeit | Modula\",\"isPartOf\":{\"@id\":\"https:\\\/\\\/www.modula.eu\\\/de\\\/#website\"},\"datePublished\":\"2022-10-10T10:02:50+00:00\",\"dateModified\":\"2025-04-14T13:41:28+00:00\",\"description\":\"Die Mission von Modula ist es, dass automatische vertikale Lager von jedem Unternehmen jeder Gr\u00f6\u00dfe und jedem Produktsektor in allen Teilen der Welt \u00fcbernommen werden.\",\"breadcrumb\":{\"@id\":\"https:\\\/\\\/www.modula.eu\\\/de\\\/politik-fur-qualitat-gesundheit-sicherheit-umwelt-und-nachhaltigkeit\\\/#breadcrumb\"},\"inLanguage\":\"de\",\"potentialAction\":[{\"@type\":\"ReadAction\",\"target\":[\"https:\\\/\\\/www.modula.eu\\\/de\\\/politik-fur-qualitat-gesundheit-sicherheit-umwelt-und-nachhaltigkeit\\\/\"]}]},{\"@type\":\"BreadcrumbList\",\"@id\":\"https:\\\/\\\/www.modula.eu\\\/de\\\/politik-fur-qualitat-gesundheit-sicherheit-umwelt-und-nachhaltigkeit\\\/#breadcrumb\",\"itemListElement\":[{\"@type\":\"ListItem\",\"position\":1,\"name\":\"Home\",\"item\":\"https:\\\/\\\/www.modula.eu\\\/de\\\/\"},{\"@type\":\"ListItem\",\"position\":2,\"name\":\"Politik f\u00fcr Qualit\u00e4t, Gesundheit, Sicherheit, Umwelt und Nachhaltigkeit\"}]},{\"@type\":\"WebSite\",\"@id\":\"https:\\\/\\\/www.modula.eu\\\/de\\\/#website\",\"url\":\"https:\\\/\\\/www.modula.eu\\\/de\\\/\",\"name\":\"Modula\",\"description\":\"Think Vertical\",\"publisher\":{\"@id\":\"https:\\\/\\\/www.modula.eu\\\/de\\\/#organization\"},\"potentialAction\":[{\"@type\":\"SearchAction\",\"target\":{\"@type\":\"EntryPoint\",\"urlTemplate\":\"https:\\\/\\\/www.modula.eu\\\/de\\\/?s={search_term_string}\"},\"query-input\":{\"@type\":\"PropertyValueSpecification\",\"valueRequired\":true,\"valueName\":\"search_term_string\"}}],\"inLanguage\":\"de\"},{\"@type\":\"Organization\",\"@id\":\"https:\\\/\\\/www.modula.eu\\\/de\\\/#organization\",\"name\":\"Modula\",\"url\":\"https:\\\/\\\/www.modula.eu\\\/de\\\/\",\"logo\":{\"@type\":\"ImageObject\",\"inLanguage\":\"de\",\"@id\":\"https:\\\/\\\/www.modula.eu\\\/de\\\/#\\\/schema\\\/logo\\\/image\\\/\",\"url\":\"https:\\\/\\\/www.modula.eu\\\/wp-content\\\/uploads\\\/2022\\\/12\\\/Modula-logo.jpg\",\"contentUrl\":\"https:\\\/\\\/www.modula.eu\\\/wp-content\\\/uploads\\\/2022\\\/12\\\/Modula-logo.jpg\",\"width\":759,\"height\":512,\"caption\":\"Modula\"},\"image\":{\"@id\":\"https:\\\/\\\/www.modula.eu\\\/de\\\/#\\\/schema\\\/logo\\\/image\\\/\"}}]}<\/script>\n<!-- \/ Yoast SEO plugin. -->","yoast_head_json":{"title":"Politik f\u00fcr Qualit\u00e4t, Gesundheit, Sicherheit, Umwelt und Nachhaltigkeit | Modula","description":"Die Mission von Modula ist es, dass automatische vertikale Lager von jedem Unternehmen jeder Gr\u00f6\u00dfe und jedem Produktsektor in allen Teilen der Welt \u00fcbernommen werden.","robots":{"index":"noindex","follow":"follow"},"og_locale":"de_DE","og_type":"article","og_title":"Politik f\u00fcr Qualit\u00e4t, Gesundheit, Sicherheit, Umwelt und Nachhaltigkeit | Modula","og_description":"Die Mission von Modula ist es, dass automatische vertikale Lager von jedem Unternehmen jeder Gr\u00f6\u00dfe und jedem Produktsektor in allen Teilen der Welt \u00fcbernommen werden.","og_url":"https:\/\/www.modula.eu\/de\/politik-fur-qualitat-gesundheit-sicherheit-umwelt-und-nachhaltigkeit\/","og_site_name":"Modula","article_modified_time":"2025-04-14T13:41:28+00:00","twitter_card":"summary_large_image","schema":{"@context":"https:\/\/schema.org","@graph":[{"@type":"WebPage","@id":"https:\/\/www.modula.eu\/de\/politik-fur-qualitat-gesundheit-sicherheit-umwelt-und-nachhaltigkeit\/","url":"https:\/\/www.modula.eu\/de\/politik-fur-qualitat-gesundheit-sicherheit-umwelt-und-nachhaltigkeit\/","name":"Politik f\u00fcr Qualit\u00e4t, Gesundheit, Sicherheit, Umwelt und Nachhaltigkeit | Modula","isPartOf":{"@id":"https:\/\/www.modula.eu\/de\/#website"},"datePublished":"2022-10-10T10:02:50+00:00","dateModified":"2025-04-14T13:41:28+00:00","description":"Die Mission von Modula ist es, dass automatische vertikale Lager von jedem Unternehmen jeder Gr\u00f6\u00dfe und jedem Produktsektor in allen Teilen der Welt \u00fcbernommen werden.","breadcrumb":{"@id":"https:\/\/www.modula.eu\/de\/politik-fur-qualitat-gesundheit-sicherheit-umwelt-und-nachhaltigkeit\/#breadcrumb"},"inLanguage":"de","potentialAction":[{"@type":"ReadAction","target":["https:\/\/www.modula.eu\/de\/politik-fur-qualitat-gesundheit-sicherheit-umwelt-und-nachhaltigkeit\/"]}]},{"@type":"BreadcrumbList","@id":"https:\/\/www.modula.eu\/de\/politik-fur-qualitat-gesundheit-sicherheit-umwelt-und-nachhaltigkeit\/#breadcrumb","itemListElement":[{"@type":"ListItem","position":1,"name":"Home","item":"https:\/\/www.modula.eu\/de\/"},{"@type":"ListItem","position":2,"name":"Politik f\u00fcr Qualit\u00e4t, Gesundheit, Sicherheit, Umwelt und Nachhaltigkeit"}]},{"@type":"WebSite","@id":"https:\/\/www.modula.eu\/de\/#website","url":"https:\/\/www.modula.eu\/de\/","name":"Modula","description":"Think Vertical","publisher":{"@id":"https:\/\/www.modula.eu\/de\/#organization"},"potentialAction":[{"@type":"SearchAction","target":{"@type":"EntryPoint","urlTemplate":"https:\/\/www.modula.eu\/de\/?s={search_term_string}"},"query-input":{"@type":"PropertyValueSpecification","valueRequired":true,"valueName":"search_term_string"}}],"inLanguage":"de"},{"@type":"Organization","@id":"https:\/\/www.modula.eu\/de\/#organization","name":"Modula","url":"https:\/\/www.modula.eu\/de\/","logo":{"@type":"ImageObject","inLanguage":"de","@id":"https:\/\/www.modula.eu\/de\/#\/schema\/logo\/image\/","url":"https:\/\/www.modula.eu\/wp-content\/uploads\/2022\/12\/Modula-logo.jpg","contentUrl":"https:\/\/www.modula.eu\/wp-content\/uploads\/2022\/12\/Modula-logo.jpg","width":759,"height":512,"caption":"Modula"},"image":{"@id":"https:\/\/www.modula.eu\/de\/#\/schema\/logo\/image\/"}}]}},"_links":{"self":[{"href":"https:\/\/www.modula.eu\/de\/wp-json\/wp\/v2\/pages\/10402","targetHints":{"allow":["GET"]}}],"collection":[{"href":"https:\/\/www.modula.eu\/de\/wp-json\/wp\/v2\/pages"}],"about":[{"href":"https:\/\/www.modula.eu\/de\/wp-json\/wp\/v2\/types\/page"}],"author":[{"embeddable":true,"href":"https:\/\/www.modula.eu\/de\/wp-json\/wp\/v2\/users\/1"}],"replies":[{"embeddable":true,"href":"https:\/\/www.modula.eu\/de\/wp-json\/wp\/v2\/comments?post=10402"}],"version-history":[{"count":0,"href":"https:\/\/www.modula.eu\/de\/wp-json\/wp\/v2\/pages\/10402\/revisions"}],"wp:attachment":[{"href":"https:\/\/www.modula.eu\/de\/wp-json\/wp\/v2\/media?parent=10402"}],"curies":[{"name":"wp","href":"https:\/\/api.w.org\/{rel}","templated":true}]}}