{"id":25481,"date":"2023-09-07T10:40:50","date_gmt":"2023-09-07T08:40:50","guid":{"rendered":"https:\/\/www.modula.eu\/varie\/zero-c\/"},"modified":"2025-06-16T15:47:25","modified_gmt":"2025-06-16T13:47:25","slug":"zero-c","status":"publish","type":"page","link":"https:\/\/www.modula.eu\/de\/zubehor\/zusatzliche-optionen\/zero-c\/","title":{"rendered":"Zero \u00b0C"},"content":{"rendered":"","protected":false},"excerpt":{"rendered":"","protected":false},"author":2,"featured_media":25476,"parent":10398,"menu_order":2,"comment_status":"closed","ping_status":"closed","template":"","meta":{"_acf_changed":false,"inline_featured_image":false,"mapsvg_location":"","footnotes":""},"class_list":["post-25481","page","type-page","status-publish","has-post-thumbnail","hentry"],"acf":[],"yoast_head":"<!-- This site is optimized with the Yoast SEO plugin v27.3 - https:\/\/yoast.com\/product\/yoast-seo-wordpress\/ -->\n<title>Zero \u00b0C : Zus\u00e4tzliche Optionen Automatische L\u00f6sungen | Modula<\/title>\n<meta name=\"description\" content=\"Die Zero \u00b0C-Vorrichtung dient zum Betrieb der Maschine bei einer Temperatur von 0 \u00b0C.Es handelt sich um ein Heizsystem f\u00fcr Schaltschr\u00e4nke, bestehend aus einem Heizkabel und einer im Schaltschrank vorinstallierten Tr\u00e4gerplatte, die nur bei Bedarf vor dem Einschalten der Maschine und w\u00e4hrend des Betriebs in Betrieb genommen wird.\" \/>\n<meta name=\"robots\" content=\"index, follow, max-snippet:-1, max-image-preview:large, max-video-preview:-1\" \/>\n<link rel=\"canonical\" href=\"https:\/\/www.modula.eu\/de\/zubehor\/zusatzliche-optionen\/zero-c\/\" \/>\n<meta property=\"og:locale\" content=\"de_DE\" \/>\n<meta property=\"og:type\" content=\"article\" \/>\n<meta property=\"og:title\" content=\"Zero \u00b0C : Zus\u00e4tzliche Optionen Automatische L\u00f6sungen | Modula\" \/>\n<meta property=\"og:description\" content=\"Die Zero \u00b0C-Vorrichtung dient zum Betrieb der Maschine bei einer Temperatur von 0 \u00b0C.Es handelt sich um ein Heizsystem f\u00fcr Schaltschr\u00e4nke, bestehend aus einem Heizkabel und einer im Schaltschrank vorinstallierten Tr\u00e4gerplatte, die nur bei Bedarf vor dem Einschalten der Maschine und w\u00e4hrend des Betriebs in Betrieb genommen wird.\" \/>\n<meta property=\"og:url\" content=\"https:\/\/www.modula.eu\/de\/zubehor\/zusatzliche-optionen\/zero-c\/\" \/>\n<meta property=\"og:site_name\" content=\"Modula\" \/>\n<meta property=\"article:modified_time\" content=\"2025-06-16T13:47:25+00:00\" \/>\n<meta property=\"og:image\" content=\"https:\/\/www.modula.eu\/wp-content\/uploads\/2023\/09\/zero-c.jpg\" \/>\n\t<meta property=\"og:image:width\" content=\"800\" \/>\n\t<meta property=\"og:image:height\" content=\"600\" \/>\n\t<meta property=\"og:image:type\" content=\"image\/jpeg\" \/>\n<meta name=\"twitter:card\" content=\"summary_large_image\" \/>\n<script type=\"application\/ld+json\" class=\"yoast-schema-graph\">{\"@context\":\"https:\\\/\\\/schema.org\",\"@graph\":[{\"@type\":\"WebPage\",\"@id\":\"https:\\\/\\\/www.modula.eu\\\/de\\\/zubehor\\\/zusatzliche-optionen\\\/zero-c\\\/\",\"url\":\"https:\\\/\\\/www.modula.eu\\\/de\\\/zubehor\\\/zusatzliche-optionen\\\/zero-c\\\/\",\"name\":\"Zero \u00b0C : Zus\u00e4tzliche Optionen Automatische L\u00f6sungen | Modula\",\"isPartOf\":{\"@id\":\"https:\\\/\\\/www.modula.eu\\\/de\\\/#website\"},\"primaryImageOfPage\":{\"@id\":\"https:\\\/\\\/www.modula.eu\\\/de\\\/zubehor\\\/zusatzliche-optionen\\\/zero-c\\\/#primaryimage\"},\"image\":{\"@id\":\"https:\\\/\\\/www.modula.eu\\\/de\\\/zubehor\\\/zusatzliche-optionen\\\/zero-c\\\/#primaryimage\"},\"thumbnailUrl\":\"https:\\\/\\\/www.modula.eu\\\/wp-content\\\/uploads\\\/2023\\\/09\\\/zero-c.jpg\",\"datePublished\":\"2023-09-07T08:40:50+00:00\",\"dateModified\":\"2025-06-16T13:47:25+00:00\",\"description\":\"Die Zero \u00b0C-Vorrichtung dient zum Betrieb der Maschine bei einer Temperatur von 0 \u00b0C.Es handelt sich um ein Heizsystem f\u00fcr Schaltschr\u00e4nke, bestehend aus einem Heizkabel und einer im Schaltschrank vorinstallierten Tr\u00e4gerplatte, die nur bei Bedarf vor dem Einschalten der Maschine und w\u00e4hrend des Betriebs in Betrieb genommen wird.\",\"breadcrumb\":{\"@id\":\"https:\\\/\\\/www.modula.eu\\\/de\\\/zubehor\\\/zusatzliche-optionen\\\/zero-c\\\/#breadcrumb\"},\"inLanguage\":\"de\",\"potentialAction\":[{\"@type\":\"ReadAction\",\"target\":[\"https:\\\/\\\/www.modula.eu\\\/de\\\/zubehor\\\/zusatzliche-optionen\\\/zero-c\\\/\"]}]},{\"@type\":\"ImageObject\",\"inLanguage\":\"de\",\"@id\":\"https:\\\/\\\/www.modula.eu\\\/de\\\/zubehor\\\/zusatzliche-optionen\\\/zero-c\\\/#primaryimage\",\"url\":\"https:\\\/\\\/www.modula.eu\\\/wp-content\\\/uploads\\\/2023\\\/09\\\/zero-c.jpg\",\"contentUrl\":\"https:\\\/\\\/www.modula.eu\\\/wp-content\\\/uploads\\\/2023\\\/09\\\/zero-c.jpg\",\"width\":800,\"height\":600},{\"@type\":\"BreadcrumbList\",\"@id\":\"https:\\\/\\\/www.modula.eu\\\/de\\\/zubehor\\\/zusatzliche-optionen\\\/zero-c\\\/#breadcrumb\",\"itemListElement\":[{\"@type\":\"ListItem\",\"position\":1,\"name\":\"Home\",\"item\":\"https:\\\/\\\/www.modula.eu\\\/de\\\/\"},{\"@type\":\"ListItem\",\"position\":2,\"name\":\"Zubeh\u00f6r\",\"item\":\"https:\\\/\\\/www.modula.eu\\\/de\\\/zubehoer\\\/\"},{\"@type\":\"ListItem\",\"position\":3,\"name\":\"Zus\u00e4tzliche Optionen\",\"item\":\"https:\\\/\\\/www.modula.eu\\\/de\\\/zubehoer\\\/zusatzliche-optionen\\\/\"},{\"@type\":\"ListItem\",\"position\":4,\"name\":\"Zero \u00b0C\"}]},{\"@type\":\"WebSite\",\"@id\":\"https:\\\/\\\/www.modula.eu\\\/de\\\/#website\",\"url\":\"https:\\\/\\\/www.modula.eu\\\/de\\\/\",\"name\":\"Modula\",\"description\":\"Think Vertical\",\"publisher\":{\"@id\":\"https:\\\/\\\/www.modula.eu\\\/de\\\/#organization\"},\"potentialAction\":[{\"@type\":\"SearchAction\",\"target\":{\"@type\":\"EntryPoint\",\"urlTemplate\":\"https:\\\/\\\/www.modula.eu\\\/de\\\/?s={search_term_string}\"},\"query-input\":{\"@type\":\"PropertyValueSpecification\",\"valueRequired\":true,\"valueName\":\"search_term_string\"}}],\"inLanguage\":\"de\"},{\"@type\":\"Organization\",\"@id\":\"https:\\\/\\\/www.modula.eu\\\/de\\\/#organization\",\"name\":\"Modula\",\"url\":\"https:\\\/\\\/www.modula.eu\\\/de\\\/\",\"logo\":{\"@type\":\"ImageObject\",\"inLanguage\":\"de\",\"@id\":\"https:\\\/\\\/www.modula.eu\\\/de\\\/#\\\/schema\\\/logo\\\/image\\\/\",\"url\":\"https:\\\/\\\/www.modula.eu\\\/wp-content\\\/uploads\\\/2022\\\/12\\\/Modula-logo.jpg\",\"contentUrl\":\"https:\\\/\\\/www.modula.eu\\\/wp-content\\\/uploads\\\/2022\\\/12\\\/Modula-logo.jpg\",\"width\":759,\"height\":512,\"caption\":\"Modula\"},\"image\":{\"@id\":\"https:\\\/\\\/www.modula.eu\\\/de\\\/#\\\/schema\\\/logo\\\/image\\\/\"}}]}<\/script>\n<!-- \/ Yoast SEO plugin. -->","yoast_head_json":{"title":"Zero \u00b0C : Zus\u00e4tzliche Optionen Automatische L\u00f6sungen | Modula","description":"Die Zero \u00b0C-Vorrichtung dient zum Betrieb der Maschine bei einer Temperatur von 0 \u00b0C.Es handelt sich um ein Heizsystem f\u00fcr Schaltschr\u00e4nke, bestehend aus einem Heizkabel und einer im Schaltschrank vorinstallierten Tr\u00e4gerplatte, die nur bei Bedarf vor dem Einschalten der Maschine und w\u00e4hrend des Betriebs in Betrieb genommen wird.","robots":{"index":"index","follow":"follow","max-snippet":"max-snippet:-1","max-image-preview":"max-image-preview:large","max-video-preview":"max-video-preview:-1"},"canonical":"https:\/\/www.modula.eu\/de\/zubehor\/zusatzliche-optionen\/zero-c\/","og_locale":"de_DE","og_type":"article","og_title":"Zero \u00b0C : Zus\u00e4tzliche Optionen Automatische L\u00f6sungen | Modula","og_description":"Die Zero \u00b0C-Vorrichtung dient zum Betrieb der Maschine bei einer Temperatur von 0 \u00b0C.Es handelt sich um ein Heizsystem f\u00fcr Schaltschr\u00e4nke, bestehend aus einem Heizkabel und einer im Schaltschrank vorinstallierten Tr\u00e4gerplatte, die nur bei Bedarf vor dem Einschalten der Maschine und w\u00e4hrend des Betriebs in Betrieb genommen wird.","og_url":"https:\/\/www.modula.eu\/de\/zubehor\/zusatzliche-optionen\/zero-c\/","og_site_name":"Modula","article_modified_time":"2025-06-16T13:47:25+00:00","og_image":[{"width":800,"height":600,"url":"https:\/\/www.modula.eu\/wp-content\/uploads\/2023\/09\/zero-c.jpg","type":"image\/jpeg"}],"twitter_card":"summary_large_image","schema":{"@context":"https:\/\/schema.org","@graph":[{"@type":"WebPage","@id":"https:\/\/www.modula.eu\/de\/zubehor\/zusatzliche-optionen\/zero-c\/","url":"https:\/\/www.modula.eu\/de\/zubehor\/zusatzliche-optionen\/zero-c\/","name":"Zero \u00b0C : Zus\u00e4tzliche Optionen Automatische L\u00f6sungen | Modula","isPartOf":{"@id":"https:\/\/www.modula.eu\/de\/#website"},"primaryImageOfPage":{"@id":"https:\/\/www.modula.eu\/de\/zubehor\/zusatzliche-optionen\/zero-c\/#primaryimage"},"image":{"@id":"https:\/\/www.modula.eu\/de\/zubehor\/zusatzliche-optionen\/zero-c\/#primaryimage"},"thumbnailUrl":"https:\/\/www.modula.eu\/wp-content\/uploads\/2023\/09\/zero-c.jpg","datePublished":"2023-09-07T08:40:50+00:00","dateModified":"2025-06-16T13:47:25+00:00","description":"Die Zero \u00b0C-Vorrichtung dient zum Betrieb der Maschine bei einer Temperatur von 0 \u00b0C.Es handelt sich um ein Heizsystem f\u00fcr Schaltschr\u00e4nke, bestehend aus einem Heizkabel und einer im Schaltschrank vorinstallierten Tr\u00e4gerplatte, die nur bei Bedarf vor dem Einschalten der Maschine und w\u00e4hrend des Betriebs in Betrieb genommen wird.","breadcrumb":{"@id":"https:\/\/www.modula.eu\/de\/zubehor\/zusatzliche-optionen\/zero-c\/#breadcrumb"},"inLanguage":"de","potentialAction":[{"@type":"ReadAction","target":["https:\/\/www.modula.eu\/de\/zubehor\/zusatzliche-optionen\/zero-c\/"]}]},{"@type":"ImageObject","inLanguage":"de","@id":"https:\/\/www.modula.eu\/de\/zubehor\/zusatzliche-optionen\/zero-c\/#primaryimage","url":"https:\/\/www.modula.eu\/wp-content\/uploads\/2023\/09\/zero-c.jpg","contentUrl":"https:\/\/www.modula.eu\/wp-content\/uploads\/2023\/09\/zero-c.jpg","width":800,"height":600},{"@type":"BreadcrumbList","@id":"https:\/\/www.modula.eu\/de\/zubehor\/zusatzliche-optionen\/zero-c\/#breadcrumb","itemListElement":[{"@type":"ListItem","position":1,"name":"Home","item":"https:\/\/www.modula.eu\/de\/"},{"@type":"ListItem","position":2,"name":"Zubeh\u00f6r","item":"https:\/\/www.modula.eu\/de\/zubehoer\/"},{"@type":"ListItem","position":3,"name":"Zus\u00e4tzliche Optionen","item":"https:\/\/www.modula.eu\/de\/zubehoer\/zusatzliche-optionen\/"},{"@type":"ListItem","position":4,"name":"Zero \u00b0C"}]},{"@type":"WebSite","@id":"https:\/\/www.modula.eu\/de\/#website","url":"https:\/\/www.modula.eu\/de\/","name":"Modula","description":"Think Vertical","publisher":{"@id":"https:\/\/www.modula.eu\/de\/#organization"},"potentialAction":[{"@type":"SearchAction","target":{"@type":"EntryPoint","urlTemplate":"https:\/\/www.modula.eu\/de\/?s={search_term_string}"},"query-input":{"@type":"PropertyValueSpecification","valueRequired":true,"valueName":"search_term_string"}}],"inLanguage":"de"},{"@type":"Organization","@id":"https:\/\/www.modula.eu\/de\/#organization","name":"Modula","url":"https:\/\/www.modula.eu\/de\/","logo":{"@type":"ImageObject","inLanguage":"de","@id":"https:\/\/www.modula.eu\/de\/#\/schema\/logo\/image\/","url":"https:\/\/www.modula.eu\/wp-content\/uploads\/2022\/12\/Modula-logo.jpg","contentUrl":"https:\/\/www.modula.eu\/wp-content\/uploads\/2022\/12\/Modula-logo.jpg","width":759,"height":512,"caption":"Modula"},"image":{"@id":"https:\/\/www.modula.eu\/de\/#\/schema\/logo\/image\/"}}]}},"_links":{"self":[{"href":"https:\/\/www.modula.eu\/de\/wp-json\/wp\/v2\/pages\/25481","targetHints":{"allow":["GET"]}}],"collection":[{"href":"https:\/\/www.modula.eu\/de\/wp-json\/wp\/v2\/pages"}],"about":[{"href":"https:\/\/www.modula.eu\/de\/wp-json\/wp\/v2\/types\/page"}],"author":[{"embeddable":true,"href":"https:\/\/www.modula.eu\/de\/wp-json\/wp\/v2\/users\/2"}],"replies":[{"embeddable":true,"href":"https:\/\/www.modula.eu\/de\/wp-json\/wp\/v2\/comments?post=25481"}],"version-history":[{"count":0,"href":"https:\/\/www.modula.eu\/de\/wp-json\/wp\/v2\/pages\/25481\/revisions"}],"up":[{"embeddable":true,"href":"https:\/\/www.modula.eu\/de\/wp-json\/wp\/v2\/pages\/10398"}],"wp:featuredmedia":[{"embeddable":true,"href":"https:\/\/www.modula.eu\/de\/wp-json\/wp\/v2\/media\/25476"}],"wp:attachment":[{"href":"https:\/\/www.modula.eu\/de\/wp-json\/wp\/v2\/media?parent=25481"}],"curies":[{"name":"wp","href":"https:\/\/api.w.org\/{rel}","templated":true}]}}