{"id":25503,"date":"2023-07-12T15:36:38","date_gmt":"2023-07-12T13:36:38","guid":{"rendered":"https:\/\/www.modula.eu\/varie\/weight-distribution-plates\/"},"modified":"2025-06-16T15:28:41","modified_gmt":"2025-06-16T13:28:41","slug":"platten-zur-gewichtsverteilung","status":"publish","type":"page","link":"https:\/\/www.modula.eu\/de\/zubehor\/zusatzliche-optionen\/platten-zur-gewichtsverteilung\/","title":{"rendered":"Gewichtsverteilungsplatten und spezielle Maschinenf\u00fc\u00dfe in \u00dcbergr\u00f6\u00dfe"},"content":{"rendered":"","protected":false},"excerpt":{"rendered":"","protected":false},"author":2,"featured_media":24688,"parent":10398,"menu_order":5,"comment_status":"closed","ping_status":"closed","template":"","meta":{"_acf_changed":false,"inline_featured_image":false,"mapsvg_location":"","footnotes":""},"class_list":["post-25503","page","type-page","status-publish","has-post-thumbnail","hentry"],"acf":[],"yoast_head":"<!-- This site is optimized with the Yoast SEO plugin v27.3 - https:\/\/yoast.com\/product\/yoast-seo-wordpress\/ -->\n<title>Gewichtsverteilungsplatten und spezielle Maschinenf\u00fc\u00dfe in \u00dcbergr\u00f6\u00dfe | Modula<\/title>\n<meta name=\"description\" content=\"Gewichtsverteilungsplatten und \u00fcbergro\u00dfe F\u00fc\u00dfe sind L\u00f6sungen, die die Auflagefl\u00e4che der Maschinen vergr\u00f6\u00dfern, falls der Boden nicht ausreichend ist.\" \/>\n<meta name=\"robots\" content=\"index, follow, max-snippet:-1, max-image-preview:large, max-video-preview:-1\" \/>\n<link rel=\"canonical\" href=\"https:\/\/www.modula.eu\/de\/zubehor\/zusatzliche-optionen\/platten-zur-gewichtsverteilung\/\" \/>\n<meta property=\"og:locale\" content=\"de_DE\" \/>\n<meta property=\"og:type\" content=\"article\" \/>\n<meta property=\"og:title\" content=\"Gewichtsverteilungsplatten und spezielle Maschinenf\u00fc\u00dfe in \u00dcbergr\u00f6\u00dfe | Modula\" \/>\n<meta property=\"og:description\" content=\"Gewichtsverteilungsplatten und \u00fcbergro\u00dfe F\u00fc\u00dfe sind L\u00f6sungen, die die Auflagefl\u00e4che der Maschinen vergr\u00f6\u00dfern, falls der Boden nicht ausreichend ist.\" \/>\n<meta property=\"og:url\" content=\"https:\/\/www.modula.eu\/de\/zubehor\/zusatzliche-optionen\/platten-zur-gewichtsverteilung\/\" \/>\n<meta property=\"og:site_name\" content=\"Modula\" \/>\n<meta property=\"article:modified_time\" content=\"2025-06-16T13:28:41+00:00\" \/>\n<meta property=\"og:image\" content=\"https:\/\/www.modula.eu\/wp-content\/uploads\/2023\/07\/piastre.jpg\" \/>\n\t<meta property=\"og:image:width\" content=\"800\" \/>\n\t<meta property=\"og:image:height\" content=\"600\" \/>\n\t<meta property=\"og:image:type\" content=\"image\/jpeg\" \/>\n<meta name=\"twitter:card\" content=\"summary_large_image\" \/>\n<script type=\"application\/ld+json\" class=\"yoast-schema-graph\">{\"@context\":\"https:\\\/\\\/schema.org\",\"@graph\":[{\"@type\":\"WebPage\",\"@id\":\"https:\\\/\\\/www.modula.eu\\\/de\\\/zubehor\\\/zusatzliche-optionen\\\/platten-zur-gewichtsverteilung\\\/\",\"url\":\"https:\\\/\\\/www.modula.eu\\\/de\\\/zubehor\\\/zusatzliche-optionen\\\/platten-zur-gewichtsverteilung\\\/\",\"name\":\"Gewichtsverteilungsplatten und spezielle Maschinenf\u00fc\u00dfe in \u00dcbergr\u00f6\u00dfe | Modula\",\"isPartOf\":{\"@id\":\"https:\\\/\\\/www.modula.eu\\\/de\\\/#website\"},\"primaryImageOfPage\":{\"@id\":\"https:\\\/\\\/www.modula.eu\\\/de\\\/zubehor\\\/zusatzliche-optionen\\\/platten-zur-gewichtsverteilung\\\/#primaryimage\"},\"image\":{\"@id\":\"https:\\\/\\\/www.modula.eu\\\/de\\\/zubehor\\\/zusatzliche-optionen\\\/platten-zur-gewichtsverteilung\\\/#primaryimage\"},\"thumbnailUrl\":\"https:\\\/\\\/www.modula.eu\\\/wp-content\\\/uploads\\\/2023\\\/07\\\/piastre.jpg\",\"datePublished\":\"2023-07-12T13:36:38+00:00\",\"dateModified\":\"2025-06-16T13:28:41+00:00\",\"description\":\"Gewichtsverteilungsplatten und \u00fcbergro\u00dfe F\u00fc\u00dfe sind L\u00f6sungen, die die Auflagefl\u00e4che der Maschinen vergr\u00f6\u00dfern, falls der Boden nicht ausreichend ist.\",\"breadcrumb\":{\"@id\":\"https:\\\/\\\/www.modula.eu\\\/de\\\/zubehor\\\/zusatzliche-optionen\\\/platten-zur-gewichtsverteilung\\\/#breadcrumb\"},\"inLanguage\":\"de\",\"potentialAction\":[{\"@type\":\"ReadAction\",\"target\":[\"https:\\\/\\\/www.modula.eu\\\/de\\\/zubehor\\\/zusatzliche-optionen\\\/platten-zur-gewichtsverteilung\\\/\"]}]},{\"@type\":\"ImageObject\",\"inLanguage\":\"de\",\"@id\":\"https:\\\/\\\/www.modula.eu\\\/de\\\/zubehor\\\/zusatzliche-optionen\\\/platten-zur-gewichtsverteilung\\\/#primaryimage\",\"url\":\"https:\\\/\\\/www.modula.eu\\\/wp-content\\\/uploads\\\/2023\\\/07\\\/piastre.jpg\",\"contentUrl\":\"https:\\\/\\\/www.modula.eu\\\/wp-content\\\/uploads\\\/2023\\\/07\\\/piastre.jpg\",\"width\":800,\"height\":600},{\"@type\":\"BreadcrumbList\",\"@id\":\"https:\\\/\\\/www.modula.eu\\\/de\\\/zubehor\\\/zusatzliche-optionen\\\/platten-zur-gewichtsverteilung\\\/#breadcrumb\",\"itemListElement\":[{\"@type\":\"ListItem\",\"position\":1,\"name\":\"Home\",\"item\":\"https:\\\/\\\/www.modula.eu\\\/de\\\/\"},{\"@type\":\"ListItem\",\"position\":2,\"name\":\"Zubeh\u00f6r\",\"item\":\"https:\\\/\\\/www.modula.eu\\\/de\\\/zubehoer\\\/\"},{\"@type\":\"ListItem\",\"position\":3,\"name\":\"Zus\u00e4tzliche Optionen\",\"item\":\"https:\\\/\\\/www.modula.eu\\\/de\\\/zubehoer\\\/zusatzliche-optionen\\\/\"},{\"@type\":\"ListItem\",\"position\":4,\"name\":\"Gewichtsverteilungsplatten und spezielle Maschinenf\u00fc\u00dfe in \u00dcbergr\u00f6\u00dfe\"}]},{\"@type\":\"WebSite\",\"@id\":\"https:\\\/\\\/www.modula.eu\\\/de\\\/#website\",\"url\":\"https:\\\/\\\/www.modula.eu\\\/de\\\/\",\"name\":\"Modula\",\"description\":\"Think Vertical\",\"publisher\":{\"@id\":\"https:\\\/\\\/www.modula.eu\\\/de\\\/#organization\"},\"potentialAction\":[{\"@type\":\"SearchAction\",\"target\":{\"@type\":\"EntryPoint\",\"urlTemplate\":\"https:\\\/\\\/www.modula.eu\\\/de\\\/?s={search_term_string}\"},\"query-input\":{\"@type\":\"PropertyValueSpecification\",\"valueRequired\":true,\"valueName\":\"search_term_string\"}}],\"inLanguage\":\"de\"},{\"@type\":\"Organization\",\"@id\":\"https:\\\/\\\/www.modula.eu\\\/de\\\/#organization\",\"name\":\"Modula\",\"url\":\"https:\\\/\\\/www.modula.eu\\\/de\\\/\",\"logo\":{\"@type\":\"ImageObject\",\"inLanguage\":\"de\",\"@id\":\"https:\\\/\\\/www.modula.eu\\\/de\\\/#\\\/schema\\\/logo\\\/image\\\/\",\"url\":\"https:\\\/\\\/www.modula.eu\\\/wp-content\\\/uploads\\\/2022\\\/12\\\/Modula-logo.jpg\",\"contentUrl\":\"https:\\\/\\\/www.modula.eu\\\/wp-content\\\/uploads\\\/2022\\\/12\\\/Modula-logo.jpg\",\"width\":759,\"height\":512,\"caption\":\"Modula\"},\"image\":{\"@id\":\"https:\\\/\\\/www.modula.eu\\\/de\\\/#\\\/schema\\\/logo\\\/image\\\/\"}}]}<\/script>\n<!-- \/ Yoast SEO plugin. -->","yoast_head_json":{"title":"Gewichtsverteilungsplatten und spezielle Maschinenf\u00fc\u00dfe in \u00dcbergr\u00f6\u00dfe | Modula","description":"Gewichtsverteilungsplatten und \u00fcbergro\u00dfe F\u00fc\u00dfe sind L\u00f6sungen, die die Auflagefl\u00e4che der Maschinen vergr\u00f6\u00dfern, falls der Boden nicht ausreichend ist.","robots":{"index":"index","follow":"follow","max-snippet":"max-snippet:-1","max-image-preview":"max-image-preview:large","max-video-preview":"max-video-preview:-1"},"canonical":"https:\/\/www.modula.eu\/de\/zubehor\/zusatzliche-optionen\/platten-zur-gewichtsverteilung\/","og_locale":"de_DE","og_type":"article","og_title":"Gewichtsverteilungsplatten und spezielle Maschinenf\u00fc\u00dfe in \u00dcbergr\u00f6\u00dfe | Modula","og_description":"Gewichtsverteilungsplatten und \u00fcbergro\u00dfe F\u00fc\u00dfe sind L\u00f6sungen, die die Auflagefl\u00e4che der Maschinen vergr\u00f6\u00dfern, falls der Boden nicht ausreichend ist.","og_url":"https:\/\/www.modula.eu\/de\/zubehor\/zusatzliche-optionen\/platten-zur-gewichtsverteilung\/","og_site_name":"Modula","article_modified_time":"2025-06-16T13:28:41+00:00","og_image":[{"width":800,"height":600,"url":"https:\/\/www.modula.eu\/wp-content\/uploads\/2023\/07\/piastre.jpg","type":"image\/jpeg"}],"twitter_card":"summary_large_image","schema":{"@context":"https:\/\/schema.org","@graph":[{"@type":"WebPage","@id":"https:\/\/www.modula.eu\/de\/zubehor\/zusatzliche-optionen\/platten-zur-gewichtsverteilung\/","url":"https:\/\/www.modula.eu\/de\/zubehor\/zusatzliche-optionen\/platten-zur-gewichtsverteilung\/","name":"Gewichtsverteilungsplatten und spezielle Maschinenf\u00fc\u00dfe in \u00dcbergr\u00f6\u00dfe | Modula","isPartOf":{"@id":"https:\/\/www.modula.eu\/de\/#website"},"primaryImageOfPage":{"@id":"https:\/\/www.modula.eu\/de\/zubehor\/zusatzliche-optionen\/platten-zur-gewichtsverteilung\/#primaryimage"},"image":{"@id":"https:\/\/www.modula.eu\/de\/zubehor\/zusatzliche-optionen\/platten-zur-gewichtsverteilung\/#primaryimage"},"thumbnailUrl":"https:\/\/www.modula.eu\/wp-content\/uploads\/2023\/07\/piastre.jpg","datePublished":"2023-07-12T13:36:38+00:00","dateModified":"2025-06-16T13:28:41+00:00","description":"Gewichtsverteilungsplatten und \u00fcbergro\u00dfe F\u00fc\u00dfe sind L\u00f6sungen, die die Auflagefl\u00e4che der Maschinen vergr\u00f6\u00dfern, falls der Boden nicht ausreichend ist.","breadcrumb":{"@id":"https:\/\/www.modula.eu\/de\/zubehor\/zusatzliche-optionen\/platten-zur-gewichtsverteilung\/#breadcrumb"},"inLanguage":"de","potentialAction":[{"@type":"ReadAction","target":["https:\/\/www.modula.eu\/de\/zubehor\/zusatzliche-optionen\/platten-zur-gewichtsverteilung\/"]}]},{"@type":"ImageObject","inLanguage":"de","@id":"https:\/\/www.modula.eu\/de\/zubehor\/zusatzliche-optionen\/platten-zur-gewichtsverteilung\/#primaryimage","url":"https:\/\/www.modula.eu\/wp-content\/uploads\/2023\/07\/piastre.jpg","contentUrl":"https:\/\/www.modula.eu\/wp-content\/uploads\/2023\/07\/piastre.jpg","width":800,"height":600},{"@type":"BreadcrumbList","@id":"https:\/\/www.modula.eu\/de\/zubehor\/zusatzliche-optionen\/platten-zur-gewichtsverteilung\/#breadcrumb","itemListElement":[{"@type":"ListItem","position":1,"name":"Home","item":"https:\/\/www.modula.eu\/de\/"},{"@type":"ListItem","position":2,"name":"Zubeh\u00f6r","item":"https:\/\/www.modula.eu\/de\/zubehoer\/"},{"@type":"ListItem","position":3,"name":"Zus\u00e4tzliche Optionen","item":"https:\/\/www.modula.eu\/de\/zubehoer\/zusatzliche-optionen\/"},{"@type":"ListItem","position":4,"name":"Gewichtsverteilungsplatten und spezielle Maschinenf\u00fc\u00dfe in \u00dcbergr\u00f6\u00dfe"}]},{"@type":"WebSite","@id":"https:\/\/www.modula.eu\/de\/#website","url":"https:\/\/www.modula.eu\/de\/","name":"Modula","description":"Think Vertical","publisher":{"@id":"https:\/\/www.modula.eu\/de\/#organization"},"potentialAction":[{"@type":"SearchAction","target":{"@type":"EntryPoint","urlTemplate":"https:\/\/www.modula.eu\/de\/?s={search_term_string}"},"query-input":{"@type":"PropertyValueSpecification","valueRequired":true,"valueName":"search_term_string"}}],"inLanguage":"de"},{"@type":"Organization","@id":"https:\/\/www.modula.eu\/de\/#organization","name":"Modula","url":"https:\/\/www.modula.eu\/de\/","logo":{"@type":"ImageObject","inLanguage":"de","@id":"https:\/\/www.modula.eu\/de\/#\/schema\/logo\/image\/","url":"https:\/\/www.modula.eu\/wp-content\/uploads\/2022\/12\/Modula-logo.jpg","contentUrl":"https:\/\/www.modula.eu\/wp-content\/uploads\/2022\/12\/Modula-logo.jpg","width":759,"height":512,"caption":"Modula"},"image":{"@id":"https:\/\/www.modula.eu\/de\/#\/schema\/logo\/image\/"}}]}},"_links":{"self":[{"href":"https:\/\/www.modula.eu\/de\/wp-json\/wp\/v2\/pages\/25503","targetHints":{"allow":["GET"]}}],"collection":[{"href":"https:\/\/www.modula.eu\/de\/wp-json\/wp\/v2\/pages"}],"about":[{"href":"https:\/\/www.modula.eu\/de\/wp-json\/wp\/v2\/types\/page"}],"author":[{"embeddable":true,"href":"https:\/\/www.modula.eu\/de\/wp-json\/wp\/v2\/users\/2"}],"replies":[{"embeddable":true,"href":"https:\/\/www.modula.eu\/de\/wp-json\/wp\/v2\/comments?post=25503"}],"version-history":[{"count":0,"href":"https:\/\/www.modula.eu\/de\/wp-json\/wp\/v2\/pages\/25503\/revisions"}],"up":[{"embeddable":true,"href":"https:\/\/www.modula.eu\/de\/wp-json\/wp\/v2\/pages\/10398"}],"wp:featuredmedia":[{"embeddable":true,"href":"https:\/\/www.modula.eu\/de\/wp-json\/wp\/v2\/media\/24688"}],"wp:attachment":[{"href":"https:\/\/www.modula.eu\/de\/wp-json\/wp\/v2\/media?parent=25503"}],"curies":[{"name":"wp","href":"https:\/\/api.w.org\/{rel}","templated":true}]}}