{"id":25513,"date":"2023-09-04T11:51:11","date_gmt":"2023-09-04T09:51:11","guid":{"rendered":"https:\/\/www.modula.eu\/varie\/sprinkler-predisposition\/"},"modified":"2025-06-16T15:45:51","modified_gmt":"2025-06-16T13:45:51","slug":"sprinklerveranlagung","status":"publish","type":"page","link":"https:\/\/www.modula.eu\/de\/zubehor\/zusatzliche-optionen\/sprinklerveranlagung\/","title":{"rendered":"Sprinklerveranlagung"},"content":{"rendered":"","protected":false},"excerpt":{"rendered":"","protected":false},"author":2,"featured_media":25508,"parent":10398,"menu_order":6,"comment_status":"closed","ping_status":"closed","template":"","meta":{"_acf_changed":false,"inline_featured_image":false,"mapsvg_location":"","footnotes":""},"class_list":["post-25513","page","type-page","status-publish","has-post-thumbnail","hentry"],"acf":[],"yoast_head":"<!-- This site is optimized with the Yoast SEO plugin v27.3 - https:\/\/yoast.com\/product\/yoast-seo-wordpress\/ -->\n<title>Sprinklerveranlagung | Modula<\/title>\n<meta name=\"description\" content=\"Die Wagen k\u00f6nnen mit einer Vorbereitung f\u00fcr die Installation von Sprinklern geliefert werden, d. h. von Ger\u00e4ten, die eine \u00f6rtlich begrenzte Wasserabgabe an der Stelle erm\u00f6glichen, an der sich ein Feuer entwickelt.\" \/>\n<meta name=\"robots\" content=\"index, follow, max-snippet:-1, max-image-preview:large, max-video-preview:-1\" \/>\n<link rel=\"canonical\" href=\"https:\/\/www.modula.eu\/de\/zubehor\/zusatzliche-optionen\/sprinklerveranlagung\/\" \/>\n<meta property=\"og:locale\" content=\"de_DE\" \/>\n<meta property=\"og:type\" content=\"article\" \/>\n<meta property=\"og:title\" content=\"Sprinklerveranlagung | Modula\" \/>\n<meta property=\"og:description\" content=\"Die Wagen k\u00f6nnen mit einer Vorbereitung f\u00fcr die Installation von Sprinklern geliefert werden, d. h. von Ger\u00e4ten, die eine \u00f6rtlich begrenzte Wasserabgabe an der Stelle erm\u00f6glichen, an der sich ein Feuer entwickelt.\" \/>\n<meta property=\"og:url\" content=\"https:\/\/www.modula.eu\/de\/zubehor\/zusatzliche-optionen\/sprinklerveranlagung\/\" \/>\n<meta property=\"og:site_name\" content=\"Modula\" \/>\n<meta property=\"article:modified_time\" content=\"2025-06-16T13:45:51+00:00\" \/>\n<meta property=\"og:image\" content=\"https:\/\/www.modula.eu\/wp-content\/uploads\/2023\/09\/sprinkler.jpg\" \/>\n\t<meta property=\"og:image:width\" content=\"800\" \/>\n\t<meta property=\"og:image:height\" content=\"600\" \/>\n\t<meta property=\"og:image:type\" content=\"image\/jpeg\" \/>\n<meta name=\"twitter:card\" content=\"summary_large_image\" \/>\n<script type=\"application\/ld+json\" class=\"yoast-schema-graph\">{\"@context\":\"https:\\\/\\\/schema.org\",\"@graph\":[{\"@type\":\"WebPage\",\"@id\":\"https:\\\/\\\/www.modula.eu\\\/de\\\/zubehor\\\/zusatzliche-optionen\\\/sprinklerveranlagung\\\/\",\"url\":\"https:\\\/\\\/www.modula.eu\\\/de\\\/zubehor\\\/zusatzliche-optionen\\\/sprinklerveranlagung\\\/\",\"name\":\"Sprinklerveranlagung | Modula\",\"isPartOf\":{\"@id\":\"https:\\\/\\\/www.modula.eu\\\/de\\\/#website\"},\"primaryImageOfPage\":{\"@id\":\"https:\\\/\\\/www.modula.eu\\\/de\\\/zubehor\\\/zusatzliche-optionen\\\/sprinklerveranlagung\\\/#primaryimage\"},\"image\":{\"@id\":\"https:\\\/\\\/www.modula.eu\\\/de\\\/zubehor\\\/zusatzliche-optionen\\\/sprinklerveranlagung\\\/#primaryimage\"},\"thumbnailUrl\":\"https:\\\/\\\/www.modula.eu\\\/wp-content\\\/uploads\\\/2023\\\/09\\\/sprinkler.jpg\",\"datePublished\":\"2023-09-04T09:51:11+00:00\",\"dateModified\":\"2025-06-16T13:45:51+00:00\",\"description\":\"Die Wagen k\u00f6nnen mit einer Vorbereitung f\u00fcr die Installation von Sprinklern geliefert werden, d. h. von Ger\u00e4ten, die eine \u00f6rtlich begrenzte Wasserabgabe an der Stelle erm\u00f6glichen, an der sich ein Feuer entwickelt.\",\"breadcrumb\":{\"@id\":\"https:\\\/\\\/www.modula.eu\\\/de\\\/zubehor\\\/zusatzliche-optionen\\\/sprinklerveranlagung\\\/#breadcrumb\"},\"inLanguage\":\"de\",\"potentialAction\":[{\"@type\":\"ReadAction\",\"target\":[\"https:\\\/\\\/www.modula.eu\\\/de\\\/zubehor\\\/zusatzliche-optionen\\\/sprinklerveranlagung\\\/\"]}]},{\"@type\":\"ImageObject\",\"inLanguage\":\"de\",\"@id\":\"https:\\\/\\\/www.modula.eu\\\/de\\\/zubehor\\\/zusatzliche-optionen\\\/sprinklerveranlagung\\\/#primaryimage\",\"url\":\"https:\\\/\\\/www.modula.eu\\\/wp-content\\\/uploads\\\/2023\\\/09\\\/sprinkler.jpg\",\"contentUrl\":\"https:\\\/\\\/www.modula.eu\\\/wp-content\\\/uploads\\\/2023\\\/09\\\/sprinkler.jpg\",\"width\":800,\"height\":600},{\"@type\":\"BreadcrumbList\",\"@id\":\"https:\\\/\\\/www.modula.eu\\\/de\\\/zubehor\\\/zusatzliche-optionen\\\/sprinklerveranlagung\\\/#breadcrumb\",\"itemListElement\":[{\"@type\":\"ListItem\",\"position\":1,\"name\":\"Home\",\"item\":\"https:\\\/\\\/www.modula.eu\\\/de\\\/\"},{\"@type\":\"ListItem\",\"position\":2,\"name\":\"Zubeh\u00f6r\",\"item\":\"https:\\\/\\\/www.modula.eu\\\/de\\\/zubehoer\\\/\"},{\"@type\":\"ListItem\",\"position\":3,\"name\":\"Zus\u00e4tzliche Optionen\",\"item\":\"https:\\\/\\\/www.modula.eu\\\/de\\\/zubehoer\\\/zusatzliche-optionen\\\/\"},{\"@type\":\"ListItem\",\"position\":4,\"name\":\"Sprinklerveranlagung\"}]},{\"@type\":\"WebSite\",\"@id\":\"https:\\\/\\\/www.modula.eu\\\/de\\\/#website\",\"url\":\"https:\\\/\\\/www.modula.eu\\\/de\\\/\",\"name\":\"Modula\",\"description\":\"Think Vertical\",\"publisher\":{\"@id\":\"https:\\\/\\\/www.modula.eu\\\/de\\\/#organization\"},\"potentialAction\":[{\"@type\":\"SearchAction\",\"target\":{\"@type\":\"EntryPoint\",\"urlTemplate\":\"https:\\\/\\\/www.modula.eu\\\/de\\\/?s={search_term_string}\"},\"query-input\":{\"@type\":\"PropertyValueSpecification\",\"valueRequired\":true,\"valueName\":\"search_term_string\"}}],\"inLanguage\":\"de\"},{\"@type\":\"Organization\",\"@id\":\"https:\\\/\\\/www.modula.eu\\\/de\\\/#organization\",\"name\":\"Modula\",\"url\":\"https:\\\/\\\/www.modula.eu\\\/de\\\/\",\"logo\":{\"@type\":\"ImageObject\",\"inLanguage\":\"de\",\"@id\":\"https:\\\/\\\/www.modula.eu\\\/de\\\/#\\\/schema\\\/logo\\\/image\\\/\",\"url\":\"https:\\\/\\\/www.modula.eu\\\/wp-content\\\/uploads\\\/2022\\\/12\\\/Modula-logo.jpg\",\"contentUrl\":\"https:\\\/\\\/www.modula.eu\\\/wp-content\\\/uploads\\\/2022\\\/12\\\/Modula-logo.jpg\",\"width\":759,\"height\":512,\"caption\":\"Modula\"},\"image\":{\"@id\":\"https:\\\/\\\/www.modula.eu\\\/de\\\/#\\\/schema\\\/logo\\\/image\\\/\"}}]}<\/script>\n<!-- \/ Yoast SEO plugin. -->","yoast_head_json":{"title":"Sprinklerveranlagung | Modula","description":"Die Wagen k\u00f6nnen mit einer Vorbereitung f\u00fcr die Installation von Sprinklern geliefert werden, d. h. von Ger\u00e4ten, die eine \u00f6rtlich begrenzte Wasserabgabe an der Stelle erm\u00f6glichen, an der sich ein Feuer entwickelt.","robots":{"index":"index","follow":"follow","max-snippet":"max-snippet:-1","max-image-preview":"max-image-preview:large","max-video-preview":"max-video-preview:-1"},"canonical":"https:\/\/www.modula.eu\/de\/zubehor\/zusatzliche-optionen\/sprinklerveranlagung\/","og_locale":"de_DE","og_type":"article","og_title":"Sprinklerveranlagung | Modula","og_description":"Die Wagen k\u00f6nnen mit einer Vorbereitung f\u00fcr die Installation von Sprinklern geliefert werden, d. h. von Ger\u00e4ten, die eine \u00f6rtlich begrenzte Wasserabgabe an der Stelle erm\u00f6glichen, an der sich ein Feuer entwickelt.","og_url":"https:\/\/www.modula.eu\/de\/zubehor\/zusatzliche-optionen\/sprinklerveranlagung\/","og_site_name":"Modula","article_modified_time":"2025-06-16T13:45:51+00:00","og_image":[{"width":800,"height":600,"url":"https:\/\/www.modula.eu\/wp-content\/uploads\/2023\/09\/sprinkler.jpg","type":"image\/jpeg"}],"twitter_card":"summary_large_image","schema":{"@context":"https:\/\/schema.org","@graph":[{"@type":"WebPage","@id":"https:\/\/www.modula.eu\/de\/zubehor\/zusatzliche-optionen\/sprinklerveranlagung\/","url":"https:\/\/www.modula.eu\/de\/zubehor\/zusatzliche-optionen\/sprinklerveranlagung\/","name":"Sprinklerveranlagung | Modula","isPartOf":{"@id":"https:\/\/www.modula.eu\/de\/#website"},"primaryImageOfPage":{"@id":"https:\/\/www.modula.eu\/de\/zubehor\/zusatzliche-optionen\/sprinklerveranlagung\/#primaryimage"},"image":{"@id":"https:\/\/www.modula.eu\/de\/zubehor\/zusatzliche-optionen\/sprinklerveranlagung\/#primaryimage"},"thumbnailUrl":"https:\/\/www.modula.eu\/wp-content\/uploads\/2023\/09\/sprinkler.jpg","datePublished":"2023-09-04T09:51:11+00:00","dateModified":"2025-06-16T13:45:51+00:00","description":"Die Wagen k\u00f6nnen mit einer Vorbereitung f\u00fcr die Installation von Sprinklern geliefert werden, d. h. von Ger\u00e4ten, die eine \u00f6rtlich begrenzte Wasserabgabe an der Stelle erm\u00f6glichen, an der sich ein Feuer entwickelt.","breadcrumb":{"@id":"https:\/\/www.modula.eu\/de\/zubehor\/zusatzliche-optionen\/sprinklerveranlagung\/#breadcrumb"},"inLanguage":"de","potentialAction":[{"@type":"ReadAction","target":["https:\/\/www.modula.eu\/de\/zubehor\/zusatzliche-optionen\/sprinklerveranlagung\/"]}]},{"@type":"ImageObject","inLanguage":"de","@id":"https:\/\/www.modula.eu\/de\/zubehor\/zusatzliche-optionen\/sprinklerveranlagung\/#primaryimage","url":"https:\/\/www.modula.eu\/wp-content\/uploads\/2023\/09\/sprinkler.jpg","contentUrl":"https:\/\/www.modula.eu\/wp-content\/uploads\/2023\/09\/sprinkler.jpg","width":800,"height":600},{"@type":"BreadcrumbList","@id":"https:\/\/www.modula.eu\/de\/zubehor\/zusatzliche-optionen\/sprinklerveranlagung\/#breadcrumb","itemListElement":[{"@type":"ListItem","position":1,"name":"Home","item":"https:\/\/www.modula.eu\/de\/"},{"@type":"ListItem","position":2,"name":"Zubeh\u00f6r","item":"https:\/\/www.modula.eu\/de\/zubehoer\/"},{"@type":"ListItem","position":3,"name":"Zus\u00e4tzliche Optionen","item":"https:\/\/www.modula.eu\/de\/zubehoer\/zusatzliche-optionen\/"},{"@type":"ListItem","position":4,"name":"Sprinklerveranlagung"}]},{"@type":"WebSite","@id":"https:\/\/www.modula.eu\/de\/#website","url":"https:\/\/www.modula.eu\/de\/","name":"Modula","description":"Think Vertical","publisher":{"@id":"https:\/\/www.modula.eu\/de\/#organization"},"potentialAction":[{"@type":"SearchAction","target":{"@type":"EntryPoint","urlTemplate":"https:\/\/www.modula.eu\/de\/?s={search_term_string}"},"query-input":{"@type":"PropertyValueSpecification","valueRequired":true,"valueName":"search_term_string"}}],"inLanguage":"de"},{"@type":"Organization","@id":"https:\/\/www.modula.eu\/de\/#organization","name":"Modula","url":"https:\/\/www.modula.eu\/de\/","logo":{"@type":"ImageObject","inLanguage":"de","@id":"https:\/\/www.modula.eu\/de\/#\/schema\/logo\/image\/","url":"https:\/\/www.modula.eu\/wp-content\/uploads\/2022\/12\/Modula-logo.jpg","contentUrl":"https:\/\/www.modula.eu\/wp-content\/uploads\/2022\/12\/Modula-logo.jpg","width":759,"height":512,"caption":"Modula"},"image":{"@id":"https:\/\/www.modula.eu\/de\/#\/schema\/logo\/image\/"}}]}},"_links":{"self":[{"href":"https:\/\/www.modula.eu\/de\/wp-json\/wp\/v2\/pages\/25513","targetHints":{"allow":["GET"]}}],"collection":[{"href":"https:\/\/www.modula.eu\/de\/wp-json\/wp\/v2\/pages"}],"about":[{"href":"https:\/\/www.modula.eu\/de\/wp-json\/wp\/v2\/types\/page"}],"author":[{"embeddable":true,"href":"https:\/\/www.modula.eu\/de\/wp-json\/wp\/v2\/users\/2"}],"replies":[{"embeddable":true,"href":"https:\/\/www.modula.eu\/de\/wp-json\/wp\/v2\/comments?post=25513"}],"version-history":[{"count":0,"href":"https:\/\/www.modula.eu\/de\/wp-json\/wp\/v2\/pages\/25513\/revisions"}],"up":[{"embeddable":true,"href":"https:\/\/www.modula.eu\/de\/wp-json\/wp\/v2\/pages\/10398"}],"wp:featuredmedia":[{"embeddable":true,"href":"https:\/\/www.modula.eu\/de\/wp-json\/wp\/v2\/media\/25508"}],"wp:attachment":[{"href":"https:\/\/www.modula.eu\/de\/wp-json\/wp\/v2\/media?parent=25513"}],"curies":[{"name":"wp","href":"https:\/\/api.w.org\/{rel}","templated":true}]}}