{"id":25771,"date":"2022-06-23T14:14:45","date_gmt":"2022-06-23T12:14:45","guid":{"rendered":"https:\/\/www.modula.eu\/case-studies\/papierindustrie-verlagswesen\/sir-visual\/"},"modified":"2024-04-19T15:13:45","modified_gmt":"2024-04-19T13:13:45","slug":"sir-visual","status":"publish","type":"page","link":"https:\/\/www.modula.eu\/de\/case-studies\/papierindustrie-verlagswesen\/sir-visual\/","title":{"rendered":"Sir Visual"},"content":{"rendered":"","protected":false},"excerpt":{"rendered":"","protected":false},"author":1,"featured_media":25766,"parent":10132,"menu_order":0,"comment_status":"closed","ping_status":"closed","template":"case.php","meta":{"_acf_changed":false,"inline_featured_image":false,"mapsvg_location":"","footnotes":""},"class_list":["post-25771","page","type-page","status-publish","has-post-thumbnail","hentry"],"acf":[],"yoast_head":"<!-- This site is optimized with the Yoast SEO plugin v27.3 - https:\/\/yoast.com\/product\/yoast-seo-wordpress\/ -->\n<title>Sir Visual: Automatische Lagersysteme von Modula f\u00fcr Papierindustrie und Verlagswesen<\/title>\n<meta name=\"description\" content=\"SIR Visual vertreibt Digitaldruckl\u00f6sungen in \u00fcber 60 L\u00e4ndern weltweit. Das Lager ist mit einem umfangreichen Sortiment best\u00fcckt.\" \/>\n<meta name=\"robots\" content=\"index, follow, max-snippet:-1, max-image-preview:large, max-video-preview:-1\" \/>\n<link rel=\"canonical\" href=\"https:\/\/www.modula.eu\/de\/case-studies\/papierindustrie-verlagswesen\/sir-visual\/\" \/>\n<meta property=\"og:locale\" content=\"de_DE\" \/>\n<meta property=\"og:type\" content=\"article\" \/>\n<meta property=\"og:title\" content=\"Sir Visual: Automatische Lagersysteme von Modula f\u00fcr Papierindustrie und Verlagswesen\" \/>\n<meta property=\"og:description\" content=\"SIR Visual vertreibt Digitaldruckl\u00f6sungen in \u00fcber 60 L\u00e4ndern weltweit. Das Lager ist mit einem umfangreichen Sortiment best\u00fcckt.\" \/>\n<meta property=\"og:url\" content=\"https:\/\/www.modula.eu\/de\/case-studies\/papierindustrie-verlagswesen\/sir-visual\/\" \/>\n<meta property=\"og:site_name\" content=\"Modula\" \/>\n<meta property=\"article:modified_time\" content=\"2024-04-19T13:13:45+00:00\" \/>\n<meta property=\"og:image\" content=\"https:\/\/www.modula.eu\/wp-content\/uploads\/2023\/09\/sir-visual.jpg\" \/>\n\t<meta property=\"og:image:width\" content=\"800\" \/>\n\t<meta property=\"og:image:height\" content=\"600\" \/>\n\t<meta property=\"og:image:type\" content=\"image\/jpeg\" \/>\n<meta name=\"twitter:card\" content=\"summary_large_image\" \/>\n<script type=\"application\/ld+json\" class=\"yoast-schema-graph\">{\"@context\":\"https:\\\/\\\/schema.org\",\"@graph\":[{\"@type\":\"WebPage\",\"@id\":\"https:\\\/\\\/www.modula.eu\\\/de\\\/case-studies\\\/papierindustrie-verlagswesen\\\/sir-visual\\\/\",\"url\":\"https:\\\/\\\/www.modula.eu\\\/de\\\/case-studies\\\/papierindustrie-verlagswesen\\\/sir-visual\\\/\",\"name\":\"Sir Visual: Automatische Lagersysteme von Modula f\u00fcr Papierindustrie und Verlagswesen\",\"isPartOf\":{\"@id\":\"https:\\\/\\\/www.modula.eu\\\/de\\\/#website\"},\"primaryImageOfPage\":{\"@id\":\"https:\\\/\\\/www.modula.eu\\\/de\\\/case-studies\\\/papierindustrie-verlagswesen\\\/sir-visual\\\/#primaryimage\"},\"image\":{\"@id\":\"https:\\\/\\\/www.modula.eu\\\/de\\\/case-studies\\\/papierindustrie-verlagswesen\\\/sir-visual\\\/#primaryimage\"},\"thumbnailUrl\":\"https:\\\/\\\/www.modula.eu\\\/wp-content\\\/uploads\\\/2023\\\/09\\\/sir-visual.jpg\",\"datePublished\":\"2022-06-23T12:14:45+00:00\",\"dateModified\":\"2024-04-19T13:13:45+00:00\",\"description\":\"SIR Visual vertreibt Digitaldruckl\u00f6sungen in \u00fcber 60 L\u00e4ndern weltweit. Das Lager ist mit einem umfangreichen Sortiment best\u00fcckt.\",\"breadcrumb\":{\"@id\":\"https:\\\/\\\/www.modula.eu\\\/de\\\/case-studies\\\/papierindustrie-verlagswesen\\\/sir-visual\\\/#breadcrumb\"},\"inLanguage\":\"de\",\"potentialAction\":[{\"@type\":\"ReadAction\",\"target\":[\"https:\\\/\\\/www.modula.eu\\\/de\\\/case-studies\\\/papierindustrie-verlagswesen\\\/sir-visual\\\/\"]}]},{\"@type\":\"ImageObject\",\"inLanguage\":\"de\",\"@id\":\"https:\\\/\\\/www.modula.eu\\\/de\\\/case-studies\\\/papierindustrie-verlagswesen\\\/sir-visual\\\/#primaryimage\",\"url\":\"https:\\\/\\\/www.modula.eu\\\/wp-content\\\/uploads\\\/2023\\\/09\\\/sir-visual.jpg\",\"contentUrl\":\"https:\\\/\\\/www.modula.eu\\\/wp-content\\\/uploads\\\/2023\\\/09\\\/sir-visual.jpg\",\"width\":800,\"height\":600},{\"@type\":\"BreadcrumbList\",\"@id\":\"https:\\\/\\\/www.modula.eu\\\/de\\\/case-studies\\\/papierindustrie-verlagswesen\\\/sir-visual\\\/#breadcrumb\",\"itemListElement\":[{\"@type\":\"ListItem\",\"position\":1,\"name\":\"Home\",\"item\":\"https:\\\/\\\/www.modula.eu\\\/de\\\/\"},{\"@type\":\"ListItem\",\"position\":2,\"name\":\"Fallstudien\",\"item\":\"https:\\\/\\\/www.modula.eu\\\/de\\\/case-studies\\\/\"},{\"@type\":\"ListItem\",\"position\":3,\"name\":\"Papierindustrie \\\/ Verlagswesen\",\"item\":\"https:\\\/\\\/www.modula.eu\\\/de\\\/case-studies\\\/papierindustrie-verlagswesen\\\/\"},{\"@type\":\"ListItem\",\"position\":4,\"name\":\"Sir Visual\"}]},{\"@type\":\"WebSite\",\"@id\":\"https:\\\/\\\/www.modula.eu\\\/de\\\/#website\",\"url\":\"https:\\\/\\\/www.modula.eu\\\/de\\\/\",\"name\":\"Modula\",\"description\":\"Think Vertical\",\"publisher\":{\"@id\":\"https:\\\/\\\/www.modula.eu\\\/de\\\/#organization\"},\"potentialAction\":[{\"@type\":\"SearchAction\",\"target\":{\"@type\":\"EntryPoint\",\"urlTemplate\":\"https:\\\/\\\/www.modula.eu\\\/de\\\/?s={search_term_string}\"},\"query-input\":{\"@type\":\"PropertyValueSpecification\",\"valueRequired\":true,\"valueName\":\"search_term_string\"}}],\"inLanguage\":\"de\"},{\"@type\":\"Organization\",\"@id\":\"https:\\\/\\\/www.modula.eu\\\/de\\\/#organization\",\"name\":\"Modula\",\"url\":\"https:\\\/\\\/www.modula.eu\\\/de\\\/\",\"logo\":{\"@type\":\"ImageObject\",\"inLanguage\":\"de\",\"@id\":\"https:\\\/\\\/www.modula.eu\\\/de\\\/#\\\/schema\\\/logo\\\/image\\\/\",\"url\":\"https:\\\/\\\/www.modula.eu\\\/wp-content\\\/uploads\\\/2022\\\/12\\\/Modula-logo.jpg\",\"contentUrl\":\"https:\\\/\\\/www.modula.eu\\\/wp-content\\\/uploads\\\/2022\\\/12\\\/Modula-logo.jpg\",\"width\":759,\"height\":512,\"caption\":\"Modula\"},\"image\":{\"@id\":\"https:\\\/\\\/www.modula.eu\\\/de\\\/#\\\/schema\\\/logo\\\/image\\\/\"}}]}<\/script>\n<!-- \/ Yoast SEO plugin. -->","yoast_head_json":{"title":"Sir Visual: Automatische Lagersysteme von Modula f\u00fcr Papierindustrie und Verlagswesen","description":"SIR Visual vertreibt Digitaldruckl\u00f6sungen in \u00fcber 60 L\u00e4ndern weltweit. Das Lager ist mit einem umfangreichen Sortiment best\u00fcckt.","robots":{"index":"index","follow":"follow","max-snippet":"max-snippet:-1","max-image-preview":"max-image-preview:large","max-video-preview":"max-video-preview:-1"},"canonical":"https:\/\/www.modula.eu\/de\/case-studies\/papierindustrie-verlagswesen\/sir-visual\/","og_locale":"de_DE","og_type":"article","og_title":"Sir Visual: Automatische Lagersysteme von Modula f\u00fcr Papierindustrie und Verlagswesen","og_description":"SIR Visual vertreibt Digitaldruckl\u00f6sungen in \u00fcber 60 L\u00e4ndern weltweit. Das Lager ist mit einem umfangreichen Sortiment best\u00fcckt.","og_url":"https:\/\/www.modula.eu\/de\/case-studies\/papierindustrie-verlagswesen\/sir-visual\/","og_site_name":"Modula","article_modified_time":"2024-04-19T13:13:45+00:00","og_image":[{"width":800,"height":600,"url":"https:\/\/www.modula.eu\/wp-content\/uploads\/2023\/09\/sir-visual.jpg","type":"image\/jpeg"}],"twitter_card":"summary_large_image","schema":{"@context":"https:\/\/schema.org","@graph":[{"@type":"WebPage","@id":"https:\/\/www.modula.eu\/de\/case-studies\/papierindustrie-verlagswesen\/sir-visual\/","url":"https:\/\/www.modula.eu\/de\/case-studies\/papierindustrie-verlagswesen\/sir-visual\/","name":"Sir Visual: Automatische Lagersysteme von Modula f\u00fcr Papierindustrie und Verlagswesen","isPartOf":{"@id":"https:\/\/www.modula.eu\/de\/#website"},"primaryImageOfPage":{"@id":"https:\/\/www.modula.eu\/de\/case-studies\/papierindustrie-verlagswesen\/sir-visual\/#primaryimage"},"image":{"@id":"https:\/\/www.modula.eu\/de\/case-studies\/papierindustrie-verlagswesen\/sir-visual\/#primaryimage"},"thumbnailUrl":"https:\/\/www.modula.eu\/wp-content\/uploads\/2023\/09\/sir-visual.jpg","datePublished":"2022-06-23T12:14:45+00:00","dateModified":"2024-04-19T13:13:45+00:00","description":"SIR Visual vertreibt Digitaldruckl\u00f6sungen in \u00fcber 60 L\u00e4ndern weltweit. Das Lager ist mit einem umfangreichen Sortiment best\u00fcckt.","breadcrumb":{"@id":"https:\/\/www.modula.eu\/de\/case-studies\/papierindustrie-verlagswesen\/sir-visual\/#breadcrumb"},"inLanguage":"de","potentialAction":[{"@type":"ReadAction","target":["https:\/\/www.modula.eu\/de\/case-studies\/papierindustrie-verlagswesen\/sir-visual\/"]}]},{"@type":"ImageObject","inLanguage":"de","@id":"https:\/\/www.modula.eu\/de\/case-studies\/papierindustrie-verlagswesen\/sir-visual\/#primaryimage","url":"https:\/\/www.modula.eu\/wp-content\/uploads\/2023\/09\/sir-visual.jpg","contentUrl":"https:\/\/www.modula.eu\/wp-content\/uploads\/2023\/09\/sir-visual.jpg","width":800,"height":600},{"@type":"BreadcrumbList","@id":"https:\/\/www.modula.eu\/de\/case-studies\/papierindustrie-verlagswesen\/sir-visual\/#breadcrumb","itemListElement":[{"@type":"ListItem","position":1,"name":"Home","item":"https:\/\/www.modula.eu\/de\/"},{"@type":"ListItem","position":2,"name":"Fallstudien","item":"https:\/\/www.modula.eu\/de\/case-studies\/"},{"@type":"ListItem","position":3,"name":"Papierindustrie \/ Verlagswesen","item":"https:\/\/www.modula.eu\/de\/case-studies\/papierindustrie-verlagswesen\/"},{"@type":"ListItem","position":4,"name":"Sir Visual"}]},{"@type":"WebSite","@id":"https:\/\/www.modula.eu\/de\/#website","url":"https:\/\/www.modula.eu\/de\/","name":"Modula","description":"Think Vertical","publisher":{"@id":"https:\/\/www.modula.eu\/de\/#organization"},"potentialAction":[{"@type":"SearchAction","target":{"@type":"EntryPoint","urlTemplate":"https:\/\/www.modula.eu\/de\/?s={search_term_string}"},"query-input":{"@type":"PropertyValueSpecification","valueRequired":true,"valueName":"search_term_string"}}],"inLanguage":"de"},{"@type":"Organization","@id":"https:\/\/www.modula.eu\/de\/#organization","name":"Modula","url":"https:\/\/www.modula.eu\/de\/","logo":{"@type":"ImageObject","inLanguage":"de","@id":"https:\/\/www.modula.eu\/de\/#\/schema\/logo\/image\/","url":"https:\/\/www.modula.eu\/wp-content\/uploads\/2022\/12\/Modula-logo.jpg","contentUrl":"https:\/\/www.modula.eu\/wp-content\/uploads\/2022\/12\/Modula-logo.jpg","width":759,"height":512,"caption":"Modula"},"image":{"@id":"https:\/\/www.modula.eu\/de\/#\/schema\/logo\/image\/"}}]}},"_links":{"self":[{"href":"https:\/\/www.modula.eu\/de\/wp-json\/wp\/v2\/pages\/25771","targetHints":{"allow":["GET"]}}],"collection":[{"href":"https:\/\/www.modula.eu\/de\/wp-json\/wp\/v2\/pages"}],"about":[{"href":"https:\/\/www.modula.eu\/de\/wp-json\/wp\/v2\/types\/page"}],"author":[{"embeddable":true,"href":"https:\/\/www.modula.eu\/de\/wp-json\/wp\/v2\/users\/1"}],"replies":[{"embeddable":true,"href":"https:\/\/www.modula.eu\/de\/wp-json\/wp\/v2\/comments?post=25771"}],"version-history":[{"count":0,"href":"https:\/\/www.modula.eu\/de\/wp-json\/wp\/v2\/pages\/25771\/revisions"}],"up":[{"embeddable":true,"href":"https:\/\/www.modula.eu\/de\/wp-json\/wp\/v2\/pages\/10132"}],"wp:featuredmedia":[{"embeddable":true,"href":"https:\/\/www.modula.eu\/de\/wp-json\/wp\/v2\/media\/25766"}],"wp:attachment":[{"href":"https:\/\/www.modula.eu\/de\/wp-json\/wp\/v2\/media?parent=25771"}],"curies":[{"name":"wp","href":"https:\/\/api.w.org\/{rel}","templated":true}]}}