{"id":28988,"date":"2023-12-22T13:48:08","date_gmt":"2023-12-22T12:48:08","guid":{"rendered":"https:\/\/www.modula.eu\/case-studies\/eisenwarenbranche\/newfer\/"},"modified":"2025-01-15T12:00:13","modified_gmt":"2025-01-15T11:00:13","slug":"newfer","status":"publish","type":"page","link":"https:\/\/www.modula.eu\/de\/case-studies\/eisenwarenbranche\/newfer\/","title":{"rendered":"Newfer"},"content":{"rendered":"","protected":false},"excerpt":{"rendered":"","protected":false},"author":1,"featured_media":31901,"parent":10210,"menu_order":3,"comment_status":"closed","ping_status":"closed","template":"case.php","meta":{"_acf_changed":false,"inline_featured_image":false,"mapsvg_location":"","footnotes":""},"class_list":["post-28988","page","type-page","status-publish","has-post-thumbnail","hentry"],"acf":[],"yoast_head":"<!-- This site is optimized with the Yoast SEO plugin v27.3 - https:\/\/yoast.com\/product\/yoast-seo-wordpress\/ -->\n<title>Modula Automatische Lager f\u00fcr den Eisenwarenbereich: New Fer<\/title>\n<meta name=\"description\" content=\"Die L\u00f6sung f\u00fcr NEW-FER konnte nur Modula lauten: und zwar Modula Slim.\" \/>\n<meta name=\"robots\" content=\"index, follow, max-snippet:-1, max-image-preview:large, max-video-preview:-1\" \/>\n<link rel=\"canonical\" href=\"https:\/\/www.modula.eu\/de\/case-studies\/eisenwarenbranche\/newfer\/\" \/>\n<meta property=\"og:locale\" content=\"de_DE\" \/>\n<meta property=\"og:type\" content=\"article\" \/>\n<meta property=\"og:title\" content=\"Modula Automatische Lager f\u00fcr den Eisenwarenbereich: New Fer\" \/>\n<meta property=\"og:description\" content=\"Die L\u00f6sung f\u00fcr NEW-FER konnte nur Modula lauten: und zwar Modula Slim.\" \/>\n<meta property=\"og:url\" content=\"https:\/\/www.modula.eu\/de\/case-studies\/eisenwarenbranche\/newfer\/\" \/>\n<meta property=\"og:site_name\" content=\"Modula\" \/>\n<meta property=\"article:modified_time\" content=\"2025-01-15T11:00:13+00:00\" \/>\n<meta property=\"og:image\" content=\"https:\/\/www.modula.eu\/wp-content\/uploads\/2024\/03\/Screenshot-2024-03-25-alle-17.05.57.png\" \/>\n\t<meta property=\"og:image:width\" content=\"856\" \/>\n\t<meta property=\"og:image:height\" content=\"414\" \/>\n\t<meta property=\"og:image:type\" content=\"image\/png\" \/>\n<meta name=\"twitter:card\" content=\"summary_large_image\" \/>\n<script type=\"application\/ld+json\" class=\"yoast-schema-graph\">{\"@context\":\"https:\\\/\\\/schema.org\",\"@graph\":[{\"@type\":\"WebPage\",\"@id\":\"https:\\\/\\\/www.modula.eu\\\/de\\\/case-studies\\\/eisenwarenbranche\\\/newfer\\\/\",\"url\":\"https:\\\/\\\/www.modula.eu\\\/de\\\/case-studies\\\/eisenwarenbranche\\\/newfer\\\/\",\"name\":\"Modula Automatische Lager f\u00fcr den Eisenwarenbereich: New Fer\",\"isPartOf\":{\"@id\":\"https:\\\/\\\/www.modula.eu\\\/de\\\/#website\"},\"primaryImageOfPage\":{\"@id\":\"https:\\\/\\\/www.modula.eu\\\/de\\\/case-studies\\\/eisenwarenbranche\\\/newfer\\\/#primaryimage\"},\"image\":{\"@id\":\"https:\\\/\\\/www.modula.eu\\\/de\\\/case-studies\\\/eisenwarenbranche\\\/newfer\\\/#primaryimage\"},\"thumbnailUrl\":\"https:\\\/\\\/www.modula.eu\\\/wp-content\\\/uploads\\\/2024\\\/03\\\/Screenshot-2024-03-25-alle-17.05.57.png\",\"datePublished\":\"2023-12-22T12:48:08+00:00\",\"dateModified\":\"2025-01-15T11:00:13+00:00\",\"description\":\"Die L\u00f6sung f\u00fcr NEW-FER konnte nur Modula lauten: und zwar Modula Slim.\",\"breadcrumb\":{\"@id\":\"https:\\\/\\\/www.modula.eu\\\/de\\\/case-studies\\\/eisenwarenbranche\\\/newfer\\\/#breadcrumb\"},\"inLanguage\":\"de\",\"potentialAction\":[{\"@type\":\"ReadAction\",\"target\":[\"https:\\\/\\\/www.modula.eu\\\/de\\\/case-studies\\\/eisenwarenbranche\\\/newfer\\\/\"]}]},{\"@type\":\"ImageObject\",\"inLanguage\":\"de\",\"@id\":\"https:\\\/\\\/www.modula.eu\\\/de\\\/case-studies\\\/eisenwarenbranche\\\/newfer\\\/#primaryimage\",\"url\":\"https:\\\/\\\/www.modula.eu\\\/wp-content\\\/uploads\\\/2024\\\/03\\\/Screenshot-2024-03-25-alle-17.05.57.png\",\"contentUrl\":\"https:\\\/\\\/www.modula.eu\\\/wp-content\\\/uploads\\\/2024\\\/03\\\/Screenshot-2024-03-25-alle-17.05.57.png\",\"width\":856,\"height\":414},{\"@type\":\"BreadcrumbList\",\"@id\":\"https:\\\/\\\/www.modula.eu\\\/de\\\/case-studies\\\/eisenwarenbranche\\\/newfer\\\/#breadcrumb\",\"itemListElement\":[{\"@type\":\"ListItem\",\"position\":1,\"name\":\"Home\",\"item\":\"https:\\\/\\\/www.modula.eu\\\/de\\\/\"},{\"@type\":\"ListItem\",\"position\":2,\"name\":\"Fallstudien\",\"item\":\"https:\\\/\\\/www.modula.eu\\\/de\\\/case-studies\\\/\"},{\"@type\":\"ListItem\",\"position\":3,\"name\":\"Eisenwarenbranche\",\"item\":\"https:\\\/\\\/www.modula.eu\\\/de\\\/case-studies\\\/eisenwarenbranche\\\/\"},{\"@type\":\"ListItem\",\"position\":4,\"name\":\"Newfer\"}]},{\"@type\":\"WebSite\",\"@id\":\"https:\\\/\\\/www.modula.eu\\\/de\\\/#website\",\"url\":\"https:\\\/\\\/www.modula.eu\\\/de\\\/\",\"name\":\"Modula\",\"description\":\"Think Vertical\",\"publisher\":{\"@id\":\"https:\\\/\\\/www.modula.eu\\\/de\\\/#organization\"},\"potentialAction\":[{\"@type\":\"SearchAction\",\"target\":{\"@type\":\"EntryPoint\",\"urlTemplate\":\"https:\\\/\\\/www.modula.eu\\\/de\\\/?s={search_term_string}\"},\"query-input\":{\"@type\":\"PropertyValueSpecification\",\"valueRequired\":true,\"valueName\":\"search_term_string\"}}],\"inLanguage\":\"de\"},{\"@type\":\"Organization\",\"@id\":\"https:\\\/\\\/www.modula.eu\\\/de\\\/#organization\",\"name\":\"Modula\",\"url\":\"https:\\\/\\\/www.modula.eu\\\/de\\\/\",\"logo\":{\"@type\":\"ImageObject\",\"inLanguage\":\"de\",\"@id\":\"https:\\\/\\\/www.modula.eu\\\/de\\\/#\\\/schema\\\/logo\\\/image\\\/\",\"url\":\"https:\\\/\\\/www.modula.eu\\\/wp-content\\\/uploads\\\/2022\\\/12\\\/Modula-logo.jpg\",\"contentUrl\":\"https:\\\/\\\/www.modula.eu\\\/wp-content\\\/uploads\\\/2022\\\/12\\\/Modula-logo.jpg\",\"width\":759,\"height\":512,\"caption\":\"Modula\"},\"image\":{\"@id\":\"https:\\\/\\\/www.modula.eu\\\/de\\\/#\\\/schema\\\/logo\\\/image\\\/\"}}]}<\/script>\n<!-- \/ Yoast SEO plugin. -->","yoast_head_json":{"title":"Modula Automatische Lager f\u00fcr den Eisenwarenbereich: New Fer","description":"Die L\u00f6sung f\u00fcr NEW-FER konnte nur Modula lauten: und zwar Modula Slim.","robots":{"index":"index","follow":"follow","max-snippet":"max-snippet:-1","max-image-preview":"max-image-preview:large","max-video-preview":"max-video-preview:-1"},"canonical":"https:\/\/www.modula.eu\/de\/case-studies\/eisenwarenbranche\/newfer\/","og_locale":"de_DE","og_type":"article","og_title":"Modula Automatische Lager f\u00fcr den Eisenwarenbereich: New Fer","og_description":"Die L\u00f6sung f\u00fcr NEW-FER konnte nur Modula lauten: und zwar Modula Slim.","og_url":"https:\/\/www.modula.eu\/de\/case-studies\/eisenwarenbranche\/newfer\/","og_site_name":"Modula","article_modified_time":"2025-01-15T11:00:13+00:00","og_image":[{"width":856,"height":414,"url":"https:\/\/www.modula.eu\/wp-content\/uploads\/2024\/03\/Screenshot-2024-03-25-alle-17.05.57.png","type":"image\/png"}],"twitter_card":"summary_large_image","schema":{"@context":"https:\/\/schema.org","@graph":[{"@type":"WebPage","@id":"https:\/\/www.modula.eu\/de\/case-studies\/eisenwarenbranche\/newfer\/","url":"https:\/\/www.modula.eu\/de\/case-studies\/eisenwarenbranche\/newfer\/","name":"Modula Automatische Lager f\u00fcr den Eisenwarenbereich: New Fer","isPartOf":{"@id":"https:\/\/www.modula.eu\/de\/#website"},"primaryImageOfPage":{"@id":"https:\/\/www.modula.eu\/de\/case-studies\/eisenwarenbranche\/newfer\/#primaryimage"},"image":{"@id":"https:\/\/www.modula.eu\/de\/case-studies\/eisenwarenbranche\/newfer\/#primaryimage"},"thumbnailUrl":"https:\/\/www.modula.eu\/wp-content\/uploads\/2024\/03\/Screenshot-2024-03-25-alle-17.05.57.png","datePublished":"2023-12-22T12:48:08+00:00","dateModified":"2025-01-15T11:00:13+00:00","description":"Die L\u00f6sung f\u00fcr NEW-FER konnte nur Modula lauten: und zwar Modula Slim.","breadcrumb":{"@id":"https:\/\/www.modula.eu\/de\/case-studies\/eisenwarenbranche\/newfer\/#breadcrumb"},"inLanguage":"de","potentialAction":[{"@type":"ReadAction","target":["https:\/\/www.modula.eu\/de\/case-studies\/eisenwarenbranche\/newfer\/"]}]},{"@type":"ImageObject","inLanguage":"de","@id":"https:\/\/www.modula.eu\/de\/case-studies\/eisenwarenbranche\/newfer\/#primaryimage","url":"https:\/\/www.modula.eu\/wp-content\/uploads\/2024\/03\/Screenshot-2024-03-25-alle-17.05.57.png","contentUrl":"https:\/\/www.modula.eu\/wp-content\/uploads\/2024\/03\/Screenshot-2024-03-25-alle-17.05.57.png","width":856,"height":414},{"@type":"BreadcrumbList","@id":"https:\/\/www.modula.eu\/de\/case-studies\/eisenwarenbranche\/newfer\/#breadcrumb","itemListElement":[{"@type":"ListItem","position":1,"name":"Home","item":"https:\/\/www.modula.eu\/de\/"},{"@type":"ListItem","position":2,"name":"Fallstudien","item":"https:\/\/www.modula.eu\/de\/case-studies\/"},{"@type":"ListItem","position":3,"name":"Eisenwarenbranche","item":"https:\/\/www.modula.eu\/de\/case-studies\/eisenwarenbranche\/"},{"@type":"ListItem","position":4,"name":"Newfer"}]},{"@type":"WebSite","@id":"https:\/\/www.modula.eu\/de\/#website","url":"https:\/\/www.modula.eu\/de\/","name":"Modula","description":"Think Vertical","publisher":{"@id":"https:\/\/www.modula.eu\/de\/#organization"},"potentialAction":[{"@type":"SearchAction","target":{"@type":"EntryPoint","urlTemplate":"https:\/\/www.modula.eu\/de\/?s={search_term_string}"},"query-input":{"@type":"PropertyValueSpecification","valueRequired":true,"valueName":"search_term_string"}}],"inLanguage":"de"},{"@type":"Organization","@id":"https:\/\/www.modula.eu\/de\/#organization","name":"Modula","url":"https:\/\/www.modula.eu\/de\/","logo":{"@type":"ImageObject","inLanguage":"de","@id":"https:\/\/www.modula.eu\/de\/#\/schema\/logo\/image\/","url":"https:\/\/www.modula.eu\/wp-content\/uploads\/2022\/12\/Modula-logo.jpg","contentUrl":"https:\/\/www.modula.eu\/wp-content\/uploads\/2022\/12\/Modula-logo.jpg","width":759,"height":512,"caption":"Modula"},"image":{"@id":"https:\/\/www.modula.eu\/de\/#\/schema\/logo\/image\/"}}]}},"_links":{"self":[{"href":"https:\/\/www.modula.eu\/de\/wp-json\/wp\/v2\/pages\/28988","targetHints":{"allow":["GET"]}}],"collection":[{"href":"https:\/\/www.modula.eu\/de\/wp-json\/wp\/v2\/pages"}],"about":[{"href":"https:\/\/www.modula.eu\/de\/wp-json\/wp\/v2\/types\/page"}],"author":[{"embeddable":true,"href":"https:\/\/www.modula.eu\/de\/wp-json\/wp\/v2\/users\/1"}],"replies":[{"embeddable":true,"href":"https:\/\/www.modula.eu\/de\/wp-json\/wp\/v2\/comments?post=28988"}],"version-history":[{"count":0,"href":"https:\/\/www.modula.eu\/de\/wp-json\/wp\/v2\/pages\/28988\/revisions"}],"up":[{"embeddable":true,"href":"https:\/\/www.modula.eu\/de\/wp-json\/wp\/v2\/pages\/10210"}],"wp:featuredmedia":[{"embeddable":true,"href":"https:\/\/www.modula.eu\/de\/wp-json\/wp\/v2\/media\/31901"}],"wp:attachment":[{"href":"https:\/\/www.modula.eu\/de\/wp-json\/wp\/v2\/media?parent=28988"}],"curies":[{"name":"wp","href":"https:\/\/api.w.org\/{rel}","templated":true}]}}