{"id":29010,"date":"2023-12-22T13:54:05","date_gmt":"2023-12-22T12:54:05","guid":{"rendered":"https:\/\/www.modula.eu\/case-studies\/pneumatik-hydrauliksektor\/netseals\/"},"modified":"2024-08-05T12:24:05","modified_gmt":"2024-08-05T10:24:05","slug":"netseals","status":"publish","type":"page","link":"https:\/\/www.modula.eu\/de\/case-studies\/pneumatik-hydrauliksektor\/netseals\/","title":{"rendered":"Netseals"},"content":{"rendered":"","protected":false},"excerpt":{"rendered":"","protected":false},"author":1,"featured_media":29005,"parent":10316,"menu_order":6,"comment_status":"closed","ping_status":"closed","template":"case.php","meta":{"_acf_changed":false,"inline_featured_image":false,"mapsvg_location":"","footnotes":""},"class_list":["post-29010","page","type-page","status-publish","has-post-thumbnail","hentry"],"acf":[],"yoast_head":"<!-- This site is optimized with the Yoast SEO plugin v27.3 - https:\/\/yoast.com\/product\/yoast-seo-wordpress\/ -->\n<title>Lagerverwaltungssystem f\u00fcr die Pneumatik- und Hydraulikindustrie: Netseals<\/title>\n<meta name=\"description\" content=\"Net Seals, ein f\u00fchrendes Unternehmen f\u00fcr den Verkauf von Dichtungen f\u00fcr Hydraulik und Pneumatik, hat \u00fcber 40 Lagerlifte in seine Abteilungen eingebaut.\" \/>\n<meta name=\"robots\" content=\"index, follow, max-snippet:-1, max-image-preview:large, max-video-preview:-1\" \/>\n<link rel=\"canonical\" href=\"https:\/\/www.modula.eu\/de\/case-studies\/pneumatik-hydrauliksektor\/netseals\/\" \/>\n<meta property=\"og:locale\" content=\"de_DE\" \/>\n<meta property=\"og:type\" content=\"article\" \/>\n<meta property=\"og:title\" content=\"Lagerverwaltungssystem f\u00fcr die Pneumatik- und Hydraulikindustrie: Netseals\" \/>\n<meta property=\"og:description\" content=\"Net Seals, ein f\u00fchrendes Unternehmen f\u00fcr den Verkauf von Dichtungen f\u00fcr Hydraulik und Pneumatik, hat \u00fcber 40 Lagerlifte in seine Abteilungen eingebaut.\" \/>\n<meta property=\"og:url\" content=\"https:\/\/www.modula.eu\/de\/case-studies\/pneumatik-hydrauliksektor\/netseals\/\" \/>\n<meta property=\"og:site_name\" content=\"Modula\" \/>\n<meta property=\"article:modified_time\" content=\"2024-08-05T10:24:05+00:00\" \/>\n<meta property=\"og:image\" content=\"https:\/\/www.modula.eu\/wp-content\/uploads\/2023\/12\/Screenshot-2023-12-22-alle-13.55.23.png\" \/>\n\t<meta property=\"og:image:width\" content=\"1584\" \/>\n\t<meta property=\"og:image:height\" content=\"796\" \/>\n\t<meta property=\"og:image:type\" content=\"image\/png\" \/>\n<meta name=\"twitter:card\" content=\"summary_large_image\" \/>\n<script type=\"application\/ld+json\" class=\"yoast-schema-graph\">{\"@context\":\"https:\\\/\\\/schema.org\",\"@graph\":[{\"@type\":\"WebPage\",\"@id\":\"https:\\\/\\\/www.modula.eu\\\/de\\\/case-studies\\\/pneumatik-hydrauliksektor\\\/netseals\\\/\",\"url\":\"https:\\\/\\\/www.modula.eu\\\/de\\\/case-studies\\\/pneumatik-hydrauliksektor\\\/netseals\\\/\",\"name\":\"Lagerverwaltungssystem f\u00fcr die Pneumatik- und Hydraulikindustrie: Netseals\",\"isPartOf\":{\"@id\":\"https:\\\/\\\/www.modula.eu\\\/de\\\/#website\"},\"primaryImageOfPage\":{\"@id\":\"https:\\\/\\\/www.modula.eu\\\/de\\\/case-studies\\\/pneumatik-hydrauliksektor\\\/netseals\\\/#primaryimage\"},\"image\":{\"@id\":\"https:\\\/\\\/www.modula.eu\\\/de\\\/case-studies\\\/pneumatik-hydrauliksektor\\\/netseals\\\/#primaryimage\"},\"thumbnailUrl\":\"https:\\\/\\\/www.modula.eu\\\/wp-content\\\/uploads\\\/2023\\\/12\\\/Screenshot-2023-12-22-alle-13.55.23.png\",\"datePublished\":\"2023-12-22T12:54:05+00:00\",\"dateModified\":\"2024-08-05T10:24:05+00:00\",\"description\":\"Net Seals, ein f\u00fchrendes Unternehmen f\u00fcr den Verkauf von Dichtungen f\u00fcr Hydraulik und Pneumatik, hat \u00fcber 40 Lagerlifte in seine Abteilungen eingebaut.\",\"breadcrumb\":{\"@id\":\"https:\\\/\\\/www.modula.eu\\\/de\\\/case-studies\\\/pneumatik-hydrauliksektor\\\/netseals\\\/#breadcrumb\"},\"inLanguage\":\"de\",\"potentialAction\":[{\"@type\":\"ReadAction\",\"target\":[\"https:\\\/\\\/www.modula.eu\\\/de\\\/case-studies\\\/pneumatik-hydrauliksektor\\\/netseals\\\/\"]}]},{\"@type\":\"ImageObject\",\"inLanguage\":\"de\",\"@id\":\"https:\\\/\\\/www.modula.eu\\\/de\\\/case-studies\\\/pneumatik-hydrauliksektor\\\/netseals\\\/#primaryimage\",\"url\":\"https:\\\/\\\/www.modula.eu\\\/wp-content\\\/uploads\\\/2023\\\/12\\\/Screenshot-2023-12-22-alle-13.55.23.png\",\"contentUrl\":\"https:\\\/\\\/www.modula.eu\\\/wp-content\\\/uploads\\\/2023\\\/12\\\/Screenshot-2023-12-22-alle-13.55.23.png\",\"width\":1584,\"height\":796},{\"@type\":\"BreadcrumbList\",\"@id\":\"https:\\\/\\\/www.modula.eu\\\/de\\\/case-studies\\\/pneumatik-hydrauliksektor\\\/netseals\\\/#breadcrumb\",\"itemListElement\":[{\"@type\":\"ListItem\",\"position\":1,\"name\":\"Home\",\"item\":\"https:\\\/\\\/www.modula.eu\\\/de\\\/\"},{\"@type\":\"ListItem\",\"position\":2,\"name\":\"Fallstudien\",\"item\":\"https:\\\/\\\/www.modula.eu\\\/de\\\/case-studies\\\/\"},{\"@type\":\"ListItem\",\"position\":3,\"name\":\"Pneumatik \\\/ Hydrauliksektor\",\"item\":\"https:\\\/\\\/www.modula.eu\\\/de\\\/case-studies\\\/pneumatik-hydrauliksektor\\\/\"},{\"@type\":\"ListItem\",\"position\":4,\"name\":\"Netseals\"}]},{\"@type\":\"WebSite\",\"@id\":\"https:\\\/\\\/www.modula.eu\\\/de\\\/#website\",\"url\":\"https:\\\/\\\/www.modula.eu\\\/de\\\/\",\"name\":\"Modula\",\"description\":\"Think Vertical\",\"publisher\":{\"@id\":\"https:\\\/\\\/www.modula.eu\\\/de\\\/#organization\"},\"potentialAction\":[{\"@type\":\"SearchAction\",\"target\":{\"@type\":\"EntryPoint\",\"urlTemplate\":\"https:\\\/\\\/www.modula.eu\\\/de\\\/?s={search_term_string}\"},\"query-input\":{\"@type\":\"PropertyValueSpecification\",\"valueRequired\":true,\"valueName\":\"search_term_string\"}}],\"inLanguage\":\"de\"},{\"@type\":\"Organization\",\"@id\":\"https:\\\/\\\/www.modula.eu\\\/de\\\/#organization\",\"name\":\"Modula\",\"url\":\"https:\\\/\\\/www.modula.eu\\\/de\\\/\",\"logo\":{\"@type\":\"ImageObject\",\"inLanguage\":\"de\",\"@id\":\"https:\\\/\\\/www.modula.eu\\\/de\\\/#\\\/schema\\\/logo\\\/image\\\/\",\"url\":\"https:\\\/\\\/www.modula.eu\\\/wp-content\\\/uploads\\\/2022\\\/12\\\/Modula-logo.jpg\",\"contentUrl\":\"https:\\\/\\\/www.modula.eu\\\/wp-content\\\/uploads\\\/2022\\\/12\\\/Modula-logo.jpg\",\"width\":759,\"height\":512,\"caption\":\"Modula\"},\"image\":{\"@id\":\"https:\\\/\\\/www.modula.eu\\\/de\\\/#\\\/schema\\\/logo\\\/image\\\/\"}}]}<\/script>\n<!-- \/ Yoast SEO plugin. -->","yoast_head_json":{"title":"Lagerverwaltungssystem f\u00fcr die Pneumatik- und Hydraulikindustrie: Netseals","description":"Net Seals, ein f\u00fchrendes Unternehmen f\u00fcr den Verkauf von Dichtungen f\u00fcr Hydraulik und Pneumatik, hat \u00fcber 40 Lagerlifte in seine Abteilungen eingebaut.","robots":{"index":"index","follow":"follow","max-snippet":"max-snippet:-1","max-image-preview":"max-image-preview:large","max-video-preview":"max-video-preview:-1"},"canonical":"https:\/\/www.modula.eu\/de\/case-studies\/pneumatik-hydrauliksektor\/netseals\/","og_locale":"de_DE","og_type":"article","og_title":"Lagerverwaltungssystem f\u00fcr die Pneumatik- und Hydraulikindustrie: Netseals","og_description":"Net Seals, ein f\u00fchrendes Unternehmen f\u00fcr den Verkauf von Dichtungen f\u00fcr Hydraulik und Pneumatik, hat \u00fcber 40 Lagerlifte in seine Abteilungen eingebaut.","og_url":"https:\/\/www.modula.eu\/de\/case-studies\/pneumatik-hydrauliksektor\/netseals\/","og_site_name":"Modula","article_modified_time":"2024-08-05T10:24:05+00:00","og_image":[{"width":1584,"height":796,"url":"https:\/\/www.modula.eu\/wp-content\/uploads\/2023\/12\/Screenshot-2023-12-22-alle-13.55.23.png","type":"image\/png"}],"twitter_card":"summary_large_image","schema":{"@context":"https:\/\/schema.org","@graph":[{"@type":"WebPage","@id":"https:\/\/www.modula.eu\/de\/case-studies\/pneumatik-hydrauliksektor\/netseals\/","url":"https:\/\/www.modula.eu\/de\/case-studies\/pneumatik-hydrauliksektor\/netseals\/","name":"Lagerverwaltungssystem f\u00fcr die Pneumatik- und Hydraulikindustrie: Netseals","isPartOf":{"@id":"https:\/\/www.modula.eu\/de\/#website"},"primaryImageOfPage":{"@id":"https:\/\/www.modula.eu\/de\/case-studies\/pneumatik-hydrauliksektor\/netseals\/#primaryimage"},"image":{"@id":"https:\/\/www.modula.eu\/de\/case-studies\/pneumatik-hydrauliksektor\/netseals\/#primaryimage"},"thumbnailUrl":"https:\/\/www.modula.eu\/wp-content\/uploads\/2023\/12\/Screenshot-2023-12-22-alle-13.55.23.png","datePublished":"2023-12-22T12:54:05+00:00","dateModified":"2024-08-05T10:24:05+00:00","description":"Net Seals, ein f\u00fchrendes Unternehmen f\u00fcr den Verkauf von Dichtungen f\u00fcr Hydraulik und Pneumatik, hat \u00fcber 40 Lagerlifte in seine Abteilungen eingebaut.","breadcrumb":{"@id":"https:\/\/www.modula.eu\/de\/case-studies\/pneumatik-hydrauliksektor\/netseals\/#breadcrumb"},"inLanguage":"de","potentialAction":[{"@type":"ReadAction","target":["https:\/\/www.modula.eu\/de\/case-studies\/pneumatik-hydrauliksektor\/netseals\/"]}]},{"@type":"ImageObject","inLanguage":"de","@id":"https:\/\/www.modula.eu\/de\/case-studies\/pneumatik-hydrauliksektor\/netseals\/#primaryimage","url":"https:\/\/www.modula.eu\/wp-content\/uploads\/2023\/12\/Screenshot-2023-12-22-alle-13.55.23.png","contentUrl":"https:\/\/www.modula.eu\/wp-content\/uploads\/2023\/12\/Screenshot-2023-12-22-alle-13.55.23.png","width":1584,"height":796},{"@type":"BreadcrumbList","@id":"https:\/\/www.modula.eu\/de\/case-studies\/pneumatik-hydrauliksektor\/netseals\/#breadcrumb","itemListElement":[{"@type":"ListItem","position":1,"name":"Home","item":"https:\/\/www.modula.eu\/de\/"},{"@type":"ListItem","position":2,"name":"Fallstudien","item":"https:\/\/www.modula.eu\/de\/case-studies\/"},{"@type":"ListItem","position":3,"name":"Pneumatik \/ Hydrauliksektor","item":"https:\/\/www.modula.eu\/de\/case-studies\/pneumatik-hydrauliksektor\/"},{"@type":"ListItem","position":4,"name":"Netseals"}]},{"@type":"WebSite","@id":"https:\/\/www.modula.eu\/de\/#website","url":"https:\/\/www.modula.eu\/de\/","name":"Modula","description":"Think Vertical","publisher":{"@id":"https:\/\/www.modula.eu\/de\/#organization"},"potentialAction":[{"@type":"SearchAction","target":{"@type":"EntryPoint","urlTemplate":"https:\/\/www.modula.eu\/de\/?s={search_term_string}"},"query-input":{"@type":"PropertyValueSpecification","valueRequired":true,"valueName":"search_term_string"}}],"inLanguage":"de"},{"@type":"Organization","@id":"https:\/\/www.modula.eu\/de\/#organization","name":"Modula","url":"https:\/\/www.modula.eu\/de\/","logo":{"@type":"ImageObject","inLanguage":"de","@id":"https:\/\/www.modula.eu\/de\/#\/schema\/logo\/image\/","url":"https:\/\/www.modula.eu\/wp-content\/uploads\/2022\/12\/Modula-logo.jpg","contentUrl":"https:\/\/www.modula.eu\/wp-content\/uploads\/2022\/12\/Modula-logo.jpg","width":759,"height":512,"caption":"Modula"},"image":{"@id":"https:\/\/www.modula.eu\/de\/#\/schema\/logo\/image\/"}}]}},"_links":{"self":[{"href":"https:\/\/www.modula.eu\/de\/wp-json\/wp\/v2\/pages\/29010","targetHints":{"allow":["GET"]}}],"collection":[{"href":"https:\/\/www.modula.eu\/de\/wp-json\/wp\/v2\/pages"}],"about":[{"href":"https:\/\/www.modula.eu\/de\/wp-json\/wp\/v2\/types\/page"}],"author":[{"embeddable":true,"href":"https:\/\/www.modula.eu\/de\/wp-json\/wp\/v2\/users\/1"}],"replies":[{"embeddable":true,"href":"https:\/\/www.modula.eu\/de\/wp-json\/wp\/v2\/comments?post=29010"}],"version-history":[{"count":0,"href":"https:\/\/www.modula.eu\/de\/wp-json\/wp\/v2\/pages\/29010\/revisions"}],"up":[{"embeddable":true,"href":"https:\/\/www.modula.eu\/de\/wp-json\/wp\/v2\/pages\/10316"}],"wp:featuredmedia":[{"embeddable":true,"href":"https:\/\/www.modula.eu\/de\/wp-json\/wp\/v2\/media\/29005"}],"wp:attachment":[{"href":"https:\/\/www.modula.eu\/de\/wp-json\/wp\/v2\/media?parent=29010"}],"curies":[{"name":"wp","href":"https:\/\/api.w.org\/{rel}","templated":true}]}}