{"id":29062,"date":"2023-12-22T14:10:46","date_gmt":"2023-12-22T13:10:46","guid":{"rendered":"https:\/\/www.modula.eu\/?page_id=29062"},"modified":"2025-03-04T12:12:47","modified_gmt":"2025-03-04T11:12:47","slug":"mecdiesel","status":"publish","type":"page","link":"https:\/\/www.modula.eu\/de\/case-studies\/automotive\/mecdiesel\/","title":{"rendered":"Mec-Diesel"},"content":{"rendered":"","protected":false},"excerpt":{"rendered":"","protected":false},"author":5,"featured_media":29057,"parent":10101,"menu_order":8,"comment_status":"closed","ping_status":"closed","template":"case.php","meta":{"_acf_changed":false,"inline_featured_image":false,"mapsvg_location":"","footnotes":""},"class_list":["post-29062","page","type-page","status-publish","has-post-thumbnail","hentry"],"acf":[],"yoast_head":"<!-- This site is optimized with the Yoast SEO plugin v27.3 - https:\/\/yoast.com\/product\/yoast-seo-wordpress\/ -->\n<title>Modula automatische Lager f\u00fcr den automotive sektor: Mecdiesel<\/title>\n<meta name=\"description\" content=\"Mec-Diesel hat sich f\u00fcr den Einsatz von 35 Modula Lift ML75D entschieden, die alle mit einer internen doppelten Entnahme ausgestattet und in zwei gegen\u00fcberliegenden Reihen angeordnet sind, wobei auch die R\u00e4ume unter dem Tr\u00e4ger genutzt werden.\" \/>\n<meta name=\"robots\" content=\"index, follow, max-snippet:-1, max-image-preview:large, max-video-preview:-1\" \/>\n<link rel=\"canonical\" href=\"https:\/\/www.modula.eu\/de\/case-studies\/automotive\/mecdiesel\/\" \/>\n<meta property=\"og:locale\" content=\"de_DE\" \/>\n<meta property=\"og:type\" content=\"article\" \/>\n<meta property=\"og:title\" content=\"Modula automatische Lager f\u00fcr den automotive sektor: Mecdiesel\" \/>\n<meta property=\"og:description\" content=\"Mec-Diesel hat sich f\u00fcr den Einsatz von 35 Modula Lift ML75D entschieden, die alle mit einer internen doppelten Entnahme ausgestattet und in zwei gegen\u00fcberliegenden Reihen angeordnet sind, wobei auch die R\u00e4ume unter dem Tr\u00e4ger genutzt werden.\" \/>\n<meta property=\"og:url\" content=\"https:\/\/www.modula.eu\/de\/case-studies\/automotive\/mecdiesel\/\" \/>\n<meta property=\"og:site_name\" content=\"Modula\" \/>\n<meta property=\"article:modified_time\" content=\"2025-03-04T11:12:47+00:00\" \/>\n<meta property=\"og:image\" content=\"https:\/\/www.modula.eu\/wp-content\/uploads\/2023\/12\/Screenshot-2023-12-22-alle-14.12.34.png\" \/>\n\t<meta property=\"og:image:width\" content=\"1544\" \/>\n\t<meta property=\"og:image:height\" content=\"824\" \/>\n\t<meta property=\"og:image:type\" content=\"image\/png\" \/>\n<meta name=\"twitter:card\" content=\"summary_large_image\" \/>\n<script type=\"application\/ld+json\" class=\"yoast-schema-graph\">{\"@context\":\"https:\\\/\\\/schema.org\",\"@graph\":[{\"@type\":\"WebPage\",\"@id\":\"https:\\\/\\\/www.modula.eu\\\/de\\\/case-studies\\\/automotive\\\/mecdiesel\\\/\",\"url\":\"https:\\\/\\\/www.modula.eu\\\/de\\\/case-studies\\\/automotive\\\/mecdiesel\\\/\",\"name\":\"Modula automatische Lager f\u00fcr den automotive sektor: Mecdiesel\",\"isPartOf\":{\"@id\":\"https:\\\/\\\/www.modula.eu\\\/de\\\/#website\"},\"primaryImageOfPage\":{\"@id\":\"https:\\\/\\\/www.modula.eu\\\/de\\\/case-studies\\\/automotive\\\/mecdiesel\\\/#primaryimage\"},\"image\":{\"@id\":\"https:\\\/\\\/www.modula.eu\\\/de\\\/case-studies\\\/automotive\\\/mecdiesel\\\/#primaryimage\"},\"thumbnailUrl\":\"https:\\\/\\\/www.modula.eu\\\/wp-content\\\/uploads\\\/2023\\\/12\\\/Screenshot-2023-12-22-alle-14.12.34.png\",\"datePublished\":\"2023-12-22T13:10:46+00:00\",\"dateModified\":\"2025-03-04T11:12:47+00:00\",\"description\":\"Mec-Diesel hat sich f\u00fcr den Einsatz von 35 Modula Lift ML75D entschieden, die alle mit einer internen doppelten Entnahme ausgestattet und in zwei gegen\u00fcberliegenden Reihen angeordnet sind, wobei auch die R\u00e4ume unter dem Tr\u00e4ger genutzt werden.\",\"breadcrumb\":{\"@id\":\"https:\\\/\\\/www.modula.eu\\\/de\\\/case-studies\\\/automotive\\\/mecdiesel\\\/#breadcrumb\"},\"inLanguage\":\"de\",\"potentialAction\":[{\"@type\":\"ReadAction\",\"target\":[\"https:\\\/\\\/www.modula.eu\\\/de\\\/case-studies\\\/automotive\\\/mecdiesel\\\/\"]}]},{\"@type\":\"ImageObject\",\"inLanguage\":\"de\",\"@id\":\"https:\\\/\\\/www.modula.eu\\\/de\\\/case-studies\\\/automotive\\\/mecdiesel\\\/#primaryimage\",\"url\":\"https:\\\/\\\/www.modula.eu\\\/wp-content\\\/uploads\\\/2023\\\/12\\\/Screenshot-2023-12-22-alle-14.12.34.png\",\"contentUrl\":\"https:\\\/\\\/www.modula.eu\\\/wp-content\\\/uploads\\\/2023\\\/12\\\/Screenshot-2023-12-22-alle-14.12.34.png\",\"width\":1544,\"height\":824},{\"@type\":\"BreadcrumbList\",\"@id\":\"https:\\\/\\\/www.modula.eu\\\/de\\\/case-studies\\\/automotive\\\/mecdiesel\\\/#breadcrumb\",\"itemListElement\":[{\"@type\":\"ListItem\",\"position\":1,\"name\":\"Home\",\"item\":\"https:\\\/\\\/www.modula.eu\\\/de\\\/\"},{\"@type\":\"ListItem\",\"position\":2,\"name\":\"Fallstudien\",\"item\":\"https:\\\/\\\/www.modula.eu\\\/de\\\/case-studies\\\/\"},{\"@type\":\"ListItem\",\"position\":3,\"name\":\"Automotive\",\"item\":\"https:\\\/\\\/www.modula.eu\\\/de\\\/case-studies\\\/automotive\\\/\"},{\"@type\":\"ListItem\",\"position\":4,\"name\":\"Mec-Diesel\"}]},{\"@type\":\"WebSite\",\"@id\":\"https:\\\/\\\/www.modula.eu\\\/de\\\/#website\",\"url\":\"https:\\\/\\\/www.modula.eu\\\/de\\\/\",\"name\":\"Modula\",\"description\":\"Think Vertical\",\"publisher\":{\"@id\":\"https:\\\/\\\/www.modula.eu\\\/de\\\/#organization\"},\"potentialAction\":[{\"@type\":\"SearchAction\",\"target\":{\"@type\":\"EntryPoint\",\"urlTemplate\":\"https:\\\/\\\/www.modula.eu\\\/de\\\/?s={search_term_string}\"},\"query-input\":{\"@type\":\"PropertyValueSpecification\",\"valueRequired\":true,\"valueName\":\"search_term_string\"}}],\"inLanguage\":\"de\"},{\"@type\":\"Organization\",\"@id\":\"https:\\\/\\\/www.modula.eu\\\/de\\\/#organization\",\"name\":\"Modula\",\"url\":\"https:\\\/\\\/www.modula.eu\\\/de\\\/\",\"logo\":{\"@type\":\"ImageObject\",\"inLanguage\":\"de\",\"@id\":\"https:\\\/\\\/www.modula.eu\\\/de\\\/#\\\/schema\\\/logo\\\/image\\\/\",\"url\":\"https:\\\/\\\/www.modula.eu\\\/wp-content\\\/uploads\\\/2022\\\/12\\\/Modula-logo.jpg\",\"contentUrl\":\"https:\\\/\\\/www.modula.eu\\\/wp-content\\\/uploads\\\/2022\\\/12\\\/Modula-logo.jpg\",\"width\":759,\"height\":512,\"caption\":\"Modula\"},\"image\":{\"@id\":\"https:\\\/\\\/www.modula.eu\\\/de\\\/#\\\/schema\\\/logo\\\/image\\\/\"}}]}<\/script>\n<!-- \/ Yoast SEO plugin. -->","yoast_head_json":{"title":"Modula automatische Lager f\u00fcr den automotive sektor: Mecdiesel","description":"Mec-Diesel hat sich f\u00fcr den Einsatz von 35 Modula Lift ML75D entschieden, die alle mit einer internen doppelten Entnahme ausgestattet und in zwei gegen\u00fcberliegenden Reihen angeordnet sind, wobei auch die R\u00e4ume unter dem Tr\u00e4ger genutzt werden.","robots":{"index":"index","follow":"follow","max-snippet":"max-snippet:-1","max-image-preview":"max-image-preview:large","max-video-preview":"max-video-preview:-1"},"canonical":"https:\/\/www.modula.eu\/de\/case-studies\/automotive\/mecdiesel\/","og_locale":"de_DE","og_type":"article","og_title":"Modula automatische Lager f\u00fcr den automotive sektor: Mecdiesel","og_description":"Mec-Diesel hat sich f\u00fcr den Einsatz von 35 Modula Lift ML75D entschieden, die alle mit einer internen doppelten Entnahme ausgestattet und in zwei gegen\u00fcberliegenden Reihen angeordnet sind, wobei auch die R\u00e4ume unter dem Tr\u00e4ger genutzt werden.","og_url":"https:\/\/www.modula.eu\/de\/case-studies\/automotive\/mecdiesel\/","og_site_name":"Modula","article_modified_time":"2025-03-04T11:12:47+00:00","og_image":[{"width":1544,"height":824,"url":"https:\/\/www.modula.eu\/wp-content\/uploads\/2023\/12\/Screenshot-2023-12-22-alle-14.12.34.png","type":"image\/png"}],"twitter_card":"summary_large_image","schema":{"@context":"https:\/\/schema.org","@graph":[{"@type":"WebPage","@id":"https:\/\/www.modula.eu\/de\/case-studies\/automotive\/mecdiesel\/","url":"https:\/\/www.modula.eu\/de\/case-studies\/automotive\/mecdiesel\/","name":"Modula automatische Lager f\u00fcr den automotive sektor: Mecdiesel","isPartOf":{"@id":"https:\/\/www.modula.eu\/de\/#website"},"primaryImageOfPage":{"@id":"https:\/\/www.modula.eu\/de\/case-studies\/automotive\/mecdiesel\/#primaryimage"},"image":{"@id":"https:\/\/www.modula.eu\/de\/case-studies\/automotive\/mecdiesel\/#primaryimage"},"thumbnailUrl":"https:\/\/www.modula.eu\/wp-content\/uploads\/2023\/12\/Screenshot-2023-12-22-alle-14.12.34.png","datePublished":"2023-12-22T13:10:46+00:00","dateModified":"2025-03-04T11:12:47+00:00","description":"Mec-Diesel hat sich f\u00fcr den Einsatz von 35 Modula Lift ML75D entschieden, die alle mit einer internen doppelten Entnahme ausgestattet und in zwei gegen\u00fcberliegenden Reihen angeordnet sind, wobei auch die R\u00e4ume unter dem Tr\u00e4ger genutzt werden.","breadcrumb":{"@id":"https:\/\/www.modula.eu\/de\/case-studies\/automotive\/mecdiesel\/#breadcrumb"},"inLanguage":"de","potentialAction":[{"@type":"ReadAction","target":["https:\/\/www.modula.eu\/de\/case-studies\/automotive\/mecdiesel\/"]}]},{"@type":"ImageObject","inLanguage":"de","@id":"https:\/\/www.modula.eu\/de\/case-studies\/automotive\/mecdiesel\/#primaryimage","url":"https:\/\/www.modula.eu\/wp-content\/uploads\/2023\/12\/Screenshot-2023-12-22-alle-14.12.34.png","contentUrl":"https:\/\/www.modula.eu\/wp-content\/uploads\/2023\/12\/Screenshot-2023-12-22-alle-14.12.34.png","width":1544,"height":824},{"@type":"BreadcrumbList","@id":"https:\/\/www.modula.eu\/de\/case-studies\/automotive\/mecdiesel\/#breadcrumb","itemListElement":[{"@type":"ListItem","position":1,"name":"Home","item":"https:\/\/www.modula.eu\/de\/"},{"@type":"ListItem","position":2,"name":"Fallstudien","item":"https:\/\/www.modula.eu\/de\/case-studies\/"},{"@type":"ListItem","position":3,"name":"Automotive","item":"https:\/\/www.modula.eu\/de\/case-studies\/automotive\/"},{"@type":"ListItem","position":4,"name":"Mec-Diesel"}]},{"@type":"WebSite","@id":"https:\/\/www.modula.eu\/de\/#website","url":"https:\/\/www.modula.eu\/de\/","name":"Modula","description":"Think Vertical","publisher":{"@id":"https:\/\/www.modula.eu\/de\/#organization"},"potentialAction":[{"@type":"SearchAction","target":{"@type":"EntryPoint","urlTemplate":"https:\/\/www.modula.eu\/de\/?s={search_term_string}"},"query-input":{"@type":"PropertyValueSpecification","valueRequired":true,"valueName":"search_term_string"}}],"inLanguage":"de"},{"@type":"Organization","@id":"https:\/\/www.modula.eu\/de\/#organization","name":"Modula","url":"https:\/\/www.modula.eu\/de\/","logo":{"@type":"ImageObject","inLanguage":"de","@id":"https:\/\/www.modula.eu\/de\/#\/schema\/logo\/image\/","url":"https:\/\/www.modula.eu\/wp-content\/uploads\/2022\/12\/Modula-logo.jpg","contentUrl":"https:\/\/www.modula.eu\/wp-content\/uploads\/2022\/12\/Modula-logo.jpg","width":759,"height":512,"caption":"Modula"},"image":{"@id":"https:\/\/www.modula.eu\/de\/#\/schema\/logo\/image\/"}}]}},"_links":{"self":[{"href":"https:\/\/www.modula.eu\/de\/wp-json\/wp\/v2\/pages\/29062","targetHints":{"allow":["GET"]}}],"collection":[{"href":"https:\/\/www.modula.eu\/de\/wp-json\/wp\/v2\/pages"}],"about":[{"href":"https:\/\/www.modula.eu\/de\/wp-json\/wp\/v2\/types\/page"}],"author":[{"embeddable":true,"href":"https:\/\/www.modula.eu\/de\/wp-json\/wp\/v2\/users\/5"}],"replies":[{"embeddable":true,"href":"https:\/\/www.modula.eu\/de\/wp-json\/wp\/v2\/comments?post=29062"}],"version-history":[{"count":0,"href":"https:\/\/www.modula.eu\/de\/wp-json\/wp\/v2\/pages\/29062\/revisions"}],"up":[{"embeddable":true,"href":"https:\/\/www.modula.eu\/de\/wp-json\/wp\/v2\/pages\/10101"}],"wp:featuredmedia":[{"embeddable":true,"href":"https:\/\/www.modula.eu\/de\/wp-json\/wp\/v2\/media\/29057"}],"wp:attachment":[{"href":"https:\/\/www.modula.eu\/de\/wp-json\/wp\/v2\/media?parent=29062"}],"curies":[{"name":"wp","href":"https:\/\/api.w.org\/{rel}","templated":true}]}}