{"id":30092,"date":"2023-07-31T14:29:49","date_gmt":"2023-07-31T12:29:49","guid":{"rendered":"https:\/\/www.modula.eu\/condizioni-generali-di-acquisto\/"},"modified":"2025-04-14T15:42:13","modified_gmt":"2025-04-14T13:42:13","slug":"general-conditions-of-purchasing","status":"publish","type":"page","link":"https:\/\/www.modula.eu\/de\/general-conditions-of-purchasing\/","title":{"rendered":"General conditions of purchasing"},"content":{"rendered":"","protected":false},"excerpt":{"rendered":"","protected":false},"author":2,"featured_media":0,"parent":0,"menu_order":30,"comment_status":"closed","ping_status":"closed","template":"","meta":{"_acf_changed":false,"inline_featured_image":false,"mapsvg_location":"","footnotes":""},"class_list":["post-30092","page","type-page","status-publish","hentry"],"acf":[],"yoast_head":"<!-- This site is optimized with the Yoast SEO plugin v27.4 - https:\/\/yoast.com\/product\/yoast-seo-wordpress\/ -->\n<title>General conditions of purchasing | Modula<\/title>\n<meta name=\"description\" content=\"Entdecken Sie die Allgemeinen Einkaufsbedingungen von Modula, einem f\u00fchrenden Anbieter von automatisierten Lagerl\u00f6sungen. Informieren Sie sich \u00fcber unsere Einkaufspolitik, Bedingungen und Konditionen, die Transparenz und Qualit\u00e4t in unserer Lieferkette gew\u00e4hrleisten. Besuchen Sie unsere Seite f\u00fcr detaillierte Informationen dar\u00fcber, wie wir zuverl\u00e4ssige Partnerschaften mit Lieferanten f\u00f6rdern.\" \/>\n<meta name=\"robots\" content=\"noindex, follow\" \/>\n<meta property=\"og:locale\" content=\"de_DE\" \/>\n<meta property=\"og:type\" content=\"article\" \/>\n<meta property=\"og:title\" content=\"General conditions of purchasing | Modula\" \/>\n<meta property=\"og:description\" content=\"Entdecken Sie die Allgemeinen Einkaufsbedingungen von Modula, einem f\u00fchrenden Anbieter von automatisierten Lagerl\u00f6sungen. Informieren Sie sich \u00fcber unsere Einkaufspolitik, Bedingungen und Konditionen, die Transparenz und Qualit\u00e4t in unserer Lieferkette gew\u00e4hrleisten. Besuchen Sie unsere Seite f\u00fcr detaillierte Informationen dar\u00fcber, wie wir zuverl\u00e4ssige Partnerschaften mit Lieferanten f\u00f6rdern.\" \/>\n<meta property=\"og:url\" content=\"https:\/\/www.modula.eu\/de\/general-conditions-of-purchasing\/\" \/>\n<meta property=\"og:site_name\" content=\"Modula\" \/>\n<meta property=\"article:modified_time\" content=\"2025-04-14T13:42:13+00:00\" \/>\n<meta name=\"twitter:card\" content=\"summary_large_image\" \/>\n<script type=\"application\/ld+json\" class=\"yoast-schema-graph\">{\"@context\":\"https:\\\/\\\/schema.org\",\"@graph\":[{\"@type\":\"WebPage\",\"@id\":\"https:\\\/\\\/www.modula.eu\\\/de\\\/general-conditions-of-purchasing\\\/\",\"url\":\"https:\\\/\\\/www.modula.eu\\\/de\\\/general-conditions-of-purchasing\\\/\",\"name\":\"General conditions of purchasing | Modula\",\"isPartOf\":{\"@id\":\"https:\\\/\\\/www.modula.eu\\\/de\\\/#website\"},\"datePublished\":\"2023-07-31T12:29:49+00:00\",\"dateModified\":\"2025-04-14T13:42:13+00:00\",\"description\":\"Entdecken Sie die Allgemeinen Einkaufsbedingungen von Modula, einem f\u00fchrenden Anbieter von automatisierten Lagerl\u00f6sungen. Informieren Sie sich \u00fcber unsere Einkaufspolitik, Bedingungen und Konditionen, die Transparenz und Qualit\u00e4t in unserer Lieferkette gew\u00e4hrleisten. Besuchen Sie unsere Seite f\u00fcr detaillierte Informationen dar\u00fcber, wie wir zuverl\u00e4ssige Partnerschaften mit Lieferanten f\u00f6rdern.\",\"breadcrumb\":{\"@id\":\"https:\\\/\\\/www.modula.eu\\\/de\\\/general-conditions-of-purchasing\\\/#breadcrumb\"},\"inLanguage\":\"de\",\"potentialAction\":[{\"@type\":\"ReadAction\",\"target\":[\"https:\\\/\\\/www.modula.eu\\\/de\\\/general-conditions-of-purchasing\\\/\"]}]},{\"@type\":\"BreadcrumbList\",\"@id\":\"https:\\\/\\\/www.modula.eu\\\/de\\\/general-conditions-of-purchasing\\\/#breadcrumb\",\"itemListElement\":[{\"@type\":\"ListItem\",\"position\":1,\"name\":\"Home\",\"item\":\"https:\\\/\\\/www.modula.eu\\\/de\\\/\"},{\"@type\":\"ListItem\",\"position\":2,\"name\":\"General conditions of purchasing\"}]},{\"@type\":\"WebSite\",\"@id\":\"https:\\\/\\\/www.modula.eu\\\/de\\\/#website\",\"url\":\"https:\\\/\\\/www.modula.eu\\\/de\\\/\",\"name\":\"Modula\",\"description\":\"Think Vertical\",\"publisher\":{\"@id\":\"https:\\\/\\\/www.modula.eu\\\/de\\\/#organization\"},\"potentialAction\":[{\"@type\":\"SearchAction\",\"target\":{\"@type\":\"EntryPoint\",\"urlTemplate\":\"https:\\\/\\\/www.modula.eu\\\/de\\\/?s={search_term_string}\"},\"query-input\":{\"@type\":\"PropertyValueSpecification\",\"valueRequired\":true,\"valueName\":\"search_term_string\"}}],\"inLanguage\":\"de\"},{\"@type\":\"Organization\",\"@id\":\"https:\\\/\\\/www.modula.eu\\\/de\\\/#organization\",\"name\":\"Modula\",\"url\":\"https:\\\/\\\/www.modula.eu\\\/de\\\/\",\"logo\":{\"@type\":\"ImageObject\",\"inLanguage\":\"de\",\"@id\":\"https:\\\/\\\/www.modula.eu\\\/de\\\/#\\\/schema\\\/logo\\\/image\\\/\",\"url\":\"https:\\\/\\\/www.modula.eu\\\/wp-content\\\/uploads\\\/2022\\\/12\\\/Modula-logo.jpg\",\"contentUrl\":\"https:\\\/\\\/www.modula.eu\\\/wp-content\\\/uploads\\\/2022\\\/12\\\/Modula-logo.jpg\",\"width\":759,\"height\":512,\"caption\":\"Modula\"},\"image\":{\"@id\":\"https:\\\/\\\/www.modula.eu\\\/de\\\/#\\\/schema\\\/logo\\\/image\\\/\"}}]}<\/script>\n<!-- \/ Yoast SEO plugin. -->","yoast_head_json":{"title":"General conditions of purchasing | Modula","description":"Entdecken Sie die Allgemeinen Einkaufsbedingungen von Modula, einem f\u00fchrenden Anbieter von automatisierten Lagerl\u00f6sungen. Informieren Sie sich \u00fcber unsere Einkaufspolitik, Bedingungen und Konditionen, die Transparenz und Qualit\u00e4t in unserer Lieferkette gew\u00e4hrleisten. Besuchen Sie unsere Seite f\u00fcr detaillierte Informationen dar\u00fcber, wie wir zuverl\u00e4ssige Partnerschaften mit Lieferanten f\u00f6rdern.","robots":{"index":"noindex","follow":"follow"},"og_locale":"de_DE","og_type":"article","og_title":"General conditions of purchasing | Modula","og_description":"Entdecken Sie die Allgemeinen Einkaufsbedingungen von Modula, einem f\u00fchrenden Anbieter von automatisierten Lagerl\u00f6sungen. Informieren Sie sich \u00fcber unsere Einkaufspolitik, Bedingungen und Konditionen, die Transparenz und Qualit\u00e4t in unserer Lieferkette gew\u00e4hrleisten. Besuchen Sie unsere Seite f\u00fcr detaillierte Informationen dar\u00fcber, wie wir zuverl\u00e4ssige Partnerschaften mit Lieferanten f\u00f6rdern.","og_url":"https:\/\/www.modula.eu\/de\/general-conditions-of-purchasing\/","og_site_name":"Modula","article_modified_time":"2025-04-14T13:42:13+00:00","twitter_card":"summary_large_image","schema":{"@context":"https:\/\/schema.org","@graph":[{"@type":"WebPage","@id":"https:\/\/www.modula.eu\/de\/general-conditions-of-purchasing\/","url":"https:\/\/www.modula.eu\/de\/general-conditions-of-purchasing\/","name":"General conditions of purchasing | Modula","isPartOf":{"@id":"https:\/\/www.modula.eu\/de\/#website"},"datePublished":"2023-07-31T12:29:49+00:00","dateModified":"2025-04-14T13:42:13+00:00","description":"Entdecken Sie die Allgemeinen Einkaufsbedingungen von Modula, einem f\u00fchrenden Anbieter von automatisierten Lagerl\u00f6sungen. Informieren Sie sich \u00fcber unsere Einkaufspolitik, Bedingungen und Konditionen, die Transparenz und Qualit\u00e4t in unserer Lieferkette gew\u00e4hrleisten. Besuchen Sie unsere Seite f\u00fcr detaillierte Informationen dar\u00fcber, wie wir zuverl\u00e4ssige Partnerschaften mit Lieferanten f\u00f6rdern.","breadcrumb":{"@id":"https:\/\/www.modula.eu\/de\/general-conditions-of-purchasing\/#breadcrumb"},"inLanguage":"de","potentialAction":[{"@type":"ReadAction","target":["https:\/\/www.modula.eu\/de\/general-conditions-of-purchasing\/"]}]},{"@type":"BreadcrumbList","@id":"https:\/\/www.modula.eu\/de\/general-conditions-of-purchasing\/#breadcrumb","itemListElement":[{"@type":"ListItem","position":1,"name":"Home","item":"https:\/\/www.modula.eu\/de\/"},{"@type":"ListItem","position":2,"name":"General conditions of purchasing"}]},{"@type":"WebSite","@id":"https:\/\/www.modula.eu\/de\/#website","url":"https:\/\/www.modula.eu\/de\/","name":"Modula","description":"Think Vertical","publisher":{"@id":"https:\/\/www.modula.eu\/de\/#organization"},"potentialAction":[{"@type":"SearchAction","target":{"@type":"EntryPoint","urlTemplate":"https:\/\/www.modula.eu\/de\/?s={search_term_string}"},"query-input":{"@type":"PropertyValueSpecification","valueRequired":true,"valueName":"search_term_string"}}],"inLanguage":"de"},{"@type":"Organization","@id":"https:\/\/www.modula.eu\/de\/#organization","name":"Modula","url":"https:\/\/www.modula.eu\/de\/","logo":{"@type":"ImageObject","inLanguage":"de","@id":"https:\/\/www.modula.eu\/de\/#\/schema\/logo\/image\/","url":"https:\/\/www.modula.eu\/wp-content\/uploads\/2022\/12\/Modula-logo.jpg","contentUrl":"https:\/\/www.modula.eu\/wp-content\/uploads\/2022\/12\/Modula-logo.jpg","width":759,"height":512,"caption":"Modula"},"image":{"@id":"https:\/\/www.modula.eu\/de\/#\/schema\/logo\/image\/"}}]}},"_links":{"self":[{"href":"https:\/\/www.modula.eu\/de\/wp-json\/wp\/v2\/pages\/30092","targetHints":{"allow":["GET"]}}],"collection":[{"href":"https:\/\/www.modula.eu\/de\/wp-json\/wp\/v2\/pages"}],"about":[{"href":"https:\/\/www.modula.eu\/de\/wp-json\/wp\/v2\/types\/page"}],"author":[{"embeddable":true,"href":"https:\/\/www.modula.eu\/de\/wp-json\/wp\/v2\/users\/2"}],"replies":[{"embeddable":true,"href":"https:\/\/www.modula.eu\/de\/wp-json\/wp\/v2\/comments?post=30092"}],"version-history":[{"count":0,"href":"https:\/\/www.modula.eu\/de\/wp-json\/wp\/v2\/pages\/30092\/revisions"}],"wp:attachment":[{"href":"https:\/\/www.modula.eu\/de\/wp-json\/wp\/v2\/media?parent=30092"}],"curies":[{"name":"wp","href":"https:\/\/api.w.org\/{rel}","templated":true}]}}