{"id":30550,"date":"2024-02-09T12:13:14","date_gmt":"2024-02-09T11:13:14","guid":{"rendered":"https:\/\/www.modula.eu\/zubehoer\/entnahmestelle\/magnetic-interlocking-device\/"},"modified":"2025-06-16T14:58:32","modified_gmt":"2025-06-16T12:58:32","slug":"magnetische-verriegelungsvorrichtung","status":"publish","type":"page","link":"https:\/\/www.modula.eu\/de\/zubehoer\/entnahmestelle\/magnetische-verriegelungsvorrichtung\/","title":{"rendered":"Magnetische Verriegelungsvorrichtung"},"content":{"rendered":"","protected":false},"excerpt":{"rendered":"","protected":false},"author":2,"featured_media":30545,"parent":8200,"menu_order":5,"comment_status":"closed","ping_status":"closed","template":"","meta":{"_acf_changed":false,"inline_featured_image":false,"mapsvg_location":"","footnotes":""},"class_list":["post-30550","page","type-page","status-publish","has-post-thumbnail","hentry"],"acf":[],"yoast_head":"<!-- This site is optimized with the Yoast SEO plugin v27.4 - https:\/\/yoast.com\/product\/yoast-seo-wordpress\/ -->\n<title>Magnetische Verriegelungsvorrichtung f\u00fcr Automatische Lager | Modula<\/title>\n<meta name=\"description\" content=\"Das Ger\u00e4t besteht aus zwei Elektromagneten, die auf speziellen Tr\u00e4gern im Regalbereich angebracht sind, und aus Gegenst\u00fccken, die an der Seite jedes Tabletts befestigt sind und mit den Elektromagneten ausgerichtet werden.\" \/>\n<meta name=\"robots\" content=\"index, follow, max-snippet:-1, max-image-preview:large, max-video-preview:-1\" \/>\n<link rel=\"canonical\" href=\"https:\/\/www.modula.eu\/de\/zubehoer\/entnahmestelle\/magnetische-verriegelungsvorrichtung\/\" \/>\n<meta property=\"og:locale\" content=\"de_DE\" \/>\n<meta property=\"og:type\" content=\"article\" \/>\n<meta property=\"og:title\" content=\"Magnetische Verriegelungsvorrichtung f\u00fcr Automatische Lager | Modula\" \/>\n<meta property=\"og:description\" content=\"Das Ger\u00e4t besteht aus zwei Elektromagneten, die auf speziellen Tr\u00e4gern im Regalbereich angebracht sind, und aus Gegenst\u00fccken, die an der Seite jedes Tabletts befestigt sind und mit den Elektromagneten ausgerichtet werden.\" \/>\n<meta property=\"og:url\" content=\"https:\/\/www.modula.eu\/de\/zubehoer\/entnahmestelle\/magnetische-verriegelungsvorrichtung\/\" \/>\n<meta property=\"og:site_name\" content=\"Modula\" \/>\n<meta property=\"article:modified_time\" content=\"2025-06-16T12:58:32+00:00\" \/>\n<meta property=\"og:image\" content=\"https:\/\/www.modula.eu\/wp-content\/uploads\/2024\/02\/magnetic-interlocking-devide.jpg\" \/>\n\t<meta property=\"og:image:width\" content=\"800\" \/>\n\t<meta property=\"og:image:height\" content=\"600\" \/>\n\t<meta property=\"og:image:type\" content=\"image\/jpeg\" \/>\n<meta name=\"twitter:card\" content=\"summary_large_image\" \/>\n<script type=\"application\/ld+json\" class=\"yoast-schema-graph\">{\"@context\":\"https:\\\/\\\/schema.org\",\"@graph\":[{\"@type\":\"WebPage\",\"@id\":\"https:\\\/\\\/www.modula.eu\\\/de\\\/zubehoer\\\/entnahmestelle\\\/magnetische-verriegelungsvorrichtung\\\/\",\"url\":\"https:\\\/\\\/www.modula.eu\\\/de\\\/zubehoer\\\/entnahmestelle\\\/magnetische-verriegelungsvorrichtung\\\/\",\"name\":\"Magnetische Verriegelungsvorrichtung f\u00fcr Automatische Lager | Modula\",\"isPartOf\":{\"@id\":\"https:\\\/\\\/www.modula.eu\\\/de\\\/#website\"},\"primaryImageOfPage\":{\"@id\":\"https:\\\/\\\/www.modula.eu\\\/de\\\/zubehoer\\\/entnahmestelle\\\/magnetische-verriegelungsvorrichtung\\\/#primaryimage\"},\"image\":{\"@id\":\"https:\\\/\\\/www.modula.eu\\\/de\\\/zubehoer\\\/entnahmestelle\\\/magnetische-verriegelungsvorrichtung\\\/#primaryimage\"},\"thumbnailUrl\":\"https:\\\/\\\/www.modula.eu\\\/wp-content\\\/uploads\\\/2024\\\/02\\\/magnetic-interlocking-devide.jpg\",\"datePublished\":\"2024-02-09T11:13:14+00:00\",\"dateModified\":\"2025-06-16T12:58:32+00:00\",\"description\":\"Das Ger\u00e4t besteht aus zwei Elektromagneten, die auf speziellen Tr\u00e4gern im Regalbereich angebracht sind, und aus Gegenst\u00fccken, die an der Seite jedes Tabletts befestigt sind und mit den Elektromagneten ausgerichtet werden.\",\"breadcrumb\":{\"@id\":\"https:\\\/\\\/www.modula.eu\\\/de\\\/zubehoer\\\/entnahmestelle\\\/magnetische-verriegelungsvorrichtung\\\/#breadcrumb\"},\"inLanguage\":\"de\",\"potentialAction\":[{\"@type\":\"ReadAction\",\"target\":[\"https:\\\/\\\/www.modula.eu\\\/de\\\/zubehoer\\\/entnahmestelle\\\/magnetische-verriegelungsvorrichtung\\\/\"]}]},{\"@type\":\"ImageObject\",\"inLanguage\":\"de\",\"@id\":\"https:\\\/\\\/www.modula.eu\\\/de\\\/zubehoer\\\/entnahmestelle\\\/magnetische-verriegelungsvorrichtung\\\/#primaryimage\",\"url\":\"https:\\\/\\\/www.modula.eu\\\/wp-content\\\/uploads\\\/2024\\\/02\\\/magnetic-interlocking-devide.jpg\",\"contentUrl\":\"https:\\\/\\\/www.modula.eu\\\/wp-content\\\/uploads\\\/2024\\\/02\\\/magnetic-interlocking-devide.jpg\",\"width\":800,\"height\":600},{\"@type\":\"BreadcrumbList\",\"@id\":\"https:\\\/\\\/www.modula.eu\\\/de\\\/zubehoer\\\/entnahmestelle\\\/magnetische-verriegelungsvorrichtung\\\/#breadcrumb\",\"itemListElement\":[{\"@type\":\"ListItem\",\"position\":1,\"name\":\"Home\",\"item\":\"https:\\\/\\\/www.modula.eu\\\/de\\\/\"},{\"@type\":\"ListItem\",\"position\":2,\"name\":\"Zubeh\u00f6r\",\"item\":\"https:\\\/\\\/www.modula.eu\\\/de\\\/zubehoer\\\/\"},{\"@type\":\"ListItem\",\"position\":3,\"name\":\"Zubeh\u00f6r f\u00fcr die Entnahmestelle\",\"item\":\"https:\\\/\\\/www.modula.eu\\\/de\\\/zubehor\\\/entnahmestelle\\\/\"},{\"@type\":\"ListItem\",\"position\":4,\"name\":\"Magnetische Verriegelungsvorrichtung\"}]},{\"@type\":\"WebSite\",\"@id\":\"https:\\\/\\\/www.modula.eu\\\/de\\\/#website\",\"url\":\"https:\\\/\\\/www.modula.eu\\\/de\\\/\",\"name\":\"Modula\",\"description\":\"Think Vertical\",\"publisher\":{\"@id\":\"https:\\\/\\\/www.modula.eu\\\/de\\\/#organization\"},\"potentialAction\":[{\"@type\":\"SearchAction\",\"target\":{\"@type\":\"EntryPoint\",\"urlTemplate\":\"https:\\\/\\\/www.modula.eu\\\/de\\\/?s={search_term_string}\"},\"query-input\":{\"@type\":\"PropertyValueSpecification\",\"valueRequired\":true,\"valueName\":\"search_term_string\"}}],\"inLanguage\":\"de\"},{\"@type\":\"Organization\",\"@id\":\"https:\\\/\\\/www.modula.eu\\\/de\\\/#organization\",\"name\":\"Modula\",\"url\":\"https:\\\/\\\/www.modula.eu\\\/de\\\/\",\"logo\":{\"@type\":\"ImageObject\",\"inLanguage\":\"de\",\"@id\":\"https:\\\/\\\/www.modula.eu\\\/de\\\/#\\\/schema\\\/logo\\\/image\\\/\",\"url\":\"https:\\\/\\\/www.modula.eu\\\/wp-content\\\/uploads\\\/2022\\\/12\\\/Modula-logo.jpg\",\"contentUrl\":\"https:\\\/\\\/www.modula.eu\\\/wp-content\\\/uploads\\\/2022\\\/12\\\/Modula-logo.jpg\",\"width\":759,\"height\":512,\"caption\":\"Modula\"},\"image\":{\"@id\":\"https:\\\/\\\/www.modula.eu\\\/de\\\/#\\\/schema\\\/logo\\\/image\\\/\"}}]}<\/script>\n<!-- \/ Yoast SEO plugin. -->","yoast_head_json":{"title":"Magnetische Verriegelungsvorrichtung f\u00fcr Automatische Lager | Modula","description":"Das Ger\u00e4t besteht aus zwei Elektromagneten, die auf speziellen Tr\u00e4gern im Regalbereich angebracht sind, und aus Gegenst\u00fccken, die an der Seite jedes Tabletts befestigt sind und mit den Elektromagneten ausgerichtet werden.","robots":{"index":"index","follow":"follow","max-snippet":"max-snippet:-1","max-image-preview":"max-image-preview:large","max-video-preview":"max-video-preview:-1"},"canonical":"https:\/\/www.modula.eu\/de\/zubehoer\/entnahmestelle\/magnetische-verriegelungsvorrichtung\/","og_locale":"de_DE","og_type":"article","og_title":"Magnetische Verriegelungsvorrichtung f\u00fcr Automatische Lager | Modula","og_description":"Das Ger\u00e4t besteht aus zwei Elektromagneten, die auf speziellen Tr\u00e4gern im Regalbereich angebracht sind, und aus Gegenst\u00fccken, die an der Seite jedes Tabletts befestigt sind und mit den Elektromagneten ausgerichtet werden.","og_url":"https:\/\/www.modula.eu\/de\/zubehoer\/entnahmestelle\/magnetische-verriegelungsvorrichtung\/","og_site_name":"Modula","article_modified_time":"2025-06-16T12:58:32+00:00","og_image":[{"width":800,"height":600,"url":"https:\/\/www.modula.eu\/wp-content\/uploads\/2024\/02\/magnetic-interlocking-devide.jpg","type":"image\/jpeg"}],"twitter_card":"summary_large_image","schema":{"@context":"https:\/\/schema.org","@graph":[{"@type":"WebPage","@id":"https:\/\/www.modula.eu\/de\/zubehoer\/entnahmestelle\/magnetische-verriegelungsvorrichtung\/","url":"https:\/\/www.modula.eu\/de\/zubehoer\/entnahmestelle\/magnetische-verriegelungsvorrichtung\/","name":"Magnetische Verriegelungsvorrichtung f\u00fcr Automatische Lager | Modula","isPartOf":{"@id":"https:\/\/www.modula.eu\/de\/#website"},"primaryImageOfPage":{"@id":"https:\/\/www.modula.eu\/de\/zubehoer\/entnahmestelle\/magnetische-verriegelungsvorrichtung\/#primaryimage"},"image":{"@id":"https:\/\/www.modula.eu\/de\/zubehoer\/entnahmestelle\/magnetische-verriegelungsvorrichtung\/#primaryimage"},"thumbnailUrl":"https:\/\/www.modula.eu\/wp-content\/uploads\/2024\/02\/magnetic-interlocking-devide.jpg","datePublished":"2024-02-09T11:13:14+00:00","dateModified":"2025-06-16T12:58:32+00:00","description":"Das Ger\u00e4t besteht aus zwei Elektromagneten, die auf speziellen Tr\u00e4gern im Regalbereich angebracht sind, und aus Gegenst\u00fccken, die an der Seite jedes Tabletts befestigt sind und mit den Elektromagneten ausgerichtet werden.","breadcrumb":{"@id":"https:\/\/www.modula.eu\/de\/zubehoer\/entnahmestelle\/magnetische-verriegelungsvorrichtung\/#breadcrumb"},"inLanguage":"de","potentialAction":[{"@type":"ReadAction","target":["https:\/\/www.modula.eu\/de\/zubehoer\/entnahmestelle\/magnetische-verriegelungsvorrichtung\/"]}]},{"@type":"ImageObject","inLanguage":"de","@id":"https:\/\/www.modula.eu\/de\/zubehoer\/entnahmestelle\/magnetische-verriegelungsvorrichtung\/#primaryimage","url":"https:\/\/www.modula.eu\/wp-content\/uploads\/2024\/02\/magnetic-interlocking-devide.jpg","contentUrl":"https:\/\/www.modula.eu\/wp-content\/uploads\/2024\/02\/magnetic-interlocking-devide.jpg","width":800,"height":600},{"@type":"BreadcrumbList","@id":"https:\/\/www.modula.eu\/de\/zubehoer\/entnahmestelle\/magnetische-verriegelungsvorrichtung\/#breadcrumb","itemListElement":[{"@type":"ListItem","position":1,"name":"Home","item":"https:\/\/www.modula.eu\/de\/"},{"@type":"ListItem","position":2,"name":"Zubeh\u00f6r","item":"https:\/\/www.modula.eu\/de\/zubehoer\/"},{"@type":"ListItem","position":3,"name":"Zubeh\u00f6r f\u00fcr die Entnahmestelle","item":"https:\/\/www.modula.eu\/de\/zubehor\/entnahmestelle\/"},{"@type":"ListItem","position":4,"name":"Magnetische Verriegelungsvorrichtung"}]},{"@type":"WebSite","@id":"https:\/\/www.modula.eu\/de\/#website","url":"https:\/\/www.modula.eu\/de\/","name":"Modula","description":"Think Vertical","publisher":{"@id":"https:\/\/www.modula.eu\/de\/#organization"},"potentialAction":[{"@type":"SearchAction","target":{"@type":"EntryPoint","urlTemplate":"https:\/\/www.modula.eu\/de\/?s={search_term_string}"},"query-input":{"@type":"PropertyValueSpecification","valueRequired":true,"valueName":"search_term_string"}}],"inLanguage":"de"},{"@type":"Organization","@id":"https:\/\/www.modula.eu\/de\/#organization","name":"Modula","url":"https:\/\/www.modula.eu\/de\/","logo":{"@type":"ImageObject","inLanguage":"de","@id":"https:\/\/www.modula.eu\/de\/#\/schema\/logo\/image\/","url":"https:\/\/www.modula.eu\/wp-content\/uploads\/2022\/12\/Modula-logo.jpg","contentUrl":"https:\/\/www.modula.eu\/wp-content\/uploads\/2022\/12\/Modula-logo.jpg","width":759,"height":512,"caption":"Modula"},"image":{"@id":"https:\/\/www.modula.eu\/de\/#\/schema\/logo\/image\/"}}]}},"_links":{"self":[{"href":"https:\/\/www.modula.eu\/de\/wp-json\/wp\/v2\/pages\/30550","targetHints":{"allow":["GET"]}}],"collection":[{"href":"https:\/\/www.modula.eu\/de\/wp-json\/wp\/v2\/pages"}],"about":[{"href":"https:\/\/www.modula.eu\/de\/wp-json\/wp\/v2\/types\/page"}],"author":[{"embeddable":true,"href":"https:\/\/www.modula.eu\/de\/wp-json\/wp\/v2\/users\/2"}],"replies":[{"embeddable":true,"href":"https:\/\/www.modula.eu\/de\/wp-json\/wp\/v2\/comments?post=30550"}],"version-history":[{"count":0,"href":"https:\/\/www.modula.eu\/de\/wp-json\/wp\/v2\/pages\/30550\/revisions"}],"up":[{"embeddable":true,"href":"https:\/\/www.modula.eu\/de\/wp-json\/wp\/v2\/pages\/8200"}],"wp:featuredmedia":[{"embeddable":true,"href":"https:\/\/www.modula.eu\/de\/wp-json\/wp\/v2\/media\/30545"}],"wp:attachment":[{"href":"https:\/\/www.modula.eu\/de\/wp-json\/wp\/v2\/media?parent=30550"}],"curies":[{"name":"wp","href":"https:\/\/api.w.org\/{rel}","templated":true}]}}