{"id":32518,"date":"2024-04-18T17:19:55","date_gmt":"2024-04-18T15:19:55","guid":{"rendered":"https:\/\/www.modula.eu\/case-studies\/elektronik-it-branche\/eutron\/"},"modified":"2024-10-01T17:12:06","modified_gmt":"2024-10-01T15:12:06","slug":"eutron","status":"publish","type":"page","link":"https:\/\/www.modula.eu\/de\/case-studies\/elektronik-it-branche\/eutron\/","title":{"rendered":"Eutron"},"content":{"rendered":"","protected":false},"excerpt":{"rendered":"","protected":false},"author":1,"featured_media":32513,"parent":10183,"menu_order":9,"comment_status":"closed","ping_status":"closed","template":"case.php","meta":{"_acf_changed":false,"inline_featured_image":false,"mapsvg_location":"","footnotes":""},"class_list":["post-32518","page","type-page","status-publish","has-post-thumbnail","hentry"],"acf":[],"yoast_head":"<!-- This site is optimized with the Yoast SEO plugin v27.3 - https:\/\/yoast.com\/product\/yoast-seo-wordpress\/ -->\n<title>Modula Automatisches Lager f\u00fcr die Elektronikbranche: Eutron<\/title>\n<meta name=\"description\" content=\"Nach zwei Jahren erfolgreicher Nutzung des Modula Lift und der Best\u00e4tigung seiner positiven Auswirkungen auf die Betriebsabl\u00e4ufe hat Eutron beschlossen, seine Lagerkapazit\u00e4t zu erweitern. Im Jahr 2016 kaufte das Unternehmen einen zweiten Modula Lift und bewies damit sein Vertrauen und seine Zufriedenheit mit dem System.\" \/>\n<meta name=\"robots\" content=\"index, follow, max-snippet:-1, max-image-preview:large, max-video-preview:-1\" \/>\n<link rel=\"canonical\" href=\"https:\/\/www.modula.eu\/de\/case-studies\/elektronik-it-branche\/eutron\/\" \/>\n<meta property=\"og:locale\" content=\"de_DE\" \/>\n<meta property=\"og:type\" content=\"article\" \/>\n<meta property=\"og:title\" content=\"Modula Automatisches Lager f\u00fcr die Elektronikbranche: Eutron\" \/>\n<meta property=\"og:description\" content=\"Nach zwei Jahren erfolgreicher Nutzung des Modula Lift und der Best\u00e4tigung seiner positiven Auswirkungen auf die Betriebsabl\u00e4ufe hat Eutron beschlossen, seine Lagerkapazit\u00e4t zu erweitern. Im Jahr 2016 kaufte das Unternehmen einen zweiten Modula Lift und bewies damit sein Vertrauen und seine Zufriedenheit mit dem System.\" \/>\n<meta property=\"og:url\" content=\"https:\/\/www.modula.eu\/de\/case-studies\/elektronik-it-branche\/eutron\/\" \/>\n<meta property=\"og:site_name\" content=\"Modula\" \/>\n<meta property=\"article:modified_time\" content=\"2024-10-01T15:12:06+00:00\" \/>\n<meta property=\"og:image\" content=\"https:\/\/www.modula.eu\/wp-content\/uploads\/2024\/04\/Screenshot-2024-04-18-alle-17.25.18-1024x574.png\" \/>\n\t<meta property=\"og:image:width\" content=\"1024\" \/>\n\t<meta property=\"og:image:height\" content=\"574\" \/>\n\t<meta property=\"og:image:type\" content=\"image\/png\" \/>\n<meta name=\"twitter:card\" content=\"summary_large_image\" \/>\n<script type=\"application\/ld+json\" class=\"yoast-schema-graph\">{\"@context\":\"https:\\\/\\\/schema.org\",\"@graph\":[{\"@type\":\"WebPage\",\"@id\":\"https:\\\/\\\/www.modula.eu\\\/de\\\/case-studies\\\/elektronik-it-branche\\\/eutron\\\/\",\"url\":\"https:\\\/\\\/www.modula.eu\\\/de\\\/case-studies\\\/elektronik-it-branche\\\/eutron\\\/\",\"name\":\"Modula Automatisches Lager f\u00fcr die Elektronikbranche: Eutron\",\"isPartOf\":{\"@id\":\"https:\\\/\\\/www.modula.eu\\\/de\\\/#website\"},\"primaryImageOfPage\":{\"@id\":\"https:\\\/\\\/www.modula.eu\\\/de\\\/case-studies\\\/elektronik-it-branche\\\/eutron\\\/#primaryimage\"},\"image\":{\"@id\":\"https:\\\/\\\/www.modula.eu\\\/de\\\/case-studies\\\/elektronik-it-branche\\\/eutron\\\/#primaryimage\"},\"thumbnailUrl\":\"https:\\\/\\\/www.modula.eu\\\/wp-content\\\/uploads\\\/2024\\\/04\\\/Screenshot-2024-04-18-alle-17.25.18.png\",\"datePublished\":\"2024-04-18T15:19:55+00:00\",\"dateModified\":\"2024-10-01T15:12:06+00:00\",\"description\":\"Nach zwei Jahren erfolgreicher Nutzung des Modula Lift und der Best\u00e4tigung seiner positiven Auswirkungen auf die Betriebsabl\u00e4ufe hat Eutron beschlossen, seine Lagerkapazit\u00e4t zu erweitern. Im Jahr 2016 kaufte das Unternehmen einen zweiten Modula Lift und bewies damit sein Vertrauen und seine Zufriedenheit mit dem System.\",\"breadcrumb\":{\"@id\":\"https:\\\/\\\/www.modula.eu\\\/de\\\/case-studies\\\/elektronik-it-branche\\\/eutron\\\/#breadcrumb\"},\"inLanguage\":\"de\",\"potentialAction\":[{\"@type\":\"ReadAction\",\"target\":[\"https:\\\/\\\/www.modula.eu\\\/de\\\/case-studies\\\/elektronik-it-branche\\\/eutron\\\/\"]}]},{\"@type\":\"ImageObject\",\"inLanguage\":\"de\",\"@id\":\"https:\\\/\\\/www.modula.eu\\\/de\\\/case-studies\\\/elektronik-it-branche\\\/eutron\\\/#primaryimage\",\"url\":\"https:\\\/\\\/www.modula.eu\\\/wp-content\\\/uploads\\\/2024\\\/04\\\/Screenshot-2024-04-18-alle-17.25.18.png\",\"contentUrl\":\"https:\\\/\\\/www.modula.eu\\\/wp-content\\\/uploads\\\/2024\\\/04\\\/Screenshot-2024-04-18-alle-17.25.18.png\",\"width\":1822,\"height\":1022},{\"@type\":\"BreadcrumbList\",\"@id\":\"https:\\\/\\\/www.modula.eu\\\/de\\\/case-studies\\\/elektronik-it-branche\\\/eutron\\\/#breadcrumb\",\"itemListElement\":[{\"@type\":\"ListItem\",\"position\":1,\"name\":\"Home\",\"item\":\"https:\\\/\\\/www.modula.eu\\\/de\\\/\"},{\"@type\":\"ListItem\",\"position\":2,\"name\":\"Fallstudien\",\"item\":\"https:\\\/\\\/www.modula.eu\\\/de\\\/case-studies\\\/\"},{\"@type\":\"ListItem\",\"position\":3,\"name\":\"Elektronik \\\/ IT-Branche\",\"item\":\"https:\\\/\\\/www.modula.eu\\\/de\\\/case-studies\\\/elektronik-it-branche\\\/\"},{\"@type\":\"ListItem\",\"position\":4,\"name\":\"Eutron\"}]},{\"@type\":\"WebSite\",\"@id\":\"https:\\\/\\\/www.modula.eu\\\/de\\\/#website\",\"url\":\"https:\\\/\\\/www.modula.eu\\\/de\\\/\",\"name\":\"Modula\",\"description\":\"Think Vertical\",\"publisher\":{\"@id\":\"https:\\\/\\\/www.modula.eu\\\/de\\\/#organization\"},\"potentialAction\":[{\"@type\":\"SearchAction\",\"target\":{\"@type\":\"EntryPoint\",\"urlTemplate\":\"https:\\\/\\\/www.modula.eu\\\/de\\\/?s={search_term_string}\"},\"query-input\":{\"@type\":\"PropertyValueSpecification\",\"valueRequired\":true,\"valueName\":\"search_term_string\"}}],\"inLanguage\":\"de\"},{\"@type\":\"Organization\",\"@id\":\"https:\\\/\\\/www.modula.eu\\\/de\\\/#organization\",\"name\":\"Modula\",\"url\":\"https:\\\/\\\/www.modula.eu\\\/de\\\/\",\"logo\":{\"@type\":\"ImageObject\",\"inLanguage\":\"de\",\"@id\":\"https:\\\/\\\/www.modula.eu\\\/de\\\/#\\\/schema\\\/logo\\\/image\\\/\",\"url\":\"https:\\\/\\\/www.modula.eu\\\/wp-content\\\/uploads\\\/2022\\\/12\\\/Modula-logo.jpg\",\"contentUrl\":\"https:\\\/\\\/www.modula.eu\\\/wp-content\\\/uploads\\\/2022\\\/12\\\/Modula-logo.jpg\",\"width\":759,\"height\":512,\"caption\":\"Modula\"},\"image\":{\"@id\":\"https:\\\/\\\/www.modula.eu\\\/de\\\/#\\\/schema\\\/logo\\\/image\\\/\"}}]}<\/script>\n<!-- \/ Yoast SEO plugin. -->","yoast_head_json":{"title":"Modula Automatisches Lager f\u00fcr die Elektronikbranche: Eutron","description":"Nach zwei Jahren erfolgreicher Nutzung des Modula Lift und der Best\u00e4tigung seiner positiven Auswirkungen auf die Betriebsabl\u00e4ufe hat Eutron beschlossen, seine Lagerkapazit\u00e4t zu erweitern. Im Jahr 2016 kaufte das Unternehmen einen zweiten Modula Lift und bewies damit sein Vertrauen und seine Zufriedenheit mit dem System.","robots":{"index":"index","follow":"follow","max-snippet":"max-snippet:-1","max-image-preview":"max-image-preview:large","max-video-preview":"max-video-preview:-1"},"canonical":"https:\/\/www.modula.eu\/de\/case-studies\/elektronik-it-branche\/eutron\/","og_locale":"de_DE","og_type":"article","og_title":"Modula Automatisches Lager f\u00fcr die Elektronikbranche: Eutron","og_description":"Nach zwei Jahren erfolgreicher Nutzung des Modula Lift und der Best\u00e4tigung seiner positiven Auswirkungen auf die Betriebsabl\u00e4ufe hat Eutron beschlossen, seine Lagerkapazit\u00e4t zu erweitern. Im Jahr 2016 kaufte das Unternehmen einen zweiten Modula Lift und bewies damit sein Vertrauen und seine Zufriedenheit mit dem System.","og_url":"https:\/\/www.modula.eu\/de\/case-studies\/elektronik-it-branche\/eutron\/","og_site_name":"Modula","article_modified_time":"2024-10-01T15:12:06+00:00","og_image":[{"width":1024,"height":574,"url":"https:\/\/www.modula.eu\/wp-content\/uploads\/2024\/04\/Screenshot-2024-04-18-alle-17.25.18-1024x574.png","type":"image\/png"}],"twitter_card":"summary_large_image","schema":{"@context":"https:\/\/schema.org","@graph":[{"@type":"WebPage","@id":"https:\/\/www.modula.eu\/de\/case-studies\/elektronik-it-branche\/eutron\/","url":"https:\/\/www.modula.eu\/de\/case-studies\/elektronik-it-branche\/eutron\/","name":"Modula Automatisches Lager f\u00fcr die Elektronikbranche: Eutron","isPartOf":{"@id":"https:\/\/www.modula.eu\/de\/#website"},"primaryImageOfPage":{"@id":"https:\/\/www.modula.eu\/de\/case-studies\/elektronik-it-branche\/eutron\/#primaryimage"},"image":{"@id":"https:\/\/www.modula.eu\/de\/case-studies\/elektronik-it-branche\/eutron\/#primaryimage"},"thumbnailUrl":"https:\/\/www.modula.eu\/wp-content\/uploads\/2024\/04\/Screenshot-2024-04-18-alle-17.25.18.png","datePublished":"2024-04-18T15:19:55+00:00","dateModified":"2024-10-01T15:12:06+00:00","description":"Nach zwei Jahren erfolgreicher Nutzung des Modula Lift und der Best\u00e4tigung seiner positiven Auswirkungen auf die Betriebsabl\u00e4ufe hat Eutron beschlossen, seine Lagerkapazit\u00e4t zu erweitern. Im Jahr 2016 kaufte das Unternehmen einen zweiten Modula Lift und bewies damit sein Vertrauen und seine Zufriedenheit mit dem System.","breadcrumb":{"@id":"https:\/\/www.modula.eu\/de\/case-studies\/elektronik-it-branche\/eutron\/#breadcrumb"},"inLanguage":"de","potentialAction":[{"@type":"ReadAction","target":["https:\/\/www.modula.eu\/de\/case-studies\/elektronik-it-branche\/eutron\/"]}]},{"@type":"ImageObject","inLanguage":"de","@id":"https:\/\/www.modula.eu\/de\/case-studies\/elektronik-it-branche\/eutron\/#primaryimage","url":"https:\/\/www.modula.eu\/wp-content\/uploads\/2024\/04\/Screenshot-2024-04-18-alle-17.25.18.png","contentUrl":"https:\/\/www.modula.eu\/wp-content\/uploads\/2024\/04\/Screenshot-2024-04-18-alle-17.25.18.png","width":1822,"height":1022},{"@type":"BreadcrumbList","@id":"https:\/\/www.modula.eu\/de\/case-studies\/elektronik-it-branche\/eutron\/#breadcrumb","itemListElement":[{"@type":"ListItem","position":1,"name":"Home","item":"https:\/\/www.modula.eu\/de\/"},{"@type":"ListItem","position":2,"name":"Fallstudien","item":"https:\/\/www.modula.eu\/de\/case-studies\/"},{"@type":"ListItem","position":3,"name":"Elektronik \/ IT-Branche","item":"https:\/\/www.modula.eu\/de\/case-studies\/elektronik-it-branche\/"},{"@type":"ListItem","position":4,"name":"Eutron"}]},{"@type":"WebSite","@id":"https:\/\/www.modula.eu\/de\/#website","url":"https:\/\/www.modula.eu\/de\/","name":"Modula","description":"Think Vertical","publisher":{"@id":"https:\/\/www.modula.eu\/de\/#organization"},"potentialAction":[{"@type":"SearchAction","target":{"@type":"EntryPoint","urlTemplate":"https:\/\/www.modula.eu\/de\/?s={search_term_string}"},"query-input":{"@type":"PropertyValueSpecification","valueRequired":true,"valueName":"search_term_string"}}],"inLanguage":"de"},{"@type":"Organization","@id":"https:\/\/www.modula.eu\/de\/#organization","name":"Modula","url":"https:\/\/www.modula.eu\/de\/","logo":{"@type":"ImageObject","inLanguage":"de","@id":"https:\/\/www.modula.eu\/de\/#\/schema\/logo\/image\/","url":"https:\/\/www.modula.eu\/wp-content\/uploads\/2022\/12\/Modula-logo.jpg","contentUrl":"https:\/\/www.modula.eu\/wp-content\/uploads\/2022\/12\/Modula-logo.jpg","width":759,"height":512,"caption":"Modula"},"image":{"@id":"https:\/\/www.modula.eu\/de\/#\/schema\/logo\/image\/"}}]}},"_links":{"self":[{"href":"https:\/\/www.modula.eu\/de\/wp-json\/wp\/v2\/pages\/32518","targetHints":{"allow":["GET"]}}],"collection":[{"href":"https:\/\/www.modula.eu\/de\/wp-json\/wp\/v2\/pages"}],"about":[{"href":"https:\/\/www.modula.eu\/de\/wp-json\/wp\/v2\/types\/page"}],"author":[{"embeddable":true,"href":"https:\/\/www.modula.eu\/de\/wp-json\/wp\/v2\/users\/1"}],"replies":[{"embeddable":true,"href":"https:\/\/www.modula.eu\/de\/wp-json\/wp\/v2\/comments?post=32518"}],"version-history":[{"count":0,"href":"https:\/\/www.modula.eu\/de\/wp-json\/wp\/v2\/pages\/32518\/revisions"}],"up":[{"embeddable":true,"href":"https:\/\/www.modula.eu\/de\/wp-json\/wp\/v2\/pages\/10183"}],"wp:featuredmedia":[{"embeddable":true,"href":"https:\/\/www.modula.eu\/de\/wp-json\/wp\/v2\/media\/32513"}],"wp:attachment":[{"href":"https:\/\/www.modula.eu\/de\/wp-json\/wp\/v2\/media?parent=32518"}],"curies":[{"name":"wp","href":"https:\/\/api.w.org\/{rel}","templated":true}]}}