{"id":32849,"date":"2024-04-19T16:44:38","date_gmt":"2024-04-19T14:44:38","guid":{"rendered":"https:\/\/www.modula.eu\/case-studies\/maschinenbaubranche\/geographe\/"},"modified":"2024-08-06T14:48:15","modified_gmt":"2024-08-06T12:48:15","slug":"geographe","status":"publish","type":"page","link":"https:\/\/www.modula.eu\/de\/case-studies\/maschinenbaubranche\/geographe\/","title":{"rendered":"Geographe"},"content":{"rendered":"","protected":false},"excerpt":{"rendered":"","protected":false},"author":1,"featured_media":32844,"parent":10267,"menu_order":11,"comment_status":"closed","ping_status":"closed","template":"case.php","meta":{"_acf_changed":false,"inline_featured_image":false,"mapsvg_location":"","footnotes":""},"class_list":["post-32849","page","type-page","status-publish","has-post-thumbnail","hentry"],"acf":[],"yoast_head":"<!-- This site is optimized with the Yoast SEO plugin v27.3 - https:\/\/yoast.com\/product\/yoast-seo-wordpress\/ -->\n<title>Automatische Lagerlifte f\u00fcr die Maschinenbaubranche: Geographe<\/title>\n<meta name=\"description\" content=\"Einer der Hauptgr\u00fcnde, warum sich Geographe f\u00fcr Lager von Modula entschieden hat, ist die Platzoptimierung. Dank ihrer vertikalen Struktur konnten die Lager von Modula die Raumh\u00f6he optimal nutzen und so wertvolle Bodenfl\u00e4che freisetzen.\" \/>\n<meta name=\"robots\" content=\"index, follow, max-snippet:-1, max-image-preview:large, max-video-preview:-1\" \/>\n<link rel=\"canonical\" href=\"https:\/\/www.modula.eu\/de\/case-studies\/maschinenbaubranche\/geographe\/\" \/>\n<meta property=\"og:locale\" content=\"de_DE\" \/>\n<meta property=\"og:type\" content=\"article\" \/>\n<meta property=\"og:title\" content=\"Automatische Lagerlifte f\u00fcr die Maschinenbaubranche: Geographe\" \/>\n<meta property=\"og:description\" content=\"Einer der Hauptgr\u00fcnde, warum sich Geographe f\u00fcr Lager von Modula entschieden hat, ist die Platzoptimierung. Dank ihrer vertikalen Struktur konnten die Lager von Modula die Raumh\u00f6he optimal nutzen und so wertvolle Bodenfl\u00e4che freisetzen.\" \/>\n<meta property=\"og:url\" content=\"https:\/\/www.modula.eu\/de\/case-studies\/maschinenbaubranche\/geographe\/\" \/>\n<meta property=\"og:site_name\" content=\"Modula\" \/>\n<meta property=\"article:modified_time\" content=\"2024-08-06T12:48:15+00:00\" \/>\n<meta property=\"og:image\" content=\"https:\/\/www.modula.eu\/wp-content\/uploads\/2024\/04\/Schermata-2024-04-19-alle-16.47.29.png\" \/>\n\t<meta property=\"og:image:width\" content=\"1140\" \/>\n\t<meta property=\"og:image:height\" content=\"642\" \/>\n\t<meta property=\"og:image:type\" content=\"image\/png\" \/>\n<meta name=\"twitter:card\" content=\"summary_large_image\" \/>\n<script type=\"application\/ld+json\" class=\"yoast-schema-graph\">{\"@context\":\"https:\\\/\\\/schema.org\",\"@graph\":[{\"@type\":\"WebPage\",\"@id\":\"https:\\\/\\\/www.modula.eu\\\/de\\\/case-studies\\\/maschinenbaubranche\\\/geographe\\\/\",\"url\":\"https:\\\/\\\/www.modula.eu\\\/de\\\/case-studies\\\/maschinenbaubranche\\\/geographe\\\/\",\"name\":\"Automatische Lagerlifte f\u00fcr die Maschinenbaubranche: Geographe\",\"isPartOf\":{\"@id\":\"https:\\\/\\\/www.modula.eu\\\/de\\\/#website\"},\"primaryImageOfPage\":{\"@id\":\"https:\\\/\\\/www.modula.eu\\\/de\\\/case-studies\\\/maschinenbaubranche\\\/geographe\\\/#primaryimage\"},\"image\":{\"@id\":\"https:\\\/\\\/www.modula.eu\\\/de\\\/case-studies\\\/maschinenbaubranche\\\/geographe\\\/#primaryimage\"},\"thumbnailUrl\":\"https:\\\/\\\/www.modula.eu\\\/wp-content\\\/uploads\\\/2024\\\/04\\\/Schermata-2024-04-19-alle-16.47.29.png\",\"datePublished\":\"2024-04-19T14:44:38+00:00\",\"dateModified\":\"2024-08-06T12:48:15+00:00\",\"description\":\"Einer der Hauptgr\u00fcnde, warum sich Geographe f\u00fcr Lager von Modula entschieden hat, ist die Platzoptimierung. Dank ihrer vertikalen Struktur konnten die Lager von Modula die Raumh\u00f6he optimal nutzen und so wertvolle Bodenfl\u00e4che freisetzen.\",\"breadcrumb\":{\"@id\":\"https:\\\/\\\/www.modula.eu\\\/de\\\/case-studies\\\/maschinenbaubranche\\\/geographe\\\/#breadcrumb\"},\"inLanguage\":\"de\",\"potentialAction\":[{\"@type\":\"ReadAction\",\"target\":[\"https:\\\/\\\/www.modula.eu\\\/de\\\/case-studies\\\/maschinenbaubranche\\\/geographe\\\/\"]}]},{\"@type\":\"ImageObject\",\"inLanguage\":\"de\",\"@id\":\"https:\\\/\\\/www.modula.eu\\\/de\\\/case-studies\\\/maschinenbaubranche\\\/geographe\\\/#primaryimage\",\"url\":\"https:\\\/\\\/www.modula.eu\\\/wp-content\\\/uploads\\\/2024\\\/04\\\/Schermata-2024-04-19-alle-16.47.29.png\",\"contentUrl\":\"https:\\\/\\\/www.modula.eu\\\/wp-content\\\/uploads\\\/2024\\\/04\\\/Schermata-2024-04-19-alle-16.47.29.png\",\"width\":1140,\"height\":642},{\"@type\":\"BreadcrumbList\",\"@id\":\"https:\\\/\\\/www.modula.eu\\\/de\\\/case-studies\\\/maschinenbaubranche\\\/geographe\\\/#breadcrumb\",\"itemListElement\":[{\"@type\":\"ListItem\",\"position\":1,\"name\":\"Home\",\"item\":\"https:\\\/\\\/www.modula.eu\\\/de\\\/\"},{\"@type\":\"ListItem\",\"position\":2,\"name\":\"Fallstudien\",\"item\":\"https:\\\/\\\/www.modula.eu\\\/de\\\/case-studies\\\/\"},{\"@type\":\"ListItem\",\"position\":3,\"name\":\"Maschinenbaubranche\",\"item\":\"https:\\\/\\\/www.modula.eu\\\/de\\\/case-studies\\\/maschinenbaubranche\\\/\"},{\"@type\":\"ListItem\",\"position\":4,\"name\":\"Geographe\"}]},{\"@type\":\"WebSite\",\"@id\":\"https:\\\/\\\/www.modula.eu\\\/de\\\/#website\",\"url\":\"https:\\\/\\\/www.modula.eu\\\/de\\\/\",\"name\":\"Modula\",\"description\":\"Think Vertical\",\"publisher\":{\"@id\":\"https:\\\/\\\/www.modula.eu\\\/de\\\/#organization\"},\"potentialAction\":[{\"@type\":\"SearchAction\",\"target\":{\"@type\":\"EntryPoint\",\"urlTemplate\":\"https:\\\/\\\/www.modula.eu\\\/de\\\/?s={search_term_string}\"},\"query-input\":{\"@type\":\"PropertyValueSpecification\",\"valueRequired\":true,\"valueName\":\"search_term_string\"}}],\"inLanguage\":\"de\"},{\"@type\":\"Organization\",\"@id\":\"https:\\\/\\\/www.modula.eu\\\/de\\\/#organization\",\"name\":\"Modula\",\"url\":\"https:\\\/\\\/www.modula.eu\\\/de\\\/\",\"logo\":{\"@type\":\"ImageObject\",\"inLanguage\":\"de\",\"@id\":\"https:\\\/\\\/www.modula.eu\\\/de\\\/#\\\/schema\\\/logo\\\/image\\\/\",\"url\":\"https:\\\/\\\/www.modula.eu\\\/wp-content\\\/uploads\\\/2022\\\/12\\\/Modula-logo.jpg\",\"contentUrl\":\"https:\\\/\\\/www.modula.eu\\\/wp-content\\\/uploads\\\/2022\\\/12\\\/Modula-logo.jpg\",\"width\":759,\"height\":512,\"caption\":\"Modula\"},\"image\":{\"@id\":\"https:\\\/\\\/www.modula.eu\\\/de\\\/#\\\/schema\\\/logo\\\/image\\\/\"}}]}<\/script>\n<!-- \/ Yoast SEO plugin. -->","yoast_head_json":{"title":"Automatische Lagerlifte f\u00fcr die Maschinenbaubranche: Geographe","description":"Einer der Hauptgr\u00fcnde, warum sich Geographe f\u00fcr Lager von Modula entschieden hat, ist die Platzoptimierung. Dank ihrer vertikalen Struktur konnten die Lager von Modula die Raumh\u00f6he optimal nutzen und so wertvolle Bodenfl\u00e4che freisetzen.","robots":{"index":"index","follow":"follow","max-snippet":"max-snippet:-1","max-image-preview":"max-image-preview:large","max-video-preview":"max-video-preview:-1"},"canonical":"https:\/\/www.modula.eu\/de\/case-studies\/maschinenbaubranche\/geographe\/","og_locale":"de_DE","og_type":"article","og_title":"Automatische Lagerlifte f\u00fcr die Maschinenbaubranche: Geographe","og_description":"Einer der Hauptgr\u00fcnde, warum sich Geographe f\u00fcr Lager von Modula entschieden hat, ist die Platzoptimierung. Dank ihrer vertikalen Struktur konnten die Lager von Modula die Raumh\u00f6he optimal nutzen und so wertvolle Bodenfl\u00e4che freisetzen.","og_url":"https:\/\/www.modula.eu\/de\/case-studies\/maschinenbaubranche\/geographe\/","og_site_name":"Modula","article_modified_time":"2024-08-06T12:48:15+00:00","og_image":[{"width":1140,"height":642,"url":"https:\/\/www.modula.eu\/wp-content\/uploads\/2024\/04\/Schermata-2024-04-19-alle-16.47.29.png","type":"image\/png"}],"twitter_card":"summary_large_image","schema":{"@context":"https:\/\/schema.org","@graph":[{"@type":"WebPage","@id":"https:\/\/www.modula.eu\/de\/case-studies\/maschinenbaubranche\/geographe\/","url":"https:\/\/www.modula.eu\/de\/case-studies\/maschinenbaubranche\/geographe\/","name":"Automatische Lagerlifte f\u00fcr die Maschinenbaubranche: Geographe","isPartOf":{"@id":"https:\/\/www.modula.eu\/de\/#website"},"primaryImageOfPage":{"@id":"https:\/\/www.modula.eu\/de\/case-studies\/maschinenbaubranche\/geographe\/#primaryimage"},"image":{"@id":"https:\/\/www.modula.eu\/de\/case-studies\/maschinenbaubranche\/geographe\/#primaryimage"},"thumbnailUrl":"https:\/\/www.modula.eu\/wp-content\/uploads\/2024\/04\/Schermata-2024-04-19-alle-16.47.29.png","datePublished":"2024-04-19T14:44:38+00:00","dateModified":"2024-08-06T12:48:15+00:00","description":"Einer der Hauptgr\u00fcnde, warum sich Geographe f\u00fcr Lager von Modula entschieden hat, ist die Platzoptimierung. Dank ihrer vertikalen Struktur konnten die Lager von Modula die Raumh\u00f6he optimal nutzen und so wertvolle Bodenfl\u00e4che freisetzen.","breadcrumb":{"@id":"https:\/\/www.modula.eu\/de\/case-studies\/maschinenbaubranche\/geographe\/#breadcrumb"},"inLanguage":"de","potentialAction":[{"@type":"ReadAction","target":["https:\/\/www.modula.eu\/de\/case-studies\/maschinenbaubranche\/geographe\/"]}]},{"@type":"ImageObject","inLanguage":"de","@id":"https:\/\/www.modula.eu\/de\/case-studies\/maschinenbaubranche\/geographe\/#primaryimage","url":"https:\/\/www.modula.eu\/wp-content\/uploads\/2024\/04\/Schermata-2024-04-19-alle-16.47.29.png","contentUrl":"https:\/\/www.modula.eu\/wp-content\/uploads\/2024\/04\/Schermata-2024-04-19-alle-16.47.29.png","width":1140,"height":642},{"@type":"BreadcrumbList","@id":"https:\/\/www.modula.eu\/de\/case-studies\/maschinenbaubranche\/geographe\/#breadcrumb","itemListElement":[{"@type":"ListItem","position":1,"name":"Home","item":"https:\/\/www.modula.eu\/de\/"},{"@type":"ListItem","position":2,"name":"Fallstudien","item":"https:\/\/www.modula.eu\/de\/case-studies\/"},{"@type":"ListItem","position":3,"name":"Maschinenbaubranche","item":"https:\/\/www.modula.eu\/de\/case-studies\/maschinenbaubranche\/"},{"@type":"ListItem","position":4,"name":"Geographe"}]},{"@type":"WebSite","@id":"https:\/\/www.modula.eu\/de\/#website","url":"https:\/\/www.modula.eu\/de\/","name":"Modula","description":"Think Vertical","publisher":{"@id":"https:\/\/www.modula.eu\/de\/#organization"},"potentialAction":[{"@type":"SearchAction","target":{"@type":"EntryPoint","urlTemplate":"https:\/\/www.modula.eu\/de\/?s={search_term_string}"},"query-input":{"@type":"PropertyValueSpecification","valueRequired":true,"valueName":"search_term_string"}}],"inLanguage":"de"},{"@type":"Organization","@id":"https:\/\/www.modula.eu\/de\/#organization","name":"Modula","url":"https:\/\/www.modula.eu\/de\/","logo":{"@type":"ImageObject","inLanguage":"de","@id":"https:\/\/www.modula.eu\/de\/#\/schema\/logo\/image\/","url":"https:\/\/www.modula.eu\/wp-content\/uploads\/2022\/12\/Modula-logo.jpg","contentUrl":"https:\/\/www.modula.eu\/wp-content\/uploads\/2022\/12\/Modula-logo.jpg","width":759,"height":512,"caption":"Modula"},"image":{"@id":"https:\/\/www.modula.eu\/de\/#\/schema\/logo\/image\/"}}]}},"_links":{"self":[{"href":"https:\/\/www.modula.eu\/de\/wp-json\/wp\/v2\/pages\/32849","targetHints":{"allow":["GET"]}}],"collection":[{"href":"https:\/\/www.modula.eu\/de\/wp-json\/wp\/v2\/pages"}],"about":[{"href":"https:\/\/www.modula.eu\/de\/wp-json\/wp\/v2\/types\/page"}],"author":[{"embeddable":true,"href":"https:\/\/www.modula.eu\/de\/wp-json\/wp\/v2\/users\/1"}],"replies":[{"embeddable":true,"href":"https:\/\/www.modula.eu\/de\/wp-json\/wp\/v2\/comments?post=32849"}],"version-history":[{"count":0,"href":"https:\/\/www.modula.eu\/de\/wp-json\/wp\/v2\/pages\/32849\/revisions"}],"up":[{"embeddable":true,"href":"https:\/\/www.modula.eu\/de\/wp-json\/wp\/v2\/pages\/10267"}],"wp:featuredmedia":[{"embeddable":true,"href":"https:\/\/www.modula.eu\/de\/wp-json\/wp\/v2\/media\/32844"}],"wp:attachment":[{"href":"https:\/\/www.modula.eu\/de\/wp-json\/wp\/v2\/media?parent=32849"}],"curies":[{"name":"wp","href":"https:\/\/api.w.org\/{rel}","templated":true}]}}