{"id":32976,"date":"2024-04-22T09:19:20","date_gmt":"2024-04-22T07:19:20","guid":{"rendered":"https:\/\/www.modula.eu\/case-studies\/verpackungsbranche\/provol-packaging-technology\/"},"modified":"2024-08-06T11:15:04","modified_gmt":"2024-08-06T09:15:04","slug":"provol-packaging-technology","status":"publish","type":"page","link":"https:\/\/www.modula.eu\/de\/case-studies\/verpackungsbranche\/provol-packaging-technology\/","title":{"rendered":"Provol Packaging Technology"},"content":{"rendered":"","protected":false},"excerpt":{"rendered":"","protected":false},"author":1,"featured_media":32971,"parent":10346,"menu_order":3,"comment_status":"closed","ping_status":"closed","template":"case.php","meta":{"_acf_changed":false,"inline_featured_image":false,"mapsvg_location":"","footnotes":""},"class_list":["post-32976","page","type-page","status-publish","has-post-thumbnail","hentry"],"acf":[],"yoast_head":"<!-- This site is optimized with the Yoast SEO plugin v27.3 - https:\/\/yoast.com\/product\/yoast-seo-wordpress\/ -->\n<title>Automatische Lagerlifte f\u00fcr die Verpackungsbranche: Provol Packaging Technology<\/title>\n<meta name=\"description\" content=\"Es wurde beschlossen, 4 Modulas, je zwei in Kombination, zu erwerben, um \u00fcber 2500 Artikel zu lagern und dabei den Platz in der H\u00f6he zu nutzen. Das Picking-System hat eine interne Bedien\u00f6ffnung mit doppelter Ebene.\" \/>\n<meta name=\"robots\" content=\"index, follow, max-snippet:-1, max-image-preview:large, max-video-preview:-1\" \/>\n<link rel=\"canonical\" href=\"https:\/\/www.modula.eu\/de\/case-studies\/verpackungsbranche\/provol-packaging-technology\/\" \/>\n<meta property=\"og:locale\" content=\"de_DE\" \/>\n<meta property=\"og:type\" content=\"article\" \/>\n<meta property=\"og:title\" content=\"Automatische Lagerlifte f\u00fcr die Verpackungsbranche: Provol Packaging Technology\" \/>\n<meta property=\"og:description\" content=\"Es wurde beschlossen, 4 Modulas, je zwei in Kombination, zu erwerben, um \u00fcber 2500 Artikel zu lagern und dabei den Platz in der H\u00f6he zu nutzen. Das Picking-System hat eine interne Bedien\u00f6ffnung mit doppelter Ebene.\" \/>\n<meta property=\"og:url\" content=\"https:\/\/www.modula.eu\/de\/case-studies\/verpackungsbranche\/provol-packaging-technology\/\" \/>\n<meta property=\"og:site_name\" content=\"Modula\" \/>\n<meta property=\"article:modified_time\" content=\"2024-08-06T09:15:04+00:00\" \/>\n<meta property=\"og:image\" content=\"https:\/\/www.modula.eu\/wp-content\/uploads\/2024\/04\/Schermata-2024-04-22-alle-09.21.52.png\" \/>\n\t<meta property=\"og:image:width\" content=\"1145\" \/>\n\t<meta property=\"og:image:height\" content=\"640\" \/>\n\t<meta property=\"og:image:type\" content=\"image\/png\" \/>\n<meta name=\"twitter:card\" content=\"summary_large_image\" \/>\n<script type=\"application\/ld+json\" class=\"yoast-schema-graph\">{\"@context\":\"https:\\\/\\\/schema.org\",\"@graph\":[{\"@type\":\"WebPage\",\"@id\":\"https:\\\/\\\/www.modula.eu\\\/de\\\/case-studies\\\/verpackungsbranche\\\/provol-packaging-technology\\\/\",\"url\":\"https:\\\/\\\/www.modula.eu\\\/de\\\/case-studies\\\/verpackungsbranche\\\/provol-packaging-technology\\\/\",\"name\":\"Automatische Lagerlifte f\u00fcr die Verpackungsbranche: Provol Packaging Technology\",\"isPartOf\":{\"@id\":\"https:\\\/\\\/www.modula.eu\\\/de\\\/#website\"},\"primaryImageOfPage\":{\"@id\":\"https:\\\/\\\/www.modula.eu\\\/de\\\/case-studies\\\/verpackungsbranche\\\/provol-packaging-technology\\\/#primaryimage\"},\"image\":{\"@id\":\"https:\\\/\\\/www.modula.eu\\\/de\\\/case-studies\\\/verpackungsbranche\\\/provol-packaging-technology\\\/#primaryimage\"},\"thumbnailUrl\":\"https:\\\/\\\/www.modula.eu\\\/wp-content\\\/uploads\\\/2024\\\/04\\\/Schermata-2024-04-22-alle-09.21.52.png\",\"datePublished\":\"2024-04-22T07:19:20+00:00\",\"dateModified\":\"2024-08-06T09:15:04+00:00\",\"description\":\"Es wurde beschlossen, 4 Modulas, je zwei in Kombination, zu erwerben, um \u00fcber 2500 Artikel zu lagern und dabei den Platz in der H\u00f6he zu nutzen. Das Picking-System hat eine interne Bedien\u00f6ffnung mit doppelter Ebene.\",\"breadcrumb\":{\"@id\":\"https:\\\/\\\/www.modula.eu\\\/de\\\/case-studies\\\/verpackungsbranche\\\/provol-packaging-technology\\\/#breadcrumb\"},\"inLanguage\":\"de\",\"potentialAction\":[{\"@type\":\"ReadAction\",\"target\":[\"https:\\\/\\\/www.modula.eu\\\/de\\\/case-studies\\\/verpackungsbranche\\\/provol-packaging-technology\\\/\"]}]},{\"@type\":\"ImageObject\",\"inLanguage\":\"de\",\"@id\":\"https:\\\/\\\/www.modula.eu\\\/de\\\/case-studies\\\/verpackungsbranche\\\/provol-packaging-technology\\\/#primaryimage\",\"url\":\"https:\\\/\\\/www.modula.eu\\\/wp-content\\\/uploads\\\/2024\\\/04\\\/Schermata-2024-04-22-alle-09.21.52.png\",\"contentUrl\":\"https:\\\/\\\/www.modula.eu\\\/wp-content\\\/uploads\\\/2024\\\/04\\\/Schermata-2024-04-22-alle-09.21.52.png\",\"width\":1145,\"height\":640},{\"@type\":\"BreadcrumbList\",\"@id\":\"https:\\\/\\\/www.modula.eu\\\/de\\\/case-studies\\\/verpackungsbranche\\\/provol-packaging-technology\\\/#breadcrumb\",\"itemListElement\":[{\"@type\":\"ListItem\",\"position\":1,\"name\":\"Home\",\"item\":\"https:\\\/\\\/www.modula.eu\\\/de\\\/\"},{\"@type\":\"ListItem\",\"position\":2,\"name\":\"Fallstudien\",\"item\":\"https:\\\/\\\/www.modula.eu\\\/de\\\/case-studies\\\/\"},{\"@type\":\"ListItem\",\"position\":3,\"name\":\"Verpackungsbranche\",\"item\":\"https:\\\/\\\/www.modula.eu\\\/de\\\/case-studies\\\/verpackungsbranche\\\/\"},{\"@type\":\"ListItem\",\"position\":4,\"name\":\"Provol Packaging Technology\"}]},{\"@type\":\"WebSite\",\"@id\":\"https:\\\/\\\/www.modula.eu\\\/de\\\/#website\",\"url\":\"https:\\\/\\\/www.modula.eu\\\/de\\\/\",\"name\":\"Modula\",\"description\":\"Think Vertical\",\"publisher\":{\"@id\":\"https:\\\/\\\/www.modula.eu\\\/de\\\/#organization\"},\"potentialAction\":[{\"@type\":\"SearchAction\",\"target\":{\"@type\":\"EntryPoint\",\"urlTemplate\":\"https:\\\/\\\/www.modula.eu\\\/de\\\/?s={search_term_string}\"},\"query-input\":{\"@type\":\"PropertyValueSpecification\",\"valueRequired\":true,\"valueName\":\"search_term_string\"}}],\"inLanguage\":\"de\"},{\"@type\":\"Organization\",\"@id\":\"https:\\\/\\\/www.modula.eu\\\/de\\\/#organization\",\"name\":\"Modula\",\"url\":\"https:\\\/\\\/www.modula.eu\\\/de\\\/\",\"logo\":{\"@type\":\"ImageObject\",\"inLanguage\":\"de\",\"@id\":\"https:\\\/\\\/www.modula.eu\\\/de\\\/#\\\/schema\\\/logo\\\/image\\\/\",\"url\":\"https:\\\/\\\/www.modula.eu\\\/wp-content\\\/uploads\\\/2022\\\/12\\\/Modula-logo.jpg\",\"contentUrl\":\"https:\\\/\\\/www.modula.eu\\\/wp-content\\\/uploads\\\/2022\\\/12\\\/Modula-logo.jpg\",\"width\":759,\"height\":512,\"caption\":\"Modula\"},\"image\":{\"@id\":\"https:\\\/\\\/www.modula.eu\\\/de\\\/#\\\/schema\\\/logo\\\/image\\\/\"}}]}<\/script>\n<!-- \/ Yoast SEO plugin. -->","yoast_head_json":{"title":"Automatische Lagerlifte f\u00fcr die Verpackungsbranche: Provol Packaging Technology","description":"Es wurde beschlossen, 4 Modulas, je zwei in Kombination, zu erwerben, um \u00fcber 2500 Artikel zu lagern und dabei den Platz in der H\u00f6he zu nutzen. Das Picking-System hat eine interne Bedien\u00f6ffnung mit doppelter Ebene.","robots":{"index":"index","follow":"follow","max-snippet":"max-snippet:-1","max-image-preview":"max-image-preview:large","max-video-preview":"max-video-preview:-1"},"canonical":"https:\/\/www.modula.eu\/de\/case-studies\/verpackungsbranche\/provol-packaging-technology\/","og_locale":"de_DE","og_type":"article","og_title":"Automatische Lagerlifte f\u00fcr die Verpackungsbranche: Provol Packaging Technology","og_description":"Es wurde beschlossen, 4 Modulas, je zwei in Kombination, zu erwerben, um \u00fcber 2500 Artikel zu lagern und dabei den Platz in der H\u00f6he zu nutzen. Das Picking-System hat eine interne Bedien\u00f6ffnung mit doppelter Ebene.","og_url":"https:\/\/www.modula.eu\/de\/case-studies\/verpackungsbranche\/provol-packaging-technology\/","og_site_name":"Modula","article_modified_time":"2024-08-06T09:15:04+00:00","og_image":[{"width":1145,"height":640,"url":"https:\/\/www.modula.eu\/wp-content\/uploads\/2024\/04\/Schermata-2024-04-22-alle-09.21.52.png","type":"image\/png"}],"twitter_card":"summary_large_image","schema":{"@context":"https:\/\/schema.org","@graph":[{"@type":"WebPage","@id":"https:\/\/www.modula.eu\/de\/case-studies\/verpackungsbranche\/provol-packaging-technology\/","url":"https:\/\/www.modula.eu\/de\/case-studies\/verpackungsbranche\/provol-packaging-technology\/","name":"Automatische Lagerlifte f\u00fcr die Verpackungsbranche: Provol Packaging Technology","isPartOf":{"@id":"https:\/\/www.modula.eu\/de\/#website"},"primaryImageOfPage":{"@id":"https:\/\/www.modula.eu\/de\/case-studies\/verpackungsbranche\/provol-packaging-technology\/#primaryimage"},"image":{"@id":"https:\/\/www.modula.eu\/de\/case-studies\/verpackungsbranche\/provol-packaging-technology\/#primaryimage"},"thumbnailUrl":"https:\/\/www.modula.eu\/wp-content\/uploads\/2024\/04\/Schermata-2024-04-22-alle-09.21.52.png","datePublished":"2024-04-22T07:19:20+00:00","dateModified":"2024-08-06T09:15:04+00:00","description":"Es wurde beschlossen, 4 Modulas, je zwei in Kombination, zu erwerben, um \u00fcber 2500 Artikel zu lagern und dabei den Platz in der H\u00f6he zu nutzen. Das Picking-System hat eine interne Bedien\u00f6ffnung mit doppelter Ebene.","breadcrumb":{"@id":"https:\/\/www.modula.eu\/de\/case-studies\/verpackungsbranche\/provol-packaging-technology\/#breadcrumb"},"inLanguage":"de","potentialAction":[{"@type":"ReadAction","target":["https:\/\/www.modula.eu\/de\/case-studies\/verpackungsbranche\/provol-packaging-technology\/"]}]},{"@type":"ImageObject","inLanguage":"de","@id":"https:\/\/www.modula.eu\/de\/case-studies\/verpackungsbranche\/provol-packaging-technology\/#primaryimage","url":"https:\/\/www.modula.eu\/wp-content\/uploads\/2024\/04\/Schermata-2024-04-22-alle-09.21.52.png","contentUrl":"https:\/\/www.modula.eu\/wp-content\/uploads\/2024\/04\/Schermata-2024-04-22-alle-09.21.52.png","width":1145,"height":640},{"@type":"BreadcrumbList","@id":"https:\/\/www.modula.eu\/de\/case-studies\/verpackungsbranche\/provol-packaging-technology\/#breadcrumb","itemListElement":[{"@type":"ListItem","position":1,"name":"Home","item":"https:\/\/www.modula.eu\/de\/"},{"@type":"ListItem","position":2,"name":"Fallstudien","item":"https:\/\/www.modula.eu\/de\/case-studies\/"},{"@type":"ListItem","position":3,"name":"Verpackungsbranche","item":"https:\/\/www.modula.eu\/de\/case-studies\/verpackungsbranche\/"},{"@type":"ListItem","position":4,"name":"Provol Packaging Technology"}]},{"@type":"WebSite","@id":"https:\/\/www.modula.eu\/de\/#website","url":"https:\/\/www.modula.eu\/de\/","name":"Modula","description":"Think Vertical","publisher":{"@id":"https:\/\/www.modula.eu\/de\/#organization"},"potentialAction":[{"@type":"SearchAction","target":{"@type":"EntryPoint","urlTemplate":"https:\/\/www.modula.eu\/de\/?s={search_term_string}"},"query-input":{"@type":"PropertyValueSpecification","valueRequired":true,"valueName":"search_term_string"}}],"inLanguage":"de"},{"@type":"Organization","@id":"https:\/\/www.modula.eu\/de\/#organization","name":"Modula","url":"https:\/\/www.modula.eu\/de\/","logo":{"@type":"ImageObject","inLanguage":"de","@id":"https:\/\/www.modula.eu\/de\/#\/schema\/logo\/image\/","url":"https:\/\/www.modula.eu\/wp-content\/uploads\/2022\/12\/Modula-logo.jpg","contentUrl":"https:\/\/www.modula.eu\/wp-content\/uploads\/2022\/12\/Modula-logo.jpg","width":759,"height":512,"caption":"Modula"},"image":{"@id":"https:\/\/www.modula.eu\/de\/#\/schema\/logo\/image\/"}}]}},"_links":{"self":[{"href":"https:\/\/www.modula.eu\/de\/wp-json\/wp\/v2\/pages\/32976","targetHints":{"allow":["GET"]}}],"collection":[{"href":"https:\/\/www.modula.eu\/de\/wp-json\/wp\/v2\/pages"}],"about":[{"href":"https:\/\/www.modula.eu\/de\/wp-json\/wp\/v2\/types\/page"}],"author":[{"embeddable":true,"href":"https:\/\/www.modula.eu\/de\/wp-json\/wp\/v2\/users\/1"}],"replies":[{"embeddable":true,"href":"https:\/\/www.modula.eu\/de\/wp-json\/wp\/v2\/comments?post=32976"}],"version-history":[{"count":0,"href":"https:\/\/www.modula.eu\/de\/wp-json\/wp\/v2\/pages\/32976\/revisions"}],"up":[{"embeddable":true,"href":"https:\/\/www.modula.eu\/de\/wp-json\/wp\/v2\/pages\/10346"}],"wp:featuredmedia":[{"embeddable":true,"href":"https:\/\/www.modula.eu\/de\/wp-json\/wp\/v2\/media\/32971"}],"wp:attachment":[{"href":"https:\/\/www.modula.eu\/de\/wp-json\/wp\/v2\/media?parent=32976"}],"curies":[{"name":"wp","href":"https:\/\/api.w.org\/{rel}","templated":true}]}}