{"id":36710,"date":"2024-07-30T09:52:19","date_gmt":"2024-07-30T07:52:19","guid":{"rendered":"https:\/\/www.modula.eu\/case-studies\/chemie-pharma-biomedizinbranche\/bios-line\/"},"modified":"2024-11-07T09:24:38","modified_gmt":"2024-11-07T08:24:38","slug":"bios-line","status":"publish","type":"page","link":"https:\/\/www.modula.eu\/de\/case-studies\/chemie-pharma-biomedizinbranche\/bios-line\/","title":{"rendered":"Bios Line"},"content":{"rendered":"","protected":false},"excerpt":{"rendered":"","protected":false},"author":2,"featured_media":36704,"parent":10150,"menu_order":14,"comment_status":"closed","ping_status":"closed","template":"case.php","meta":{"_acf_changed":false,"inline_featured_image":false,"mapsvg_location":"","footnotes":""},"class_list":["post-36710","page","type-page","status-publish","has-post-thumbnail","hentry"],"acf":[],"yoast_head":"<!-- This site is optimized with the Yoast SEO plugin v27.3 - https:\/\/yoast.com\/product\/yoast-seo-wordpress\/ -->\n<title>Automatische Lagersysteme von Modula f\u00fcr die Chemie-, Pharma: Bios Line<\/title>\n<meta name=\"description\" content=\"Die Flexibilit\u00e4t von Modula hat es erm\u00f6glicht, mit allen neuen technologischen Herausforderungen des Unternehmens Schritt zu halten, auch als 2016 beschlossen wurde, das Verpackungssystem zu revolutionieren, um kleine Auftr\u00e4ge zu automatisieren.\" \/>\n<meta name=\"robots\" content=\"index, follow, max-snippet:-1, max-image-preview:large, max-video-preview:-1\" \/>\n<link rel=\"canonical\" href=\"https:\/\/www.modula.eu\/de\/case-studies\/chemie-pharma-biomedizinbranche\/bios-line\/\" \/>\n<meta property=\"og:locale\" content=\"de_DE\" \/>\n<meta property=\"og:type\" content=\"article\" \/>\n<meta property=\"og:title\" content=\"Automatische Lagersysteme von Modula f\u00fcr die Chemie-, Pharma: Bios Line\" \/>\n<meta property=\"og:description\" content=\"Die Flexibilit\u00e4t von Modula hat es erm\u00f6glicht, mit allen neuen technologischen Herausforderungen des Unternehmens Schritt zu halten, auch als 2016 beschlossen wurde, das Verpackungssystem zu revolutionieren, um kleine Auftr\u00e4ge zu automatisieren.\" \/>\n<meta property=\"og:url\" content=\"https:\/\/www.modula.eu\/de\/case-studies\/chemie-pharma-biomedizinbranche\/bios-line\/\" \/>\n<meta property=\"og:site_name\" content=\"Modula\" \/>\n<meta property=\"article:modified_time\" content=\"2024-11-07T08:24:38+00:00\" \/>\n<meta property=\"og:image\" content=\"https:\/\/www.modula.eu\/wp-content\/uploads\/2024\/07\/bios.jpg\" \/>\n\t<meta property=\"og:image:width\" content=\"800\" \/>\n\t<meta property=\"og:image:height\" content=\"600\" \/>\n\t<meta property=\"og:image:type\" content=\"image\/jpeg\" \/>\n<meta name=\"twitter:card\" content=\"summary_large_image\" \/>\n<script type=\"application\/ld+json\" class=\"yoast-schema-graph\">{\"@context\":\"https:\\\/\\\/schema.org\",\"@graph\":[{\"@type\":\"WebPage\",\"@id\":\"https:\\\/\\\/www.modula.eu\\\/de\\\/case-studies\\\/chemie-pharma-biomedizinbranche\\\/bios-line\\\/\",\"url\":\"https:\\\/\\\/www.modula.eu\\\/de\\\/case-studies\\\/chemie-pharma-biomedizinbranche\\\/bios-line\\\/\",\"name\":\"Automatische Lagersysteme von Modula f\u00fcr die Chemie-, Pharma: Bios Line\",\"isPartOf\":{\"@id\":\"https:\\\/\\\/www.modula.eu\\\/de\\\/#website\"},\"primaryImageOfPage\":{\"@id\":\"https:\\\/\\\/www.modula.eu\\\/de\\\/case-studies\\\/chemie-pharma-biomedizinbranche\\\/bios-line\\\/#primaryimage\"},\"image\":{\"@id\":\"https:\\\/\\\/www.modula.eu\\\/de\\\/case-studies\\\/chemie-pharma-biomedizinbranche\\\/bios-line\\\/#primaryimage\"},\"thumbnailUrl\":\"https:\\\/\\\/www.modula.eu\\\/wp-content\\\/uploads\\\/2024\\\/07\\\/bios.jpg\",\"datePublished\":\"2024-07-30T07:52:19+00:00\",\"dateModified\":\"2024-11-07T08:24:38+00:00\",\"description\":\"Die Flexibilit\u00e4t von Modula hat es erm\u00f6glicht, mit allen neuen technologischen Herausforderungen des Unternehmens Schritt zu halten, auch als 2016 beschlossen wurde, das Verpackungssystem zu revolutionieren, um kleine Auftr\u00e4ge zu automatisieren.\",\"breadcrumb\":{\"@id\":\"https:\\\/\\\/www.modula.eu\\\/de\\\/case-studies\\\/chemie-pharma-biomedizinbranche\\\/bios-line\\\/#breadcrumb\"},\"inLanguage\":\"de\",\"potentialAction\":[{\"@type\":\"ReadAction\",\"target\":[\"https:\\\/\\\/www.modula.eu\\\/de\\\/case-studies\\\/chemie-pharma-biomedizinbranche\\\/bios-line\\\/\"]}]},{\"@type\":\"ImageObject\",\"inLanguage\":\"de\",\"@id\":\"https:\\\/\\\/www.modula.eu\\\/de\\\/case-studies\\\/chemie-pharma-biomedizinbranche\\\/bios-line\\\/#primaryimage\",\"url\":\"https:\\\/\\\/www.modula.eu\\\/wp-content\\\/uploads\\\/2024\\\/07\\\/bios.jpg\",\"contentUrl\":\"https:\\\/\\\/www.modula.eu\\\/wp-content\\\/uploads\\\/2024\\\/07\\\/bios.jpg\",\"width\":800,\"height\":600},{\"@type\":\"BreadcrumbList\",\"@id\":\"https:\\\/\\\/www.modula.eu\\\/de\\\/case-studies\\\/chemie-pharma-biomedizinbranche\\\/bios-line\\\/#breadcrumb\",\"itemListElement\":[{\"@type\":\"ListItem\",\"position\":1,\"name\":\"Home\",\"item\":\"https:\\\/\\\/www.modula.eu\\\/de\\\/\"},{\"@type\":\"ListItem\",\"position\":2,\"name\":\"Fallstudien\",\"item\":\"https:\\\/\\\/www.modula.eu\\\/de\\\/case-studies\\\/\"},{\"@type\":\"ListItem\",\"position\":3,\"name\":\"Chemie \\\/ Pharma \\\/ Biomedizinbranche\",\"item\":\"https:\\\/\\\/www.modula.eu\\\/de\\\/case-studies\\\/chemie-pharma-biomedizinbranche\\\/\"},{\"@type\":\"ListItem\",\"position\":4,\"name\":\"Bios Line\"}]},{\"@type\":\"WebSite\",\"@id\":\"https:\\\/\\\/www.modula.eu\\\/de\\\/#website\",\"url\":\"https:\\\/\\\/www.modula.eu\\\/de\\\/\",\"name\":\"Modula\",\"description\":\"Think Vertical\",\"publisher\":{\"@id\":\"https:\\\/\\\/www.modula.eu\\\/de\\\/#organization\"},\"potentialAction\":[{\"@type\":\"SearchAction\",\"target\":{\"@type\":\"EntryPoint\",\"urlTemplate\":\"https:\\\/\\\/www.modula.eu\\\/de\\\/?s={search_term_string}\"},\"query-input\":{\"@type\":\"PropertyValueSpecification\",\"valueRequired\":true,\"valueName\":\"search_term_string\"}}],\"inLanguage\":\"de\"},{\"@type\":\"Organization\",\"@id\":\"https:\\\/\\\/www.modula.eu\\\/de\\\/#organization\",\"name\":\"Modula\",\"url\":\"https:\\\/\\\/www.modula.eu\\\/de\\\/\",\"logo\":{\"@type\":\"ImageObject\",\"inLanguage\":\"de\",\"@id\":\"https:\\\/\\\/www.modula.eu\\\/de\\\/#\\\/schema\\\/logo\\\/image\\\/\",\"url\":\"https:\\\/\\\/www.modula.eu\\\/wp-content\\\/uploads\\\/2022\\\/12\\\/Modula-logo.jpg\",\"contentUrl\":\"https:\\\/\\\/www.modula.eu\\\/wp-content\\\/uploads\\\/2022\\\/12\\\/Modula-logo.jpg\",\"width\":759,\"height\":512,\"caption\":\"Modula\"},\"image\":{\"@id\":\"https:\\\/\\\/www.modula.eu\\\/de\\\/#\\\/schema\\\/logo\\\/image\\\/\"}}]}<\/script>\n<!-- \/ Yoast SEO plugin. -->","yoast_head_json":{"title":"Automatische Lagersysteme von Modula f\u00fcr die Chemie-, Pharma: Bios Line","description":"Die Flexibilit\u00e4t von Modula hat es erm\u00f6glicht, mit allen neuen technologischen Herausforderungen des Unternehmens Schritt zu halten, auch als 2016 beschlossen wurde, das Verpackungssystem zu revolutionieren, um kleine Auftr\u00e4ge zu automatisieren.","robots":{"index":"index","follow":"follow","max-snippet":"max-snippet:-1","max-image-preview":"max-image-preview:large","max-video-preview":"max-video-preview:-1"},"canonical":"https:\/\/www.modula.eu\/de\/case-studies\/chemie-pharma-biomedizinbranche\/bios-line\/","og_locale":"de_DE","og_type":"article","og_title":"Automatische Lagersysteme von Modula f\u00fcr die Chemie-, Pharma: Bios Line","og_description":"Die Flexibilit\u00e4t von Modula hat es erm\u00f6glicht, mit allen neuen technologischen Herausforderungen des Unternehmens Schritt zu halten, auch als 2016 beschlossen wurde, das Verpackungssystem zu revolutionieren, um kleine Auftr\u00e4ge zu automatisieren.","og_url":"https:\/\/www.modula.eu\/de\/case-studies\/chemie-pharma-biomedizinbranche\/bios-line\/","og_site_name":"Modula","article_modified_time":"2024-11-07T08:24:38+00:00","og_image":[{"width":800,"height":600,"url":"https:\/\/www.modula.eu\/wp-content\/uploads\/2024\/07\/bios.jpg","type":"image\/jpeg"}],"twitter_card":"summary_large_image","schema":{"@context":"https:\/\/schema.org","@graph":[{"@type":"WebPage","@id":"https:\/\/www.modula.eu\/de\/case-studies\/chemie-pharma-biomedizinbranche\/bios-line\/","url":"https:\/\/www.modula.eu\/de\/case-studies\/chemie-pharma-biomedizinbranche\/bios-line\/","name":"Automatische Lagersysteme von Modula f\u00fcr die Chemie-, Pharma: Bios Line","isPartOf":{"@id":"https:\/\/www.modula.eu\/de\/#website"},"primaryImageOfPage":{"@id":"https:\/\/www.modula.eu\/de\/case-studies\/chemie-pharma-biomedizinbranche\/bios-line\/#primaryimage"},"image":{"@id":"https:\/\/www.modula.eu\/de\/case-studies\/chemie-pharma-biomedizinbranche\/bios-line\/#primaryimage"},"thumbnailUrl":"https:\/\/www.modula.eu\/wp-content\/uploads\/2024\/07\/bios.jpg","datePublished":"2024-07-30T07:52:19+00:00","dateModified":"2024-11-07T08:24:38+00:00","description":"Die Flexibilit\u00e4t von Modula hat es erm\u00f6glicht, mit allen neuen technologischen Herausforderungen des Unternehmens Schritt zu halten, auch als 2016 beschlossen wurde, das Verpackungssystem zu revolutionieren, um kleine Auftr\u00e4ge zu automatisieren.","breadcrumb":{"@id":"https:\/\/www.modula.eu\/de\/case-studies\/chemie-pharma-biomedizinbranche\/bios-line\/#breadcrumb"},"inLanguage":"de","potentialAction":[{"@type":"ReadAction","target":["https:\/\/www.modula.eu\/de\/case-studies\/chemie-pharma-biomedizinbranche\/bios-line\/"]}]},{"@type":"ImageObject","inLanguage":"de","@id":"https:\/\/www.modula.eu\/de\/case-studies\/chemie-pharma-biomedizinbranche\/bios-line\/#primaryimage","url":"https:\/\/www.modula.eu\/wp-content\/uploads\/2024\/07\/bios.jpg","contentUrl":"https:\/\/www.modula.eu\/wp-content\/uploads\/2024\/07\/bios.jpg","width":800,"height":600},{"@type":"BreadcrumbList","@id":"https:\/\/www.modula.eu\/de\/case-studies\/chemie-pharma-biomedizinbranche\/bios-line\/#breadcrumb","itemListElement":[{"@type":"ListItem","position":1,"name":"Home","item":"https:\/\/www.modula.eu\/de\/"},{"@type":"ListItem","position":2,"name":"Fallstudien","item":"https:\/\/www.modula.eu\/de\/case-studies\/"},{"@type":"ListItem","position":3,"name":"Chemie \/ Pharma \/ Biomedizinbranche","item":"https:\/\/www.modula.eu\/de\/case-studies\/chemie-pharma-biomedizinbranche\/"},{"@type":"ListItem","position":4,"name":"Bios Line"}]},{"@type":"WebSite","@id":"https:\/\/www.modula.eu\/de\/#website","url":"https:\/\/www.modula.eu\/de\/","name":"Modula","description":"Think Vertical","publisher":{"@id":"https:\/\/www.modula.eu\/de\/#organization"},"potentialAction":[{"@type":"SearchAction","target":{"@type":"EntryPoint","urlTemplate":"https:\/\/www.modula.eu\/de\/?s={search_term_string}"},"query-input":{"@type":"PropertyValueSpecification","valueRequired":true,"valueName":"search_term_string"}}],"inLanguage":"de"},{"@type":"Organization","@id":"https:\/\/www.modula.eu\/de\/#organization","name":"Modula","url":"https:\/\/www.modula.eu\/de\/","logo":{"@type":"ImageObject","inLanguage":"de","@id":"https:\/\/www.modula.eu\/de\/#\/schema\/logo\/image\/","url":"https:\/\/www.modula.eu\/wp-content\/uploads\/2022\/12\/Modula-logo.jpg","contentUrl":"https:\/\/www.modula.eu\/wp-content\/uploads\/2022\/12\/Modula-logo.jpg","width":759,"height":512,"caption":"Modula"},"image":{"@id":"https:\/\/www.modula.eu\/de\/#\/schema\/logo\/image\/"}}]}},"_links":{"self":[{"href":"https:\/\/www.modula.eu\/de\/wp-json\/wp\/v2\/pages\/36710","targetHints":{"allow":["GET"]}}],"collection":[{"href":"https:\/\/www.modula.eu\/de\/wp-json\/wp\/v2\/pages"}],"about":[{"href":"https:\/\/www.modula.eu\/de\/wp-json\/wp\/v2\/types\/page"}],"author":[{"embeddable":true,"href":"https:\/\/www.modula.eu\/de\/wp-json\/wp\/v2\/users\/2"}],"replies":[{"embeddable":true,"href":"https:\/\/www.modula.eu\/de\/wp-json\/wp\/v2\/comments?post=36710"}],"version-history":[{"count":0,"href":"https:\/\/www.modula.eu\/de\/wp-json\/wp\/v2\/pages\/36710\/revisions"}],"up":[{"embeddable":true,"href":"https:\/\/www.modula.eu\/de\/wp-json\/wp\/v2\/pages\/10150"}],"wp:featuredmedia":[{"embeddable":true,"href":"https:\/\/www.modula.eu\/de\/wp-json\/wp\/v2\/media\/36704"}],"wp:attachment":[{"href":"https:\/\/www.modula.eu\/de\/wp-json\/wp\/v2\/media?parent=36710"}],"curies":[{"name":"wp","href":"https:\/\/api.w.org\/{rel}","templated":true}]}}