{"id":42320,"date":"2024-11-19T14:11:10","date_gmt":"2024-11-19T13:11:10","guid":{"rendered":"https:\/\/www.modula.eu\/case-studies\/elektronik-it-branche\/vega-americas\/"},"modified":"2025-05-29T14:44:16","modified_gmt":"2025-05-29T12:44:16","slug":"vega-americas","status":"publish","type":"page","link":"https:\/\/www.modula.eu\/de\/case-studies\/elektronik-it-branche\/vega-americas\/","title":{"rendered":"Vega Americas"},"content":{"rendered":"","protected":false},"excerpt":{"rendered":"","protected":false},"author":1,"featured_media":42315,"parent":10183,"menu_order":3,"comment_status":"closed","ping_status":"closed","template":"case.php","meta":{"_acf_changed":false,"inline_featured_image":false,"mapsvg_location":"","footnotes":""},"class_list":["post-42320","page","type-page","status-publish","has-post-thumbnail","hentry"],"acf":[],"yoast_head":"<!-- This site is optimized with the Yoast SEO plugin v27.3 - https:\/\/yoast.com\/product\/yoast-seo-wordpress\/ -->\n<title>Vega Americas \u2013 Effiziente Lagerl\u00f6sungen mit Modula VLM in allen Abteilungen<\/title>\n<meta name=\"description\" content=\"Vega Americas, ein f\u00fchrender Hersteller von Sensoren f\u00fcr die F\u00fcllstand-, Pegel- und Druckmessung, verwaltet seine T\u00e4tigkeiten auf einem 21.000 Quadratmeter gro\u00dfen Campus in Cincinnati, Ohio. Um Platzprobleme zu l\u00f6sen und die Betriebseffizienz zu steigern, hat Vega Americas in verschiedenen Abteilungen des Unternehmens mehrere Modula Vertical Lift Modules (VLM) installiert\" \/>\n<meta name=\"robots\" content=\"index, follow, max-snippet:-1, max-image-preview:large, max-video-preview:-1\" \/>\n<link rel=\"canonical\" href=\"https:\/\/www.modula.eu\/de\/case-studies\/elektronik-it-branche\/vega-americas\/\" \/>\n<meta property=\"og:locale\" content=\"de_DE\" \/>\n<meta property=\"og:type\" content=\"article\" \/>\n<meta property=\"og:title\" content=\"Vega Americas \u2013 Effiziente Lagerl\u00f6sungen mit Modula VLM in allen Abteilungen\" \/>\n<meta property=\"og:description\" content=\"Vega Americas, ein f\u00fchrender Hersteller von Sensoren f\u00fcr die F\u00fcllstand-, Pegel- und Druckmessung, verwaltet seine T\u00e4tigkeiten auf einem 21.000 Quadratmeter gro\u00dfen Campus in Cincinnati, Ohio. Um Platzprobleme zu l\u00f6sen und die Betriebseffizienz zu steigern, hat Vega Americas in verschiedenen Abteilungen des Unternehmens mehrere Modula Vertical Lift Modules (VLM) installiert\" \/>\n<meta property=\"og:url\" content=\"https:\/\/www.modula.eu\/de\/case-studies\/elektronik-it-branche\/vega-americas\/\" \/>\n<meta property=\"og:site_name\" content=\"Modula\" \/>\n<meta property=\"article:modified_time\" content=\"2025-05-29T12:44:16+00:00\" \/>\n<meta property=\"og:image\" content=\"https:\/\/www.modula.eu\/wp-content\/uploads\/2024\/11\/vega-case-modula.png\" \/>\n\t<meta property=\"og:image:width\" content=\"2000\" \/>\n\t<meta property=\"og:image:height\" content=\"1020\" \/>\n\t<meta property=\"og:image:type\" content=\"image\/png\" \/>\n<meta name=\"twitter:card\" content=\"summary_large_image\" \/>\n<script type=\"application\/ld+json\" class=\"yoast-schema-graph\">{\"@context\":\"https:\\\/\\\/schema.org\",\"@graph\":[{\"@type\":\"WebPage\",\"@id\":\"https:\\\/\\\/www.modula.eu\\\/de\\\/case-studies\\\/elektronik-it-branche\\\/vega-americas\\\/\",\"url\":\"https:\\\/\\\/www.modula.eu\\\/de\\\/case-studies\\\/elektronik-it-branche\\\/vega-americas\\\/\",\"name\":\"Vega Americas \u2013 Effiziente Lagerl\u00f6sungen mit Modula VLM in allen Abteilungen\",\"isPartOf\":{\"@id\":\"https:\\\/\\\/www.modula.eu\\\/de\\\/#website\"},\"primaryImageOfPage\":{\"@id\":\"https:\\\/\\\/www.modula.eu\\\/de\\\/case-studies\\\/elektronik-it-branche\\\/vega-americas\\\/#primaryimage\"},\"image\":{\"@id\":\"https:\\\/\\\/www.modula.eu\\\/de\\\/case-studies\\\/elektronik-it-branche\\\/vega-americas\\\/#primaryimage\"},\"thumbnailUrl\":\"https:\\\/\\\/www.modula.eu\\\/wp-content\\\/uploads\\\/2024\\\/11\\\/vega-case-modula.png\",\"datePublished\":\"2024-11-19T13:11:10+00:00\",\"dateModified\":\"2025-05-29T12:44:16+00:00\",\"description\":\"Vega Americas, ein f\u00fchrender Hersteller von Sensoren f\u00fcr die F\u00fcllstand-, Pegel- und Druckmessung, verwaltet seine T\u00e4tigkeiten auf einem 21.000 Quadratmeter gro\u00dfen Campus in Cincinnati, Ohio. Um Platzprobleme zu l\u00f6sen und die Betriebseffizienz zu steigern, hat Vega Americas in verschiedenen Abteilungen des Unternehmens mehrere Modula Vertical Lift Modules (VLM) installiert\",\"breadcrumb\":{\"@id\":\"https:\\\/\\\/www.modula.eu\\\/de\\\/case-studies\\\/elektronik-it-branche\\\/vega-americas\\\/#breadcrumb\"},\"inLanguage\":\"de\",\"potentialAction\":[{\"@type\":\"ReadAction\",\"target\":[\"https:\\\/\\\/www.modula.eu\\\/de\\\/case-studies\\\/elektronik-it-branche\\\/vega-americas\\\/\"]}]},{\"@type\":\"ImageObject\",\"inLanguage\":\"de\",\"@id\":\"https:\\\/\\\/www.modula.eu\\\/de\\\/case-studies\\\/elektronik-it-branche\\\/vega-americas\\\/#primaryimage\",\"url\":\"https:\\\/\\\/www.modula.eu\\\/wp-content\\\/uploads\\\/2024\\\/11\\\/vega-case-modula.png\",\"contentUrl\":\"https:\\\/\\\/www.modula.eu\\\/wp-content\\\/uploads\\\/2024\\\/11\\\/vega-case-modula.png\",\"width\":2000,\"height\":1020},{\"@type\":\"BreadcrumbList\",\"@id\":\"https:\\\/\\\/www.modula.eu\\\/de\\\/case-studies\\\/elektronik-it-branche\\\/vega-americas\\\/#breadcrumb\",\"itemListElement\":[{\"@type\":\"ListItem\",\"position\":1,\"name\":\"Home\",\"item\":\"https:\\\/\\\/www.modula.eu\\\/de\\\/\"},{\"@type\":\"ListItem\",\"position\":2,\"name\":\"Fallstudien\",\"item\":\"https:\\\/\\\/www.modula.eu\\\/de\\\/case-studies\\\/\"},{\"@type\":\"ListItem\",\"position\":3,\"name\":\"Elektronik \\\/ IT-Branche\",\"item\":\"https:\\\/\\\/www.modula.eu\\\/de\\\/case-studies\\\/elektronik-it-branche\\\/\"},{\"@type\":\"ListItem\",\"position\":4,\"name\":\"Vega Americas\"}]},{\"@type\":\"WebSite\",\"@id\":\"https:\\\/\\\/www.modula.eu\\\/de\\\/#website\",\"url\":\"https:\\\/\\\/www.modula.eu\\\/de\\\/\",\"name\":\"Modula\",\"description\":\"Think Vertical\",\"publisher\":{\"@id\":\"https:\\\/\\\/www.modula.eu\\\/de\\\/#organization\"},\"potentialAction\":[{\"@type\":\"SearchAction\",\"target\":{\"@type\":\"EntryPoint\",\"urlTemplate\":\"https:\\\/\\\/www.modula.eu\\\/de\\\/?s={search_term_string}\"},\"query-input\":{\"@type\":\"PropertyValueSpecification\",\"valueRequired\":true,\"valueName\":\"search_term_string\"}}],\"inLanguage\":\"de\"},{\"@type\":\"Organization\",\"@id\":\"https:\\\/\\\/www.modula.eu\\\/de\\\/#organization\",\"name\":\"Modula\",\"url\":\"https:\\\/\\\/www.modula.eu\\\/de\\\/\",\"logo\":{\"@type\":\"ImageObject\",\"inLanguage\":\"de\",\"@id\":\"https:\\\/\\\/www.modula.eu\\\/de\\\/#\\\/schema\\\/logo\\\/image\\\/\",\"url\":\"https:\\\/\\\/www.modula.eu\\\/wp-content\\\/uploads\\\/2022\\\/12\\\/Modula-logo.jpg\",\"contentUrl\":\"https:\\\/\\\/www.modula.eu\\\/wp-content\\\/uploads\\\/2022\\\/12\\\/Modula-logo.jpg\",\"width\":759,\"height\":512,\"caption\":\"Modula\"},\"image\":{\"@id\":\"https:\\\/\\\/www.modula.eu\\\/de\\\/#\\\/schema\\\/logo\\\/image\\\/\"}}]}<\/script>\n<!-- \/ Yoast SEO plugin. -->","yoast_head_json":{"title":"Vega Americas \u2013 Effiziente Lagerl\u00f6sungen mit Modula VLM in allen Abteilungen","description":"Vega Americas, ein f\u00fchrender Hersteller von Sensoren f\u00fcr die F\u00fcllstand-, Pegel- und Druckmessung, verwaltet seine T\u00e4tigkeiten auf einem 21.000 Quadratmeter gro\u00dfen Campus in Cincinnati, Ohio. Um Platzprobleme zu l\u00f6sen und die Betriebseffizienz zu steigern, hat Vega Americas in verschiedenen Abteilungen des Unternehmens mehrere Modula Vertical Lift Modules (VLM) installiert","robots":{"index":"index","follow":"follow","max-snippet":"max-snippet:-1","max-image-preview":"max-image-preview:large","max-video-preview":"max-video-preview:-1"},"canonical":"https:\/\/www.modula.eu\/de\/case-studies\/elektronik-it-branche\/vega-americas\/","og_locale":"de_DE","og_type":"article","og_title":"Vega Americas \u2013 Effiziente Lagerl\u00f6sungen mit Modula VLM in allen Abteilungen","og_description":"Vega Americas, ein f\u00fchrender Hersteller von Sensoren f\u00fcr die F\u00fcllstand-, Pegel- und Druckmessung, verwaltet seine T\u00e4tigkeiten auf einem 21.000 Quadratmeter gro\u00dfen Campus in Cincinnati, Ohio. Um Platzprobleme zu l\u00f6sen und die Betriebseffizienz zu steigern, hat Vega Americas in verschiedenen Abteilungen des Unternehmens mehrere Modula Vertical Lift Modules (VLM) installiert","og_url":"https:\/\/www.modula.eu\/de\/case-studies\/elektronik-it-branche\/vega-americas\/","og_site_name":"Modula","article_modified_time":"2025-05-29T12:44:16+00:00","og_image":[{"width":2000,"height":1020,"url":"https:\/\/www.modula.eu\/wp-content\/uploads\/2024\/11\/vega-case-modula.png","type":"image\/png"}],"twitter_card":"summary_large_image","schema":{"@context":"https:\/\/schema.org","@graph":[{"@type":"WebPage","@id":"https:\/\/www.modula.eu\/de\/case-studies\/elektronik-it-branche\/vega-americas\/","url":"https:\/\/www.modula.eu\/de\/case-studies\/elektronik-it-branche\/vega-americas\/","name":"Vega Americas \u2013 Effiziente Lagerl\u00f6sungen mit Modula VLM in allen Abteilungen","isPartOf":{"@id":"https:\/\/www.modula.eu\/de\/#website"},"primaryImageOfPage":{"@id":"https:\/\/www.modula.eu\/de\/case-studies\/elektronik-it-branche\/vega-americas\/#primaryimage"},"image":{"@id":"https:\/\/www.modula.eu\/de\/case-studies\/elektronik-it-branche\/vega-americas\/#primaryimage"},"thumbnailUrl":"https:\/\/www.modula.eu\/wp-content\/uploads\/2024\/11\/vega-case-modula.png","datePublished":"2024-11-19T13:11:10+00:00","dateModified":"2025-05-29T12:44:16+00:00","description":"Vega Americas, ein f\u00fchrender Hersteller von Sensoren f\u00fcr die F\u00fcllstand-, Pegel- und Druckmessung, verwaltet seine T\u00e4tigkeiten auf einem 21.000 Quadratmeter gro\u00dfen Campus in Cincinnati, Ohio. Um Platzprobleme zu l\u00f6sen und die Betriebseffizienz zu steigern, hat Vega Americas in verschiedenen Abteilungen des Unternehmens mehrere Modula Vertical Lift Modules (VLM) installiert","breadcrumb":{"@id":"https:\/\/www.modula.eu\/de\/case-studies\/elektronik-it-branche\/vega-americas\/#breadcrumb"},"inLanguage":"de","potentialAction":[{"@type":"ReadAction","target":["https:\/\/www.modula.eu\/de\/case-studies\/elektronik-it-branche\/vega-americas\/"]}]},{"@type":"ImageObject","inLanguage":"de","@id":"https:\/\/www.modula.eu\/de\/case-studies\/elektronik-it-branche\/vega-americas\/#primaryimage","url":"https:\/\/www.modula.eu\/wp-content\/uploads\/2024\/11\/vega-case-modula.png","contentUrl":"https:\/\/www.modula.eu\/wp-content\/uploads\/2024\/11\/vega-case-modula.png","width":2000,"height":1020},{"@type":"BreadcrumbList","@id":"https:\/\/www.modula.eu\/de\/case-studies\/elektronik-it-branche\/vega-americas\/#breadcrumb","itemListElement":[{"@type":"ListItem","position":1,"name":"Home","item":"https:\/\/www.modula.eu\/de\/"},{"@type":"ListItem","position":2,"name":"Fallstudien","item":"https:\/\/www.modula.eu\/de\/case-studies\/"},{"@type":"ListItem","position":3,"name":"Elektronik \/ IT-Branche","item":"https:\/\/www.modula.eu\/de\/case-studies\/elektronik-it-branche\/"},{"@type":"ListItem","position":4,"name":"Vega Americas"}]},{"@type":"WebSite","@id":"https:\/\/www.modula.eu\/de\/#website","url":"https:\/\/www.modula.eu\/de\/","name":"Modula","description":"Think Vertical","publisher":{"@id":"https:\/\/www.modula.eu\/de\/#organization"},"potentialAction":[{"@type":"SearchAction","target":{"@type":"EntryPoint","urlTemplate":"https:\/\/www.modula.eu\/de\/?s={search_term_string}"},"query-input":{"@type":"PropertyValueSpecification","valueRequired":true,"valueName":"search_term_string"}}],"inLanguage":"de"},{"@type":"Organization","@id":"https:\/\/www.modula.eu\/de\/#organization","name":"Modula","url":"https:\/\/www.modula.eu\/de\/","logo":{"@type":"ImageObject","inLanguage":"de","@id":"https:\/\/www.modula.eu\/de\/#\/schema\/logo\/image\/","url":"https:\/\/www.modula.eu\/wp-content\/uploads\/2022\/12\/Modula-logo.jpg","contentUrl":"https:\/\/www.modula.eu\/wp-content\/uploads\/2022\/12\/Modula-logo.jpg","width":759,"height":512,"caption":"Modula"},"image":{"@id":"https:\/\/www.modula.eu\/de\/#\/schema\/logo\/image\/"}}]}},"_links":{"self":[{"href":"https:\/\/www.modula.eu\/de\/wp-json\/wp\/v2\/pages\/42320","targetHints":{"allow":["GET"]}}],"collection":[{"href":"https:\/\/www.modula.eu\/de\/wp-json\/wp\/v2\/pages"}],"about":[{"href":"https:\/\/www.modula.eu\/de\/wp-json\/wp\/v2\/types\/page"}],"author":[{"embeddable":true,"href":"https:\/\/www.modula.eu\/de\/wp-json\/wp\/v2\/users\/1"}],"replies":[{"embeddable":true,"href":"https:\/\/www.modula.eu\/de\/wp-json\/wp\/v2\/comments?post=42320"}],"version-history":[{"count":0,"href":"https:\/\/www.modula.eu\/de\/wp-json\/wp\/v2\/pages\/42320\/revisions"}],"up":[{"embeddable":true,"href":"https:\/\/www.modula.eu\/de\/wp-json\/wp\/v2\/pages\/10183"}],"wp:featuredmedia":[{"embeddable":true,"href":"https:\/\/www.modula.eu\/de\/wp-json\/wp\/v2\/media\/42315"}],"wp:attachment":[{"href":"https:\/\/www.modula.eu\/de\/wp-json\/wp\/v2\/media?parent=42320"}],"curies":[{"name":"wp","href":"https:\/\/api.w.org\/{rel}","templated":true}]}}