{"id":42337,"date":"2024-11-19T15:01:36","date_gmt":"2024-11-19T14:01:36","guid":{"rendered":"https:\/\/www.modula.eu\/case-studies\/hobby\/rebuy\/"},"modified":"2025-01-15T11:29:36","modified_gmt":"2025-01-15T10:29:36","slug":"rebuy","status":"publish","type":"page","link":"https:\/\/www.modula.eu\/de\/case-studies\/hobby\/rebuy\/","title":{"rendered":"ReBuy"},"content":{"rendered":"","protected":false},"excerpt":{"rendered":"","protected":false},"author":1,"featured_media":42331,"parent":33048,"menu_order":4,"comment_status":"closed","ping_status":"closed","template":"case.php","meta":{"_acf_changed":false,"inline_featured_image":false,"mapsvg_location":"","footnotes":""},"class_list":["post-42337","page","type-page","status-publish","has-post-thumbnail","hentry"],"acf":[],"yoast_head":"<!-- This site is optimized with the Yoast SEO plugin v27.3 - https:\/\/yoast.com\/product\/yoast-seo-wordpress\/ -->\n<title>ReBuy w\u00e4hlt Modula f\u00fcr die Automatisierung seiner Lager<\/title>\n<meta name=\"description\" content=\"reBuy, ein f\u00fchrendes Unternehmen im Gebrauchtwarenhandel hat sich f\u00fcr die Technologie von Modula entschieden, um seine Lagerverwaltung zu automatisieren und optimieren. Um die h\u00f6chsten Qualit\u00e4tsstandards in Bezug auf Umwelt und Nachhaltigkeit zu erf\u00fcllen, hat reBuy 36 Modula Vertikallager in 6 Reihen zu je 6 Einheiten installiert.\" \/>\n<meta name=\"robots\" content=\"index, follow, max-snippet:-1, max-image-preview:large, max-video-preview:-1\" \/>\n<link rel=\"canonical\" href=\"https:\/\/www.modula.eu\/de\/case-studies\/hobby\/rebuy\/\" \/>\n<meta property=\"og:locale\" content=\"de_DE\" \/>\n<meta property=\"og:type\" content=\"article\" \/>\n<meta property=\"og:title\" content=\"ReBuy w\u00e4hlt Modula f\u00fcr die Automatisierung seiner Lager\" \/>\n<meta property=\"og:description\" content=\"reBuy, ein f\u00fchrendes Unternehmen im Gebrauchtwarenhandel hat sich f\u00fcr die Technologie von Modula entschieden, um seine Lagerverwaltung zu automatisieren und optimieren. Um die h\u00f6chsten Qualit\u00e4tsstandards in Bezug auf Umwelt und Nachhaltigkeit zu erf\u00fcllen, hat reBuy 36 Modula Vertikallager in 6 Reihen zu je 6 Einheiten installiert.\" \/>\n<meta property=\"og:url\" content=\"https:\/\/www.modula.eu\/de\/case-studies\/hobby\/rebuy\/\" \/>\n<meta property=\"og:site_name\" content=\"Modula\" \/>\n<meta property=\"article:modified_time\" content=\"2025-01-15T10:29:36+00:00\" \/>\n<meta property=\"og:image\" content=\"https:\/\/www.modula.eu\/wp-content\/uploads\/2024\/11\/rebuy-modula-case-1024x519.png\" \/>\n\t<meta property=\"og:image:width\" content=\"1024\" \/>\n\t<meta property=\"og:image:height\" content=\"519\" \/>\n\t<meta property=\"og:image:type\" content=\"image\/png\" \/>\n<meta name=\"twitter:card\" content=\"summary_large_image\" \/>\n<script type=\"application\/ld+json\" class=\"yoast-schema-graph\">{\"@context\":\"https:\\\/\\\/schema.org\",\"@graph\":[{\"@type\":\"WebPage\",\"@id\":\"https:\\\/\\\/www.modula.eu\\\/de\\\/case-studies\\\/hobby\\\/rebuy\\\/\",\"url\":\"https:\\\/\\\/www.modula.eu\\\/de\\\/case-studies\\\/hobby\\\/rebuy\\\/\",\"name\":\"ReBuy w\u00e4hlt Modula f\u00fcr die Automatisierung seiner Lager\",\"isPartOf\":{\"@id\":\"https:\\\/\\\/www.modula.eu\\\/de\\\/#website\"},\"primaryImageOfPage\":{\"@id\":\"https:\\\/\\\/www.modula.eu\\\/de\\\/case-studies\\\/hobby\\\/rebuy\\\/#primaryimage\"},\"image\":{\"@id\":\"https:\\\/\\\/www.modula.eu\\\/de\\\/case-studies\\\/hobby\\\/rebuy\\\/#primaryimage\"},\"thumbnailUrl\":\"https:\\\/\\\/www.modula.eu\\\/wp-content\\\/uploads\\\/2024\\\/11\\\/rebuy-modula-case.png\",\"datePublished\":\"2024-11-19T14:01:36+00:00\",\"dateModified\":\"2025-01-15T10:29:36+00:00\",\"description\":\"reBuy, ein f\u00fchrendes Unternehmen im Gebrauchtwarenhandel hat sich f\u00fcr die Technologie von Modula entschieden, um seine Lagerverwaltung zu automatisieren und optimieren. Um die h\u00f6chsten Qualit\u00e4tsstandards in Bezug auf Umwelt und Nachhaltigkeit zu erf\u00fcllen, hat reBuy 36 Modula Vertikallager in 6 Reihen zu je 6 Einheiten installiert.\",\"breadcrumb\":{\"@id\":\"https:\\\/\\\/www.modula.eu\\\/de\\\/case-studies\\\/hobby\\\/rebuy\\\/#breadcrumb\"},\"inLanguage\":\"de\",\"potentialAction\":[{\"@type\":\"ReadAction\",\"target\":[\"https:\\\/\\\/www.modula.eu\\\/de\\\/case-studies\\\/hobby\\\/rebuy\\\/\"]}]},{\"@type\":\"ImageObject\",\"inLanguage\":\"de\",\"@id\":\"https:\\\/\\\/www.modula.eu\\\/de\\\/case-studies\\\/hobby\\\/rebuy\\\/#primaryimage\",\"url\":\"https:\\\/\\\/www.modula.eu\\\/wp-content\\\/uploads\\\/2024\\\/11\\\/rebuy-modula-case.png\",\"contentUrl\":\"https:\\\/\\\/www.modula.eu\\\/wp-content\\\/uploads\\\/2024\\\/11\\\/rebuy-modula-case.png\",\"width\":2036,\"height\":1032},{\"@type\":\"BreadcrumbList\",\"@id\":\"https:\\\/\\\/www.modula.eu\\\/de\\\/case-studies\\\/hobby\\\/rebuy\\\/#breadcrumb\",\"itemListElement\":[{\"@type\":\"ListItem\",\"position\":1,\"name\":\"Home\",\"item\":\"https:\\\/\\\/www.modula.eu\\\/de\\\/\"},{\"@type\":\"ListItem\",\"position\":2,\"name\":\"Fallstudien\",\"item\":\"https:\\\/\\\/www.modula.eu\\\/de\\\/case-studies\\\/\"},{\"@type\":\"ListItem\",\"position\":3,\"name\":\"Hobby\",\"item\":\"https:\\\/\\\/www.modula.eu\\\/de\\\/case-studies\\\/hobby\\\/\"},{\"@type\":\"ListItem\",\"position\":4,\"name\":\"ReBuy\"}]},{\"@type\":\"WebSite\",\"@id\":\"https:\\\/\\\/www.modula.eu\\\/de\\\/#website\",\"url\":\"https:\\\/\\\/www.modula.eu\\\/de\\\/\",\"name\":\"Modula\",\"description\":\"Think Vertical\",\"publisher\":{\"@id\":\"https:\\\/\\\/www.modula.eu\\\/de\\\/#organization\"},\"potentialAction\":[{\"@type\":\"SearchAction\",\"target\":{\"@type\":\"EntryPoint\",\"urlTemplate\":\"https:\\\/\\\/www.modula.eu\\\/de\\\/?s={search_term_string}\"},\"query-input\":{\"@type\":\"PropertyValueSpecification\",\"valueRequired\":true,\"valueName\":\"search_term_string\"}}],\"inLanguage\":\"de\"},{\"@type\":\"Organization\",\"@id\":\"https:\\\/\\\/www.modula.eu\\\/de\\\/#organization\",\"name\":\"Modula\",\"url\":\"https:\\\/\\\/www.modula.eu\\\/de\\\/\",\"logo\":{\"@type\":\"ImageObject\",\"inLanguage\":\"de\",\"@id\":\"https:\\\/\\\/www.modula.eu\\\/de\\\/#\\\/schema\\\/logo\\\/image\\\/\",\"url\":\"https:\\\/\\\/www.modula.eu\\\/wp-content\\\/uploads\\\/2022\\\/12\\\/Modula-logo.jpg\",\"contentUrl\":\"https:\\\/\\\/www.modula.eu\\\/wp-content\\\/uploads\\\/2022\\\/12\\\/Modula-logo.jpg\",\"width\":759,\"height\":512,\"caption\":\"Modula\"},\"image\":{\"@id\":\"https:\\\/\\\/www.modula.eu\\\/de\\\/#\\\/schema\\\/logo\\\/image\\\/\"}}]}<\/script>\n<!-- \/ Yoast SEO plugin. -->","yoast_head_json":{"title":"ReBuy w\u00e4hlt Modula f\u00fcr die Automatisierung seiner Lager","description":"reBuy, ein f\u00fchrendes Unternehmen im Gebrauchtwarenhandel hat sich f\u00fcr die Technologie von Modula entschieden, um seine Lagerverwaltung zu automatisieren und optimieren. Um die h\u00f6chsten Qualit\u00e4tsstandards in Bezug auf Umwelt und Nachhaltigkeit zu erf\u00fcllen, hat reBuy 36 Modula Vertikallager in 6 Reihen zu je 6 Einheiten installiert.","robots":{"index":"index","follow":"follow","max-snippet":"max-snippet:-1","max-image-preview":"max-image-preview:large","max-video-preview":"max-video-preview:-1"},"canonical":"https:\/\/www.modula.eu\/de\/case-studies\/hobby\/rebuy\/","og_locale":"de_DE","og_type":"article","og_title":"ReBuy w\u00e4hlt Modula f\u00fcr die Automatisierung seiner Lager","og_description":"reBuy, ein f\u00fchrendes Unternehmen im Gebrauchtwarenhandel hat sich f\u00fcr die Technologie von Modula entschieden, um seine Lagerverwaltung zu automatisieren und optimieren. Um die h\u00f6chsten Qualit\u00e4tsstandards in Bezug auf Umwelt und Nachhaltigkeit zu erf\u00fcllen, hat reBuy 36 Modula Vertikallager in 6 Reihen zu je 6 Einheiten installiert.","og_url":"https:\/\/www.modula.eu\/de\/case-studies\/hobby\/rebuy\/","og_site_name":"Modula","article_modified_time":"2025-01-15T10:29:36+00:00","og_image":[{"width":1024,"height":519,"url":"https:\/\/www.modula.eu\/wp-content\/uploads\/2024\/11\/rebuy-modula-case-1024x519.png","type":"image\/png"}],"twitter_card":"summary_large_image","schema":{"@context":"https:\/\/schema.org","@graph":[{"@type":"WebPage","@id":"https:\/\/www.modula.eu\/de\/case-studies\/hobby\/rebuy\/","url":"https:\/\/www.modula.eu\/de\/case-studies\/hobby\/rebuy\/","name":"ReBuy w\u00e4hlt Modula f\u00fcr die Automatisierung seiner Lager","isPartOf":{"@id":"https:\/\/www.modula.eu\/de\/#website"},"primaryImageOfPage":{"@id":"https:\/\/www.modula.eu\/de\/case-studies\/hobby\/rebuy\/#primaryimage"},"image":{"@id":"https:\/\/www.modula.eu\/de\/case-studies\/hobby\/rebuy\/#primaryimage"},"thumbnailUrl":"https:\/\/www.modula.eu\/wp-content\/uploads\/2024\/11\/rebuy-modula-case.png","datePublished":"2024-11-19T14:01:36+00:00","dateModified":"2025-01-15T10:29:36+00:00","description":"reBuy, ein f\u00fchrendes Unternehmen im Gebrauchtwarenhandel hat sich f\u00fcr die Technologie von Modula entschieden, um seine Lagerverwaltung zu automatisieren und optimieren. Um die h\u00f6chsten Qualit\u00e4tsstandards in Bezug auf Umwelt und Nachhaltigkeit zu erf\u00fcllen, hat reBuy 36 Modula Vertikallager in 6 Reihen zu je 6 Einheiten installiert.","breadcrumb":{"@id":"https:\/\/www.modula.eu\/de\/case-studies\/hobby\/rebuy\/#breadcrumb"},"inLanguage":"de","potentialAction":[{"@type":"ReadAction","target":["https:\/\/www.modula.eu\/de\/case-studies\/hobby\/rebuy\/"]}]},{"@type":"ImageObject","inLanguage":"de","@id":"https:\/\/www.modula.eu\/de\/case-studies\/hobby\/rebuy\/#primaryimage","url":"https:\/\/www.modula.eu\/wp-content\/uploads\/2024\/11\/rebuy-modula-case.png","contentUrl":"https:\/\/www.modula.eu\/wp-content\/uploads\/2024\/11\/rebuy-modula-case.png","width":2036,"height":1032},{"@type":"BreadcrumbList","@id":"https:\/\/www.modula.eu\/de\/case-studies\/hobby\/rebuy\/#breadcrumb","itemListElement":[{"@type":"ListItem","position":1,"name":"Home","item":"https:\/\/www.modula.eu\/de\/"},{"@type":"ListItem","position":2,"name":"Fallstudien","item":"https:\/\/www.modula.eu\/de\/case-studies\/"},{"@type":"ListItem","position":3,"name":"Hobby","item":"https:\/\/www.modula.eu\/de\/case-studies\/hobby\/"},{"@type":"ListItem","position":4,"name":"ReBuy"}]},{"@type":"WebSite","@id":"https:\/\/www.modula.eu\/de\/#website","url":"https:\/\/www.modula.eu\/de\/","name":"Modula","description":"Think Vertical","publisher":{"@id":"https:\/\/www.modula.eu\/de\/#organization"},"potentialAction":[{"@type":"SearchAction","target":{"@type":"EntryPoint","urlTemplate":"https:\/\/www.modula.eu\/de\/?s={search_term_string}"},"query-input":{"@type":"PropertyValueSpecification","valueRequired":true,"valueName":"search_term_string"}}],"inLanguage":"de"},{"@type":"Organization","@id":"https:\/\/www.modula.eu\/de\/#organization","name":"Modula","url":"https:\/\/www.modula.eu\/de\/","logo":{"@type":"ImageObject","inLanguage":"de","@id":"https:\/\/www.modula.eu\/de\/#\/schema\/logo\/image\/","url":"https:\/\/www.modula.eu\/wp-content\/uploads\/2022\/12\/Modula-logo.jpg","contentUrl":"https:\/\/www.modula.eu\/wp-content\/uploads\/2022\/12\/Modula-logo.jpg","width":759,"height":512,"caption":"Modula"},"image":{"@id":"https:\/\/www.modula.eu\/de\/#\/schema\/logo\/image\/"}}]}},"_links":{"self":[{"href":"https:\/\/www.modula.eu\/de\/wp-json\/wp\/v2\/pages\/42337","targetHints":{"allow":["GET"]}}],"collection":[{"href":"https:\/\/www.modula.eu\/de\/wp-json\/wp\/v2\/pages"}],"about":[{"href":"https:\/\/www.modula.eu\/de\/wp-json\/wp\/v2\/types\/page"}],"author":[{"embeddable":true,"href":"https:\/\/www.modula.eu\/de\/wp-json\/wp\/v2\/users\/1"}],"replies":[{"embeddable":true,"href":"https:\/\/www.modula.eu\/de\/wp-json\/wp\/v2\/comments?post=42337"}],"version-history":[{"count":0,"href":"https:\/\/www.modula.eu\/de\/wp-json\/wp\/v2\/pages\/42337\/revisions"}],"up":[{"embeddable":true,"href":"https:\/\/www.modula.eu\/de\/wp-json\/wp\/v2\/pages\/33048"}],"wp:featuredmedia":[{"embeddable":true,"href":"https:\/\/www.modula.eu\/de\/wp-json\/wp\/v2\/media\/42331"}],"wp:attachment":[{"href":"https:\/\/www.modula.eu\/de\/wp-json\/wp\/v2\/media?parent=42337"}],"curies":[{"name":"wp","href":"https:\/\/api.w.org\/{rel}","templated":true}]}}