{"id":43340,"date":"2024-12-02T15:32:53","date_gmt":"2024-12-02T14:32:53","guid":{"rendered":"https:\/\/www.modula.eu\/blog\/optimised-logistics-thanks-to-innovative-technological-solutions\/"},"modified":"2025-10-24T15:19:44","modified_gmt":"2025-10-24T13:19:44","slug":"optimised-logistics-thanks-to-innovative-technological-solutions","status":"publish","type":"page","link":"https:\/\/www.modula.eu\/de\/blog\/optimised-logistics-thanks-to-innovative-technological-solutions\/","title":{"rendered":"Die Vorteile eines automatischen Vertikallagers von Modula"},"content":{"rendered":"","protected":false},"excerpt":{"rendered":"","protected":false},"author":1,"featured_media":0,"parent":7827,"menu_order":0,"comment_status":"closed","ping_status":"closed","template":"","meta":{"_acf_changed":false,"inline_featured_image":false,"mapsvg_location":"","footnotes":""},"class_list":["post-43340","page","type-page","status-publish","hentry"],"acf":[],"yoast_head":"<!-- This site is optimized with the Yoast SEO plugin v27.3 - https:\/\/yoast.com\/product\/yoast-seo-wordpress\/ -->\n<title>Die Vorteile eines automatischen Vertikallagers von Modula<\/title>\n<meta name=\"description\" content=\"Verbessern Sie Ihre Logistik, steigern Sie Ihre Produktivit\u00e4t und optimieren Sie die Verwaltung Ihres Lagers. Dank der L\u00f6sungen von Modula k\u00f6nnen Sie Ihr Lager grundlegend ver\u00e4ndern und es zu einem strategischen Pluspunkt f\u00fcr Ihr Unternehmen machen. Dieser Leitfaden zeigt Ihnen, wie Sie.\" \/>\n<meta name=\"robots\" content=\"index, follow, max-snippet:-1, max-image-preview:large, max-video-preview:-1\" \/>\n<link rel=\"canonical\" href=\"https:\/\/www.modula.eu\/de\/blog\/optimised-logistics-thanks-to-innovative-technological-solutions\/\" \/>\n<meta property=\"og:locale\" content=\"de_DE\" \/>\n<meta property=\"og:type\" content=\"article\" \/>\n<meta property=\"og:title\" content=\"Die Vorteile eines automatischen Vertikallagers von Modula\" \/>\n<meta property=\"og:description\" content=\"Verbessern Sie Ihre Logistik, steigern Sie Ihre Produktivit\u00e4t und optimieren Sie die Verwaltung Ihres Lagers. Dank der L\u00f6sungen von Modula k\u00f6nnen Sie Ihr Lager grundlegend ver\u00e4ndern und es zu einem strategischen Pluspunkt f\u00fcr Ihr Unternehmen machen. Dieser Leitfaden zeigt Ihnen, wie Sie.\" \/>\n<meta property=\"og:url\" content=\"https:\/\/www.modula.eu\/de\/blog\/optimised-logistics-thanks-to-innovative-technological-solutions\/\" \/>\n<meta property=\"og:site_name\" content=\"Modula\" \/>\n<meta property=\"article:modified_time\" content=\"2025-10-24T13:19:44+00:00\" \/>\n<meta name=\"twitter:card\" content=\"summary_large_image\" \/>\n<script type=\"application\/ld+json\" class=\"yoast-schema-graph\">{\"@context\":\"https:\\\/\\\/schema.org\",\"@graph\":[{\"@type\":\"WebPage\",\"@id\":\"https:\\\/\\\/www.modula.eu\\\/de\\\/blog\\\/optimised-logistics-thanks-to-innovative-technological-solutions\\\/\",\"url\":\"https:\\\/\\\/www.modula.eu\\\/de\\\/blog\\\/optimised-logistics-thanks-to-innovative-technological-solutions\\\/\",\"name\":\"Die Vorteile eines automatischen Vertikallagers von Modula\",\"isPartOf\":{\"@id\":\"https:\\\/\\\/www.modula.eu\\\/de\\\/#website\"},\"datePublished\":\"2024-12-02T14:32:53+00:00\",\"dateModified\":\"2025-10-24T13:19:44+00:00\",\"description\":\"Verbessern Sie Ihre Logistik, steigern Sie Ihre Produktivit\u00e4t und optimieren Sie die Verwaltung Ihres Lagers. Dank der L\u00f6sungen von Modula k\u00f6nnen Sie Ihr Lager grundlegend ver\u00e4ndern und es zu einem strategischen Pluspunkt f\u00fcr Ihr Unternehmen machen. Dieser Leitfaden zeigt Ihnen, wie Sie.\",\"breadcrumb\":{\"@id\":\"https:\\\/\\\/www.modula.eu\\\/de\\\/blog\\\/optimised-logistics-thanks-to-innovative-technological-solutions\\\/#breadcrumb\"},\"inLanguage\":\"de\",\"potentialAction\":[{\"@type\":\"ReadAction\",\"target\":[\"https:\\\/\\\/www.modula.eu\\\/de\\\/blog\\\/optimised-logistics-thanks-to-innovative-technological-solutions\\\/\"]}]},{\"@type\":\"BreadcrumbList\",\"@id\":\"https:\\\/\\\/www.modula.eu\\\/de\\\/blog\\\/optimised-logistics-thanks-to-innovative-technological-solutions\\\/#breadcrumb\",\"itemListElement\":[{\"@type\":\"ListItem\",\"position\":1,\"name\":\"Home\",\"item\":\"https:\\\/\\\/www.modula.eu\\\/de\\\/\"},{\"@type\":\"ListItem\",\"position\":2,\"name\":\"Blog\",\"item\":\"https:\\\/\\\/www.modula.eu\\\/de\\\/blog\\\/\"},{\"@type\":\"ListItem\",\"position\":3,\"name\":\"Die Vorteile eines automatischen Vertikallagers von Modula\"}]},{\"@type\":\"WebSite\",\"@id\":\"https:\\\/\\\/www.modula.eu\\\/de\\\/#website\",\"url\":\"https:\\\/\\\/www.modula.eu\\\/de\\\/\",\"name\":\"Modula\",\"description\":\"Think Vertical\",\"publisher\":{\"@id\":\"https:\\\/\\\/www.modula.eu\\\/de\\\/#organization\"},\"potentialAction\":[{\"@type\":\"SearchAction\",\"target\":{\"@type\":\"EntryPoint\",\"urlTemplate\":\"https:\\\/\\\/www.modula.eu\\\/de\\\/?s={search_term_string}\"},\"query-input\":{\"@type\":\"PropertyValueSpecification\",\"valueRequired\":true,\"valueName\":\"search_term_string\"}}],\"inLanguage\":\"de\"},{\"@type\":\"Organization\",\"@id\":\"https:\\\/\\\/www.modula.eu\\\/de\\\/#organization\",\"name\":\"Modula\",\"url\":\"https:\\\/\\\/www.modula.eu\\\/de\\\/\",\"logo\":{\"@type\":\"ImageObject\",\"inLanguage\":\"de\",\"@id\":\"https:\\\/\\\/www.modula.eu\\\/de\\\/#\\\/schema\\\/logo\\\/image\\\/\",\"url\":\"https:\\\/\\\/www.modula.eu\\\/wp-content\\\/uploads\\\/2022\\\/12\\\/Modula-logo.jpg\",\"contentUrl\":\"https:\\\/\\\/www.modula.eu\\\/wp-content\\\/uploads\\\/2022\\\/12\\\/Modula-logo.jpg\",\"width\":759,\"height\":512,\"caption\":\"Modula\"},\"image\":{\"@id\":\"https:\\\/\\\/www.modula.eu\\\/de\\\/#\\\/schema\\\/logo\\\/image\\\/\"}}]}<\/script>\n<!-- \/ Yoast SEO plugin. -->","yoast_head_json":{"title":"Die Vorteile eines automatischen Vertikallagers von Modula","description":"Verbessern Sie Ihre Logistik, steigern Sie Ihre Produktivit\u00e4t und optimieren Sie die Verwaltung Ihres Lagers. Dank der L\u00f6sungen von Modula k\u00f6nnen Sie Ihr Lager grundlegend ver\u00e4ndern und es zu einem strategischen Pluspunkt f\u00fcr Ihr Unternehmen machen. Dieser Leitfaden zeigt Ihnen, wie Sie.","robots":{"index":"index","follow":"follow","max-snippet":"max-snippet:-1","max-image-preview":"max-image-preview:large","max-video-preview":"max-video-preview:-1"},"canonical":"https:\/\/www.modula.eu\/de\/blog\/optimised-logistics-thanks-to-innovative-technological-solutions\/","og_locale":"de_DE","og_type":"article","og_title":"Die Vorteile eines automatischen Vertikallagers von Modula","og_description":"Verbessern Sie Ihre Logistik, steigern Sie Ihre Produktivit\u00e4t und optimieren Sie die Verwaltung Ihres Lagers. Dank der L\u00f6sungen von Modula k\u00f6nnen Sie Ihr Lager grundlegend ver\u00e4ndern und es zu einem strategischen Pluspunkt f\u00fcr Ihr Unternehmen machen. Dieser Leitfaden zeigt Ihnen, wie Sie.","og_url":"https:\/\/www.modula.eu\/de\/blog\/optimised-logistics-thanks-to-innovative-technological-solutions\/","og_site_name":"Modula","article_modified_time":"2025-10-24T13:19:44+00:00","twitter_card":"summary_large_image","schema":{"@context":"https:\/\/schema.org","@graph":[{"@type":"WebPage","@id":"https:\/\/www.modula.eu\/de\/blog\/optimised-logistics-thanks-to-innovative-technological-solutions\/","url":"https:\/\/www.modula.eu\/de\/blog\/optimised-logistics-thanks-to-innovative-technological-solutions\/","name":"Die Vorteile eines automatischen Vertikallagers von Modula","isPartOf":{"@id":"https:\/\/www.modula.eu\/de\/#website"},"datePublished":"2024-12-02T14:32:53+00:00","dateModified":"2025-10-24T13:19:44+00:00","description":"Verbessern Sie Ihre Logistik, steigern Sie Ihre Produktivit\u00e4t und optimieren Sie die Verwaltung Ihres Lagers. Dank der L\u00f6sungen von Modula k\u00f6nnen Sie Ihr Lager grundlegend ver\u00e4ndern und es zu einem strategischen Pluspunkt f\u00fcr Ihr Unternehmen machen. Dieser Leitfaden zeigt Ihnen, wie Sie.","breadcrumb":{"@id":"https:\/\/www.modula.eu\/de\/blog\/optimised-logistics-thanks-to-innovative-technological-solutions\/#breadcrumb"},"inLanguage":"de","potentialAction":[{"@type":"ReadAction","target":["https:\/\/www.modula.eu\/de\/blog\/optimised-logistics-thanks-to-innovative-technological-solutions\/"]}]},{"@type":"BreadcrumbList","@id":"https:\/\/www.modula.eu\/de\/blog\/optimised-logistics-thanks-to-innovative-technological-solutions\/#breadcrumb","itemListElement":[{"@type":"ListItem","position":1,"name":"Home","item":"https:\/\/www.modula.eu\/de\/"},{"@type":"ListItem","position":2,"name":"Blog","item":"https:\/\/www.modula.eu\/de\/blog\/"},{"@type":"ListItem","position":3,"name":"Die Vorteile eines automatischen Vertikallagers von Modula"}]},{"@type":"WebSite","@id":"https:\/\/www.modula.eu\/de\/#website","url":"https:\/\/www.modula.eu\/de\/","name":"Modula","description":"Think Vertical","publisher":{"@id":"https:\/\/www.modula.eu\/de\/#organization"},"potentialAction":[{"@type":"SearchAction","target":{"@type":"EntryPoint","urlTemplate":"https:\/\/www.modula.eu\/de\/?s={search_term_string}"},"query-input":{"@type":"PropertyValueSpecification","valueRequired":true,"valueName":"search_term_string"}}],"inLanguage":"de"},{"@type":"Organization","@id":"https:\/\/www.modula.eu\/de\/#organization","name":"Modula","url":"https:\/\/www.modula.eu\/de\/","logo":{"@type":"ImageObject","inLanguage":"de","@id":"https:\/\/www.modula.eu\/de\/#\/schema\/logo\/image\/","url":"https:\/\/www.modula.eu\/wp-content\/uploads\/2022\/12\/Modula-logo.jpg","contentUrl":"https:\/\/www.modula.eu\/wp-content\/uploads\/2022\/12\/Modula-logo.jpg","width":759,"height":512,"caption":"Modula"},"image":{"@id":"https:\/\/www.modula.eu\/de\/#\/schema\/logo\/image\/"}}]}},"_links":{"self":[{"href":"https:\/\/www.modula.eu\/de\/wp-json\/wp\/v2\/pages\/43340","targetHints":{"allow":["GET"]}}],"collection":[{"href":"https:\/\/www.modula.eu\/de\/wp-json\/wp\/v2\/pages"}],"about":[{"href":"https:\/\/www.modula.eu\/de\/wp-json\/wp\/v2\/types\/page"}],"author":[{"embeddable":true,"href":"https:\/\/www.modula.eu\/de\/wp-json\/wp\/v2\/users\/1"}],"replies":[{"embeddable":true,"href":"https:\/\/www.modula.eu\/de\/wp-json\/wp\/v2\/comments?post=43340"}],"version-history":[{"count":0,"href":"https:\/\/www.modula.eu\/de\/wp-json\/wp\/v2\/pages\/43340\/revisions"}],"up":[{"embeddable":true,"href":"https:\/\/www.modula.eu\/de\/wp-json\/wp\/v2\/pages\/7827"}],"wp:attachment":[{"href":"https:\/\/www.modula.eu\/de\/wp-json\/wp\/v2\/media?parent=43340"}],"curies":[{"name":"wp","href":"https:\/\/api.w.org\/{rel}","templated":true}]}}