{"id":44937,"date":"2024-12-19T12:18:11","date_gmt":"2024-12-19T11:18:11","guid":{"rendered":"https:\/\/www.modula.eu\/case-studies\/verpackungsbranche\/erli-enterprises-limited\/"},"modified":"2025-06-17T16:00:09","modified_gmt":"2025-06-17T14:00:09","slug":"erli-enterprises-limited","status":"publish","type":"page","link":"https:\/\/www.modula.eu\/de\/case-studies\/verpackungsbranche\/erli-enterprises-limited\/","title":{"rendered":"Erli Enterprises Limited"},"content":{"rendered":"","protected":false},"excerpt":{"rendered":"","protected":false},"author":1,"featured_media":44931,"parent":10346,"menu_order":1,"comment_status":"closed","ping_status":"closed","template":"case.php","meta":{"_acf_changed":false,"inline_featured_image":false,"mapsvg_location":"","footnotes":""},"class_list":["post-44937","page","type-page","status-publish","has-post-thumbnail","hentry"],"acf":[],"yoast_head":"<!-- This site is optimized with the Yoast SEO plugin v27.3 - https:\/\/yoast.com\/product\/yoast-seo-wordpress\/ -->\n<title>Modula Automatisierte Lagerh\u00e4user Verpackungssektor: Erli Enterprises Limited<\/title>\n<meta name=\"description\" content=\"In einem wettbewerbsintensiven Markt wie dem Einzelhandel, in dem es auf Pr\u00e4zision und Schnelligkeit ankommt, entschied sich Erli Enterprises Limited, ein f\u00fchrendes Unternehmen mit Sitz in Takahina, f\u00fcr Modula, um seine Lagerwirtschaft zu verbessern und einen \u00fcberragenden Kundenservice zu realisieren.\" \/>\n<meta name=\"robots\" content=\"index, follow, max-snippet:-1, max-image-preview:large, max-video-preview:-1\" \/>\n<link rel=\"canonical\" href=\"https:\/\/www.modula.eu\/de\/case-studies\/verpackungsbranche\/erli-enterprises-limited\/\" \/>\n<meta property=\"og:locale\" content=\"de_DE\" \/>\n<meta property=\"og:type\" content=\"article\" \/>\n<meta property=\"og:title\" content=\"Modula Automatisierte Lagerh\u00e4user Verpackungssektor: Erli Enterprises Limited\" \/>\n<meta property=\"og:description\" content=\"In einem wettbewerbsintensiven Markt wie dem Einzelhandel, in dem es auf Pr\u00e4zision und Schnelligkeit ankommt, entschied sich Erli Enterprises Limited, ein f\u00fchrendes Unternehmen mit Sitz in Takahina, f\u00fcr Modula, um seine Lagerwirtschaft zu verbessern und einen \u00fcberragenden Kundenservice zu realisieren.\" \/>\n<meta property=\"og:url\" content=\"https:\/\/www.modula.eu\/de\/case-studies\/verpackungsbranche\/erli-enterprises-limited\/\" \/>\n<meta property=\"og:site_name\" content=\"Modula\" \/>\n<meta property=\"article:modified_time\" content=\"2025-06-17T14:00:09+00:00\" \/>\n<meta property=\"og:image\" content=\"https:\/\/www.modula.eu\/wp-content\/uploads\/2024\/12\/Erli-Enterprises-Limited.png\" \/>\n\t<meta property=\"og:image:width\" content=\"1924\" \/>\n\t<meta property=\"og:image:height\" content=\"1032\" \/>\n\t<meta property=\"og:image:type\" content=\"image\/png\" \/>\n<meta name=\"twitter:card\" content=\"summary_large_image\" \/>\n<script type=\"application\/ld+json\" class=\"yoast-schema-graph\">{\"@context\":\"https:\\\/\\\/schema.org\",\"@graph\":[{\"@type\":\"WebPage\",\"@id\":\"https:\\\/\\\/www.modula.eu\\\/de\\\/case-studies\\\/verpackungsbranche\\\/erli-enterprises-limited\\\/\",\"url\":\"https:\\\/\\\/www.modula.eu\\\/de\\\/case-studies\\\/verpackungsbranche\\\/erli-enterprises-limited\\\/\",\"name\":\"Modula Automatisierte Lagerh\u00e4user Verpackungssektor: Erli Enterprises Limited\",\"isPartOf\":{\"@id\":\"https:\\\/\\\/www.modula.eu\\\/de\\\/#website\"},\"primaryImageOfPage\":{\"@id\":\"https:\\\/\\\/www.modula.eu\\\/de\\\/case-studies\\\/verpackungsbranche\\\/erli-enterprises-limited\\\/#primaryimage\"},\"image\":{\"@id\":\"https:\\\/\\\/www.modula.eu\\\/de\\\/case-studies\\\/verpackungsbranche\\\/erli-enterprises-limited\\\/#primaryimage\"},\"thumbnailUrl\":\"https:\\\/\\\/www.modula.eu\\\/wp-content\\\/uploads\\\/2024\\\/12\\\/Erli-Enterprises-Limited.png\",\"datePublished\":\"2024-12-19T11:18:11+00:00\",\"dateModified\":\"2025-06-17T14:00:09+00:00\",\"description\":\"In einem wettbewerbsintensiven Markt wie dem Einzelhandel, in dem es auf Pr\u00e4zision und Schnelligkeit ankommt, entschied sich Erli Enterprises Limited, ein f\u00fchrendes Unternehmen mit Sitz in Takahina, f\u00fcr Modula, um seine Lagerwirtschaft zu verbessern und einen \u00fcberragenden Kundenservice zu realisieren.\",\"breadcrumb\":{\"@id\":\"https:\\\/\\\/www.modula.eu\\\/de\\\/case-studies\\\/verpackungsbranche\\\/erli-enterprises-limited\\\/#breadcrumb\"},\"inLanguage\":\"de\",\"potentialAction\":[{\"@type\":\"ReadAction\",\"target\":[\"https:\\\/\\\/www.modula.eu\\\/de\\\/case-studies\\\/verpackungsbranche\\\/erli-enterprises-limited\\\/\"]}]},{\"@type\":\"ImageObject\",\"inLanguage\":\"de\",\"@id\":\"https:\\\/\\\/www.modula.eu\\\/de\\\/case-studies\\\/verpackungsbranche\\\/erli-enterprises-limited\\\/#primaryimage\",\"url\":\"https:\\\/\\\/www.modula.eu\\\/wp-content\\\/uploads\\\/2024\\\/12\\\/Erli-Enterprises-Limited.png\",\"contentUrl\":\"https:\\\/\\\/www.modula.eu\\\/wp-content\\\/uploads\\\/2024\\\/12\\\/Erli-Enterprises-Limited.png\",\"width\":1924,\"height\":1032},{\"@type\":\"BreadcrumbList\",\"@id\":\"https:\\\/\\\/www.modula.eu\\\/de\\\/case-studies\\\/verpackungsbranche\\\/erli-enterprises-limited\\\/#breadcrumb\",\"itemListElement\":[{\"@type\":\"ListItem\",\"position\":1,\"name\":\"Home\",\"item\":\"https:\\\/\\\/www.modula.eu\\\/de\\\/\"},{\"@type\":\"ListItem\",\"position\":2,\"name\":\"Fallstudien\",\"item\":\"https:\\\/\\\/www.modula.eu\\\/de\\\/case-studies\\\/\"},{\"@type\":\"ListItem\",\"position\":3,\"name\":\"Verpackungsbranche\",\"item\":\"https:\\\/\\\/www.modula.eu\\\/de\\\/case-studies\\\/verpackungsbranche\\\/\"},{\"@type\":\"ListItem\",\"position\":4,\"name\":\"Erli Enterprises Limited\"}]},{\"@type\":\"WebSite\",\"@id\":\"https:\\\/\\\/www.modula.eu\\\/de\\\/#website\",\"url\":\"https:\\\/\\\/www.modula.eu\\\/de\\\/\",\"name\":\"Modula\",\"description\":\"Think Vertical\",\"publisher\":{\"@id\":\"https:\\\/\\\/www.modula.eu\\\/de\\\/#organization\"},\"potentialAction\":[{\"@type\":\"SearchAction\",\"target\":{\"@type\":\"EntryPoint\",\"urlTemplate\":\"https:\\\/\\\/www.modula.eu\\\/de\\\/?s={search_term_string}\"},\"query-input\":{\"@type\":\"PropertyValueSpecification\",\"valueRequired\":true,\"valueName\":\"search_term_string\"}}],\"inLanguage\":\"de\"},{\"@type\":\"Organization\",\"@id\":\"https:\\\/\\\/www.modula.eu\\\/de\\\/#organization\",\"name\":\"Modula\",\"url\":\"https:\\\/\\\/www.modula.eu\\\/de\\\/\",\"logo\":{\"@type\":\"ImageObject\",\"inLanguage\":\"de\",\"@id\":\"https:\\\/\\\/www.modula.eu\\\/de\\\/#\\\/schema\\\/logo\\\/image\\\/\",\"url\":\"https:\\\/\\\/www.modula.eu\\\/wp-content\\\/uploads\\\/2022\\\/12\\\/Modula-logo.jpg\",\"contentUrl\":\"https:\\\/\\\/www.modula.eu\\\/wp-content\\\/uploads\\\/2022\\\/12\\\/Modula-logo.jpg\",\"width\":759,\"height\":512,\"caption\":\"Modula\"},\"image\":{\"@id\":\"https:\\\/\\\/www.modula.eu\\\/de\\\/#\\\/schema\\\/logo\\\/image\\\/\"}}]}<\/script>\n<!-- \/ Yoast SEO plugin. -->","yoast_head_json":{"title":"Modula Automatisierte Lagerh\u00e4user Verpackungssektor: Erli Enterprises Limited","description":"In einem wettbewerbsintensiven Markt wie dem Einzelhandel, in dem es auf Pr\u00e4zision und Schnelligkeit ankommt, entschied sich Erli Enterprises Limited, ein f\u00fchrendes Unternehmen mit Sitz in Takahina, f\u00fcr Modula, um seine Lagerwirtschaft zu verbessern und einen \u00fcberragenden Kundenservice zu realisieren.","robots":{"index":"index","follow":"follow","max-snippet":"max-snippet:-1","max-image-preview":"max-image-preview:large","max-video-preview":"max-video-preview:-1"},"canonical":"https:\/\/www.modula.eu\/de\/case-studies\/verpackungsbranche\/erli-enterprises-limited\/","og_locale":"de_DE","og_type":"article","og_title":"Modula Automatisierte Lagerh\u00e4user Verpackungssektor: Erli Enterprises Limited","og_description":"In einem wettbewerbsintensiven Markt wie dem Einzelhandel, in dem es auf Pr\u00e4zision und Schnelligkeit ankommt, entschied sich Erli Enterprises Limited, ein f\u00fchrendes Unternehmen mit Sitz in Takahina, f\u00fcr Modula, um seine Lagerwirtschaft zu verbessern und einen \u00fcberragenden Kundenservice zu realisieren.","og_url":"https:\/\/www.modula.eu\/de\/case-studies\/verpackungsbranche\/erli-enterprises-limited\/","og_site_name":"Modula","article_modified_time":"2025-06-17T14:00:09+00:00","og_image":[{"width":1924,"height":1032,"url":"https:\/\/www.modula.eu\/wp-content\/uploads\/2024\/12\/Erli-Enterprises-Limited.png","type":"image\/png"}],"twitter_card":"summary_large_image","schema":{"@context":"https:\/\/schema.org","@graph":[{"@type":"WebPage","@id":"https:\/\/www.modula.eu\/de\/case-studies\/verpackungsbranche\/erli-enterprises-limited\/","url":"https:\/\/www.modula.eu\/de\/case-studies\/verpackungsbranche\/erli-enterprises-limited\/","name":"Modula Automatisierte Lagerh\u00e4user Verpackungssektor: Erli Enterprises Limited","isPartOf":{"@id":"https:\/\/www.modula.eu\/de\/#website"},"primaryImageOfPage":{"@id":"https:\/\/www.modula.eu\/de\/case-studies\/verpackungsbranche\/erli-enterprises-limited\/#primaryimage"},"image":{"@id":"https:\/\/www.modula.eu\/de\/case-studies\/verpackungsbranche\/erli-enterprises-limited\/#primaryimage"},"thumbnailUrl":"https:\/\/www.modula.eu\/wp-content\/uploads\/2024\/12\/Erli-Enterprises-Limited.png","datePublished":"2024-12-19T11:18:11+00:00","dateModified":"2025-06-17T14:00:09+00:00","description":"In einem wettbewerbsintensiven Markt wie dem Einzelhandel, in dem es auf Pr\u00e4zision und Schnelligkeit ankommt, entschied sich Erli Enterprises Limited, ein f\u00fchrendes Unternehmen mit Sitz in Takahina, f\u00fcr Modula, um seine Lagerwirtschaft zu verbessern und einen \u00fcberragenden Kundenservice zu realisieren.","breadcrumb":{"@id":"https:\/\/www.modula.eu\/de\/case-studies\/verpackungsbranche\/erli-enterprises-limited\/#breadcrumb"},"inLanguage":"de","potentialAction":[{"@type":"ReadAction","target":["https:\/\/www.modula.eu\/de\/case-studies\/verpackungsbranche\/erli-enterprises-limited\/"]}]},{"@type":"ImageObject","inLanguage":"de","@id":"https:\/\/www.modula.eu\/de\/case-studies\/verpackungsbranche\/erli-enterprises-limited\/#primaryimage","url":"https:\/\/www.modula.eu\/wp-content\/uploads\/2024\/12\/Erli-Enterprises-Limited.png","contentUrl":"https:\/\/www.modula.eu\/wp-content\/uploads\/2024\/12\/Erli-Enterprises-Limited.png","width":1924,"height":1032},{"@type":"BreadcrumbList","@id":"https:\/\/www.modula.eu\/de\/case-studies\/verpackungsbranche\/erli-enterprises-limited\/#breadcrumb","itemListElement":[{"@type":"ListItem","position":1,"name":"Home","item":"https:\/\/www.modula.eu\/de\/"},{"@type":"ListItem","position":2,"name":"Fallstudien","item":"https:\/\/www.modula.eu\/de\/case-studies\/"},{"@type":"ListItem","position":3,"name":"Verpackungsbranche","item":"https:\/\/www.modula.eu\/de\/case-studies\/verpackungsbranche\/"},{"@type":"ListItem","position":4,"name":"Erli Enterprises Limited"}]},{"@type":"WebSite","@id":"https:\/\/www.modula.eu\/de\/#website","url":"https:\/\/www.modula.eu\/de\/","name":"Modula","description":"Think Vertical","publisher":{"@id":"https:\/\/www.modula.eu\/de\/#organization"},"potentialAction":[{"@type":"SearchAction","target":{"@type":"EntryPoint","urlTemplate":"https:\/\/www.modula.eu\/de\/?s={search_term_string}"},"query-input":{"@type":"PropertyValueSpecification","valueRequired":true,"valueName":"search_term_string"}}],"inLanguage":"de"},{"@type":"Organization","@id":"https:\/\/www.modula.eu\/de\/#organization","name":"Modula","url":"https:\/\/www.modula.eu\/de\/","logo":{"@type":"ImageObject","inLanguage":"de","@id":"https:\/\/www.modula.eu\/de\/#\/schema\/logo\/image\/","url":"https:\/\/www.modula.eu\/wp-content\/uploads\/2022\/12\/Modula-logo.jpg","contentUrl":"https:\/\/www.modula.eu\/wp-content\/uploads\/2022\/12\/Modula-logo.jpg","width":759,"height":512,"caption":"Modula"},"image":{"@id":"https:\/\/www.modula.eu\/de\/#\/schema\/logo\/image\/"}}]}},"_links":{"self":[{"href":"https:\/\/www.modula.eu\/de\/wp-json\/wp\/v2\/pages\/44937","targetHints":{"allow":["GET"]}}],"collection":[{"href":"https:\/\/www.modula.eu\/de\/wp-json\/wp\/v2\/pages"}],"about":[{"href":"https:\/\/www.modula.eu\/de\/wp-json\/wp\/v2\/types\/page"}],"author":[{"embeddable":true,"href":"https:\/\/www.modula.eu\/de\/wp-json\/wp\/v2\/users\/1"}],"replies":[{"embeddable":true,"href":"https:\/\/www.modula.eu\/de\/wp-json\/wp\/v2\/comments?post=44937"}],"version-history":[{"count":0,"href":"https:\/\/www.modula.eu\/de\/wp-json\/wp\/v2\/pages\/44937\/revisions"}],"up":[{"embeddable":true,"href":"https:\/\/www.modula.eu\/de\/wp-json\/wp\/v2\/pages\/10346"}],"wp:featuredmedia":[{"embeddable":true,"href":"https:\/\/www.modula.eu\/de\/wp-json\/wp\/v2\/media\/44931"}],"wp:attachment":[{"href":"https:\/\/www.modula.eu\/de\/wp-json\/wp\/v2\/media?parent=44937"}],"curies":[{"name":"wp","href":"https:\/\/api.w.org\/{rel}","templated":true}]}}