{"id":44982,"date":"2024-12-19T14:21:13","date_gmt":"2024-12-19T13:21:13","guid":{"rendered":"https:\/\/www.modula.eu\/case-studies\/maschinenbaubranche\/jiangsu-tuochuang-scientific-research-instrument\/"},"modified":"2025-01-15T13:39:17","modified_gmt":"2025-01-15T12:39:17","slug":"jiangsu-tuochuang-scientific-research-instrument","status":"publish","type":"page","link":"https:\/\/www.modula.eu\/de\/case-studies\/pneumatik-hydrauliksektor\/jiangsu-tuochuang-scientific-research-instrument\/","title":{"rendered":"Jiangsu Tuochuang Scientific Research Instrument"},"content":{"rendered":"","protected":false},"excerpt":{"rendered":"","protected":false},"author":1,"featured_media":44977,"parent":10316,"menu_order":1,"comment_status":"closed","ping_status":"closed","template":"case.php","meta":{"_acf_changed":false,"inline_featured_image":false,"mapsvg_location":"","footnotes":""},"class_list":["post-44982","page","type-page","status-publish","has-post-thumbnail","hentry"],"acf":[],"yoast_head":"<!-- This site is optimized with the Yoast SEO plugin v27.3 - https:\/\/yoast.com\/product\/yoast-seo-wordpress\/ -->\n<title>Modula Automatisierte Lagerh\u00e4user Mechanischer Sektor: Jiangsu Tuochuang Scientific Research Instrument<\/title>\n<meta name=\"description\" content=\"Jiangsu Tuochuang Scientific Research Instrument Co., Ltd, ein auf die Herstellung von L\u00fcftern und wissenschaftlicher Forschungstechnik spezialisiertes Unternehmen, hat sich f\u00fcr die vertikalen Lagersystemmodule (VLMs) von Modula entschieden, um seine Lagerungs- und Verwaltungskapazit\u00e4ten zu verbessern. Derzeit hat das Unternehmen in seinem Werk in Haian drei Modula-Lager mit Doppel-Entnahmestelle installiert, die mit fortschrittlicher Pick &amp; Place-Technologie ausgestattet sind.\" \/>\n<meta name=\"robots\" content=\"index, follow, max-snippet:-1, max-image-preview:large, max-video-preview:-1\" \/>\n<link rel=\"canonical\" href=\"https:\/\/www.modula.eu\/de\/case-studies\/pneumatik-hydrauliksektor\/jiangsu-tuochuang-scientific-research-instrument\/\" \/>\n<meta property=\"og:locale\" content=\"de_DE\" \/>\n<meta property=\"og:type\" content=\"article\" \/>\n<meta property=\"og:title\" content=\"Modula Automatisierte Lagerh\u00e4user Mechanischer Sektor: Jiangsu Tuochuang Scientific Research Instrument\" \/>\n<meta property=\"og:description\" content=\"Jiangsu Tuochuang Scientific Research Instrument Co., Ltd, ein auf die Herstellung von L\u00fcftern und wissenschaftlicher Forschungstechnik spezialisiertes Unternehmen, hat sich f\u00fcr die vertikalen Lagersystemmodule (VLMs) von Modula entschieden, um seine Lagerungs- und Verwaltungskapazit\u00e4ten zu verbessern. Derzeit hat das Unternehmen in seinem Werk in Haian drei Modula-Lager mit Doppel-Entnahmestelle installiert, die mit fortschrittlicher Pick &amp; Place-Technologie ausgestattet sind.\" \/>\n<meta property=\"og:url\" content=\"https:\/\/www.modula.eu\/de\/case-studies\/pneumatik-hydrauliksektor\/jiangsu-tuochuang-scientific-research-instrument\/\" \/>\n<meta property=\"og:site_name\" content=\"Modula\" \/>\n<meta property=\"article:modified_time\" content=\"2025-01-15T12:39:17+00:00\" \/>\n<meta property=\"og:image\" content=\"https:\/\/www.modula.eu\/wp-content\/uploads\/2024\/12\/Screenshot-2024-12-19-alle-14.24.11.png\" \/>\n\t<meta property=\"og:image:width\" content=\"2008\" \/>\n\t<meta property=\"og:image:height\" content=\"1018\" \/>\n\t<meta property=\"og:image:type\" content=\"image\/png\" \/>\n<meta name=\"twitter:card\" content=\"summary_large_image\" \/>\n<script type=\"application\/ld+json\" class=\"yoast-schema-graph\">{\"@context\":\"https:\\\/\\\/schema.org\",\"@graph\":[{\"@type\":\"WebPage\",\"@id\":\"https:\\\/\\\/www.modula.eu\\\/de\\\/case-studies\\\/pneumatik-hydrauliksektor\\\/jiangsu-tuochuang-scientific-research-instrument\\\/\",\"url\":\"https:\\\/\\\/www.modula.eu\\\/de\\\/case-studies\\\/pneumatik-hydrauliksektor\\\/jiangsu-tuochuang-scientific-research-instrument\\\/\",\"name\":\"Modula Automatisierte Lagerh\u00e4user Mechanischer Sektor: Jiangsu Tuochuang Scientific Research Instrument\",\"isPartOf\":{\"@id\":\"https:\\\/\\\/www.modula.eu\\\/de\\\/#website\"},\"primaryImageOfPage\":{\"@id\":\"https:\\\/\\\/www.modula.eu\\\/de\\\/case-studies\\\/pneumatik-hydrauliksektor\\\/jiangsu-tuochuang-scientific-research-instrument\\\/#primaryimage\"},\"image\":{\"@id\":\"https:\\\/\\\/www.modula.eu\\\/de\\\/case-studies\\\/pneumatik-hydrauliksektor\\\/jiangsu-tuochuang-scientific-research-instrument\\\/#primaryimage\"},\"thumbnailUrl\":\"https:\\\/\\\/www.modula.eu\\\/wp-content\\\/uploads\\\/2024\\\/12\\\/Screenshot-2024-12-19-alle-14.24.11.png\",\"datePublished\":\"2024-12-19T13:21:13+00:00\",\"dateModified\":\"2025-01-15T12:39:17+00:00\",\"description\":\"Jiangsu Tuochuang Scientific Research Instrument Co., Ltd, ein auf die Herstellung von L\u00fcftern und wissenschaftlicher Forschungstechnik spezialisiertes Unternehmen, hat sich f\u00fcr die vertikalen Lagersystemmodule (VLMs) von Modula entschieden, um seine Lagerungs- und Verwaltungskapazit\u00e4ten zu verbessern. Derzeit hat das Unternehmen in seinem Werk in Haian drei Modula-Lager mit Doppel-Entnahmestelle installiert, die mit fortschrittlicher Pick & Place-Technologie ausgestattet sind.\",\"breadcrumb\":{\"@id\":\"https:\\\/\\\/www.modula.eu\\\/de\\\/case-studies\\\/pneumatik-hydrauliksektor\\\/jiangsu-tuochuang-scientific-research-instrument\\\/#breadcrumb\"},\"inLanguage\":\"de\",\"potentialAction\":[{\"@type\":\"ReadAction\",\"target\":[\"https:\\\/\\\/www.modula.eu\\\/de\\\/case-studies\\\/pneumatik-hydrauliksektor\\\/jiangsu-tuochuang-scientific-research-instrument\\\/\"]}]},{\"@type\":\"ImageObject\",\"inLanguage\":\"de\",\"@id\":\"https:\\\/\\\/www.modula.eu\\\/de\\\/case-studies\\\/pneumatik-hydrauliksektor\\\/jiangsu-tuochuang-scientific-research-instrument\\\/#primaryimage\",\"url\":\"https:\\\/\\\/www.modula.eu\\\/wp-content\\\/uploads\\\/2024\\\/12\\\/Screenshot-2024-12-19-alle-14.24.11.png\",\"contentUrl\":\"https:\\\/\\\/www.modula.eu\\\/wp-content\\\/uploads\\\/2024\\\/12\\\/Screenshot-2024-12-19-alle-14.24.11.png\",\"width\":2008,\"height\":1018},{\"@type\":\"BreadcrumbList\",\"@id\":\"https:\\\/\\\/www.modula.eu\\\/de\\\/case-studies\\\/pneumatik-hydrauliksektor\\\/jiangsu-tuochuang-scientific-research-instrument\\\/#breadcrumb\",\"itemListElement\":[{\"@type\":\"ListItem\",\"position\":1,\"name\":\"Home\",\"item\":\"https:\\\/\\\/www.modula.eu\\\/de\\\/\"},{\"@type\":\"ListItem\",\"position\":2,\"name\":\"Fallstudien\",\"item\":\"https:\\\/\\\/www.modula.eu\\\/de\\\/case-studies\\\/\"},{\"@type\":\"ListItem\",\"position\":3,\"name\":\"Pneumatik \\\/ Hydrauliksektor\",\"item\":\"https:\\\/\\\/www.modula.eu\\\/de\\\/case-studies\\\/pneumatik-hydrauliksektor\\\/\"},{\"@type\":\"ListItem\",\"position\":4,\"name\":\"Jiangsu Tuochuang Scientific Research Instrument\"}]},{\"@type\":\"WebSite\",\"@id\":\"https:\\\/\\\/www.modula.eu\\\/de\\\/#website\",\"url\":\"https:\\\/\\\/www.modula.eu\\\/de\\\/\",\"name\":\"Modula\",\"description\":\"Think Vertical\",\"publisher\":{\"@id\":\"https:\\\/\\\/www.modula.eu\\\/de\\\/#organization\"},\"potentialAction\":[{\"@type\":\"SearchAction\",\"target\":{\"@type\":\"EntryPoint\",\"urlTemplate\":\"https:\\\/\\\/www.modula.eu\\\/de\\\/?s={search_term_string}\"},\"query-input\":{\"@type\":\"PropertyValueSpecification\",\"valueRequired\":true,\"valueName\":\"search_term_string\"}}],\"inLanguage\":\"de\"},{\"@type\":\"Organization\",\"@id\":\"https:\\\/\\\/www.modula.eu\\\/de\\\/#organization\",\"name\":\"Modula\",\"url\":\"https:\\\/\\\/www.modula.eu\\\/de\\\/\",\"logo\":{\"@type\":\"ImageObject\",\"inLanguage\":\"de\",\"@id\":\"https:\\\/\\\/www.modula.eu\\\/de\\\/#\\\/schema\\\/logo\\\/image\\\/\",\"url\":\"https:\\\/\\\/www.modula.eu\\\/wp-content\\\/uploads\\\/2022\\\/12\\\/Modula-logo.jpg\",\"contentUrl\":\"https:\\\/\\\/www.modula.eu\\\/wp-content\\\/uploads\\\/2022\\\/12\\\/Modula-logo.jpg\",\"width\":759,\"height\":512,\"caption\":\"Modula\"},\"image\":{\"@id\":\"https:\\\/\\\/www.modula.eu\\\/de\\\/#\\\/schema\\\/logo\\\/image\\\/\"}}]}<\/script>\n<!-- \/ Yoast SEO plugin. -->","yoast_head_json":{"title":"Modula Automatisierte Lagerh\u00e4user Mechanischer Sektor: Jiangsu Tuochuang Scientific Research Instrument","description":"Jiangsu Tuochuang Scientific Research Instrument Co., Ltd, ein auf die Herstellung von L\u00fcftern und wissenschaftlicher Forschungstechnik spezialisiertes Unternehmen, hat sich f\u00fcr die vertikalen Lagersystemmodule (VLMs) von Modula entschieden, um seine Lagerungs- und Verwaltungskapazit\u00e4ten zu verbessern. Derzeit hat das Unternehmen in seinem Werk in Haian drei Modula-Lager mit Doppel-Entnahmestelle installiert, die mit fortschrittlicher Pick & Place-Technologie ausgestattet sind.","robots":{"index":"index","follow":"follow","max-snippet":"max-snippet:-1","max-image-preview":"max-image-preview:large","max-video-preview":"max-video-preview:-1"},"canonical":"https:\/\/www.modula.eu\/de\/case-studies\/pneumatik-hydrauliksektor\/jiangsu-tuochuang-scientific-research-instrument\/","og_locale":"de_DE","og_type":"article","og_title":"Modula Automatisierte Lagerh\u00e4user Mechanischer Sektor: Jiangsu Tuochuang Scientific Research Instrument","og_description":"Jiangsu Tuochuang Scientific Research Instrument Co., Ltd, ein auf die Herstellung von L\u00fcftern und wissenschaftlicher Forschungstechnik spezialisiertes Unternehmen, hat sich f\u00fcr die vertikalen Lagersystemmodule (VLMs) von Modula entschieden, um seine Lagerungs- und Verwaltungskapazit\u00e4ten zu verbessern. Derzeit hat das Unternehmen in seinem Werk in Haian drei Modula-Lager mit Doppel-Entnahmestelle installiert, die mit fortschrittlicher Pick & Place-Technologie ausgestattet sind.","og_url":"https:\/\/www.modula.eu\/de\/case-studies\/pneumatik-hydrauliksektor\/jiangsu-tuochuang-scientific-research-instrument\/","og_site_name":"Modula","article_modified_time":"2025-01-15T12:39:17+00:00","og_image":[{"width":2008,"height":1018,"url":"https:\/\/www.modula.eu\/wp-content\/uploads\/2024\/12\/Screenshot-2024-12-19-alle-14.24.11.png","type":"image\/png"}],"twitter_card":"summary_large_image","schema":{"@context":"https:\/\/schema.org","@graph":[{"@type":"WebPage","@id":"https:\/\/www.modula.eu\/de\/case-studies\/pneumatik-hydrauliksektor\/jiangsu-tuochuang-scientific-research-instrument\/","url":"https:\/\/www.modula.eu\/de\/case-studies\/pneumatik-hydrauliksektor\/jiangsu-tuochuang-scientific-research-instrument\/","name":"Modula Automatisierte Lagerh\u00e4user Mechanischer Sektor: Jiangsu Tuochuang Scientific Research Instrument","isPartOf":{"@id":"https:\/\/www.modula.eu\/de\/#website"},"primaryImageOfPage":{"@id":"https:\/\/www.modula.eu\/de\/case-studies\/pneumatik-hydrauliksektor\/jiangsu-tuochuang-scientific-research-instrument\/#primaryimage"},"image":{"@id":"https:\/\/www.modula.eu\/de\/case-studies\/pneumatik-hydrauliksektor\/jiangsu-tuochuang-scientific-research-instrument\/#primaryimage"},"thumbnailUrl":"https:\/\/www.modula.eu\/wp-content\/uploads\/2024\/12\/Screenshot-2024-12-19-alle-14.24.11.png","datePublished":"2024-12-19T13:21:13+00:00","dateModified":"2025-01-15T12:39:17+00:00","description":"Jiangsu Tuochuang Scientific Research Instrument Co., Ltd, ein auf die Herstellung von L\u00fcftern und wissenschaftlicher Forschungstechnik spezialisiertes Unternehmen, hat sich f\u00fcr die vertikalen Lagersystemmodule (VLMs) von Modula entschieden, um seine Lagerungs- und Verwaltungskapazit\u00e4ten zu verbessern. Derzeit hat das Unternehmen in seinem Werk in Haian drei Modula-Lager mit Doppel-Entnahmestelle installiert, die mit fortschrittlicher Pick & Place-Technologie ausgestattet sind.","breadcrumb":{"@id":"https:\/\/www.modula.eu\/de\/case-studies\/pneumatik-hydrauliksektor\/jiangsu-tuochuang-scientific-research-instrument\/#breadcrumb"},"inLanguage":"de","potentialAction":[{"@type":"ReadAction","target":["https:\/\/www.modula.eu\/de\/case-studies\/pneumatik-hydrauliksektor\/jiangsu-tuochuang-scientific-research-instrument\/"]}]},{"@type":"ImageObject","inLanguage":"de","@id":"https:\/\/www.modula.eu\/de\/case-studies\/pneumatik-hydrauliksektor\/jiangsu-tuochuang-scientific-research-instrument\/#primaryimage","url":"https:\/\/www.modula.eu\/wp-content\/uploads\/2024\/12\/Screenshot-2024-12-19-alle-14.24.11.png","contentUrl":"https:\/\/www.modula.eu\/wp-content\/uploads\/2024\/12\/Screenshot-2024-12-19-alle-14.24.11.png","width":2008,"height":1018},{"@type":"BreadcrumbList","@id":"https:\/\/www.modula.eu\/de\/case-studies\/pneumatik-hydrauliksektor\/jiangsu-tuochuang-scientific-research-instrument\/#breadcrumb","itemListElement":[{"@type":"ListItem","position":1,"name":"Home","item":"https:\/\/www.modula.eu\/de\/"},{"@type":"ListItem","position":2,"name":"Fallstudien","item":"https:\/\/www.modula.eu\/de\/case-studies\/"},{"@type":"ListItem","position":3,"name":"Pneumatik \/ Hydrauliksektor","item":"https:\/\/www.modula.eu\/de\/case-studies\/pneumatik-hydrauliksektor\/"},{"@type":"ListItem","position":4,"name":"Jiangsu Tuochuang Scientific Research Instrument"}]},{"@type":"WebSite","@id":"https:\/\/www.modula.eu\/de\/#website","url":"https:\/\/www.modula.eu\/de\/","name":"Modula","description":"Think Vertical","publisher":{"@id":"https:\/\/www.modula.eu\/de\/#organization"},"potentialAction":[{"@type":"SearchAction","target":{"@type":"EntryPoint","urlTemplate":"https:\/\/www.modula.eu\/de\/?s={search_term_string}"},"query-input":{"@type":"PropertyValueSpecification","valueRequired":true,"valueName":"search_term_string"}}],"inLanguage":"de"},{"@type":"Organization","@id":"https:\/\/www.modula.eu\/de\/#organization","name":"Modula","url":"https:\/\/www.modula.eu\/de\/","logo":{"@type":"ImageObject","inLanguage":"de","@id":"https:\/\/www.modula.eu\/de\/#\/schema\/logo\/image\/","url":"https:\/\/www.modula.eu\/wp-content\/uploads\/2022\/12\/Modula-logo.jpg","contentUrl":"https:\/\/www.modula.eu\/wp-content\/uploads\/2022\/12\/Modula-logo.jpg","width":759,"height":512,"caption":"Modula"},"image":{"@id":"https:\/\/www.modula.eu\/de\/#\/schema\/logo\/image\/"}}]}},"_links":{"self":[{"href":"https:\/\/www.modula.eu\/de\/wp-json\/wp\/v2\/pages\/44982","targetHints":{"allow":["GET"]}}],"collection":[{"href":"https:\/\/www.modula.eu\/de\/wp-json\/wp\/v2\/pages"}],"about":[{"href":"https:\/\/www.modula.eu\/de\/wp-json\/wp\/v2\/types\/page"}],"author":[{"embeddable":true,"href":"https:\/\/www.modula.eu\/de\/wp-json\/wp\/v2\/users\/1"}],"replies":[{"embeddable":true,"href":"https:\/\/www.modula.eu\/de\/wp-json\/wp\/v2\/comments?post=44982"}],"version-history":[{"count":0,"href":"https:\/\/www.modula.eu\/de\/wp-json\/wp\/v2\/pages\/44982\/revisions"}],"up":[{"embeddable":true,"href":"https:\/\/www.modula.eu\/de\/wp-json\/wp\/v2\/pages\/10316"}],"wp:featuredmedia":[{"embeddable":true,"href":"https:\/\/www.modula.eu\/de\/wp-json\/wp\/v2\/media\/44977"}],"wp:attachment":[{"href":"https:\/\/www.modula.eu\/de\/wp-json\/wp\/v2\/media?parent=44982"}],"curies":[{"name":"wp","href":"https:\/\/api.w.org\/{rel}","templated":true}]}}