{"id":45001,"date":"2024-12-19T14:39:44","date_gmt":"2024-12-19T13:39:44","guid":{"rendered":"https:\/\/www.modula.eu\/case-studies\/elektronik-it-branche\/ningbo-supu-electronic\/"},"modified":"2025-01-15T14:00:04","modified_gmt":"2025-01-15T13:00:04","slug":"ningbo-supu-electronic","status":"publish","type":"page","link":"https:\/\/www.modula.eu\/de\/case-studies\/elektronik-it-branche\/ningbo-supu-electronic\/","title":{"rendered":"Ningbo Supu Electronic Co., Ltd"},"content":{"rendered":"","protected":false},"excerpt":{"rendered":"","protected":false},"author":1,"featured_media":44994,"parent":10183,"menu_order":2,"comment_status":"closed","ping_status":"closed","template":"case.php","meta":{"_acf_changed":false,"inline_featured_image":false,"mapsvg_location":"","footnotes":""},"class_list":["post-45001","page","type-page","status-publish","has-post-thumbnail","hentry"],"acf":[],"yoast_head":"<!-- This site is optimized with the Yoast SEO plugin v27.3 - https:\/\/yoast.com\/product\/yoast-seo-wordpress\/ -->\n<title>Modula-Lagerautomatisierung f\u00fcr elektronische: Ningbo Supu Electronic Co.<\/title>\n<meta name=\"description\" content=\"Das im Jahr 1999 gegr\u00fcndete Unternehmen Ningbo SUPU Electronic Co., Ltd. ist auf elektrische Steckverbinder spezialisiert und bietet umfassende L\u00f6sungen f\u00fcr elektrische Schaltschrank- und Ger\u00e4teverbinder. Das Unternehmen integriert Forschung und Entwicklung, Produktion, Vertrieb und Service und nimmt eine f\u00fchrende Position in der weltweiten Elektroindustrie ein.\" \/>\n<meta name=\"robots\" content=\"index, follow, max-snippet:-1, max-image-preview:large, max-video-preview:-1\" \/>\n<link rel=\"canonical\" href=\"https:\/\/www.modula.eu\/de\/case-studies\/elektronik-it-branche\/ningbo-supu-electronic\/\" \/>\n<meta property=\"og:locale\" content=\"de_DE\" \/>\n<meta property=\"og:type\" content=\"article\" \/>\n<meta property=\"og:title\" content=\"Modula-Lagerautomatisierung f\u00fcr elektronische: Ningbo Supu Electronic Co.\" \/>\n<meta property=\"og:description\" content=\"Das im Jahr 1999 gegr\u00fcndete Unternehmen Ningbo SUPU Electronic Co., Ltd. ist auf elektrische Steckverbinder spezialisiert und bietet umfassende L\u00f6sungen f\u00fcr elektrische Schaltschrank- und Ger\u00e4teverbinder. Das Unternehmen integriert Forschung und Entwicklung, Produktion, Vertrieb und Service und nimmt eine f\u00fchrende Position in der weltweiten Elektroindustrie ein.\" \/>\n<meta property=\"og:url\" content=\"https:\/\/www.modula.eu\/de\/case-studies\/elektronik-it-branche\/ningbo-supu-electronic\/\" \/>\n<meta property=\"og:site_name\" content=\"Modula\" \/>\n<meta property=\"article:modified_time\" content=\"2025-01-15T13:00:04+00:00\" \/>\n<meta property=\"og:image\" content=\"https:\/\/www.modula.eu\/wp-content\/uploads\/2024\/12\/Screenshot-2024-12-19-alle-14.46.01.png\" \/>\n\t<meta property=\"og:image:width\" content=\"2012\" \/>\n\t<meta property=\"og:image:height\" content=\"1032\" \/>\n\t<meta property=\"og:image:type\" content=\"image\/png\" \/>\n<meta name=\"twitter:card\" content=\"summary_large_image\" \/>\n<script type=\"application\/ld+json\" class=\"yoast-schema-graph\">{\"@context\":\"https:\\\/\\\/schema.org\",\"@graph\":[{\"@type\":\"WebPage\",\"@id\":\"https:\\\/\\\/www.modula.eu\\\/de\\\/case-studies\\\/elektronik-it-branche\\\/ningbo-supu-electronic\\\/\",\"url\":\"https:\\\/\\\/www.modula.eu\\\/de\\\/case-studies\\\/elektronik-it-branche\\\/ningbo-supu-electronic\\\/\",\"name\":\"Modula-Lagerautomatisierung f\u00fcr elektronische: Ningbo Supu Electronic Co.\",\"isPartOf\":{\"@id\":\"https:\\\/\\\/www.modula.eu\\\/de\\\/#website\"},\"primaryImageOfPage\":{\"@id\":\"https:\\\/\\\/www.modula.eu\\\/de\\\/case-studies\\\/elektronik-it-branche\\\/ningbo-supu-electronic\\\/#primaryimage\"},\"image\":{\"@id\":\"https:\\\/\\\/www.modula.eu\\\/de\\\/case-studies\\\/elektronik-it-branche\\\/ningbo-supu-electronic\\\/#primaryimage\"},\"thumbnailUrl\":\"https:\\\/\\\/www.modula.eu\\\/wp-content\\\/uploads\\\/2024\\\/12\\\/Screenshot-2024-12-19-alle-14.46.01.png\",\"datePublished\":\"2024-12-19T13:39:44+00:00\",\"dateModified\":\"2025-01-15T13:00:04+00:00\",\"description\":\"Das im Jahr 1999 gegr\u00fcndete Unternehmen Ningbo SUPU Electronic Co., Ltd. ist auf elektrische Steckverbinder spezialisiert und bietet umfassende L\u00f6sungen f\u00fcr elektrische Schaltschrank- und Ger\u00e4teverbinder. Das Unternehmen integriert Forschung und Entwicklung, Produktion, Vertrieb und Service und nimmt eine f\u00fchrende Position in der weltweiten Elektroindustrie ein.\",\"breadcrumb\":{\"@id\":\"https:\\\/\\\/www.modula.eu\\\/de\\\/case-studies\\\/elektronik-it-branche\\\/ningbo-supu-electronic\\\/#breadcrumb\"},\"inLanguage\":\"de\",\"potentialAction\":[{\"@type\":\"ReadAction\",\"target\":[\"https:\\\/\\\/www.modula.eu\\\/de\\\/case-studies\\\/elektronik-it-branche\\\/ningbo-supu-electronic\\\/\"]}]},{\"@type\":\"ImageObject\",\"inLanguage\":\"de\",\"@id\":\"https:\\\/\\\/www.modula.eu\\\/de\\\/case-studies\\\/elektronik-it-branche\\\/ningbo-supu-electronic\\\/#primaryimage\",\"url\":\"https:\\\/\\\/www.modula.eu\\\/wp-content\\\/uploads\\\/2024\\\/12\\\/Screenshot-2024-12-19-alle-14.46.01.png\",\"contentUrl\":\"https:\\\/\\\/www.modula.eu\\\/wp-content\\\/uploads\\\/2024\\\/12\\\/Screenshot-2024-12-19-alle-14.46.01.png\",\"width\":2012,\"height\":1032},{\"@type\":\"BreadcrumbList\",\"@id\":\"https:\\\/\\\/www.modula.eu\\\/de\\\/case-studies\\\/elektronik-it-branche\\\/ningbo-supu-electronic\\\/#breadcrumb\",\"itemListElement\":[{\"@type\":\"ListItem\",\"position\":1,\"name\":\"Home\",\"item\":\"https:\\\/\\\/www.modula.eu\\\/de\\\/\"},{\"@type\":\"ListItem\",\"position\":2,\"name\":\"Fallstudien\",\"item\":\"https:\\\/\\\/www.modula.eu\\\/de\\\/case-studies\\\/\"},{\"@type\":\"ListItem\",\"position\":3,\"name\":\"Elektronik \\\/ IT-Branche\",\"item\":\"https:\\\/\\\/www.modula.eu\\\/de\\\/case-studies\\\/elektronik-it-branche\\\/\"},{\"@type\":\"ListItem\",\"position\":4,\"name\":\"Ningbo Supu Electronic Co., Ltd\"}]},{\"@type\":\"WebSite\",\"@id\":\"https:\\\/\\\/www.modula.eu\\\/de\\\/#website\",\"url\":\"https:\\\/\\\/www.modula.eu\\\/de\\\/\",\"name\":\"Modula\",\"description\":\"Think Vertical\",\"publisher\":{\"@id\":\"https:\\\/\\\/www.modula.eu\\\/de\\\/#organization\"},\"potentialAction\":[{\"@type\":\"SearchAction\",\"target\":{\"@type\":\"EntryPoint\",\"urlTemplate\":\"https:\\\/\\\/www.modula.eu\\\/de\\\/?s={search_term_string}\"},\"query-input\":{\"@type\":\"PropertyValueSpecification\",\"valueRequired\":true,\"valueName\":\"search_term_string\"}}],\"inLanguage\":\"de\"},{\"@type\":\"Organization\",\"@id\":\"https:\\\/\\\/www.modula.eu\\\/de\\\/#organization\",\"name\":\"Modula\",\"url\":\"https:\\\/\\\/www.modula.eu\\\/de\\\/\",\"logo\":{\"@type\":\"ImageObject\",\"inLanguage\":\"de\",\"@id\":\"https:\\\/\\\/www.modula.eu\\\/de\\\/#\\\/schema\\\/logo\\\/image\\\/\",\"url\":\"https:\\\/\\\/www.modula.eu\\\/wp-content\\\/uploads\\\/2022\\\/12\\\/Modula-logo.jpg\",\"contentUrl\":\"https:\\\/\\\/www.modula.eu\\\/wp-content\\\/uploads\\\/2022\\\/12\\\/Modula-logo.jpg\",\"width\":759,\"height\":512,\"caption\":\"Modula\"},\"image\":{\"@id\":\"https:\\\/\\\/www.modula.eu\\\/de\\\/#\\\/schema\\\/logo\\\/image\\\/\"}}]}<\/script>\n<!-- \/ Yoast SEO plugin. -->","yoast_head_json":{"title":"Modula-Lagerautomatisierung f\u00fcr elektronische: Ningbo Supu Electronic Co.","description":"Das im Jahr 1999 gegr\u00fcndete Unternehmen Ningbo SUPU Electronic Co., Ltd. ist auf elektrische Steckverbinder spezialisiert und bietet umfassende L\u00f6sungen f\u00fcr elektrische Schaltschrank- und Ger\u00e4teverbinder. Das Unternehmen integriert Forschung und Entwicklung, Produktion, Vertrieb und Service und nimmt eine f\u00fchrende Position in der weltweiten Elektroindustrie ein.","robots":{"index":"index","follow":"follow","max-snippet":"max-snippet:-1","max-image-preview":"max-image-preview:large","max-video-preview":"max-video-preview:-1"},"canonical":"https:\/\/www.modula.eu\/de\/case-studies\/elektronik-it-branche\/ningbo-supu-electronic\/","og_locale":"de_DE","og_type":"article","og_title":"Modula-Lagerautomatisierung f\u00fcr elektronische: Ningbo Supu Electronic Co.","og_description":"Das im Jahr 1999 gegr\u00fcndete Unternehmen Ningbo SUPU Electronic Co., Ltd. ist auf elektrische Steckverbinder spezialisiert und bietet umfassende L\u00f6sungen f\u00fcr elektrische Schaltschrank- und Ger\u00e4teverbinder. Das Unternehmen integriert Forschung und Entwicklung, Produktion, Vertrieb und Service und nimmt eine f\u00fchrende Position in der weltweiten Elektroindustrie ein.","og_url":"https:\/\/www.modula.eu\/de\/case-studies\/elektronik-it-branche\/ningbo-supu-electronic\/","og_site_name":"Modula","article_modified_time":"2025-01-15T13:00:04+00:00","og_image":[{"width":2012,"height":1032,"url":"https:\/\/www.modula.eu\/wp-content\/uploads\/2024\/12\/Screenshot-2024-12-19-alle-14.46.01.png","type":"image\/png"}],"twitter_card":"summary_large_image","schema":{"@context":"https:\/\/schema.org","@graph":[{"@type":"WebPage","@id":"https:\/\/www.modula.eu\/de\/case-studies\/elektronik-it-branche\/ningbo-supu-electronic\/","url":"https:\/\/www.modula.eu\/de\/case-studies\/elektronik-it-branche\/ningbo-supu-electronic\/","name":"Modula-Lagerautomatisierung f\u00fcr elektronische: Ningbo Supu Electronic Co.","isPartOf":{"@id":"https:\/\/www.modula.eu\/de\/#website"},"primaryImageOfPage":{"@id":"https:\/\/www.modula.eu\/de\/case-studies\/elektronik-it-branche\/ningbo-supu-electronic\/#primaryimage"},"image":{"@id":"https:\/\/www.modula.eu\/de\/case-studies\/elektronik-it-branche\/ningbo-supu-electronic\/#primaryimage"},"thumbnailUrl":"https:\/\/www.modula.eu\/wp-content\/uploads\/2024\/12\/Screenshot-2024-12-19-alle-14.46.01.png","datePublished":"2024-12-19T13:39:44+00:00","dateModified":"2025-01-15T13:00:04+00:00","description":"Das im Jahr 1999 gegr\u00fcndete Unternehmen Ningbo SUPU Electronic Co., Ltd. ist auf elektrische Steckverbinder spezialisiert und bietet umfassende L\u00f6sungen f\u00fcr elektrische Schaltschrank- und Ger\u00e4teverbinder. Das Unternehmen integriert Forschung und Entwicklung, Produktion, Vertrieb und Service und nimmt eine f\u00fchrende Position in der weltweiten Elektroindustrie ein.","breadcrumb":{"@id":"https:\/\/www.modula.eu\/de\/case-studies\/elektronik-it-branche\/ningbo-supu-electronic\/#breadcrumb"},"inLanguage":"de","potentialAction":[{"@type":"ReadAction","target":["https:\/\/www.modula.eu\/de\/case-studies\/elektronik-it-branche\/ningbo-supu-electronic\/"]}]},{"@type":"ImageObject","inLanguage":"de","@id":"https:\/\/www.modula.eu\/de\/case-studies\/elektronik-it-branche\/ningbo-supu-electronic\/#primaryimage","url":"https:\/\/www.modula.eu\/wp-content\/uploads\/2024\/12\/Screenshot-2024-12-19-alle-14.46.01.png","contentUrl":"https:\/\/www.modula.eu\/wp-content\/uploads\/2024\/12\/Screenshot-2024-12-19-alle-14.46.01.png","width":2012,"height":1032},{"@type":"BreadcrumbList","@id":"https:\/\/www.modula.eu\/de\/case-studies\/elektronik-it-branche\/ningbo-supu-electronic\/#breadcrumb","itemListElement":[{"@type":"ListItem","position":1,"name":"Home","item":"https:\/\/www.modula.eu\/de\/"},{"@type":"ListItem","position":2,"name":"Fallstudien","item":"https:\/\/www.modula.eu\/de\/case-studies\/"},{"@type":"ListItem","position":3,"name":"Elektronik \/ IT-Branche","item":"https:\/\/www.modula.eu\/de\/case-studies\/elektronik-it-branche\/"},{"@type":"ListItem","position":4,"name":"Ningbo Supu Electronic Co., Ltd"}]},{"@type":"WebSite","@id":"https:\/\/www.modula.eu\/de\/#website","url":"https:\/\/www.modula.eu\/de\/","name":"Modula","description":"Think Vertical","publisher":{"@id":"https:\/\/www.modula.eu\/de\/#organization"},"potentialAction":[{"@type":"SearchAction","target":{"@type":"EntryPoint","urlTemplate":"https:\/\/www.modula.eu\/de\/?s={search_term_string}"},"query-input":{"@type":"PropertyValueSpecification","valueRequired":true,"valueName":"search_term_string"}}],"inLanguage":"de"},{"@type":"Organization","@id":"https:\/\/www.modula.eu\/de\/#organization","name":"Modula","url":"https:\/\/www.modula.eu\/de\/","logo":{"@type":"ImageObject","inLanguage":"de","@id":"https:\/\/www.modula.eu\/de\/#\/schema\/logo\/image\/","url":"https:\/\/www.modula.eu\/wp-content\/uploads\/2022\/12\/Modula-logo.jpg","contentUrl":"https:\/\/www.modula.eu\/wp-content\/uploads\/2022\/12\/Modula-logo.jpg","width":759,"height":512,"caption":"Modula"},"image":{"@id":"https:\/\/www.modula.eu\/de\/#\/schema\/logo\/image\/"}}]}},"_links":{"self":[{"href":"https:\/\/www.modula.eu\/de\/wp-json\/wp\/v2\/pages\/45001","targetHints":{"allow":["GET"]}}],"collection":[{"href":"https:\/\/www.modula.eu\/de\/wp-json\/wp\/v2\/pages"}],"about":[{"href":"https:\/\/www.modula.eu\/de\/wp-json\/wp\/v2\/types\/page"}],"author":[{"embeddable":true,"href":"https:\/\/www.modula.eu\/de\/wp-json\/wp\/v2\/users\/1"}],"replies":[{"embeddable":true,"href":"https:\/\/www.modula.eu\/de\/wp-json\/wp\/v2\/comments?post=45001"}],"version-history":[{"count":0,"href":"https:\/\/www.modula.eu\/de\/wp-json\/wp\/v2\/pages\/45001\/revisions"}],"up":[{"embeddable":true,"href":"https:\/\/www.modula.eu\/de\/wp-json\/wp\/v2\/pages\/10183"}],"wp:featuredmedia":[{"embeddable":true,"href":"https:\/\/www.modula.eu\/de\/wp-json\/wp\/v2\/media\/44994"}],"wp:attachment":[{"href":"https:\/\/www.modula.eu\/de\/wp-json\/wp\/v2\/media?parent=45001"}],"curies":[{"name":"wp","href":"https:\/\/api.w.org\/{rel}","templated":true}]}}