{"id":45022,"date":"2024-12-19T16:13:54","date_gmt":"2024-12-19T15:13:54","guid":{"rendered":"https:\/\/www.modula.eu\/case-studies\/logistikbranche-3pl\/ningbo-baolan\/"},"modified":"2025-01-15T14:13:10","modified_gmt":"2025-01-15T13:13:10","slug":"ningbo-baolan","status":"publish","type":"page","link":"https:\/\/www.modula.eu\/de\/case-studies\/logistikbranche-3pl\/ningbo-baolan\/","title":{"rendered":"Ningbo Baolan"},"content":{"rendered":"","protected":false},"excerpt":{"rendered":"","protected":false},"author":1,"featured_media":45017,"parent":10243,"menu_order":2,"comment_status":"closed","ping_status":"closed","template":"case.php","meta":{"_acf_changed":false,"inline_featured_image":false,"mapsvg_location":"","footnotes":""},"class_list":["post-45022","page","type-page","status-publish","has-post-thumbnail","hentry"],"acf":[],"yoast_head":"<!-- This site is optimized with the Yoast SEO plugin v27.3 - https:\/\/yoast.com\/product\/yoast-seo-wordpress\/ -->\n<title>Modula Warehouse Automation f\u00fcr Vertrieb und E-Commerce: Ningbo Baola<\/title>\n<meta name=\"description\" content=\"Ningbo Baolan wurde im Jahr 2005 gegr\u00fcndet und hat seinen Hauptsitz in Ningbo, Provinz Zhejiang. Mit knapp 20 Jahren Erfahrung ist das Unternehmen f\u00fchrend in der Logistikbranche. Das Unternehmen hat sich einen Namen in der Bereitstellung innovativer und intelligenter Logistikl\u00f6sungen f\u00fcr Kunden in ganz China gemacht und ist somit ein zuverl\u00e4ssiger Lieferant in der gesamten Branche.\" \/>\n<meta name=\"robots\" content=\"index, follow, max-snippet:-1, max-image-preview:large, max-video-preview:-1\" \/>\n<link rel=\"canonical\" href=\"https:\/\/www.modula.eu\/de\/case-studies\/logistikbranche-3pl\/ningbo-baolan\/\" \/>\n<meta property=\"og:locale\" content=\"de_DE\" \/>\n<meta property=\"og:type\" content=\"article\" \/>\n<meta property=\"og:title\" content=\"Modula Warehouse Automation f\u00fcr Vertrieb und E-Commerce: Ningbo Baola\" \/>\n<meta property=\"og:description\" content=\"Ningbo Baolan wurde im Jahr 2005 gegr\u00fcndet und hat seinen Hauptsitz in Ningbo, Provinz Zhejiang. Mit knapp 20 Jahren Erfahrung ist das Unternehmen f\u00fchrend in der Logistikbranche. Das Unternehmen hat sich einen Namen in der Bereitstellung innovativer und intelligenter Logistikl\u00f6sungen f\u00fcr Kunden in ganz China gemacht und ist somit ein zuverl\u00e4ssiger Lieferant in der gesamten Branche.\" \/>\n<meta property=\"og:url\" content=\"https:\/\/www.modula.eu\/de\/case-studies\/logistikbranche-3pl\/ningbo-baolan\/\" \/>\n<meta property=\"og:site_name\" content=\"Modula\" \/>\n<meta property=\"article:modified_time\" content=\"2025-01-15T13:13:10+00:00\" \/>\n<meta property=\"og:image\" content=\"https:\/\/www.modula.eu\/wp-content\/uploads\/2024\/12\/Screenshot-2024-12-19-alle-16.19.40-1024x559.png\" \/>\n\t<meta property=\"og:image:width\" content=\"1024\" \/>\n\t<meta property=\"og:image:height\" content=\"559\" \/>\n\t<meta property=\"og:image:type\" content=\"image\/png\" \/>\n<meta name=\"twitter:card\" content=\"summary_large_image\" \/>\n<script type=\"application\/ld+json\" class=\"yoast-schema-graph\">{\"@context\":\"https:\\\/\\\/schema.org\",\"@graph\":[{\"@type\":\"WebPage\",\"@id\":\"https:\\\/\\\/www.modula.eu\\\/de\\\/case-studies\\\/logistikbranche-3pl\\\/ningbo-baolan\\\/\",\"url\":\"https:\\\/\\\/www.modula.eu\\\/de\\\/case-studies\\\/logistikbranche-3pl\\\/ningbo-baolan\\\/\",\"name\":\"Modula Warehouse Automation f\u00fcr Vertrieb und E-Commerce: Ningbo Baola\",\"isPartOf\":{\"@id\":\"https:\\\/\\\/www.modula.eu\\\/de\\\/#website\"},\"primaryImageOfPage\":{\"@id\":\"https:\\\/\\\/www.modula.eu\\\/de\\\/case-studies\\\/logistikbranche-3pl\\\/ningbo-baolan\\\/#primaryimage\"},\"image\":{\"@id\":\"https:\\\/\\\/www.modula.eu\\\/de\\\/case-studies\\\/logistikbranche-3pl\\\/ningbo-baolan\\\/#primaryimage\"},\"thumbnailUrl\":\"https:\\\/\\\/www.modula.eu\\\/wp-content\\\/uploads\\\/2024\\\/12\\\/Screenshot-2024-12-19-alle-16.19.40.png\",\"datePublished\":\"2024-12-19T15:13:54+00:00\",\"dateModified\":\"2025-01-15T13:13:10+00:00\",\"description\":\"Ningbo Baolan wurde im Jahr 2005 gegr\u00fcndet und hat seinen Hauptsitz in Ningbo, Provinz Zhejiang. Mit knapp 20 Jahren Erfahrung ist das Unternehmen f\u00fchrend in der Logistikbranche. Das Unternehmen hat sich einen Namen in der Bereitstellung innovativer und intelligenter Logistikl\u00f6sungen f\u00fcr Kunden in ganz China gemacht und ist somit ein zuverl\u00e4ssiger Lieferant in der gesamten Branche.\",\"breadcrumb\":{\"@id\":\"https:\\\/\\\/www.modula.eu\\\/de\\\/case-studies\\\/logistikbranche-3pl\\\/ningbo-baolan\\\/#breadcrumb\"},\"inLanguage\":\"de\",\"potentialAction\":[{\"@type\":\"ReadAction\",\"target\":[\"https:\\\/\\\/www.modula.eu\\\/de\\\/case-studies\\\/logistikbranche-3pl\\\/ningbo-baolan\\\/\"]}]},{\"@type\":\"ImageObject\",\"inLanguage\":\"de\",\"@id\":\"https:\\\/\\\/www.modula.eu\\\/de\\\/case-studies\\\/logistikbranche-3pl\\\/ningbo-baolan\\\/#primaryimage\",\"url\":\"https:\\\/\\\/www.modula.eu\\\/wp-content\\\/uploads\\\/2024\\\/12\\\/Screenshot-2024-12-19-alle-16.19.40.png\",\"contentUrl\":\"https:\\\/\\\/www.modula.eu\\\/wp-content\\\/uploads\\\/2024\\\/12\\\/Screenshot-2024-12-19-alle-16.19.40.png\",\"width\":1890,\"height\":1032},{\"@type\":\"BreadcrumbList\",\"@id\":\"https:\\\/\\\/www.modula.eu\\\/de\\\/case-studies\\\/logistikbranche-3pl\\\/ningbo-baolan\\\/#breadcrumb\",\"itemListElement\":[{\"@type\":\"ListItem\",\"position\":1,\"name\":\"Home\",\"item\":\"https:\\\/\\\/www.modula.eu\\\/de\\\/\"},{\"@type\":\"ListItem\",\"position\":2,\"name\":\"Fallstudien\",\"item\":\"https:\\\/\\\/www.modula.eu\\\/de\\\/case-studies\\\/\"},{\"@type\":\"ListItem\",\"position\":3,\"name\":\"Logistikbranche \\\/ 3PL\",\"item\":\"https:\\\/\\\/www.modula.eu\\\/de\\\/case-studies\\\/logistikbranche-3pl\\\/\"},{\"@type\":\"ListItem\",\"position\":4,\"name\":\"Ningbo Baolan\"}]},{\"@type\":\"WebSite\",\"@id\":\"https:\\\/\\\/www.modula.eu\\\/de\\\/#website\",\"url\":\"https:\\\/\\\/www.modula.eu\\\/de\\\/\",\"name\":\"Modula\",\"description\":\"Think Vertical\",\"publisher\":{\"@id\":\"https:\\\/\\\/www.modula.eu\\\/de\\\/#organization\"},\"potentialAction\":[{\"@type\":\"SearchAction\",\"target\":{\"@type\":\"EntryPoint\",\"urlTemplate\":\"https:\\\/\\\/www.modula.eu\\\/de\\\/?s={search_term_string}\"},\"query-input\":{\"@type\":\"PropertyValueSpecification\",\"valueRequired\":true,\"valueName\":\"search_term_string\"}}],\"inLanguage\":\"de\"},{\"@type\":\"Organization\",\"@id\":\"https:\\\/\\\/www.modula.eu\\\/de\\\/#organization\",\"name\":\"Modula\",\"url\":\"https:\\\/\\\/www.modula.eu\\\/de\\\/\",\"logo\":{\"@type\":\"ImageObject\",\"inLanguage\":\"de\",\"@id\":\"https:\\\/\\\/www.modula.eu\\\/de\\\/#\\\/schema\\\/logo\\\/image\\\/\",\"url\":\"https:\\\/\\\/www.modula.eu\\\/wp-content\\\/uploads\\\/2022\\\/12\\\/Modula-logo.jpg\",\"contentUrl\":\"https:\\\/\\\/www.modula.eu\\\/wp-content\\\/uploads\\\/2022\\\/12\\\/Modula-logo.jpg\",\"width\":759,\"height\":512,\"caption\":\"Modula\"},\"image\":{\"@id\":\"https:\\\/\\\/www.modula.eu\\\/de\\\/#\\\/schema\\\/logo\\\/image\\\/\"}}]}<\/script>\n<!-- \/ Yoast SEO plugin. -->","yoast_head_json":{"title":"Modula Warehouse Automation f\u00fcr Vertrieb und E-Commerce: Ningbo Baola","description":"Ningbo Baolan wurde im Jahr 2005 gegr\u00fcndet und hat seinen Hauptsitz in Ningbo, Provinz Zhejiang. Mit knapp 20 Jahren Erfahrung ist das Unternehmen f\u00fchrend in der Logistikbranche. Das Unternehmen hat sich einen Namen in der Bereitstellung innovativer und intelligenter Logistikl\u00f6sungen f\u00fcr Kunden in ganz China gemacht und ist somit ein zuverl\u00e4ssiger Lieferant in der gesamten Branche.","robots":{"index":"index","follow":"follow","max-snippet":"max-snippet:-1","max-image-preview":"max-image-preview:large","max-video-preview":"max-video-preview:-1"},"canonical":"https:\/\/www.modula.eu\/de\/case-studies\/logistikbranche-3pl\/ningbo-baolan\/","og_locale":"de_DE","og_type":"article","og_title":"Modula Warehouse Automation f\u00fcr Vertrieb und E-Commerce: Ningbo Baola","og_description":"Ningbo Baolan wurde im Jahr 2005 gegr\u00fcndet und hat seinen Hauptsitz in Ningbo, Provinz Zhejiang. Mit knapp 20 Jahren Erfahrung ist das Unternehmen f\u00fchrend in der Logistikbranche. Das Unternehmen hat sich einen Namen in der Bereitstellung innovativer und intelligenter Logistikl\u00f6sungen f\u00fcr Kunden in ganz China gemacht und ist somit ein zuverl\u00e4ssiger Lieferant in der gesamten Branche.","og_url":"https:\/\/www.modula.eu\/de\/case-studies\/logistikbranche-3pl\/ningbo-baolan\/","og_site_name":"Modula","article_modified_time":"2025-01-15T13:13:10+00:00","og_image":[{"width":1024,"height":559,"url":"https:\/\/www.modula.eu\/wp-content\/uploads\/2024\/12\/Screenshot-2024-12-19-alle-16.19.40-1024x559.png","type":"image\/png"}],"twitter_card":"summary_large_image","schema":{"@context":"https:\/\/schema.org","@graph":[{"@type":"WebPage","@id":"https:\/\/www.modula.eu\/de\/case-studies\/logistikbranche-3pl\/ningbo-baolan\/","url":"https:\/\/www.modula.eu\/de\/case-studies\/logistikbranche-3pl\/ningbo-baolan\/","name":"Modula Warehouse Automation f\u00fcr Vertrieb und E-Commerce: Ningbo Baola","isPartOf":{"@id":"https:\/\/www.modula.eu\/de\/#website"},"primaryImageOfPage":{"@id":"https:\/\/www.modula.eu\/de\/case-studies\/logistikbranche-3pl\/ningbo-baolan\/#primaryimage"},"image":{"@id":"https:\/\/www.modula.eu\/de\/case-studies\/logistikbranche-3pl\/ningbo-baolan\/#primaryimage"},"thumbnailUrl":"https:\/\/www.modula.eu\/wp-content\/uploads\/2024\/12\/Screenshot-2024-12-19-alle-16.19.40.png","datePublished":"2024-12-19T15:13:54+00:00","dateModified":"2025-01-15T13:13:10+00:00","description":"Ningbo Baolan wurde im Jahr 2005 gegr\u00fcndet und hat seinen Hauptsitz in Ningbo, Provinz Zhejiang. Mit knapp 20 Jahren Erfahrung ist das Unternehmen f\u00fchrend in der Logistikbranche. Das Unternehmen hat sich einen Namen in der Bereitstellung innovativer und intelligenter Logistikl\u00f6sungen f\u00fcr Kunden in ganz China gemacht und ist somit ein zuverl\u00e4ssiger Lieferant in der gesamten Branche.","breadcrumb":{"@id":"https:\/\/www.modula.eu\/de\/case-studies\/logistikbranche-3pl\/ningbo-baolan\/#breadcrumb"},"inLanguage":"de","potentialAction":[{"@type":"ReadAction","target":["https:\/\/www.modula.eu\/de\/case-studies\/logistikbranche-3pl\/ningbo-baolan\/"]}]},{"@type":"ImageObject","inLanguage":"de","@id":"https:\/\/www.modula.eu\/de\/case-studies\/logistikbranche-3pl\/ningbo-baolan\/#primaryimage","url":"https:\/\/www.modula.eu\/wp-content\/uploads\/2024\/12\/Screenshot-2024-12-19-alle-16.19.40.png","contentUrl":"https:\/\/www.modula.eu\/wp-content\/uploads\/2024\/12\/Screenshot-2024-12-19-alle-16.19.40.png","width":1890,"height":1032},{"@type":"BreadcrumbList","@id":"https:\/\/www.modula.eu\/de\/case-studies\/logistikbranche-3pl\/ningbo-baolan\/#breadcrumb","itemListElement":[{"@type":"ListItem","position":1,"name":"Home","item":"https:\/\/www.modula.eu\/de\/"},{"@type":"ListItem","position":2,"name":"Fallstudien","item":"https:\/\/www.modula.eu\/de\/case-studies\/"},{"@type":"ListItem","position":3,"name":"Logistikbranche \/ 3PL","item":"https:\/\/www.modula.eu\/de\/case-studies\/logistikbranche-3pl\/"},{"@type":"ListItem","position":4,"name":"Ningbo Baolan"}]},{"@type":"WebSite","@id":"https:\/\/www.modula.eu\/de\/#website","url":"https:\/\/www.modula.eu\/de\/","name":"Modula","description":"Think Vertical","publisher":{"@id":"https:\/\/www.modula.eu\/de\/#organization"},"potentialAction":[{"@type":"SearchAction","target":{"@type":"EntryPoint","urlTemplate":"https:\/\/www.modula.eu\/de\/?s={search_term_string}"},"query-input":{"@type":"PropertyValueSpecification","valueRequired":true,"valueName":"search_term_string"}}],"inLanguage":"de"},{"@type":"Organization","@id":"https:\/\/www.modula.eu\/de\/#organization","name":"Modula","url":"https:\/\/www.modula.eu\/de\/","logo":{"@type":"ImageObject","inLanguage":"de","@id":"https:\/\/www.modula.eu\/de\/#\/schema\/logo\/image\/","url":"https:\/\/www.modula.eu\/wp-content\/uploads\/2022\/12\/Modula-logo.jpg","contentUrl":"https:\/\/www.modula.eu\/wp-content\/uploads\/2022\/12\/Modula-logo.jpg","width":759,"height":512,"caption":"Modula"},"image":{"@id":"https:\/\/www.modula.eu\/de\/#\/schema\/logo\/image\/"}}]}},"_links":{"self":[{"href":"https:\/\/www.modula.eu\/de\/wp-json\/wp\/v2\/pages\/45022","targetHints":{"allow":["GET"]}}],"collection":[{"href":"https:\/\/www.modula.eu\/de\/wp-json\/wp\/v2\/pages"}],"about":[{"href":"https:\/\/www.modula.eu\/de\/wp-json\/wp\/v2\/types\/page"}],"author":[{"embeddable":true,"href":"https:\/\/www.modula.eu\/de\/wp-json\/wp\/v2\/users\/1"}],"replies":[{"embeddable":true,"href":"https:\/\/www.modula.eu\/de\/wp-json\/wp\/v2\/comments?post=45022"}],"version-history":[{"count":0,"href":"https:\/\/www.modula.eu\/de\/wp-json\/wp\/v2\/pages\/45022\/revisions"}],"up":[{"embeddable":true,"href":"https:\/\/www.modula.eu\/de\/wp-json\/wp\/v2\/pages\/10243"}],"wp:featuredmedia":[{"embeddable":true,"href":"https:\/\/www.modula.eu\/de\/wp-json\/wp\/v2\/media\/45017"}],"wp:attachment":[{"href":"https:\/\/www.modula.eu\/de\/wp-json\/wp\/v2\/media?parent=45022"}],"curies":[{"name":"wp","href":"https:\/\/api.w.org\/{rel}","templated":true}]}}