{"id":45035,"date":"2024-12-19T16:39:47","date_gmt":"2024-12-19T15:39:47","guid":{"rendered":"https:\/\/www.modula.eu\/case-studies\/logistikbranche-3pl\/dozon\/"},"modified":"2025-01-21T08:53:22","modified_gmt":"2025-01-21T07:53:22","slug":"dozon","status":"publish","type":"page","link":"https:\/\/www.modula.eu\/de\/case-studies\/logistikbranche-3pl\/dozon\/","title":{"rendered":"Dozon"},"content":{"rendered":"","protected":false},"excerpt":{"rendered":"","protected":false},"author":1,"featured_media":32725,"parent":10243,"menu_order":3,"comment_status":"closed","ping_status":"closed","template":"case.php","meta":{"_acf_changed":false,"inline_featured_image":false,"mapsvg_location":"","footnotes":""},"class_list":["post-45035","page","type-page","status-publish","has-post-thumbnail","hentry"],"acf":[],"yoast_head":"<!-- This site is optimized with the Yoast SEO plugin v27.4 - https:\/\/yoast.com\/product\/yoast-seo-wordpress\/ -->\n<title>Modula Warehouse Automation f\u00fcr Vertrieb und E-Commerce: Dozon<\/title>\n<meta name=\"description\" content=\"Dozon, ein niederl\u00e4ndischer One-Stop-Shop-Lieferant f\u00fcr Bau, Installation, Innenausbau und Fensterrahmen, beliefert t\u00e4glich Kunden und 9 Filialen von seinem Logistikzentrum in Doetinchem aus. Mit 25.000 Artikeln auf Lager, 110 Mitarbeitern und einem Jahresumsatz von 35 Millionen Euro ist Dozon ein Familienunternehmen, das auf Wachstum und Innovation setzt.\" \/>\n<meta name=\"robots\" content=\"index, follow, max-snippet:-1, max-image-preview:large, max-video-preview:-1\" \/>\n<link rel=\"canonical\" href=\"https:\/\/www.modula.eu\/de\/case-studies\/logistikbranche-3pl\/dozon\/\" \/>\n<meta property=\"og:locale\" content=\"de_DE\" \/>\n<meta property=\"og:type\" content=\"article\" \/>\n<meta property=\"og:title\" content=\"Modula Warehouse Automation f\u00fcr Vertrieb und E-Commerce: Dozon\" \/>\n<meta property=\"og:description\" content=\"Dozon, ein niederl\u00e4ndischer One-Stop-Shop-Lieferant f\u00fcr Bau, Installation, Innenausbau und Fensterrahmen, beliefert t\u00e4glich Kunden und 9 Filialen von seinem Logistikzentrum in Doetinchem aus. Mit 25.000 Artikeln auf Lager, 110 Mitarbeitern und einem Jahresumsatz von 35 Millionen Euro ist Dozon ein Familienunternehmen, das auf Wachstum und Innovation setzt.\" \/>\n<meta property=\"og:url\" content=\"https:\/\/www.modula.eu\/de\/case-studies\/logistikbranche-3pl\/dozon\/\" \/>\n<meta property=\"og:site_name\" content=\"Modula\" \/>\n<meta property=\"article:modified_time\" content=\"2025-01-21T07:53:22+00:00\" \/>\n<meta property=\"og:image\" content=\"https:\/\/www.modula.eu\/wp-content\/uploads\/2024\/04\/Screenshot-2024-04-19-alle-14.25.40.png\" \/>\n\t<meta property=\"og:image:width\" content=\"1338\" \/>\n\t<meta property=\"og:image:height\" content=\"692\" \/>\n\t<meta property=\"og:image:type\" content=\"image\/png\" \/>\n<meta name=\"twitter:card\" content=\"summary_large_image\" \/>\n<script type=\"application\/ld+json\" class=\"yoast-schema-graph\">{\"@context\":\"https:\\\/\\\/schema.org\",\"@graph\":[{\"@type\":\"WebPage\",\"@id\":\"https:\\\/\\\/www.modula.eu\\\/de\\\/case-studies\\\/logistikbranche-3pl\\\/dozon\\\/\",\"url\":\"https:\\\/\\\/www.modula.eu\\\/de\\\/case-studies\\\/logistikbranche-3pl\\\/dozon\\\/\",\"name\":\"Modula Warehouse Automation f\u00fcr Vertrieb und E-Commerce: Dozon\",\"isPartOf\":{\"@id\":\"https:\\\/\\\/www.modula.eu\\\/de\\\/#website\"},\"primaryImageOfPage\":{\"@id\":\"https:\\\/\\\/www.modula.eu\\\/de\\\/case-studies\\\/logistikbranche-3pl\\\/dozon\\\/#primaryimage\"},\"image\":{\"@id\":\"https:\\\/\\\/www.modula.eu\\\/de\\\/case-studies\\\/logistikbranche-3pl\\\/dozon\\\/#primaryimage\"},\"thumbnailUrl\":\"https:\\\/\\\/www.modula.eu\\\/wp-content\\\/uploads\\\/2024\\\/04\\\/Screenshot-2024-04-19-alle-14.25.40.png\",\"datePublished\":\"2024-12-19T15:39:47+00:00\",\"dateModified\":\"2025-01-21T07:53:22+00:00\",\"description\":\"Dozon, ein niederl\u00e4ndischer One-Stop-Shop-Lieferant f\u00fcr Bau, Installation, Innenausbau und Fensterrahmen, beliefert t\u00e4glich Kunden und 9 Filialen von seinem Logistikzentrum in Doetinchem aus. Mit 25.000 Artikeln auf Lager, 110 Mitarbeitern und einem Jahresumsatz von 35 Millionen Euro ist Dozon ein Familienunternehmen, das auf Wachstum und Innovation setzt.\",\"breadcrumb\":{\"@id\":\"https:\\\/\\\/www.modula.eu\\\/de\\\/case-studies\\\/logistikbranche-3pl\\\/dozon\\\/#breadcrumb\"},\"inLanguage\":\"de\",\"potentialAction\":[{\"@type\":\"ReadAction\",\"target\":[\"https:\\\/\\\/www.modula.eu\\\/de\\\/case-studies\\\/logistikbranche-3pl\\\/dozon\\\/\"]}]},{\"@type\":\"ImageObject\",\"inLanguage\":\"de\",\"@id\":\"https:\\\/\\\/www.modula.eu\\\/de\\\/case-studies\\\/logistikbranche-3pl\\\/dozon\\\/#primaryimage\",\"url\":\"https:\\\/\\\/www.modula.eu\\\/wp-content\\\/uploads\\\/2024\\\/04\\\/Screenshot-2024-04-19-alle-14.25.40.png\",\"contentUrl\":\"https:\\\/\\\/www.modula.eu\\\/wp-content\\\/uploads\\\/2024\\\/04\\\/Screenshot-2024-04-19-alle-14.25.40.png\",\"width\":1338,\"height\":692},{\"@type\":\"BreadcrumbList\",\"@id\":\"https:\\\/\\\/www.modula.eu\\\/de\\\/case-studies\\\/logistikbranche-3pl\\\/dozon\\\/#breadcrumb\",\"itemListElement\":[{\"@type\":\"ListItem\",\"position\":1,\"name\":\"Home\",\"item\":\"https:\\\/\\\/www.modula.eu\\\/de\\\/\"},{\"@type\":\"ListItem\",\"position\":2,\"name\":\"Fallstudien\",\"item\":\"https:\\\/\\\/www.modula.eu\\\/de\\\/case-studies\\\/\"},{\"@type\":\"ListItem\",\"position\":3,\"name\":\"Logistikbranche \\\/ 3PL\",\"item\":\"https:\\\/\\\/www.modula.eu\\\/de\\\/case-studies\\\/logistikbranche-3pl\\\/\"},{\"@type\":\"ListItem\",\"position\":4,\"name\":\"Dozon\"}]},{\"@type\":\"WebSite\",\"@id\":\"https:\\\/\\\/www.modula.eu\\\/de\\\/#website\",\"url\":\"https:\\\/\\\/www.modula.eu\\\/de\\\/\",\"name\":\"Modula\",\"description\":\"Think Vertical\",\"publisher\":{\"@id\":\"https:\\\/\\\/www.modula.eu\\\/de\\\/#organization\"},\"potentialAction\":[{\"@type\":\"SearchAction\",\"target\":{\"@type\":\"EntryPoint\",\"urlTemplate\":\"https:\\\/\\\/www.modula.eu\\\/de\\\/?s={search_term_string}\"},\"query-input\":{\"@type\":\"PropertyValueSpecification\",\"valueRequired\":true,\"valueName\":\"search_term_string\"}}],\"inLanguage\":\"de\"},{\"@type\":\"Organization\",\"@id\":\"https:\\\/\\\/www.modula.eu\\\/de\\\/#organization\",\"name\":\"Modula\",\"url\":\"https:\\\/\\\/www.modula.eu\\\/de\\\/\",\"logo\":{\"@type\":\"ImageObject\",\"inLanguage\":\"de\",\"@id\":\"https:\\\/\\\/www.modula.eu\\\/de\\\/#\\\/schema\\\/logo\\\/image\\\/\",\"url\":\"https:\\\/\\\/www.modula.eu\\\/wp-content\\\/uploads\\\/2022\\\/12\\\/Modula-logo.jpg\",\"contentUrl\":\"https:\\\/\\\/www.modula.eu\\\/wp-content\\\/uploads\\\/2022\\\/12\\\/Modula-logo.jpg\",\"width\":759,\"height\":512,\"caption\":\"Modula\"},\"image\":{\"@id\":\"https:\\\/\\\/www.modula.eu\\\/de\\\/#\\\/schema\\\/logo\\\/image\\\/\"}}]}<\/script>\n<!-- \/ Yoast SEO plugin. -->","yoast_head_json":{"title":"Modula Warehouse Automation f\u00fcr Vertrieb und E-Commerce: Dozon","description":"Dozon, ein niederl\u00e4ndischer One-Stop-Shop-Lieferant f\u00fcr Bau, Installation, Innenausbau und Fensterrahmen, beliefert t\u00e4glich Kunden und 9 Filialen von seinem Logistikzentrum in Doetinchem aus. Mit 25.000 Artikeln auf Lager, 110 Mitarbeitern und einem Jahresumsatz von 35 Millionen Euro ist Dozon ein Familienunternehmen, das auf Wachstum und Innovation setzt.","robots":{"index":"index","follow":"follow","max-snippet":"max-snippet:-1","max-image-preview":"max-image-preview:large","max-video-preview":"max-video-preview:-1"},"canonical":"https:\/\/www.modula.eu\/de\/case-studies\/logistikbranche-3pl\/dozon\/","og_locale":"de_DE","og_type":"article","og_title":"Modula Warehouse Automation f\u00fcr Vertrieb und E-Commerce: Dozon","og_description":"Dozon, ein niederl\u00e4ndischer One-Stop-Shop-Lieferant f\u00fcr Bau, Installation, Innenausbau und Fensterrahmen, beliefert t\u00e4glich Kunden und 9 Filialen von seinem Logistikzentrum in Doetinchem aus. Mit 25.000 Artikeln auf Lager, 110 Mitarbeitern und einem Jahresumsatz von 35 Millionen Euro ist Dozon ein Familienunternehmen, das auf Wachstum und Innovation setzt.","og_url":"https:\/\/www.modula.eu\/de\/case-studies\/logistikbranche-3pl\/dozon\/","og_site_name":"Modula","article_modified_time":"2025-01-21T07:53:22+00:00","og_image":[{"width":1338,"height":692,"url":"https:\/\/www.modula.eu\/wp-content\/uploads\/2024\/04\/Screenshot-2024-04-19-alle-14.25.40.png","type":"image\/png"}],"twitter_card":"summary_large_image","schema":{"@context":"https:\/\/schema.org","@graph":[{"@type":"WebPage","@id":"https:\/\/www.modula.eu\/de\/case-studies\/logistikbranche-3pl\/dozon\/","url":"https:\/\/www.modula.eu\/de\/case-studies\/logistikbranche-3pl\/dozon\/","name":"Modula Warehouse Automation f\u00fcr Vertrieb und E-Commerce: Dozon","isPartOf":{"@id":"https:\/\/www.modula.eu\/de\/#website"},"primaryImageOfPage":{"@id":"https:\/\/www.modula.eu\/de\/case-studies\/logistikbranche-3pl\/dozon\/#primaryimage"},"image":{"@id":"https:\/\/www.modula.eu\/de\/case-studies\/logistikbranche-3pl\/dozon\/#primaryimage"},"thumbnailUrl":"https:\/\/www.modula.eu\/wp-content\/uploads\/2024\/04\/Screenshot-2024-04-19-alle-14.25.40.png","datePublished":"2024-12-19T15:39:47+00:00","dateModified":"2025-01-21T07:53:22+00:00","description":"Dozon, ein niederl\u00e4ndischer One-Stop-Shop-Lieferant f\u00fcr Bau, Installation, Innenausbau und Fensterrahmen, beliefert t\u00e4glich Kunden und 9 Filialen von seinem Logistikzentrum in Doetinchem aus. Mit 25.000 Artikeln auf Lager, 110 Mitarbeitern und einem Jahresumsatz von 35 Millionen Euro ist Dozon ein Familienunternehmen, das auf Wachstum und Innovation setzt.","breadcrumb":{"@id":"https:\/\/www.modula.eu\/de\/case-studies\/logistikbranche-3pl\/dozon\/#breadcrumb"},"inLanguage":"de","potentialAction":[{"@type":"ReadAction","target":["https:\/\/www.modula.eu\/de\/case-studies\/logistikbranche-3pl\/dozon\/"]}]},{"@type":"ImageObject","inLanguage":"de","@id":"https:\/\/www.modula.eu\/de\/case-studies\/logistikbranche-3pl\/dozon\/#primaryimage","url":"https:\/\/www.modula.eu\/wp-content\/uploads\/2024\/04\/Screenshot-2024-04-19-alle-14.25.40.png","contentUrl":"https:\/\/www.modula.eu\/wp-content\/uploads\/2024\/04\/Screenshot-2024-04-19-alle-14.25.40.png","width":1338,"height":692},{"@type":"BreadcrumbList","@id":"https:\/\/www.modula.eu\/de\/case-studies\/logistikbranche-3pl\/dozon\/#breadcrumb","itemListElement":[{"@type":"ListItem","position":1,"name":"Home","item":"https:\/\/www.modula.eu\/de\/"},{"@type":"ListItem","position":2,"name":"Fallstudien","item":"https:\/\/www.modula.eu\/de\/case-studies\/"},{"@type":"ListItem","position":3,"name":"Logistikbranche \/ 3PL","item":"https:\/\/www.modula.eu\/de\/case-studies\/logistikbranche-3pl\/"},{"@type":"ListItem","position":4,"name":"Dozon"}]},{"@type":"WebSite","@id":"https:\/\/www.modula.eu\/de\/#website","url":"https:\/\/www.modula.eu\/de\/","name":"Modula","description":"Think Vertical","publisher":{"@id":"https:\/\/www.modula.eu\/de\/#organization"},"potentialAction":[{"@type":"SearchAction","target":{"@type":"EntryPoint","urlTemplate":"https:\/\/www.modula.eu\/de\/?s={search_term_string}"},"query-input":{"@type":"PropertyValueSpecification","valueRequired":true,"valueName":"search_term_string"}}],"inLanguage":"de"},{"@type":"Organization","@id":"https:\/\/www.modula.eu\/de\/#organization","name":"Modula","url":"https:\/\/www.modula.eu\/de\/","logo":{"@type":"ImageObject","inLanguage":"de","@id":"https:\/\/www.modula.eu\/de\/#\/schema\/logo\/image\/","url":"https:\/\/www.modula.eu\/wp-content\/uploads\/2022\/12\/Modula-logo.jpg","contentUrl":"https:\/\/www.modula.eu\/wp-content\/uploads\/2022\/12\/Modula-logo.jpg","width":759,"height":512,"caption":"Modula"},"image":{"@id":"https:\/\/www.modula.eu\/de\/#\/schema\/logo\/image\/"}}]}},"_links":{"self":[{"href":"https:\/\/www.modula.eu\/de\/wp-json\/wp\/v2\/pages\/45035","targetHints":{"allow":["GET"]}}],"collection":[{"href":"https:\/\/www.modula.eu\/de\/wp-json\/wp\/v2\/pages"}],"about":[{"href":"https:\/\/www.modula.eu\/de\/wp-json\/wp\/v2\/types\/page"}],"author":[{"embeddable":true,"href":"https:\/\/www.modula.eu\/de\/wp-json\/wp\/v2\/users\/1"}],"replies":[{"embeddable":true,"href":"https:\/\/www.modula.eu\/de\/wp-json\/wp\/v2\/comments?post=45035"}],"version-history":[{"count":0,"href":"https:\/\/www.modula.eu\/de\/wp-json\/wp\/v2\/pages\/45035\/revisions"}],"up":[{"embeddable":true,"href":"https:\/\/www.modula.eu\/de\/wp-json\/wp\/v2\/pages\/10243"}],"wp:featuredmedia":[{"embeddable":true,"href":"https:\/\/www.modula.eu\/de\/wp-json\/wp\/v2\/media\/32725"}],"wp:attachment":[{"href":"https:\/\/www.modula.eu\/de\/wp-json\/wp\/v2\/media?parent=45035"}],"curies":[{"name":"wp","href":"https:\/\/api.w.org\/{rel}","templated":true}]}}