{"id":51197,"date":"2025-02-13T16:17:06","date_gmt":"2025-02-13T15:17:06","guid":{"rendered":"https:\/\/www.modula.eu\/modula-lflexi-2-2\/"},"modified":"2026-04-24T11:33:53","modified_gmt":"2026-04-24T09:33:53","slug":"modula-flexibox","status":"publish","type":"page","link":"https:\/\/www.modula.eu\/de\/lagersysteme\/modula-flexibox\/","title":{"rendered":"Modula Flexibox"},"content":{"rendered":"","protected":false},"excerpt":{"rendered":"","protected":false},"author":1,"featured_media":50113,"parent":8035,"menu_order":3,"comment_status":"closed","ping_status":"closed","template":"product-single.php","meta":{"_acf_changed":false,"inline_featured_image":false,"mapsvg_location":"","footnotes":""},"class_list":["post-51197","page","type-page","status-publish","has-post-thumbnail","hentry"],"acf":[],"yoast_head":"<!-- This site is optimized with the Yoast SEO plugin v27.4 - https:\/\/yoast.com\/product\/yoast-seo-wordpress\/ -->\n<title>Modula Flexibox: Automatisches Vertikallager f\u00fcr effizientes Picking | Modula<\/title>\n<meta name=\"description\" content=\"Entdecken Sie Modula Flexibox, das automatische Vertikallagersystem, das ideal f\u00fcr Auftragsmanagement, Kitting und Lagerung ist. Mit der F\u00e4higkeit, bis zu 180 Kisten pro Stunde zu verarbeiten, bietet es schnelles und pr\u00e4zises Picking und optimiert die Arbeitsabl\u00e4ufe mit der WMS-Software.\" \/>\n<meta name=\"robots\" content=\"index, follow, max-snippet:-1, max-image-preview:large, max-video-preview:-1\" \/>\n<link rel=\"canonical\" href=\"https:\/\/www.modula.eu\/de\/lagersysteme\/modula-flexibox\/\" \/>\n<meta property=\"og:locale\" content=\"de_DE\" \/>\n<meta property=\"og:type\" content=\"article\" \/>\n<meta property=\"og:title\" content=\"Modula Flexibox: Automatisches Vertikallager f\u00fcr effizientes Picking | Modula\" \/>\n<meta property=\"og:description\" content=\"Entdecken Sie Modula Flexibox, das automatische Vertikallagersystem, das ideal f\u00fcr Auftragsmanagement, Kitting und Lagerung ist. Mit der F\u00e4higkeit, bis zu 180 Kisten pro Stunde zu verarbeiten, bietet es schnelles und pr\u00e4zises Picking und optimiert die Arbeitsabl\u00e4ufe mit der WMS-Software.\" \/>\n<meta property=\"og:url\" content=\"https:\/\/www.modula.eu\/de\/lagersysteme\/modula-flexibox\/\" \/>\n<meta property=\"og:site_name\" content=\"Modula\" \/>\n<meta property=\"article:modified_time\" content=\"2026-04-24T09:33:53+00:00\" \/>\n<meta property=\"og:image\" content=\"https:\/\/www.modula.eu\/wp-content\/uploads\/2025\/02\/Rendering_5K_15.png\" \/>\n\t<meta property=\"og:image:width\" content=\"1000\" \/>\n\t<meta property=\"og:image:height\" content=\"2000\" \/>\n\t<meta property=\"og:image:type\" content=\"image\/png\" \/>\n<meta name=\"twitter:card\" content=\"summary_large_image\" \/>\n<script type=\"application\/ld+json\" class=\"yoast-schema-graph\">{\"@context\":\"https:\\\/\\\/schema.org\",\"@graph\":[{\"@type\":\"WebPage\",\"@id\":\"https:\\\/\\\/www.modula.eu\\\/de\\\/lagersysteme\\\/modula-flexibox\\\/\",\"url\":\"https:\\\/\\\/www.modula.eu\\\/de\\\/lagersysteme\\\/modula-flexibox\\\/\",\"name\":\"Modula Flexibox: Automatisches Vertikallager f\u00fcr effizientes Picking | Modula\",\"isPartOf\":{\"@id\":\"https:\\\/\\\/www.modula.eu\\\/de\\\/#website\"},\"primaryImageOfPage\":{\"@id\":\"https:\\\/\\\/www.modula.eu\\\/de\\\/lagersysteme\\\/modula-flexibox\\\/#primaryimage\"},\"image\":{\"@id\":\"https:\\\/\\\/www.modula.eu\\\/de\\\/lagersysteme\\\/modula-flexibox\\\/#primaryimage\"},\"thumbnailUrl\":\"https:\\\/\\\/www.modula.eu\\\/wp-content\\\/uploads\\\/2025\\\/02\\\/Rendering_5K_15.png\",\"datePublished\":\"2025-02-13T15:17:06+00:00\",\"dateModified\":\"2026-04-24T09:33:53+00:00\",\"description\":\"Entdecken Sie Modula Flexibox, das automatische Vertikallagersystem, das ideal f\u00fcr Auftragsmanagement, Kitting und Lagerung ist. Mit der F\u00e4higkeit, bis zu 180 Kisten pro Stunde zu verarbeiten, bietet es schnelles und pr\u00e4zises Picking und optimiert die Arbeitsabl\u00e4ufe mit der WMS-Software.\",\"breadcrumb\":{\"@id\":\"https:\\\/\\\/www.modula.eu\\\/de\\\/lagersysteme\\\/modula-flexibox\\\/#breadcrumb\"},\"inLanguage\":\"de\",\"potentialAction\":[{\"@type\":\"ReadAction\",\"target\":[\"https:\\\/\\\/www.modula.eu\\\/de\\\/lagersysteme\\\/modula-flexibox\\\/\"]}]},{\"@type\":\"ImageObject\",\"inLanguage\":\"de\",\"@id\":\"https:\\\/\\\/www.modula.eu\\\/de\\\/lagersysteme\\\/modula-flexibox\\\/#primaryimage\",\"url\":\"https:\\\/\\\/www.modula.eu\\\/wp-content\\\/uploads\\\/2025\\\/02\\\/Rendering_5K_15.png\",\"contentUrl\":\"https:\\\/\\\/www.modula.eu\\\/wp-content\\\/uploads\\\/2025\\\/02\\\/Rendering_5K_15.png\",\"width\":1000,\"height\":2000,\"caption\":\"Modula Flexibox, magazzino verticale automatico\"},{\"@type\":\"BreadcrumbList\",\"@id\":\"https:\\\/\\\/www.modula.eu\\\/de\\\/lagersysteme\\\/modula-flexibox\\\/#breadcrumb\",\"itemListElement\":[{\"@type\":\"ListItem\",\"position\":1,\"name\":\"Home\",\"item\":\"https:\\\/\\\/www.modula.eu\\\/de\\\/\"},{\"@type\":\"ListItem\",\"position\":2,\"name\":\"Produkte\",\"item\":\"https:\\\/\\\/www.modula.eu\\\/de\\\/lagersysteme\\\/\"},{\"@type\":\"ListItem\",\"position\":3,\"name\":\"Modula Flexibox\"}]},{\"@type\":\"WebSite\",\"@id\":\"https:\\\/\\\/www.modula.eu\\\/de\\\/#website\",\"url\":\"https:\\\/\\\/www.modula.eu\\\/de\\\/\",\"name\":\"Modula\",\"description\":\"Think Vertical\",\"publisher\":{\"@id\":\"https:\\\/\\\/www.modula.eu\\\/de\\\/#organization\"},\"potentialAction\":[{\"@type\":\"SearchAction\",\"target\":{\"@type\":\"EntryPoint\",\"urlTemplate\":\"https:\\\/\\\/www.modula.eu\\\/de\\\/?s={search_term_string}\"},\"query-input\":{\"@type\":\"PropertyValueSpecification\",\"valueRequired\":true,\"valueName\":\"search_term_string\"}}],\"inLanguage\":\"de\"},{\"@type\":\"Organization\",\"@id\":\"https:\\\/\\\/www.modula.eu\\\/de\\\/#organization\",\"name\":\"Modula\",\"url\":\"https:\\\/\\\/www.modula.eu\\\/de\\\/\",\"logo\":{\"@type\":\"ImageObject\",\"inLanguage\":\"de\",\"@id\":\"https:\\\/\\\/www.modula.eu\\\/de\\\/#\\\/schema\\\/logo\\\/image\\\/\",\"url\":\"https:\\\/\\\/www.modula.eu\\\/wp-content\\\/uploads\\\/2022\\\/12\\\/Modula-logo.jpg\",\"contentUrl\":\"https:\\\/\\\/www.modula.eu\\\/wp-content\\\/uploads\\\/2022\\\/12\\\/Modula-logo.jpg\",\"width\":759,\"height\":512,\"caption\":\"Modula\"},\"image\":{\"@id\":\"https:\\\/\\\/www.modula.eu\\\/de\\\/#\\\/schema\\\/logo\\\/image\\\/\"}}]}<\/script>\n<!-- \/ Yoast SEO plugin. -->","yoast_head_json":{"title":"Modula Flexibox: Automatisches Vertikallager f\u00fcr effizientes Picking | Modula","description":"Entdecken Sie Modula Flexibox, das automatische Vertikallagersystem, das ideal f\u00fcr Auftragsmanagement, Kitting und Lagerung ist. Mit der F\u00e4higkeit, bis zu 180 Kisten pro Stunde zu verarbeiten, bietet es schnelles und pr\u00e4zises Picking und optimiert die Arbeitsabl\u00e4ufe mit der WMS-Software.","robots":{"index":"index","follow":"follow","max-snippet":"max-snippet:-1","max-image-preview":"max-image-preview:large","max-video-preview":"max-video-preview:-1"},"canonical":"https:\/\/www.modula.eu\/de\/lagersysteme\/modula-flexibox\/","og_locale":"de_DE","og_type":"article","og_title":"Modula Flexibox: Automatisches Vertikallager f\u00fcr effizientes Picking | Modula","og_description":"Entdecken Sie Modula Flexibox, das automatische Vertikallagersystem, das ideal f\u00fcr Auftragsmanagement, Kitting und Lagerung ist. Mit der F\u00e4higkeit, bis zu 180 Kisten pro Stunde zu verarbeiten, bietet es schnelles und pr\u00e4zises Picking und optimiert die Arbeitsabl\u00e4ufe mit der WMS-Software.","og_url":"https:\/\/www.modula.eu\/de\/lagersysteme\/modula-flexibox\/","og_site_name":"Modula","article_modified_time":"2026-04-24T09:33:53+00:00","og_image":[{"width":1000,"height":2000,"url":"https:\/\/www.modula.eu\/wp-content\/uploads\/2025\/02\/Rendering_5K_15.png","type":"image\/png"}],"twitter_card":"summary_large_image","schema":{"@context":"https:\/\/schema.org","@graph":[{"@type":"WebPage","@id":"https:\/\/www.modula.eu\/de\/lagersysteme\/modula-flexibox\/","url":"https:\/\/www.modula.eu\/de\/lagersysteme\/modula-flexibox\/","name":"Modula Flexibox: Automatisches Vertikallager f\u00fcr effizientes Picking | Modula","isPartOf":{"@id":"https:\/\/www.modula.eu\/de\/#website"},"primaryImageOfPage":{"@id":"https:\/\/www.modula.eu\/de\/lagersysteme\/modula-flexibox\/#primaryimage"},"image":{"@id":"https:\/\/www.modula.eu\/de\/lagersysteme\/modula-flexibox\/#primaryimage"},"thumbnailUrl":"https:\/\/www.modula.eu\/wp-content\/uploads\/2025\/02\/Rendering_5K_15.png","datePublished":"2025-02-13T15:17:06+00:00","dateModified":"2026-04-24T09:33:53+00:00","description":"Entdecken Sie Modula Flexibox, das automatische Vertikallagersystem, das ideal f\u00fcr Auftragsmanagement, Kitting und Lagerung ist. Mit der F\u00e4higkeit, bis zu 180 Kisten pro Stunde zu verarbeiten, bietet es schnelles und pr\u00e4zises Picking und optimiert die Arbeitsabl\u00e4ufe mit der WMS-Software.","breadcrumb":{"@id":"https:\/\/www.modula.eu\/de\/lagersysteme\/modula-flexibox\/#breadcrumb"},"inLanguage":"de","potentialAction":[{"@type":"ReadAction","target":["https:\/\/www.modula.eu\/de\/lagersysteme\/modula-flexibox\/"]}]},{"@type":"ImageObject","inLanguage":"de","@id":"https:\/\/www.modula.eu\/de\/lagersysteme\/modula-flexibox\/#primaryimage","url":"https:\/\/www.modula.eu\/wp-content\/uploads\/2025\/02\/Rendering_5K_15.png","contentUrl":"https:\/\/www.modula.eu\/wp-content\/uploads\/2025\/02\/Rendering_5K_15.png","width":1000,"height":2000,"caption":"Modula Flexibox, magazzino verticale automatico"},{"@type":"BreadcrumbList","@id":"https:\/\/www.modula.eu\/de\/lagersysteme\/modula-flexibox\/#breadcrumb","itemListElement":[{"@type":"ListItem","position":1,"name":"Home","item":"https:\/\/www.modula.eu\/de\/"},{"@type":"ListItem","position":2,"name":"Produkte","item":"https:\/\/www.modula.eu\/de\/lagersysteme\/"},{"@type":"ListItem","position":3,"name":"Modula Flexibox"}]},{"@type":"WebSite","@id":"https:\/\/www.modula.eu\/de\/#website","url":"https:\/\/www.modula.eu\/de\/","name":"Modula","description":"Think Vertical","publisher":{"@id":"https:\/\/www.modula.eu\/de\/#organization"},"potentialAction":[{"@type":"SearchAction","target":{"@type":"EntryPoint","urlTemplate":"https:\/\/www.modula.eu\/de\/?s={search_term_string}"},"query-input":{"@type":"PropertyValueSpecification","valueRequired":true,"valueName":"search_term_string"}}],"inLanguage":"de"},{"@type":"Organization","@id":"https:\/\/www.modula.eu\/de\/#organization","name":"Modula","url":"https:\/\/www.modula.eu\/de\/","logo":{"@type":"ImageObject","inLanguage":"de","@id":"https:\/\/www.modula.eu\/de\/#\/schema\/logo\/image\/","url":"https:\/\/www.modula.eu\/wp-content\/uploads\/2022\/12\/Modula-logo.jpg","contentUrl":"https:\/\/www.modula.eu\/wp-content\/uploads\/2022\/12\/Modula-logo.jpg","width":759,"height":512,"caption":"Modula"},"image":{"@id":"https:\/\/www.modula.eu\/de\/#\/schema\/logo\/image\/"}}]}},"_links":{"self":[{"href":"https:\/\/www.modula.eu\/de\/wp-json\/wp\/v2\/pages\/51197","targetHints":{"allow":["GET"]}}],"collection":[{"href":"https:\/\/www.modula.eu\/de\/wp-json\/wp\/v2\/pages"}],"about":[{"href":"https:\/\/www.modula.eu\/de\/wp-json\/wp\/v2\/types\/page"}],"author":[{"embeddable":true,"href":"https:\/\/www.modula.eu\/de\/wp-json\/wp\/v2\/users\/1"}],"replies":[{"embeddable":true,"href":"https:\/\/www.modula.eu\/de\/wp-json\/wp\/v2\/comments?post=51197"}],"version-history":[{"count":1,"href":"https:\/\/www.modula.eu\/de\/wp-json\/wp\/v2\/pages\/51197\/revisions"}],"predecessor-version":[{"id":77637,"href":"https:\/\/www.modula.eu\/de\/wp-json\/wp\/v2\/pages\/51197\/revisions\/77637"}],"up":[{"embeddable":true,"href":"https:\/\/www.modula.eu\/de\/wp-json\/wp\/v2\/pages\/8035"}],"wp:featuredmedia":[{"embeddable":true,"href":"https:\/\/www.modula.eu\/de\/wp-json\/wp\/v2\/media\/50113"}],"wp:attachment":[{"href":"https:\/\/www.modula.eu\/de\/wp-json\/wp\/v2\/media?parent=51197"}],"curies":[{"name":"wp","href":"https:\/\/api.w.org\/{rel}","templated":true}]}}