{"id":51849,"date":"2024-12-20T16:41:04","date_gmt":"2024-12-20T15:41:04","guid":{"rendered":"https:\/\/www.modula.eu\/wms-software-2\/modula-ai-services\/modula-optimizer-2\/"},"modified":"2025-03-27T10:38:04","modified_gmt":"2025-03-27T09:38:04","slug":"modula-optimizer","status":"publish","type":"page","link":"https:\/\/www.modula.eu\/de\/wms-software\/modula-ai-services\/modula-optimizer\/","title":{"rendered":"Modula Optimizer"},"content":{"rendered":"","protected":false},"excerpt":{"rendered":"","protected":false},"author":1,"featured_media":46648,"parent":51845,"menu_order":0,"comment_status":"closed","ping_status":"closed","template":"","meta":{"_acf_changed":false,"inline_featured_image":false,"mapsvg_location":"","footnotes":""},"class_list":["post-51849","page","type-page","status-publish","has-post-thumbnail","hentry"],"acf":[],"yoast_head":"<!-- This site is optimized with the Yoast SEO plugin v27.4 - https:\/\/yoast.com\/product\/yoast-seo-wordpress\/ -->\n<title>Modula Optimizer: Maximale Effizienz im Auftragsmanagement | Modula<\/title>\n<meta name=\"description\" content=\"Entdecken Sie Modula Optimizer, die neue Funktion, die die Platzierung von Artikeln optimiert, unn\u00f6tige Bewegungen reduziert und die Geschwindigkeit des Pickings verbessert, wobei pr\u00e4zise und mit den Designsimulationen \u00fcbereinstimmende Operationen garantiert werden.\" \/>\n<meta name=\"robots\" content=\"index, follow, max-snippet:-1, max-image-preview:large, max-video-preview:-1\" \/>\n<link rel=\"canonical\" href=\"https:\/\/www.modula.eu\/de\/wms-software\/modula-ai-services\/modula-optimizer\/\" \/>\n<meta property=\"og:locale\" content=\"de_DE\" \/>\n<meta property=\"og:type\" content=\"article\" \/>\n<meta property=\"og:title\" content=\"Modula Optimizer: Maximale Effizienz im Auftragsmanagement | Modula\" \/>\n<meta property=\"og:description\" content=\"Entdecken Sie Modula Optimizer, die neue Funktion, die die Platzierung von Artikeln optimiert, unn\u00f6tige Bewegungen reduziert und die Geschwindigkeit des Pickings verbessert, wobei pr\u00e4zise und mit den Designsimulationen \u00fcbereinstimmende Operationen garantiert werden.\" \/>\n<meta property=\"og:url\" content=\"https:\/\/www.modula.eu\/de\/wms-software\/modula-ai-services\/modula-optimizer\/\" \/>\n<meta property=\"og:site_name\" content=\"Modula\" \/>\n<meta property=\"article:modified_time\" content=\"2025-03-27T09:38:04+00:00\" \/>\n<meta property=\"og:image\" content=\"https:\/\/www.modula.eu\/wp-content\/uploads\/2025\/01\/OPTIMIZER_768x512_2025.jpg\" \/>\n\t<meta property=\"og:image:width\" content=\"768\" \/>\n\t<meta property=\"og:image:height\" content=\"512\" \/>\n\t<meta property=\"og:image:type\" content=\"image\/jpeg\" \/>\n<meta name=\"twitter:card\" content=\"summary_large_image\" \/>\n<script type=\"application\/ld+json\" class=\"yoast-schema-graph\">{\"@context\":\"https:\\\/\\\/schema.org\",\"@graph\":[{\"@type\":\"WebPage\",\"@id\":\"https:\\\/\\\/www.modula.eu\\\/de\\\/wms-software\\\/modula-ai-services\\\/modula-optimizer\\\/\",\"url\":\"https:\\\/\\\/www.modula.eu\\\/de\\\/wms-software\\\/modula-ai-services\\\/modula-optimizer\\\/\",\"name\":\"Modula Optimizer: Maximale Effizienz im Auftragsmanagement | Modula\",\"isPartOf\":{\"@id\":\"https:\\\/\\\/www.modula.eu\\\/de\\\/#website\"},\"primaryImageOfPage\":{\"@id\":\"https:\\\/\\\/www.modula.eu\\\/de\\\/wms-software\\\/modula-ai-services\\\/modula-optimizer\\\/#primaryimage\"},\"image\":{\"@id\":\"https:\\\/\\\/www.modula.eu\\\/de\\\/wms-software\\\/modula-ai-services\\\/modula-optimizer\\\/#primaryimage\"},\"thumbnailUrl\":\"https:\\\/\\\/www.modula.eu\\\/wp-content\\\/uploads\\\/2025\\\/01\\\/OPTIMIZER_768x512_2025.jpg\",\"datePublished\":\"2024-12-20T15:41:04+00:00\",\"dateModified\":\"2025-03-27T09:38:04+00:00\",\"description\":\"Entdecken Sie Modula Optimizer, die neue Funktion, die die Platzierung von Artikeln optimiert, unn\u00f6tige Bewegungen reduziert und die Geschwindigkeit des Pickings verbessert, wobei pr\u00e4zise und mit den Designsimulationen \u00fcbereinstimmende Operationen garantiert werden.\",\"breadcrumb\":{\"@id\":\"https:\\\/\\\/www.modula.eu\\\/de\\\/wms-software\\\/modula-ai-services\\\/modula-optimizer\\\/#breadcrumb\"},\"inLanguage\":\"de\",\"potentialAction\":[{\"@type\":\"ReadAction\",\"target\":[\"https:\\\/\\\/www.modula.eu\\\/de\\\/wms-software\\\/modula-ai-services\\\/modula-optimizer\\\/\"]}]},{\"@type\":\"ImageObject\",\"inLanguage\":\"de\",\"@id\":\"https:\\\/\\\/www.modula.eu\\\/de\\\/wms-software\\\/modula-ai-services\\\/modula-optimizer\\\/#primaryimage\",\"url\":\"https:\\\/\\\/www.modula.eu\\\/wp-content\\\/uploads\\\/2025\\\/01\\\/OPTIMIZER_768x512_2025.jpg\",\"contentUrl\":\"https:\\\/\\\/www.modula.eu\\\/wp-content\\\/uploads\\\/2025\\\/01\\\/OPTIMIZER_768x512_2025.jpg\",\"width\":768,\"height\":512},{\"@type\":\"BreadcrumbList\",\"@id\":\"https:\\\/\\\/www.modula.eu\\\/de\\\/wms-software\\\/modula-ai-services\\\/modula-optimizer\\\/#breadcrumb\",\"itemListElement\":[{\"@type\":\"ListItem\",\"position\":1,\"name\":\"Home\",\"item\":\"https:\\\/\\\/www.modula.eu\\\/de\\\/\"},{\"@type\":\"ListItem\",\"position\":2,\"name\":\"Software\",\"item\":\"https:\\\/\\\/www.modula.eu\\\/de\\\/wms-software\\\/\"},{\"@type\":\"ListItem\",\"position\":3,\"name\":\"Modula AI SERVICES\",\"item\":\"https:\\\/\\\/www.modula.eu\\\/de\\\/wms-software\\\/modula-ai-services\\\/\"},{\"@type\":\"ListItem\",\"position\":4,\"name\":\"Modula Optimizer\"}]},{\"@type\":\"WebSite\",\"@id\":\"https:\\\/\\\/www.modula.eu\\\/de\\\/#website\",\"url\":\"https:\\\/\\\/www.modula.eu\\\/de\\\/\",\"name\":\"Modula\",\"description\":\"Think Vertical\",\"publisher\":{\"@id\":\"https:\\\/\\\/www.modula.eu\\\/de\\\/#organization\"},\"potentialAction\":[{\"@type\":\"SearchAction\",\"target\":{\"@type\":\"EntryPoint\",\"urlTemplate\":\"https:\\\/\\\/www.modula.eu\\\/de\\\/?s={search_term_string}\"},\"query-input\":{\"@type\":\"PropertyValueSpecification\",\"valueRequired\":true,\"valueName\":\"search_term_string\"}}],\"inLanguage\":\"de\"},{\"@type\":\"Organization\",\"@id\":\"https:\\\/\\\/www.modula.eu\\\/de\\\/#organization\",\"name\":\"Modula\",\"url\":\"https:\\\/\\\/www.modula.eu\\\/de\\\/\",\"logo\":{\"@type\":\"ImageObject\",\"inLanguage\":\"de\",\"@id\":\"https:\\\/\\\/www.modula.eu\\\/de\\\/#\\\/schema\\\/logo\\\/image\\\/\",\"url\":\"https:\\\/\\\/www.modula.eu\\\/wp-content\\\/uploads\\\/2022\\\/12\\\/Modula-logo.jpg\",\"contentUrl\":\"https:\\\/\\\/www.modula.eu\\\/wp-content\\\/uploads\\\/2022\\\/12\\\/Modula-logo.jpg\",\"width\":759,\"height\":512,\"caption\":\"Modula\"},\"image\":{\"@id\":\"https:\\\/\\\/www.modula.eu\\\/de\\\/#\\\/schema\\\/logo\\\/image\\\/\"}}]}<\/script>\n<!-- \/ Yoast SEO plugin. -->","yoast_head_json":{"title":"Modula Optimizer: Maximale Effizienz im Auftragsmanagement | Modula","description":"Entdecken Sie Modula Optimizer, die neue Funktion, die die Platzierung von Artikeln optimiert, unn\u00f6tige Bewegungen reduziert und die Geschwindigkeit des Pickings verbessert, wobei pr\u00e4zise und mit den Designsimulationen \u00fcbereinstimmende Operationen garantiert werden.","robots":{"index":"index","follow":"follow","max-snippet":"max-snippet:-1","max-image-preview":"max-image-preview:large","max-video-preview":"max-video-preview:-1"},"canonical":"https:\/\/www.modula.eu\/de\/wms-software\/modula-ai-services\/modula-optimizer\/","og_locale":"de_DE","og_type":"article","og_title":"Modula Optimizer: Maximale Effizienz im Auftragsmanagement | Modula","og_description":"Entdecken Sie Modula Optimizer, die neue Funktion, die die Platzierung von Artikeln optimiert, unn\u00f6tige Bewegungen reduziert und die Geschwindigkeit des Pickings verbessert, wobei pr\u00e4zise und mit den Designsimulationen \u00fcbereinstimmende Operationen garantiert werden.","og_url":"https:\/\/www.modula.eu\/de\/wms-software\/modula-ai-services\/modula-optimizer\/","og_site_name":"Modula","article_modified_time":"2025-03-27T09:38:04+00:00","og_image":[{"width":768,"height":512,"url":"https:\/\/www.modula.eu\/wp-content\/uploads\/2025\/01\/OPTIMIZER_768x512_2025.jpg","type":"image\/jpeg"}],"twitter_card":"summary_large_image","schema":{"@context":"https:\/\/schema.org","@graph":[{"@type":"WebPage","@id":"https:\/\/www.modula.eu\/de\/wms-software\/modula-ai-services\/modula-optimizer\/","url":"https:\/\/www.modula.eu\/de\/wms-software\/modula-ai-services\/modula-optimizer\/","name":"Modula Optimizer: Maximale Effizienz im Auftragsmanagement | Modula","isPartOf":{"@id":"https:\/\/www.modula.eu\/de\/#website"},"primaryImageOfPage":{"@id":"https:\/\/www.modula.eu\/de\/wms-software\/modula-ai-services\/modula-optimizer\/#primaryimage"},"image":{"@id":"https:\/\/www.modula.eu\/de\/wms-software\/modula-ai-services\/modula-optimizer\/#primaryimage"},"thumbnailUrl":"https:\/\/www.modula.eu\/wp-content\/uploads\/2025\/01\/OPTIMIZER_768x512_2025.jpg","datePublished":"2024-12-20T15:41:04+00:00","dateModified":"2025-03-27T09:38:04+00:00","description":"Entdecken Sie Modula Optimizer, die neue Funktion, die die Platzierung von Artikeln optimiert, unn\u00f6tige Bewegungen reduziert und die Geschwindigkeit des Pickings verbessert, wobei pr\u00e4zise und mit den Designsimulationen \u00fcbereinstimmende Operationen garantiert werden.","breadcrumb":{"@id":"https:\/\/www.modula.eu\/de\/wms-software\/modula-ai-services\/modula-optimizer\/#breadcrumb"},"inLanguage":"de","potentialAction":[{"@type":"ReadAction","target":["https:\/\/www.modula.eu\/de\/wms-software\/modula-ai-services\/modula-optimizer\/"]}]},{"@type":"ImageObject","inLanguage":"de","@id":"https:\/\/www.modula.eu\/de\/wms-software\/modula-ai-services\/modula-optimizer\/#primaryimage","url":"https:\/\/www.modula.eu\/wp-content\/uploads\/2025\/01\/OPTIMIZER_768x512_2025.jpg","contentUrl":"https:\/\/www.modula.eu\/wp-content\/uploads\/2025\/01\/OPTIMIZER_768x512_2025.jpg","width":768,"height":512},{"@type":"BreadcrumbList","@id":"https:\/\/www.modula.eu\/de\/wms-software\/modula-ai-services\/modula-optimizer\/#breadcrumb","itemListElement":[{"@type":"ListItem","position":1,"name":"Home","item":"https:\/\/www.modula.eu\/de\/"},{"@type":"ListItem","position":2,"name":"Software","item":"https:\/\/www.modula.eu\/de\/wms-software\/"},{"@type":"ListItem","position":3,"name":"Modula AI SERVICES","item":"https:\/\/www.modula.eu\/de\/wms-software\/modula-ai-services\/"},{"@type":"ListItem","position":4,"name":"Modula Optimizer"}]},{"@type":"WebSite","@id":"https:\/\/www.modula.eu\/de\/#website","url":"https:\/\/www.modula.eu\/de\/","name":"Modula","description":"Think Vertical","publisher":{"@id":"https:\/\/www.modula.eu\/de\/#organization"},"potentialAction":[{"@type":"SearchAction","target":{"@type":"EntryPoint","urlTemplate":"https:\/\/www.modula.eu\/de\/?s={search_term_string}"},"query-input":{"@type":"PropertyValueSpecification","valueRequired":true,"valueName":"search_term_string"}}],"inLanguage":"de"},{"@type":"Organization","@id":"https:\/\/www.modula.eu\/de\/#organization","name":"Modula","url":"https:\/\/www.modula.eu\/de\/","logo":{"@type":"ImageObject","inLanguage":"de","@id":"https:\/\/www.modula.eu\/de\/#\/schema\/logo\/image\/","url":"https:\/\/www.modula.eu\/wp-content\/uploads\/2022\/12\/Modula-logo.jpg","contentUrl":"https:\/\/www.modula.eu\/wp-content\/uploads\/2022\/12\/Modula-logo.jpg","width":759,"height":512,"caption":"Modula"},"image":{"@id":"https:\/\/www.modula.eu\/de\/#\/schema\/logo\/image\/"}}]}},"_links":{"self":[{"href":"https:\/\/www.modula.eu\/de\/wp-json\/wp\/v2\/pages\/51849","targetHints":{"allow":["GET"]}}],"collection":[{"href":"https:\/\/www.modula.eu\/de\/wp-json\/wp\/v2\/pages"}],"about":[{"href":"https:\/\/www.modula.eu\/de\/wp-json\/wp\/v2\/types\/page"}],"author":[{"embeddable":true,"href":"https:\/\/www.modula.eu\/de\/wp-json\/wp\/v2\/users\/1"}],"replies":[{"embeddable":true,"href":"https:\/\/www.modula.eu\/de\/wp-json\/wp\/v2\/comments?post=51849"}],"version-history":[{"count":0,"href":"https:\/\/www.modula.eu\/de\/wp-json\/wp\/v2\/pages\/51849\/revisions"}],"up":[{"embeddable":true,"href":"https:\/\/www.modula.eu\/de\/wp-json\/wp\/v2\/pages\/51845"}],"wp:featuredmedia":[{"embeddable":true,"href":"https:\/\/www.modula.eu\/de\/wp-json\/wp\/v2\/media\/46648"}],"wp:attachment":[{"href":"https:\/\/www.modula.eu\/de\/wp-json\/wp\/v2\/media?parent=51849"}],"curies":[{"name":"wp","href":"https:\/\/api.w.org\/{rel}","templated":true}]}}