{"id":54478,"date":"2025-04-15T09:43:10","date_gmt":"2025-04-15T07:43:10","guid":{"rendered":"https:\/\/www.modula.eu\/case-studies\/logistikbranche-3pl\/plub\/"},"modified":"2025-05-29T15:04:58","modified_gmt":"2025-05-29T13:04:58","slug":"plub","status":"publish","type":"page","link":"https:\/\/www.modula.eu\/de\/case-studies\/logistikbranche-3pl\/plub\/","title":{"rendered":"Plub"},"content":{"rendered":"","protected":false},"excerpt":{"rendered":"","protected":false},"author":1,"featured_media":54472,"parent":10243,"menu_order":1,"comment_status":"closed","ping_status":"closed","template":"case.php","meta":{"_acf_changed":false,"inline_featured_image":false,"mapsvg_location":"","footnotes":""},"class_list":["post-54478","page","type-page","status-publish","has-post-thumbnail","hentry"],"acf":[],"yoast_head":"<!-- This site is optimized with the Yoast SEO plugin v27.3 - https:\/\/yoast.com\/product\/yoast-seo-wordpress\/ -->\n<title>Modula Lagerhaltung f\u00fcr die Distribution und E-commerce: Plub<\/title>\n<meta name=\"description\" content=\"Hinter den Kulissen hat die Einf\u00fchrung der Systeme Modula Lift die Logistikprozesse ver\u00e4ndert und Plub in die Lage versetzt, einen exzellenten Service anzubieten, der stets auf die Bed\u00fcrfnisse der Kunden abgestimmt ist.\" \/>\n<meta name=\"robots\" content=\"index, follow, max-snippet:-1, max-image-preview:large, max-video-preview:-1\" \/>\n<link rel=\"canonical\" href=\"https:\/\/www.modula.eu\/de\/case-studies\/logistikbranche-3pl\/plub\/\" \/>\n<meta property=\"og:locale\" content=\"de_DE\" \/>\n<meta property=\"og:type\" content=\"article\" \/>\n<meta property=\"og:title\" content=\"Modula Lagerhaltung f\u00fcr die Distribution und E-commerce: Plub\" \/>\n<meta property=\"og:description\" content=\"Hinter den Kulissen hat die Einf\u00fchrung der Systeme Modula Lift die Logistikprozesse ver\u00e4ndert und Plub in die Lage versetzt, einen exzellenten Service anzubieten, der stets auf die Bed\u00fcrfnisse der Kunden abgestimmt ist.\" \/>\n<meta property=\"og:url\" content=\"https:\/\/www.modula.eu\/de\/case-studies\/logistikbranche-3pl\/plub\/\" \/>\n<meta property=\"og:site_name\" content=\"Modula\" \/>\n<meta property=\"article:modified_time\" content=\"2025-05-29T13:04:58+00:00\" \/>\n<meta property=\"og:image\" content=\"https:\/\/www.modula.eu\/wp-content\/uploads\/2025\/04\/modula-plub.png\" \/>\n\t<meta property=\"og:image:width\" content=\"1345\" \/>\n\t<meta property=\"og:image:height\" content=\"692\" \/>\n\t<meta property=\"og:image:type\" content=\"image\/png\" \/>\n<meta name=\"twitter:card\" content=\"summary_large_image\" \/>\n<script type=\"application\/ld+json\" class=\"yoast-schema-graph\">{\"@context\":\"https:\\\/\\\/schema.org\",\"@graph\":[{\"@type\":\"WebPage\",\"@id\":\"https:\\\/\\\/www.modula.eu\\\/de\\\/case-studies\\\/logistikbranche-3pl\\\/plub\\\/\",\"url\":\"https:\\\/\\\/www.modula.eu\\\/de\\\/case-studies\\\/logistikbranche-3pl\\\/plub\\\/\",\"name\":\"Modula Lagerhaltung f\u00fcr die Distribution und E-commerce: Plub\",\"isPartOf\":{\"@id\":\"https:\\\/\\\/www.modula.eu\\\/de\\\/#website\"},\"primaryImageOfPage\":{\"@id\":\"https:\\\/\\\/www.modula.eu\\\/de\\\/case-studies\\\/logistikbranche-3pl\\\/plub\\\/#primaryimage\"},\"image\":{\"@id\":\"https:\\\/\\\/www.modula.eu\\\/de\\\/case-studies\\\/logistikbranche-3pl\\\/plub\\\/#primaryimage\"},\"thumbnailUrl\":\"https:\\\/\\\/www.modula.eu\\\/wp-content\\\/uploads\\\/2025\\\/04\\\/modula-plub.png\",\"datePublished\":\"2025-04-15T07:43:10+00:00\",\"dateModified\":\"2025-05-29T13:04:58+00:00\",\"description\":\"Hinter den Kulissen hat die Einf\u00fchrung der Systeme Modula Lift die Logistikprozesse ver\u00e4ndert und Plub in die Lage versetzt, einen exzellenten Service anzubieten, der stets auf die Bed\u00fcrfnisse der Kunden abgestimmt ist.\",\"breadcrumb\":{\"@id\":\"https:\\\/\\\/www.modula.eu\\\/de\\\/case-studies\\\/logistikbranche-3pl\\\/plub\\\/#breadcrumb\"},\"inLanguage\":\"de\",\"potentialAction\":[{\"@type\":\"ReadAction\",\"target\":[\"https:\\\/\\\/www.modula.eu\\\/de\\\/case-studies\\\/logistikbranche-3pl\\\/plub\\\/\"]}]},{\"@type\":\"ImageObject\",\"inLanguage\":\"de\",\"@id\":\"https:\\\/\\\/www.modula.eu\\\/de\\\/case-studies\\\/logistikbranche-3pl\\\/plub\\\/#primaryimage\",\"url\":\"https:\\\/\\\/www.modula.eu\\\/wp-content\\\/uploads\\\/2025\\\/04\\\/modula-plub.png\",\"contentUrl\":\"https:\\\/\\\/www.modula.eu\\\/wp-content\\\/uploads\\\/2025\\\/04\\\/modula-plub.png\",\"width\":1345,\"height\":692},{\"@type\":\"BreadcrumbList\",\"@id\":\"https:\\\/\\\/www.modula.eu\\\/de\\\/case-studies\\\/logistikbranche-3pl\\\/plub\\\/#breadcrumb\",\"itemListElement\":[{\"@type\":\"ListItem\",\"position\":1,\"name\":\"Home\",\"item\":\"https:\\\/\\\/www.modula.eu\\\/de\\\/\"},{\"@type\":\"ListItem\",\"position\":2,\"name\":\"Fallstudien\",\"item\":\"https:\\\/\\\/www.modula.eu\\\/de\\\/case-studies\\\/\"},{\"@type\":\"ListItem\",\"position\":3,\"name\":\"Logistikbranche \\\/ 3PL\",\"item\":\"https:\\\/\\\/www.modula.eu\\\/de\\\/case-studies\\\/logistikbranche-3pl\\\/\"},{\"@type\":\"ListItem\",\"position\":4,\"name\":\"Plub\"}]},{\"@type\":\"WebSite\",\"@id\":\"https:\\\/\\\/www.modula.eu\\\/de\\\/#website\",\"url\":\"https:\\\/\\\/www.modula.eu\\\/de\\\/\",\"name\":\"Modula\",\"description\":\"Think Vertical\",\"publisher\":{\"@id\":\"https:\\\/\\\/www.modula.eu\\\/de\\\/#organization\"},\"potentialAction\":[{\"@type\":\"SearchAction\",\"target\":{\"@type\":\"EntryPoint\",\"urlTemplate\":\"https:\\\/\\\/www.modula.eu\\\/de\\\/?s={search_term_string}\"},\"query-input\":{\"@type\":\"PropertyValueSpecification\",\"valueRequired\":true,\"valueName\":\"search_term_string\"}}],\"inLanguage\":\"de\"},{\"@type\":\"Organization\",\"@id\":\"https:\\\/\\\/www.modula.eu\\\/de\\\/#organization\",\"name\":\"Modula\",\"url\":\"https:\\\/\\\/www.modula.eu\\\/de\\\/\",\"logo\":{\"@type\":\"ImageObject\",\"inLanguage\":\"de\",\"@id\":\"https:\\\/\\\/www.modula.eu\\\/de\\\/#\\\/schema\\\/logo\\\/image\\\/\",\"url\":\"https:\\\/\\\/www.modula.eu\\\/wp-content\\\/uploads\\\/2022\\\/12\\\/Modula-logo.jpg\",\"contentUrl\":\"https:\\\/\\\/www.modula.eu\\\/wp-content\\\/uploads\\\/2022\\\/12\\\/Modula-logo.jpg\",\"width\":759,\"height\":512,\"caption\":\"Modula\"},\"image\":{\"@id\":\"https:\\\/\\\/www.modula.eu\\\/de\\\/#\\\/schema\\\/logo\\\/image\\\/\"}}]}<\/script>\n<!-- \/ Yoast SEO plugin. -->","yoast_head_json":{"title":"Modula Lagerhaltung f\u00fcr die Distribution und E-commerce: Plub","description":"Hinter den Kulissen hat die Einf\u00fchrung der Systeme Modula Lift die Logistikprozesse ver\u00e4ndert und Plub in die Lage versetzt, einen exzellenten Service anzubieten, der stets auf die Bed\u00fcrfnisse der Kunden abgestimmt ist.","robots":{"index":"index","follow":"follow","max-snippet":"max-snippet:-1","max-image-preview":"max-image-preview:large","max-video-preview":"max-video-preview:-1"},"canonical":"https:\/\/www.modula.eu\/de\/case-studies\/logistikbranche-3pl\/plub\/","og_locale":"de_DE","og_type":"article","og_title":"Modula Lagerhaltung f\u00fcr die Distribution und E-commerce: Plub","og_description":"Hinter den Kulissen hat die Einf\u00fchrung der Systeme Modula Lift die Logistikprozesse ver\u00e4ndert und Plub in die Lage versetzt, einen exzellenten Service anzubieten, der stets auf die Bed\u00fcrfnisse der Kunden abgestimmt ist.","og_url":"https:\/\/www.modula.eu\/de\/case-studies\/logistikbranche-3pl\/plub\/","og_site_name":"Modula","article_modified_time":"2025-05-29T13:04:58+00:00","og_image":[{"width":1345,"height":692,"url":"https:\/\/www.modula.eu\/wp-content\/uploads\/2025\/04\/modula-plub.png","type":"image\/png"}],"twitter_card":"summary_large_image","schema":{"@context":"https:\/\/schema.org","@graph":[{"@type":"WebPage","@id":"https:\/\/www.modula.eu\/de\/case-studies\/logistikbranche-3pl\/plub\/","url":"https:\/\/www.modula.eu\/de\/case-studies\/logistikbranche-3pl\/plub\/","name":"Modula Lagerhaltung f\u00fcr die Distribution und E-commerce: Plub","isPartOf":{"@id":"https:\/\/www.modula.eu\/de\/#website"},"primaryImageOfPage":{"@id":"https:\/\/www.modula.eu\/de\/case-studies\/logistikbranche-3pl\/plub\/#primaryimage"},"image":{"@id":"https:\/\/www.modula.eu\/de\/case-studies\/logistikbranche-3pl\/plub\/#primaryimage"},"thumbnailUrl":"https:\/\/www.modula.eu\/wp-content\/uploads\/2025\/04\/modula-plub.png","datePublished":"2025-04-15T07:43:10+00:00","dateModified":"2025-05-29T13:04:58+00:00","description":"Hinter den Kulissen hat die Einf\u00fchrung der Systeme Modula Lift die Logistikprozesse ver\u00e4ndert und Plub in die Lage versetzt, einen exzellenten Service anzubieten, der stets auf die Bed\u00fcrfnisse der Kunden abgestimmt ist.","breadcrumb":{"@id":"https:\/\/www.modula.eu\/de\/case-studies\/logistikbranche-3pl\/plub\/#breadcrumb"},"inLanguage":"de","potentialAction":[{"@type":"ReadAction","target":["https:\/\/www.modula.eu\/de\/case-studies\/logistikbranche-3pl\/plub\/"]}]},{"@type":"ImageObject","inLanguage":"de","@id":"https:\/\/www.modula.eu\/de\/case-studies\/logistikbranche-3pl\/plub\/#primaryimage","url":"https:\/\/www.modula.eu\/wp-content\/uploads\/2025\/04\/modula-plub.png","contentUrl":"https:\/\/www.modula.eu\/wp-content\/uploads\/2025\/04\/modula-plub.png","width":1345,"height":692},{"@type":"BreadcrumbList","@id":"https:\/\/www.modula.eu\/de\/case-studies\/logistikbranche-3pl\/plub\/#breadcrumb","itemListElement":[{"@type":"ListItem","position":1,"name":"Home","item":"https:\/\/www.modula.eu\/de\/"},{"@type":"ListItem","position":2,"name":"Fallstudien","item":"https:\/\/www.modula.eu\/de\/case-studies\/"},{"@type":"ListItem","position":3,"name":"Logistikbranche \/ 3PL","item":"https:\/\/www.modula.eu\/de\/case-studies\/logistikbranche-3pl\/"},{"@type":"ListItem","position":4,"name":"Plub"}]},{"@type":"WebSite","@id":"https:\/\/www.modula.eu\/de\/#website","url":"https:\/\/www.modula.eu\/de\/","name":"Modula","description":"Think Vertical","publisher":{"@id":"https:\/\/www.modula.eu\/de\/#organization"},"potentialAction":[{"@type":"SearchAction","target":{"@type":"EntryPoint","urlTemplate":"https:\/\/www.modula.eu\/de\/?s={search_term_string}"},"query-input":{"@type":"PropertyValueSpecification","valueRequired":true,"valueName":"search_term_string"}}],"inLanguage":"de"},{"@type":"Organization","@id":"https:\/\/www.modula.eu\/de\/#organization","name":"Modula","url":"https:\/\/www.modula.eu\/de\/","logo":{"@type":"ImageObject","inLanguage":"de","@id":"https:\/\/www.modula.eu\/de\/#\/schema\/logo\/image\/","url":"https:\/\/www.modula.eu\/wp-content\/uploads\/2022\/12\/Modula-logo.jpg","contentUrl":"https:\/\/www.modula.eu\/wp-content\/uploads\/2022\/12\/Modula-logo.jpg","width":759,"height":512,"caption":"Modula"},"image":{"@id":"https:\/\/www.modula.eu\/de\/#\/schema\/logo\/image\/"}}]}},"_links":{"self":[{"href":"https:\/\/www.modula.eu\/de\/wp-json\/wp\/v2\/pages\/54478","targetHints":{"allow":["GET"]}}],"collection":[{"href":"https:\/\/www.modula.eu\/de\/wp-json\/wp\/v2\/pages"}],"about":[{"href":"https:\/\/www.modula.eu\/de\/wp-json\/wp\/v2\/types\/page"}],"author":[{"embeddable":true,"href":"https:\/\/www.modula.eu\/de\/wp-json\/wp\/v2\/users\/1"}],"replies":[{"embeddable":true,"href":"https:\/\/www.modula.eu\/de\/wp-json\/wp\/v2\/comments?post=54478"}],"version-history":[{"count":0,"href":"https:\/\/www.modula.eu\/de\/wp-json\/wp\/v2\/pages\/54478\/revisions"}],"up":[{"embeddable":true,"href":"https:\/\/www.modula.eu\/de\/wp-json\/wp\/v2\/pages\/10243"}],"wp:featuredmedia":[{"embeddable":true,"href":"https:\/\/www.modula.eu\/de\/wp-json\/wp\/v2\/media\/54472"}],"wp:attachment":[{"href":"https:\/\/www.modula.eu\/de\/wp-json\/wp\/v2\/media?parent=54478"}],"curies":[{"name":"wp","href":"https:\/\/api.w.org\/{rel}","templated":true}]}}