{"id":56772,"date":"2025-05-22T15:50:34","date_gmt":"2025-05-22T13:50:34","guid":{"rendered":"https:\/\/www.modula.eu\/case-studies\/lebensmittel-und-getraenkebranche\/grandpak\/"},"modified":"2025-07-07T17:18:39","modified_gmt":"2025-07-07T15:18:39","slug":"grandpak","status":"publish","type":"page","link":"https:\/\/www.modula.eu\/de\/case-studies\/lebensmittel-und-getraenkebranche\/grandpak\/","title":{"rendered":"Grandpak"},"content":{"rendered":"","protected":false},"excerpt":{"rendered":"","protected":false},"author":2,"featured_media":56767,"parent":10219,"menu_order":13,"comment_status":"closed","ping_status":"closed","template":"case.php","meta":{"_acf_changed":false,"inline_featured_image":false,"mapsvg_location":"","footnotes":""},"class_list":["post-56772","page","type-page","status-publish","has-post-thumbnail","hentry"],"acf":[],"yoast_head":"<!-- This site is optimized with the Yoast SEO plugin v27.3 - https:\/\/yoast.com\/product\/yoast-seo-wordpress\/ -->\n<title>Modula Lagerhaltung f\u00fcr die Lebensmittel- und Getr\u00e4nkeindustrie: Grandpak | Modula<\/title>\n<meta name=\"description\" content=\"Mit den automatisierten Systemen von Modula haben wir unser Lager revolutioniert. Die Automatisierung erm\u00f6glicht es uns heute, pr\u00e4ziser, geordneter und effizienter zu arbeiten. Das ist ein entscheidender Schritt, um unser Wachstum zu unterst\u00fctzen.\" \/>\n<meta name=\"robots\" content=\"index, follow, max-snippet:-1, max-image-preview:large, max-video-preview:-1\" \/>\n<link rel=\"canonical\" href=\"https:\/\/www.modula.eu\/de\/case-studies\/lebensmittel-und-getraenkebranche\/grandpak\/\" \/>\n<meta property=\"og:locale\" content=\"de_DE\" \/>\n<meta property=\"og:type\" content=\"article\" \/>\n<meta property=\"og:title\" content=\"Modula Lagerhaltung f\u00fcr die Lebensmittel- und Getr\u00e4nkeindustrie: Grandpak | Modula\" \/>\n<meta property=\"og:description\" content=\"Mit den automatisierten Systemen von Modula haben wir unser Lager revolutioniert. Die Automatisierung erm\u00f6glicht es uns heute, pr\u00e4ziser, geordneter und effizienter zu arbeiten. Das ist ein entscheidender Schritt, um unser Wachstum zu unterst\u00fctzen.\" \/>\n<meta property=\"og:url\" content=\"https:\/\/www.modula.eu\/de\/case-studies\/lebensmittel-und-getraenkebranche\/grandpak\/\" \/>\n<meta property=\"og:site_name\" content=\"Modula\" \/>\n<meta property=\"article:modified_time\" content=\"2025-07-07T15:18:39+00:00\" \/>\n<meta property=\"og:image\" content=\"https:\/\/www.modula.eu\/wp-content\/uploads\/2025\/05\/grandpack.jpg\" \/>\n\t<meta property=\"og:image:width\" content=\"800\" \/>\n\t<meta property=\"og:image:height\" content=\"600\" \/>\n\t<meta property=\"og:image:type\" content=\"image\/jpeg\" \/>\n<meta name=\"twitter:card\" content=\"summary_large_image\" \/>\n<script type=\"application\/ld+json\" class=\"yoast-schema-graph\">{\"@context\":\"https:\\\/\\\/schema.org\",\"@graph\":[{\"@type\":\"WebPage\",\"@id\":\"https:\\\/\\\/www.modula.eu\\\/de\\\/case-studies\\\/lebensmittel-und-getraenkebranche\\\/grandpak\\\/\",\"url\":\"https:\\\/\\\/www.modula.eu\\\/de\\\/case-studies\\\/lebensmittel-und-getraenkebranche\\\/grandpak\\\/\",\"name\":\"Modula Lagerhaltung f\u00fcr die Lebensmittel- und Getr\u00e4nkeindustrie: Grandpak | Modula\",\"isPartOf\":{\"@id\":\"https:\\\/\\\/www.modula.eu\\\/de\\\/#website\"},\"primaryImageOfPage\":{\"@id\":\"https:\\\/\\\/www.modula.eu\\\/de\\\/case-studies\\\/lebensmittel-und-getraenkebranche\\\/grandpak\\\/#primaryimage\"},\"image\":{\"@id\":\"https:\\\/\\\/www.modula.eu\\\/de\\\/case-studies\\\/lebensmittel-und-getraenkebranche\\\/grandpak\\\/#primaryimage\"},\"thumbnailUrl\":\"https:\\\/\\\/www.modula.eu\\\/wp-content\\\/uploads\\\/2025\\\/05\\\/grandpack.jpg\",\"datePublished\":\"2025-05-22T13:50:34+00:00\",\"dateModified\":\"2025-07-07T15:18:39+00:00\",\"description\":\"Mit den automatisierten Systemen von Modula haben wir unser Lager revolutioniert. Die Automatisierung erm\u00f6glicht es uns heute, pr\u00e4ziser, geordneter und effizienter zu arbeiten. Das ist ein entscheidender Schritt, um unser Wachstum zu unterst\u00fctzen.\",\"breadcrumb\":{\"@id\":\"https:\\\/\\\/www.modula.eu\\\/de\\\/case-studies\\\/lebensmittel-und-getraenkebranche\\\/grandpak\\\/#breadcrumb\"},\"inLanguage\":\"de\",\"potentialAction\":[{\"@type\":\"ReadAction\",\"target\":[\"https:\\\/\\\/www.modula.eu\\\/de\\\/case-studies\\\/lebensmittel-und-getraenkebranche\\\/grandpak\\\/\"]}]},{\"@type\":\"ImageObject\",\"inLanguage\":\"de\",\"@id\":\"https:\\\/\\\/www.modula.eu\\\/de\\\/case-studies\\\/lebensmittel-und-getraenkebranche\\\/grandpak\\\/#primaryimage\",\"url\":\"https:\\\/\\\/www.modula.eu\\\/wp-content\\\/uploads\\\/2025\\\/05\\\/grandpack.jpg\",\"contentUrl\":\"https:\\\/\\\/www.modula.eu\\\/wp-content\\\/uploads\\\/2025\\\/05\\\/grandpack.jpg\",\"width\":800,\"height\":600},{\"@type\":\"BreadcrumbList\",\"@id\":\"https:\\\/\\\/www.modula.eu\\\/de\\\/case-studies\\\/lebensmittel-und-getraenkebranche\\\/grandpak\\\/#breadcrumb\",\"itemListElement\":[{\"@type\":\"ListItem\",\"position\":1,\"name\":\"Home\",\"item\":\"https:\\\/\\\/www.modula.eu\\\/de\\\/\"},{\"@type\":\"ListItem\",\"position\":2,\"name\":\"Fallstudien\",\"item\":\"https:\\\/\\\/www.modula.eu\\\/de\\\/case-studies\\\/\"},{\"@type\":\"ListItem\",\"position\":3,\"name\":\"Lebensmittel und Getr\u00e4nkebranche\",\"item\":\"https:\\\/\\\/www.modula.eu\\\/de\\\/case-studies\\\/lebensmittel-und-getrankebranche\\\/\"},{\"@type\":\"ListItem\",\"position\":4,\"name\":\"Grandpak\"}]},{\"@type\":\"WebSite\",\"@id\":\"https:\\\/\\\/www.modula.eu\\\/de\\\/#website\",\"url\":\"https:\\\/\\\/www.modula.eu\\\/de\\\/\",\"name\":\"Modula\",\"description\":\"Think Vertical\",\"publisher\":{\"@id\":\"https:\\\/\\\/www.modula.eu\\\/de\\\/#organization\"},\"potentialAction\":[{\"@type\":\"SearchAction\",\"target\":{\"@type\":\"EntryPoint\",\"urlTemplate\":\"https:\\\/\\\/www.modula.eu\\\/de\\\/?s={search_term_string}\"},\"query-input\":{\"@type\":\"PropertyValueSpecification\",\"valueRequired\":true,\"valueName\":\"search_term_string\"}}],\"inLanguage\":\"de\"},{\"@type\":\"Organization\",\"@id\":\"https:\\\/\\\/www.modula.eu\\\/de\\\/#organization\",\"name\":\"Modula\",\"url\":\"https:\\\/\\\/www.modula.eu\\\/de\\\/\",\"logo\":{\"@type\":\"ImageObject\",\"inLanguage\":\"de\",\"@id\":\"https:\\\/\\\/www.modula.eu\\\/de\\\/#\\\/schema\\\/logo\\\/image\\\/\",\"url\":\"https:\\\/\\\/www.modula.eu\\\/wp-content\\\/uploads\\\/2022\\\/12\\\/Modula-logo.jpg\",\"contentUrl\":\"https:\\\/\\\/www.modula.eu\\\/wp-content\\\/uploads\\\/2022\\\/12\\\/Modula-logo.jpg\",\"width\":759,\"height\":512,\"caption\":\"Modula\"},\"image\":{\"@id\":\"https:\\\/\\\/www.modula.eu\\\/de\\\/#\\\/schema\\\/logo\\\/image\\\/\"}}]}<\/script>\n<!-- \/ Yoast SEO plugin. -->","yoast_head_json":{"title":"Modula Lagerhaltung f\u00fcr die Lebensmittel- und Getr\u00e4nkeindustrie: Grandpak | Modula","description":"Mit den automatisierten Systemen von Modula haben wir unser Lager revolutioniert. Die Automatisierung erm\u00f6glicht es uns heute, pr\u00e4ziser, geordneter und effizienter zu arbeiten. Das ist ein entscheidender Schritt, um unser Wachstum zu unterst\u00fctzen.","robots":{"index":"index","follow":"follow","max-snippet":"max-snippet:-1","max-image-preview":"max-image-preview:large","max-video-preview":"max-video-preview:-1"},"canonical":"https:\/\/www.modula.eu\/de\/case-studies\/lebensmittel-und-getraenkebranche\/grandpak\/","og_locale":"de_DE","og_type":"article","og_title":"Modula Lagerhaltung f\u00fcr die Lebensmittel- und Getr\u00e4nkeindustrie: Grandpak | Modula","og_description":"Mit den automatisierten Systemen von Modula haben wir unser Lager revolutioniert. Die Automatisierung erm\u00f6glicht es uns heute, pr\u00e4ziser, geordneter und effizienter zu arbeiten. Das ist ein entscheidender Schritt, um unser Wachstum zu unterst\u00fctzen.","og_url":"https:\/\/www.modula.eu\/de\/case-studies\/lebensmittel-und-getraenkebranche\/grandpak\/","og_site_name":"Modula","article_modified_time":"2025-07-07T15:18:39+00:00","og_image":[{"width":800,"height":600,"url":"https:\/\/www.modula.eu\/wp-content\/uploads\/2025\/05\/grandpack.jpg","type":"image\/jpeg"}],"twitter_card":"summary_large_image","schema":{"@context":"https:\/\/schema.org","@graph":[{"@type":"WebPage","@id":"https:\/\/www.modula.eu\/de\/case-studies\/lebensmittel-und-getraenkebranche\/grandpak\/","url":"https:\/\/www.modula.eu\/de\/case-studies\/lebensmittel-und-getraenkebranche\/grandpak\/","name":"Modula Lagerhaltung f\u00fcr die Lebensmittel- und Getr\u00e4nkeindustrie: Grandpak | Modula","isPartOf":{"@id":"https:\/\/www.modula.eu\/de\/#website"},"primaryImageOfPage":{"@id":"https:\/\/www.modula.eu\/de\/case-studies\/lebensmittel-und-getraenkebranche\/grandpak\/#primaryimage"},"image":{"@id":"https:\/\/www.modula.eu\/de\/case-studies\/lebensmittel-und-getraenkebranche\/grandpak\/#primaryimage"},"thumbnailUrl":"https:\/\/www.modula.eu\/wp-content\/uploads\/2025\/05\/grandpack.jpg","datePublished":"2025-05-22T13:50:34+00:00","dateModified":"2025-07-07T15:18:39+00:00","description":"Mit den automatisierten Systemen von Modula haben wir unser Lager revolutioniert. Die Automatisierung erm\u00f6glicht es uns heute, pr\u00e4ziser, geordneter und effizienter zu arbeiten. Das ist ein entscheidender Schritt, um unser Wachstum zu unterst\u00fctzen.","breadcrumb":{"@id":"https:\/\/www.modula.eu\/de\/case-studies\/lebensmittel-und-getraenkebranche\/grandpak\/#breadcrumb"},"inLanguage":"de","potentialAction":[{"@type":"ReadAction","target":["https:\/\/www.modula.eu\/de\/case-studies\/lebensmittel-und-getraenkebranche\/grandpak\/"]}]},{"@type":"ImageObject","inLanguage":"de","@id":"https:\/\/www.modula.eu\/de\/case-studies\/lebensmittel-und-getraenkebranche\/grandpak\/#primaryimage","url":"https:\/\/www.modula.eu\/wp-content\/uploads\/2025\/05\/grandpack.jpg","contentUrl":"https:\/\/www.modula.eu\/wp-content\/uploads\/2025\/05\/grandpack.jpg","width":800,"height":600},{"@type":"BreadcrumbList","@id":"https:\/\/www.modula.eu\/de\/case-studies\/lebensmittel-und-getraenkebranche\/grandpak\/#breadcrumb","itemListElement":[{"@type":"ListItem","position":1,"name":"Home","item":"https:\/\/www.modula.eu\/de\/"},{"@type":"ListItem","position":2,"name":"Fallstudien","item":"https:\/\/www.modula.eu\/de\/case-studies\/"},{"@type":"ListItem","position":3,"name":"Lebensmittel und Getr\u00e4nkebranche","item":"https:\/\/www.modula.eu\/de\/case-studies\/lebensmittel-und-getrankebranche\/"},{"@type":"ListItem","position":4,"name":"Grandpak"}]},{"@type":"WebSite","@id":"https:\/\/www.modula.eu\/de\/#website","url":"https:\/\/www.modula.eu\/de\/","name":"Modula","description":"Think Vertical","publisher":{"@id":"https:\/\/www.modula.eu\/de\/#organization"},"potentialAction":[{"@type":"SearchAction","target":{"@type":"EntryPoint","urlTemplate":"https:\/\/www.modula.eu\/de\/?s={search_term_string}"},"query-input":{"@type":"PropertyValueSpecification","valueRequired":true,"valueName":"search_term_string"}}],"inLanguage":"de"},{"@type":"Organization","@id":"https:\/\/www.modula.eu\/de\/#organization","name":"Modula","url":"https:\/\/www.modula.eu\/de\/","logo":{"@type":"ImageObject","inLanguage":"de","@id":"https:\/\/www.modula.eu\/de\/#\/schema\/logo\/image\/","url":"https:\/\/www.modula.eu\/wp-content\/uploads\/2022\/12\/Modula-logo.jpg","contentUrl":"https:\/\/www.modula.eu\/wp-content\/uploads\/2022\/12\/Modula-logo.jpg","width":759,"height":512,"caption":"Modula"},"image":{"@id":"https:\/\/www.modula.eu\/de\/#\/schema\/logo\/image\/"}}]}},"_links":{"self":[{"href":"https:\/\/www.modula.eu\/de\/wp-json\/wp\/v2\/pages\/56772","targetHints":{"allow":["GET"]}}],"collection":[{"href":"https:\/\/www.modula.eu\/de\/wp-json\/wp\/v2\/pages"}],"about":[{"href":"https:\/\/www.modula.eu\/de\/wp-json\/wp\/v2\/types\/page"}],"author":[{"embeddable":true,"href":"https:\/\/www.modula.eu\/de\/wp-json\/wp\/v2\/users\/2"}],"replies":[{"embeddable":true,"href":"https:\/\/www.modula.eu\/de\/wp-json\/wp\/v2\/comments?post=56772"}],"version-history":[{"count":0,"href":"https:\/\/www.modula.eu\/de\/wp-json\/wp\/v2\/pages\/56772\/revisions"}],"up":[{"embeddable":true,"href":"https:\/\/www.modula.eu\/de\/wp-json\/wp\/v2\/pages\/10219"}],"wp:featuredmedia":[{"embeddable":true,"href":"https:\/\/www.modula.eu\/de\/wp-json\/wp\/v2\/media\/56767"}],"wp:attachment":[{"href":"https:\/\/www.modula.eu\/de\/wp-json\/wp\/v2\/media?parent=56772"}],"curies":[{"name":"wp","href":"https:\/\/api.w.org\/{rel}","templated":true}]}}