{"id":76433,"date":"2026-04-14T09:02:01","date_gmt":"2026-04-14T07:02:01","guid":{"rendered":"https:\/\/www.modula.eu\/?page_id=76433"},"modified":"2026-04-14T13:44:48","modified_gmt":"2026-04-14T11:44:48","slug":"bildung-oeffentliche-verwaltung","status":"publish","type":"page","link":"https:\/\/www.modula.eu\/de\/case-studies\/bildung-oeffentliche-verwaltung\/","title":{"rendered":"Bildung \/ \u00d6ffentliche Verwaltung"},"content":{"rendered":"","protected":false},"excerpt":{"rendered":"","protected":false},"author":6,"featured_media":0,"parent":10077,"menu_order":1,"comment_status":"closed","ping_status":"closed","template":"case-category.php","meta":{"_acf_changed":false,"inline_featured_image":false,"mapsvg_location":"","footnotes":""},"class_list":["post-76433","page","type-page","status-publish","hentry"],"acf":[],"yoast_head":"<!-- This site is optimized with the Yoast SEO plugin v27.3 - https:\/\/yoast.com\/product\/yoast-seo-wordpress\/ -->\n<title>Modula Lagerl\u00f6sungen f\u00fcr den Bildungs- und \u00f6ffentlichen Verwaltungssektor<\/title>\n<meta name=\"description\" content=\"Die automatischen Lagersysteme von Modula eignen sich f\u00fcr alle Industriezweige. Entdecken Sie unsere L\u00f6sungen f\u00fcr den Bildungs- und \u00f6ffentlichen Verwaltungssektor.\" \/>\n<meta name=\"robots\" content=\"index, follow, max-snippet:-1, max-image-preview:large, max-video-preview:-1\" \/>\n<link rel=\"canonical\" href=\"https:\/\/www.modula.eu\/de\/case-studies\/bildung-oeffentliche-verwaltung\/\" \/>\n<meta property=\"og:locale\" content=\"de_DE\" \/>\n<meta property=\"og:type\" content=\"article\" \/>\n<meta property=\"og:title\" content=\"Modula Lagerl\u00f6sungen f\u00fcr den Bildungs- und \u00f6ffentlichen Verwaltungssektor\" \/>\n<meta property=\"og:description\" content=\"Die automatischen Lagersysteme von Modula eignen sich f\u00fcr alle Industriezweige. Entdecken Sie unsere L\u00f6sungen f\u00fcr den Bildungs- und \u00f6ffentlichen Verwaltungssektor.\" \/>\n<meta property=\"og:url\" content=\"https:\/\/www.modula.eu\/de\/case-studies\/bildung-oeffentliche-verwaltung\/\" \/>\n<meta property=\"og:site_name\" content=\"Modula\" \/>\n<meta property=\"article:modified_time\" content=\"2026-04-14T11:44:48+00:00\" \/>\n<meta name=\"twitter:card\" content=\"summary_large_image\" \/>\n<script type=\"application\/ld+json\" class=\"yoast-schema-graph\">{\"@context\":\"https:\\\/\\\/schema.org\",\"@graph\":[{\"@type\":\"WebPage\",\"@id\":\"https:\\\/\\\/www.modula.eu\\\/de\\\/case-studies\\\/bildung-oeffentliche-verwaltung\\\/\",\"url\":\"https:\\\/\\\/www.modula.eu\\\/de\\\/case-studies\\\/bildung-oeffentliche-verwaltung\\\/\",\"name\":\"Modula Lagerl\u00f6sungen f\u00fcr den Bildungs- und \u00f6ffentlichen Verwaltungssektor\",\"isPartOf\":{\"@id\":\"https:\\\/\\\/www.modula.eu\\\/de\\\/#website\"},\"datePublished\":\"2026-04-14T07:02:01+00:00\",\"dateModified\":\"2026-04-14T11:44:48+00:00\",\"description\":\"Die automatischen Lagersysteme von Modula eignen sich f\u00fcr alle Industriezweige. Entdecken Sie unsere L\u00f6sungen f\u00fcr den Bildungs- und \u00f6ffentlichen Verwaltungssektor.\",\"breadcrumb\":{\"@id\":\"https:\\\/\\\/www.modula.eu\\\/de\\\/case-studies\\\/bildung-oeffentliche-verwaltung\\\/#breadcrumb\"},\"inLanguage\":\"de\",\"potentialAction\":[{\"@type\":\"ReadAction\",\"target\":[\"https:\\\/\\\/www.modula.eu\\\/de\\\/case-studies\\\/bildung-oeffentliche-verwaltung\\\/\"]}]},{\"@type\":\"BreadcrumbList\",\"@id\":\"https:\\\/\\\/www.modula.eu\\\/de\\\/case-studies\\\/bildung-oeffentliche-verwaltung\\\/#breadcrumb\",\"itemListElement\":[{\"@type\":\"ListItem\",\"position\":1,\"name\":\"Home\",\"item\":\"https:\\\/\\\/www.modula.eu\\\/de\\\/\"},{\"@type\":\"ListItem\",\"position\":2,\"name\":\"Fallstudien\",\"item\":\"https:\\\/\\\/www.modula.eu\\\/de\\\/case-studies\\\/\"},{\"@type\":\"ListItem\",\"position\":3,\"name\":\"Bildung \\\/ \u00d6ffentliche Verwaltung\"}]},{\"@type\":\"WebSite\",\"@id\":\"https:\\\/\\\/www.modula.eu\\\/de\\\/#website\",\"url\":\"https:\\\/\\\/www.modula.eu\\\/de\\\/\",\"name\":\"Modula\",\"description\":\"Think Vertical\",\"publisher\":{\"@id\":\"https:\\\/\\\/www.modula.eu\\\/de\\\/#organization\"},\"potentialAction\":[{\"@type\":\"SearchAction\",\"target\":{\"@type\":\"EntryPoint\",\"urlTemplate\":\"https:\\\/\\\/www.modula.eu\\\/de\\\/?s={search_term_string}\"},\"query-input\":{\"@type\":\"PropertyValueSpecification\",\"valueRequired\":true,\"valueName\":\"search_term_string\"}}],\"inLanguage\":\"de\"},{\"@type\":\"Organization\",\"@id\":\"https:\\\/\\\/www.modula.eu\\\/de\\\/#organization\",\"name\":\"Modula\",\"url\":\"https:\\\/\\\/www.modula.eu\\\/de\\\/\",\"logo\":{\"@type\":\"ImageObject\",\"inLanguage\":\"de\",\"@id\":\"https:\\\/\\\/www.modula.eu\\\/de\\\/#\\\/schema\\\/logo\\\/image\\\/\",\"url\":\"https:\\\/\\\/www.modula.eu\\\/wp-content\\\/uploads\\\/2022\\\/12\\\/Modula-logo.jpg\",\"contentUrl\":\"https:\\\/\\\/www.modula.eu\\\/wp-content\\\/uploads\\\/2022\\\/12\\\/Modula-logo.jpg\",\"width\":759,\"height\":512,\"caption\":\"Modula\"},\"image\":{\"@id\":\"https:\\\/\\\/www.modula.eu\\\/de\\\/#\\\/schema\\\/logo\\\/image\\\/\"}}]}<\/script>\n<!-- \/ Yoast SEO plugin. -->","yoast_head_json":{"title":"Modula Lagerl\u00f6sungen f\u00fcr den Bildungs- und \u00f6ffentlichen Verwaltungssektor","description":"Die automatischen Lagersysteme von Modula eignen sich f\u00fcr alle Industriezweige. Entdecken Sie unsere L\u00f6sungen f\u00fcr den Bildungs- und \u00f6ffentlichen Verwaltungssektor.","robots":{"index":"index","follow":"follow","max-snippet":"max-snippet:-1","max-image-preview":"max-image-preview:large","max-video-preview":"max-video-preview:-1"},"canonical":"https:\/\/www.modula.eu\/de\/case-studies\/bildung-oeffentliche-verwaltung\/","og_locale":"de_DE","og_type":"article","og_title":"Modula Lagerl\u00f6sungen f\u00fcr den Bildungs- und \u00f6ffentlichen Verwaltungssektor","og_description":"Die automatischen Lagersysteme von Modula eignen sich f\u00fcr alle Industriezweige. Entdecken Sie unsere L\u00f6sungen f\u00fcr den Bildungs- und \u00f6ffentlichen Verwaltungssektor.","og_url":"https:\/\/www.modula.eu\/de\/case-studies\/bildung-oeffentliche-verwaltung\/","og_site_name":"Modula","article_modified_time":"2026-04-14T11:44:48+00:00","twitter_card":"summary_large_image","schema":{"@context":"https:\/\/schema.org","@graph":[{"@type":"WebPage","@id":"https:\/\/www.modula.eu\/de\/case-studies\/bildung-oeffentliche-verwaltung\/","url":"https:\/\/www.modula.eu\/de\/case-studies\/bildung-oeffentliche-verwaltung\/","name":"Modula Lagerl\u00f6sungen f\u00fcr den Bildungs- und \u00f6ffentlichen Verwaltungssektor","isPartOf":{"@id":"https:\/\/www.modula.eu\/de\/#website"},"datePublished":"2026-04-14T07:02:01+00:00","dateModified":"2026-04-14T11:44:48+00:00","description":"Die automatischen Lagersysteme von Modula eignen sich f\u00fcr alle Industriezweige. Entdecken Sie unsere L\u00f6sungen f\u00fcr den Bildungs- und \u00f6ffentlichen Verwaltungssektor.","breadcrumb":{"@id":"https:\/\/www.modula.eu\/de\/case-studies\/bildung-oeffentliche-verwaltung\/#breadcrumb"},"inLanguage":"de","potentialAction":[{"@type":"ReadAction","target":["https:\/\/www.modula.eu\/de\/case-studies\/bildung-oeffentliche-verwaltung\/"]}]},{"@type":"BreadcrumbList","@id":"https:\/\/www.modula.eu\/de\/case-studies\/bildung-oeffentliche-verwaltung\/#breadcrumb","itemListElement":[{"@type":"ListItem","position":1,"name":"Home","item":"https:\/\/www.modula.eu\/de\/"},{"@type":"ListItem","position":2,"name":"Fallstudien","item":"https:\/\/www.modula.eu\/de\/case-studies\/"},{"@type":"ListItem","position":3,"name":"Bildung \/ \u00d6ffentliche Verwaltung"}]},{"@type":"WebSite","@id":"https:\/\/www.modula.eu\/de\/#website","url":"https:\/\/www.modula.eu\/de\/","name":"Modula","description":"Think Vertical","publisher":{"@id":"https:\/\/www.modula.eu\/de\/#organization"},"potentialAction":[{"@type":"SearchAction","target":{"@type":"EntryPoint","urlTemplate":"https:\/\/www.modula.eu\/de\/?s={search_term_string}"},"query-input":{"@type":"PropertyValueSpecification","valueRequired":true,"valueName":"search_term_string"}}],"inLanguage":"de"},{"@type":"Organization","@id":"https:\/\/www.modula.eu\/de\/#organization","name":"Modula","url":"https:\/\/www.modula.eu\/de\/","logo":{"@type":"ImageObject","inLanguage":"de","@id":"https:\/\/www.modula.eu\/de\/#\/schema\/logo\/image\/","url":"https:\/\/www.modula.eu\/wp-content\/uploads\/2022\/12\/Modula-logo.jpg","contentUrl":"https:\/\/www.modula.eu\/wp-content\/uploads\/2022\/12\/Modula-logo.jpg","width":759,"height":512,"caption":"Modula"},"image":{"@id":"https:\/\/www.modula.eu\/de\/#\/schema\/logo\/image\/"}}]}},"_links":{"self":[{"href":"https:\/\/www.modula.eu\/de\/wp-json\/wp\/v2\/pages\/76433","targetHints":{"allow":["GET"]}}],"collection":[{"href":"https:\/\/www.modula.eu\/de\/wp-json\/wp\/v2\/pages"}],"about":[{"href":"https:\/\/www.modula.eu\/de\/wp-json\/wp\/v2\/types\/page"}],"author":[{"embeddable":true,"href":"https:\/\/www.modula.eu\/de\/wp-json\/wp\/v2\/users\/6"}],"replies":[{"embeddable":true,"href":"https:\/\/www.modula.eu\/de\/wp-json\/wp\/v2\/comments?post=76433"}],"version-history":[{"count":3,"href":"https:\/\/www.modula.eu\/de\/wp-json\/wp\/v2\/pages\/76433\/revisions"}],"predecessor-version":[{"id":77084,"href":"https:\/\/www.modula.eu\/de\/wp-json\/wp\/v2\/pages\/76433\/revisions\/77084"}],"up":[{"embeddable":true,"href":"https:\/\/www.modula.eu\/de\/wp-json\/wp\/v2\/pages\/10077"}],"wp:attachment":[{"href":"https:\/\/www.modula.eu\/de\/wp-json\/wp\/v2\/media?parent=76433"}],"curies":[{"name":"wp","href":"https:\/\/api.w.org\/{rel}","templated":true}]}}