{"id":7842,"date":"2022-06-21T13:33:23","date_gmt":"2022-06-21T11:33:23","guid":{"rendered":"https:\/\/www.modula.eu\/blog\/idee-riorganizzazione-magazzino\/"},"modified":"2024-09-23T15:25:43","modified_gmt":"2024-09-23T13:25:43","slug":"ideen-fuer-die-umstrukturierung-des-lagers","status":"publish","type":"page","link":"https:\/\/www.modula.eu\/de\/blog\/ideen-fuer-die-umstrukturierung-des-lagers\/","title":{"rendered":"Ideen f\u00fcr die Umstrukturierung des Lagers"},"content":{"rendered":"","protected":false},"excerpt":{"rendered":"","protected":false},"author":1,"featured_media":0,"parent":7827,"menu_order":4,"comment_status":"closed","ping_status":"closed","template":"","meta":{"_acf_changed":false,"inline_featured_image":false,"mapsvg_location":"","footnotes":""},"class_list":["post-7842","page","type-page","status-publish","hentry"],"acf":[],"yoast_head":"<!-- This site is optimized with the Yoast SEO plugin v27.4 - https:\/\/yoast.com\/product\/yoast-seo-wordpress\/ -->\n<title>Ideen f\u00fcr die Umstrukturierung des Lagers | Modula<\/title>\n<meta name=\"description\" content=\"Wussten Sie, dass es m\u00f6glich ist, bis zu 90 % der Fl\u00e4che, die das gelagerte Material einnimmt, zu sparen? Von einfachen Korrekturen bis hin zu strukturellen Aktualisierungen gibt es viele L\u00f6sungen, die Sie zur Optimierung der Logistik Ihres Unternehmens w\u00e4hlen k\u00f6nnen.\" \/>\n<meta name=\"robots\" content=\"index, follow, max-snippet:-1, max-image-preview:large, max-video-preview:-1\" \/>\n<link rel=\"canonical\" href=\"https:\/\/www.modula.eu\/de\/blog\/ideen-fuer-die-umstrukturierung-des-lagers\/\" \/>\n<meta property=\"og:locale\" content=\"de_DE\" \/>\n<meta property=\"og:type\" content=\"article\" \/>\n<meta property=\"og:title\" content=\"Ideen f\u00fcr die Umstrukturierung des Lagers | Modula\" \/>\n<meta property=\"og:description\" content=\"Wussten Sie, dass es m\u00f6glich ist, bis zu 90 % der Fl\u00e4che, die das gelagerte Material einnimmt, zu sparen? Von einfachen Korrekturen bis hin zu strukturellen Aktualisierungen gibt es viele L\u00f6sungen, die Sie zur Optimierung der Logistik Ihres Unternehmens w\u00e4hlen k\u00f6nnen.\" \/>\n<meta property=\"og:url\" content=\"https:\/\/www.modula.eu\/de\/blog\/ideen-fuer-die-umstrukturierung-des-lagers\/\" \/>\n<meta property=\"og:site_name\" content=\"Modula\" \/>\n<meta property=\"article:modified_time\" content=\"2024-09-23T13:25:43+00:00\" \/>\n<meta name=\"twitter:card\" content=\"summary_large_image\" \/>\n<script type=\"application\/ld+json\" class=\"yoast-schema-graph\">{\"@context\":\"https:\\\/\\\/schema.org\",\"@graph\":[{\"@type\":\"WebPage\",\"@id\":\"https:\\\/\\\/www.modula.eu\\\/de\\\/blog\\\/ideen-fuer-die-umstrukturierung-des-lagers\\\/\",\"url\":\"https:\\\/\\\/www.modula.eu\\\/de\\\/blog\\\/ideen-fuer-die-umstrukturierung-des-lagers\\\/\",\"name\":\"Ideen f\u00fcr die Umstrukturierung des Lagers | Modula\",\"isPartOf\":{\"@id\":\"https:\\\/\\\/www.modula.eu\\\/de\\\/#website\"},\"datePublished\":\"2022-06-21T11:33:23+00:00\",\"dateModified\":\"2024-09-23T13:25:43+00:00\",\"description\":\"Wussten Sie, dass es m\u00f6glich ist, bis zu 90 % der Fl\u00e4che, die das gelagerte Material einnimmt, zu sparen? Von einfachen Korrekturen bis hin zu strukturellen Aktualisierungen gibt es viele L\u00f6sungen, die Sie zur Optimierung der Logistik Ihres Unternehmens w\u00e4hlen k\u00f6nnen.\",\"breadcrumb\":{\"@id\":\"https:\\\/\\\/www.modula.eu\\\/de\\\/blog\\\/ideen-fuer-die-umstrukturierung-des-lagers\\\/#breadcrumb\"},\"inLanguage\":\"de\",\"potentialAction\":[{\"@type\":\"ReadAction\",\"target\":[\"https:\\\/\\\/www.modula.eu\\\/de\\\/blog\\\/ideen-fuer-die-umstrukturierung-des-lagers\\\/\"]}]},{\"@type\":\"BreadcrumbList\",\"@id\":\"https:\\\/\\\/www.modula.eu\\\/de\\\/blog\\\/ideen-fuer-die-umstrukturierung-des-lagers\\\/#breadcrumb\",\"itemListElement\":[{\"@type\":\"ListItem\",\"position\":1,\"name\":\"Home\",\"item\":\"https:\\\/\\\/www.modula.eu\\\/de\\\/\"},{\"@type\":\"ListItem\",\"position\":2,\"name\":\"Blog\",\"item\":\"https:\\\/\\\/www.modula.eu\\\/de\\\/blog\\\/\"},{\"@type\":\"ListItem\",\"position\":3,\"name\":\"Ideen f\u00fcr die Umstrukturierung des Lagers\"}]},{\"@type\":\"WebSite\",\"@id\":\"https:\\\/\\\/www.modula.eu\\\/de\\\/#website\",\"url\":\"https:\\\/\\\/www.modula.eu\\\/de\\\/\",\"name\":\"Modula\",\"description\":\"Think Vertical\",\"publisher\":{\"@id\":\"https:\\\/\\\/www.modula.eu\\\/de\\\/#organization\"},\"potentialAction\":[{\"@type\":\"SearchAction\",\"target\":{\"@type\":\"EntryPoint\",\"urlTemplate\":\"https:\\\/\\\/www.modula.eu\\\/de\\\/?s={search_term_string}\"},\"query-input\":{\"@type\":\"PropertyValueSpecification\",\"valueRequired\":true,\"valueName\":\"search_term_string\"}}],\"inLanguage\":\"de\"},{\"@type\":\"Organization\",\"@id\":\"https:\\\/\\\/www.modula.eu\\\/de\\\/#organization\",\"name\":\"Modula\",\"url\":\"https:\\\/\\\/www.modula.eu\\\/de\\\/\",\"logo\":{\"@type\":\"ImageObject\",\"inLanguage\":\"de\",\"@id\":\"https:\\\/\\\/www.modula.eu\\\/de\\\/#\\\/schema\\\/logo\\\/image\\\/\",\"url\":\"https:\\\/\\\/www.modula.eu\\\/wp-content\\\/uploads\\\/2022\\\/12\\\/Modula-logo.jpg\",\"contentUrl\":\"https:\\\/\\\/www.modula.eu\\\/wp-content\\\/uploads\\\/2022\\\/12\\\/Modula-logo.jpg\",\"width\":759,\"height\":512,\"caption\":\"Modula\"},\"image\":{\"@id\":\"https:\\\/\\\/www.modula.eu\\\/de\\\/#\\\/schema\\\/logo\\\/image\\\/\"}}]}<\/script>\n<!-- \/ Yoast SEO plugin. -->","yoast_head_json":{"title":"Ideen f\u00fcr die Umstrukturierung des Lagers | Modula","description":"Wussten Sie, dass es m\u00f6glich ist, bis zu 90 % der Fl\u00e4che, die das gelagerte Material einnimmt, zu sparen? Von einfachen Korrekturen bis hin zu strukturellen Aktualisierungen gibt es viele L\u00f6sungen, die Sie zur Optimierung der Logistik Ihres Unternehmens w\u00e4hlen k\u00f6nnen.","robots":{"index":"index","follow":"follow","max-snippet":"max-snippet:-1","max-image-preview":"max-image-preview:large","max-video-preview":"max-video-preview:-1"},"canonical":"https:\/\/www.modula.eu\/de\/blog\/ideen-fuer-die-umstrukturierung-des-lagers\/","og_locale":"de_DE","og_type":"article","og_title":"Ideen f\u00fcr die Umstrukturierung des Lagers | Modula","og_description":"Wussten Sie, dass es m\u00f6glich ist, bis zu 90 % der Fl\u00e4che, die das gelagerte Material einnimmt, zu sparen? Von einfachen Korrekturen bis hin zu strukturellen Aktualisierungen gibt es viele L\u00f6sungen, die Sie zur Optimierung der Logistik Ihres Unternehmens w\u00e4hlen k\u00f6nnen.","og_url":"https:\/\/www.modula.eu\/de\/blog\/ideen-fuer-die-umstrukturierung-des-lagers\/","og_site_name":"Modula","article_modified_time":"2024-09-23T13:25:43+00:00","twitter_card":"summary_large_image","schema":{"@context":"https:\/\/schema.org","@graph":[{"@type":"WebPage","@id":"https:\/\/www.modula.eu\/de\/blog\/ideen-fuer-die-umstrukturierung-des-lagers\/","url":"https:\/\/www.modula.eu\/de\/blog\/ideen-fuer-die-umstrukturierung-des-lagers\/","name":"Ideen f\u00fcr die Umstrukturierung des Lagers | Modula","isPartOf":{"@id":"https:\/\/www.modula.eu\/de\/#website"},"datePublished":"2022-06-21T11:33:23+00:00","dateModified":"2024-09-23T13:25:43+00:00","description":"Wussten Sie, dass es m\u00f6glich ist, bis zu 90 % der Fl\u00e4che, die das gelagerte Material einnimmt, zu sparen? Von einfachen Korrekturen bis hin zu strukturellen Aktualisierungen gibt es viele L\u00f6sungen, die Sie zur Optimierung der Logistik Ihres Unternehmens w\u00e4hlen k\u00f6nnen.","breadcrumb":{"@id":"https:\/\/www.modula.eu\/de\/blog\/ideen-fuer-die-umstrukturierung-des-lagers\/#breadcrumb"},"inLanguage":"de","potentialAction":[{"@type":"ReadAction","target":["https:\/\/www.modula.eu\/de\/blog\/ideen-fuer-die-umstrukturierung-des-lagers\/"]}]},{"@type":"BreadcrumbList","@id":"https:\/\/www.modula.eu\/de\/blog\/ideen-fuer-die-umstrukturierung-des-lagers\/#breadcrumb","itemListElement":[{"@type":"ListItem","position":1,"name":"Home","item":"https:\/\/www.modula.eu\/de\/"},{"@type":"ListItem","position":2,"name":"Blog","item":"https:\/\/www.modula.eu\/de\/blog\/"},{"@type":"ListItem","position":3,"name":"Ideen f\u00fcr die Umstrukturierung des Lagers"}]},{"@type":"WebSite","@id":"https:\/\/www.modula.eu\/de\/#website","url":"https:\/\/www.modula.eu\/de\/","name":"Modula","description":"Think Vertical","publisher":{"@id":"https:\/\/www.modula.eu\/de\/#organization"},"potentialAction":[{"@type":"SearchAction","target":{"@type":"EntryPoint","urlTemplate":"https:\/\/www.modula.eu\/de\/?s={search_term_string}"},"query-input":{"@type":"PropertyValueSpecification","valueRequired":true,"valueName":"search_term_string"}}],"inLanguage":"de"},{"@type":"Organization","@id":"https:\/\/www.modula.eu\/de\/#organization","name":"Modula","url":"https:\/\/www.modula.eu\/de\/","logo":{"@type":"ImageObject","inLanguage":"de","@id":"https:\/\/www.modula.eu\/de\/#\/schema\/logo\/image\/","url":"https:\/\/www.modula.eu\/wp-content\/uploads\/2022\/12\/Modula-logo.jpg","contentUrl":"https:\/\/www.modula.eu\/wp-content\/uploads\/2022\/12\/Modula-logo.jpg","width":759,"height":512,"caption":"Modula"},"image":{"@id":"https:\/\/www.modula.eu\/de\/#\/schema\/logo\/image\/"}}]}},"_links":{"self":[{"href":"https:\/\/www.modula.eu\/de\/wp-json\/wp\/v2\/pages\/7842","targetHints":{"allow":["GET"]}}],"collection":[{"href":"https:\/\/www.modula.eu\/de\/wp-json\/wp\/v2\/pages"}],"about":[{"href":"https:\/\/www.modula.eu\/de\/wp-json\/wp\/v2\/types\/page"}],"author":[{"embeddable":true,"href":"https:\/\/www.modula.eu\/de\/wp-json\/wp\/v2\/users\/1"}],"replies":[{"embeddable":true,"href":"https:\/\/www.modula.eu\/de\/wp-json\/wp\/v2\/comments?post=7842"}],"version-history":[{"count":0,"href":"https:\/\/www.modula.eu\/de\/wp-json\/wp\/v2\/pages\/7842\/revisions"}],"up":[{"embeddable":true,"href":"https:\/\/www.modula.eu\/de\/wp-json\/wp\/v2\/pages\/7827"}],"wp:attachment":[{"href":"https:\/\/www.modula.eu\/de\/wp-json\/wp\/v2\/media?parent=7842"}],"curies":[{"name":"wp","href":"https:\/\/api.w.org\/{rel}","templated":true}]}}