{"id":8158,"date":"2022-06-17T12:16:47","date_gmt":"2022-06-17T10:16:47","guid":{"rendered":"https:\/\/www.modula.eu\/accessori\/aumentare-la-produttivita\/"},"modified":"2026-04-17T14:04:10","modified_gmt":"2026-04-17T12:04:10","slug":"steigerung-der-produktivitat","status":"publish","type":"page","link":"https:\/\/www.modula.eu\/de\/zubehor\/steigerung-der-produktivitat\/","title":{"rendered":"Zubeh\u00f6r zur Steigerung der Produktivit\u00e4t"},"content":{"rendered":"","protected":false},"excerpt":{"rendered":"","protected":false},"author":1,"featured_media":8014,"parent":8125,"menu_order":2,"comment_status":"closed","ping_status":"closed","template":"product-category.php","meta":{"_acf_changed":false,"inline_featured_image":false,"mapsvg_location":"","footnotes":""},"class_list":["post-8158","page","type-page","status-publish","has-post-thumbnail","hentry"],"acf":[],"yoast_head":"<!-- This site is optimized with the Yoast SEO plugin v27.3 - https:\/\/yoast.com\/product\/yoast-seo-wordpress\/ -->\n<title>Zubeh\u00f6r f\u00fcr automatische, vertikale Lagersysteme | Modula<\/title>\n<meta name=\"description\" content=\"Automatisierung und Produktivit\u00e4t sind zwei Seiten derselben Medaille. Wenn wir von intensiver Kommissionierung oder einer hohen Anzahl von vorzubereitenden Auftr\u00e4gen sprechen, ist es sicherlich wichtig, sich mit Systemen auszustatten, die alle Phasen unterst\u00fctzen, von der Kommissionierung bis zur Auftragsvorbereitung.\" \/>\n<meta name=\"robots\" content=\"index, follow, max-snippet:-1, max-image-preview:large, max-video-preview:-1\" \/>\n<link rel=\"canonical\" href=\"https:\/\/www.modula.eu\/de\/zubehor\/steigerung-der-produktivitat\/\" \/>\n<meta property=\"og:locale\" content=\"de_DE\" \/>\n<meta property=\"og:type\" content=\"article\" \/>\n<meta property=\"og:title\" content=\"Zubeh\u00f6r f\u00fcr automatische, vertikale Lagersysteme | Modula\" \/>\n<meta property=\"og:description\" content=\"Automatisierung und Produktivit\u00e4t sind zwei Seiten derselben Medaille. Wenn wir von intensiver Kommissionierung oder einer hohen Anzahl von vorzubereitenden Auftr\u00e4gen sprechen, ist es sicherlich wichtig, sich mit Systemen auszustatten, die alle Phasen unterst\u00fctzen, von der Kommissionierung bis zur Auftragsvorbereitung.\" \/>\n<meta property=\"og:url\" content=\"https:\/\/www.modula.eu\/de\/zubehor\/steigerung-der-produktivitat\/\" \/>\n<meta property=\"og:site_name\" content=\"Modula\" \/>\n<meta property=\"article:modified_time\" content=\"2026-04-17T12:04:10+00:00\" \/>\n<meta property=\"og:image\" content=\"https:\/\/www.modula.eu\/wp-content\/uploads\/2022\/10\/console-scorrevole-copilot.jpg\" \/>\n\t<meta property=\"og:image:width\" content=\"800\" \/>\n\t<meta property=\"og:image:height\" content=\"600\" \/>\n\t<meta property=\"og:image:type\" content=\"image\/jpeg\" \/>\n<meta name=\"twitter:card\" content=\"summary_large_image\" \/>\n<script type=\"application\/ld+json\" class=\"yoast-schema-graph\">{\"@context\":\"https:\\\/\\\/schema.org\",\"@graph\":[{\"@type\":\"WebPage\",\"@id\":\"https:\\\/\\\/www.modula.eu\\\/de\\\/zubehor\\\/steigerung-der-produktivitat\\\/\",\"url\":\"https:\\\/\\\/www.modula.eu\\\/de\\\/zubehor\\\/steigerung-der-produktivitat\\\/\",\"name\":\"Zubeh\u00f6r f\u00fcr automatische, vertikale Lagersysteme | Modula\",\"isPartOf\":{\"@id\":\"https:\\\/\\\/www.modula.eu\\\/de\\\/#website\"},\"primaryImageOfPage\":{\"@id\":\"https:\\\/\\\/www.modula.eu\\\/de\\\/zubehor\\\/steigerung-der-produktivitat\\\/#primaryimage\"},\"image\":{\"@id\":\"https:\\\/\\\/www.modula.eu\\\/de\\\/zubehor\\\/steigerung-der-produktivitat\\\/#primaryimage\"},\"thumbnailUrl\":\"https:\\\/\\\/www.modula.eu\\\/wp-content\\\/uploads\\\/2022\\\/10\\\/console-scorrevole-copilot.jpg\",\"datePublished\":\"2022-06-17T10:16:47+00:00\",\"dateModified\":\"2026-04-17T12:04:10+00:00\",\"description\":\"Automatisierung und Produktivit\u00e4t sind zwei Seiten derselben Medaille. Wenn wir von intensiver Kommissionierung oder einer hohen Anzahl von vorzubereitenden Auftr\u00e4gen sprechen, ist es sicherlich wichtig, sich mit Systemen auszustatten, die alle Phasen unterst\u00fctzen, von der Kommissionierung bis zur Auftragsvorbereitung.\",\"breadcrumb\":{\"@id\":\"https:\\\/\\\/www.modula.eu\\\/de\\\/zubehor\\\/steigerung-der-produktivitat\\\/#breadcrumb\"},\"inLanguage\":\"de\",\"potentialAction\":[{\"@type\":\"ReadAction\",\"target\":[\"https:\\\/\\\/www.modula.eu\\\/de\\\/zubehor\\\/steigerung-der-produktivitat\\\/\"]}]},{\"@type\":\"ImageObject\",\"inLanguage\":\"de\",\"@id\":\"https:\\\/\\\/www.modula.eu\\\/de\\\/zubehor\\\/steigerung-der-produktivitat\\\/#primaryimage\",\"url\":\"https:\\\/\\\/www.modula.eu\\\/wp-content\\\/uploads\\\/2022\\\/10\\\/console-scorrevole-copilot.jpg\",\"contentUrl\":\"https:\\\/\\\/www.modula.eu\\\/wp-content\\\/uploads\\\/2022\\\/10\\\/console-scorrevole-copilot.jpg\",\"width\":800,\"height\":600},{\"@type\":\"BreadcrumbList\",\"@id\":\"https:\\\/\\\/www.modula.eu\\\/de\\\/zubehor\\\/steigerung-der-produktivitat\\\/#breadcrumb\",\"itemListElement\":[{\"@type\":\"ListItem\",\"position\":1,\"name\":\"Home\",\"item\":\"https:\\\/\\\/www.modula.eu\\\/de\\\/\"},{\"@type\":\"ListItem\",\"position\":2,\"name\":\"Zubeh\u00f6r\",\"item\":\"https:\\\/\\\/www.modula.eu\\\/de\\\/zubehoer\\\/\"},{\"@type\":\"ListItem\",\"position\":3,\"name\":\"Zubeh\u00f6r zur Steigerung der Produktivit\u00e4t\"}]},{\"@type\":\"WebSite\",\"@id\":\"https:\\\/\\\/www.modula.eu\\\/de\\\/#website\",\"url\":\"https:\\\/\\\/www.modula.eu\\\/de\\\/\",\"name\":\"Modula\",\"description\":\"Think Vertical\",\"publisher\":{\"@id\":\"https:\\\/\\\/www.modula.eu\\\/de\\\/#organization\"},\"potentialAction\":[{\"@type\":\"SearchAction\",\"target\":{\"@type\":\"EntryPoint\",\"urlTemplate\":\"https:\\\/\\\/www.modula.eu\\\/de\\\/?s={search_term_string}\"},\"query-input\":{\"@type\":\"PropertyValueSpecification\",\"valueRequired\":true,\"valueName\":\"search_term_string\"}}],\"inLanguage\":\"de\"},{\"@type\":\"Organization\",\"@id\":\"https:\\\/\\\/www.modula.eu\\\/de\\\/#organization\",\"name\":\"Modula\",\"url\":\"https:\\\/\\\/www.modula.eu\\\/de\\\/\",\"logo\":{\"@type\":\"ImageObject\",\"inLanguage\":\"de\",\"@id\":\"https:\\\/\\\/www.modula.eu\\\/de\\\/#\\\/schema\\\/logo\\\/image\\\/\",\"url\":\"https:\\\/\\\/www.modula.eu\\\/wp-content\\\/uploads\\\/2022\\\/12\\\/Modula-logo.jpg\",\"contentUrl\":\"https:\\\/\\\/www.modula.eu\\\/wp-content\\\/uploads\\\/2022\\\/12\\\/Modula-logo.jpg\",\"width\":759,\"height\":512,\"caption\":\"Modula\"},\"image\":{\"@id\":\"https:\\\/\\\/www.modula.eu\\\/de\\\/#\\\/schema\\\/logo\\\/image\\\/\"}}]}<\/script>\n<!-- \/ Yoast SEO plugin. -->","yoast_head_json":{"title":"Zubeh\u00f6r f\u00fcr automatische, vertikale Lagersysteme | Modula","description":"Automatisierung und Produktivit\u00e4t sind zwei Seiten derselben Medaille. Wenn wir von intensiver Kommissionierung oder einer hohen Anzahl von vorzubereitenden Auftr\u00e4gen sprechen, ist es sicherlich wichtig, sich mit Systemen auszustatten, die alle Phasen unterst\u00fctzen, von der Kommissionierung bis zur Auftragsvorbereitung.","robots":{"index":"index","follow":"follow","max-snippet":"max-snippet:-1","max-image-preview":"max-image-preview:large","max-video-preview":"max-video-preview:-1"},"canonical":"https:\/\/www.modula.eu\/de\/zubehor\/steigerung-der-produktivitat\/","og_locale":"de_DE","og_type":"article","og_title":"Zubeh\u00f6r f\u00fcr automatische, vertikale Lagersysteme | Modula","og_description":"Automatisierung und Produktivit\u00e4t sind zwei Seiten derselben Medaille. Wenn wir von intensiver Kommissionierung oder einer hohen Anzahl von vorzubereitenden Auftr\u00e4gen sprechen, ist es sicherlich wichtig, sich mit Systemen auszustatten, die alle Phasen unterst\u00fctzen, von der Kommissionierung bis zur Auftragsvorbereitung.","og_url":"https:\/\/www.modula.eu\/de\/zubehor\/steigerung-der-produktivitat\/","og_site_name":"Modula","article_modified_time":"2026-04-17T12:04:10+00:00","og_image":[{"width":800,"height":600,"url":"https:\/\/www.modula.eu\/wp-content\/uploads\/2022\/10\/console-scorrevole-copilot.jpg","type":"image\/jpeg"}],"twitter_card":"summary_large_image","schema":{"@context":"https:\/\/schema.org","@graph":[{"@type":"WebPage","@id":"https:\/\/www.modula.eu\/de\/zubehor\/steigerung-der-produktivitat\/","url":"https:\/\/www.modula.eu\/de\/zubehor\/steigerung-der-produktivitat\/","name":"Zubeh\u00f6r f\u00fcr automatische, vertikale Lagersysteme | Modula","isPartOf":{"@id":"https:\/\/www.modula.eu\/de\/#website"},"primaryImageOfPage":{"@id":"https:\/\/www.modula.eu\/de\/zubehor\/steigerung-der-produktivitat\/#primaryimage"},"image":{"@id":"https:\/\/www.modula.eu\/de\/zubehor\/steigerung-der-produktivitat\/#primaryimage"},"thumbnailUrl":"https:\/\/www.modula.eu\/wp-content\/uploads\/2022\/10\/console-scorrevole-copilot.jpg","datePublished":"2022-06-17T10:16:47+00:00","dateModified":"2026-04-17T12:04:10+00:00","description":"Automatisierung und Produktivit\u00e4t sind zwei Seiten derselben Medaille. Wenn wir von intensiver Kommissionierung oder einer hohen Anzahl von vorzubereitenden Auftr\u00e4gen sprechen, ist es sicherlich wichtig, sich mit Systemen auszustatten, die alle Phasen unterst\u00fctzen, von der Kommissionierung bis zur Auftragsvorbereitung.","breadcrumb":{"@id":"https:\/\/www.modula.eu\/de\/zubehor\/steigerung-der-produktivitat\/#breadcrumb"},"inLanguage":"de","potentialAction":[{"@type":"ReadAction","target":["https:\/\/www.modula.eu\/de\/zubehor\/steigerung-der-produktivitat\/"]}]},{"@type":"ImageObject","inLanguage":"de","@id":"https:\/\/www.modula.eu\/de\/zubehor\/steigerung-der-produktivitat\/#primaryimage","url":"https:\/\/www.modula.eu\/wp-content\/uploads\/2022\/10\/console-scorrevole-copilot.jpg","contentUrl":"https:\/\/www.modula.eu\/wp-content\/uploads\/2022\/10\/console-scorrevole-copilot.jpg","width":800,"height":600},{"@type":"BreadcrumbList","@id":"https:\/\/www.modula.eu\/de\/zubehor\/steigerung-der-produktivitat\/#breadcrumb","itemListElement":[{"@type":"ListItem","position":1,"name":"Home","item":"https:\/\/www.modula.eu\/de\/"},{"@type":"ListItem","position":2,"name":"Zubeh\u00f6r","item":"https:\/\/www.modula.eu\/de\/zubehoer\/"},{"@type":"ListItem","position":3,"name":"Zubeh\u00f6r zur Steigerung der Produktivit\u00e4t"}]},{"@type":"WebSite","@id":"https:\/\/www.modula.eu\/de\/#website","url":"https:\/\/www.modula.eu\/de\/","name":"Modula","description":"Think Vertical","publisher":{"@id":"https:\/\/www.modula.eu\/de\/#organization"},"potentialAction":[{"@type":"SearchAction","target":{"@type":"EntryPoint","urlTemplate":"https:\/\/www.modula.eu\/de\/?s={search_term_string}"},"query-input":{"@type":"PropertyValueSpecification","valueRequired":true,"valueName":"search_term_string"}}],"inLanguage":"de"},{"@type":"Organization","@id":"https:\/\/www.modula.eu\/de\/#organization","name":"Modula","url":"https:\/\/www.modula.eu\/de\/","logo":{"@type":"ImageObject","inLanguage":"de","@id":"https:\/\/www.modula.eu\/de\/#\/schema\/logo\/image\/","url":"https:\/\/www.modula.eu\/wp-content\/uploads\/2022\/12\/Modula-logo.jpg","contentUrl":"https:\/\/www.modula.eu\/wp-content\/uploads\/2022\/12\/Modula-logo.jpg","width":759,"height":512,"caption":"Modula"},"image":{"@id":"https:\/\/www.modula.eu\/de\/#\/schema\/logo\/image\/"}}]}},"_links":{"self":[{"href":"https:\/\/www.modula.eu\/de\/wp-json\/wp\/v2\/pages\/8158","targetHints":{"allow":["GET"]}}],"collection":[{"href":"https:\/\/www.modula.eu\/de\/wp-json\/wp\/v2\/pages"}],"about":[{"href":"https:\/\/www.modula.eu\/de\/wp-json\/wp\/v2\/types\/page"}],"author":[{"embeddable":true,"href":"https:\/\/www.modula.eu\/de\/wp-json\/wp\/v2\/users\/1"}],"replies":[{"embeddable":true,"href":"https:\/\/www.modula.eu\/de\/wp-json\/wp\/v2\/comments?post=8158"}],"version-history":[{"count":3,"href":"https:\/\/www.modula.eu\/de\/wp-json\/wp\/v2\/pages\/8158\/revisions"}],"predecessor-version":[{"id":77255,"href":"https:\/\/www.modula.eu\/de\/wp-json\/wp\/v2\/pages\/8158\/revisions\/77255"}],"up":[{"embeddable":true,"href":"https:\/\/www.modula.eu\/de\/wp-json\/wp\/v2\/pages\/8125"}],"wp:featuredmedia":[{"embeddable":true,"href":"https:\/\/www.modula.eu\/de\/wp-json\/wp\/v2\/media\/8014"}],"wp:attachment":[{"href":"https:\/\/www.modula.eu\/de\/wp-json\/wp\/v2\/media?parent=8158"}],"curies":[{"name":"wp","href":"https:\/\/api.w.org\/{rel}","templated":true}]}}