{"id":8189,"date":"2022-06-21T09:01:03","date_gmt":"2022-06-21T07:01:03","guid":{"rendered":"https:\/\/www.modula.eu\/accessori\/accessori-cassetti\/cassetto-elettrificato\/"},"modified":"2025-06-16T14:18:08","modified_gmt":"2025-06-16T12:18:08","slug":"traeger-mit-stromzufuehrung","status":"publish","type":"page","link":"https:\/\/www.modula.eu\/de\/zubehoer\/trager\/traeger-mit-stromzufuehrung\/","title":{"rendered":"Tr\u00e4ger mit Stromzuf\u00fchrung"},"content":{"rendered":"","protected":false},"excerpt":{"rendered":"","protected":false},"author":1,"featured_media":9753,"parent":8185,"menu_order":0,"comment_status":"closed","ping_status":"closed","template":"","meta":{"_acf_changed":false,"inline_featured_image":false,"mapsvg_location":"","footnotes":""},"class_list":["post-8189","page","type-page","status-publish","has-post-thumbnail","hentry"],"acf":[],"yoast_head":"<!-- This site is optimized with the Yoast SEO plugin v27.3 - https:\/\/yoast.com\/product\/yoast-seo-wordpress\/ -->\n<title>Elektrifizierte Schublade f\u00fcr automatisierte Lager| Modula<\/title>\n<meta name=\"description\" content=\"Entdecken Sie jetzt die Elektrifizierte Schublade, um die Schubladen elektrisch zu betreiben und Ihre Bed\u00fcrfnisse zu befriedigen. Modulieren Sie die f\u00fcr Sie passenden automatisierten Lager!\" \/>\n<meta name=\"robots\" content=\"index, follow, max-snippet:-1, max-image-preview:large, max-video-preview:-1\" \/>\n<link rel=\"canonical\" href=\"https:\/\/www.modula.eu\/de\/zubehoer\/trager\/traeger-mit-stromzufuehrung\/\" \/>\n<meta property=\"og:locale\" content=\"de_DE\" \/>\n<meta property=\"og:type\" content=\"article\" \/>\n<meta property=\"og:title\" content=\"Elektrifizierte Schublade f\u00fcr automatisierte Lager| Modula\" \/>\n<meta property=\"og:description\" content=\"Entdecken Sie jetzt die Elektrifizierte Schublade, um die Schubladen elektrisch zu betreiben und Ihre Bed\u00fcrfnisse zu befriedigen. Modulieren Sie die f\u00fcr Sie passenden automatisierten Lager!\" \/>\n<meta property=\"og:url\" content=\"https:\/\/www.modula.eu\/de\/zubehoer\/trager\/traeger-mit-stromzufuehrung\/\" \/>\n<meta property=\"og:site_name\" content=\"Modula\" \/>\n<meta property=\"article:modified_time\" content=\"2025-06-16T12:18:08+00:00\" \/>\n<meta property=\"og:image\" content=\"https:\/\/www.modula.eu\/wp-content\/uploads\/2022\/11\/cassetto-elettrificato.jpg\" \/>\n\t<meta property=\"og:image:width\" content=\"800\" \/>\n\t<meta property=\"og:image:height\" content=\"600\" \/>\n\t<meta property=\"og:image:type\" content=\"image\/jpeg\" \/>\n<meta name=\"twitter:card\" content=\"summary_large_image\" \/>\n<script type=\"application\/ld+json\" class=\"yoast-schema-graph\">{\"@context\":\"https:\\\/\\\/schema.org\",\"@graph\":[{\"@type\":\"WebPage\",\"@id\":\"https:\\\/\\\/www.modula.eu\\\/de\\\/zubehoer\\\/trager\\\/traeger-mit-stromzufuehrung\\\/\",\"url\":\"https:\\\/\\\/www.modula.eu\\\/de\\\/zubehoer\\\/trager\\\/traeger-mit-stromzufuehrung\\\/\",\"name\":\"Elektrifizierte Schublade f\u00fcr automatisierte Lager| Modula\",\"isPartOf\":{\"@id\":\"https:\\\/\\\/www.modula.eu\\\/de\\\/#website\"},\"primaryImageOfPage\":{\"@id\":\"https:\\\/\\\/www.modula.eu\\\/de\\\/zubehoer\\\/trager\\\/traeger-mit-stromzufuehrung\\\/#primaryimage\"},\"image\":{\"@id\":\"https:\\\/\\\/www.modula.eu\\\/de\\\/zubehoer\\\/trager\\\/traeger-mit-stromzufuehrung\\\/#primaryimage\"},\"thumbnailUrl\":\"https:\\\/\\\/www.modula.eu\\\/wp-content\\\/uploads\\\/2022\\\/11\\\/cassetto-elettrificato.jpg\",\"datePublished\":\"2022-06-21T07:01:03+00:00\",\"dateModified\":\"2025-06-16T12:18:08+00:00\",\"description\":\"Entdecken Sie jetzt die Elektrifizierte Schublade, um die Schubladen elektrisch zu betreiben und Ihre Bed\u00fcrfnisse zu befriedigen. Modulieren Sie die f\u00fcr Sie passenden automatisierten Lager!\",\"breadcrumb\":{\"@id\":\"https:\\\/\\\/www.modula.eu\\\/de\\\/zubehoer\\\/trager\\\/traeger-mit-stromzufuehrung\\\/#breadcrumb\"},\"inLanguage\":\"de\",\"potentialAction\":[{\"@type\":\"ReadAction\",\"target\":[\"https:\\\/\\\/www.modula.eu\\\/de\\\/zubehoer\\\/trager\\\/traeger-mit-stromzufuehrung\\\/\"]}]},{\"@type\":\"ImageObject\",\"inLanguage\":\"de\",\"@id\":\"https:\\\/\\\/www.modula.eu\\\/de\\\/zubehoer\\\/trager\\\/traeger-mit-stromzufuehrung\\\/#primaryimage\",\"url\":\"https:\\\/\\\/www.modula.eu\\\/wp-content\\\/uploads\\\/2022\\\/11\\\/cassetto-elettrificato.jpg\",\"contentUrl\":\"https:\\\/\\\/www.modula.eu\\\/wp-content\\\/uploads\\\/2022\\\/11\\\/cassetto-elettrificato.jpg\",\"width\":800,\"height\":600},{\"@type\":\"BreadcrumbList\",\"@id\":\"https:\\\/\\\/www.modula.eu\\\/de\\\/zubehoer\\\/trager\\\/traeger-mit-stromzufuehrung\\\/#breadcrumb\",\"itemListElement\":[{\"@type\":\"ListItem\",\"position\":1,\"name\":\"Home\",\"item\":\"https:\\\/\\\/www.modula.eu\\\/de\\\/\"},{\"@type\":\"ListItem\",\"position\":2,\"name\":\"Zubeh\u00f6r\",\"item\":\"https:\\\/\\\/www.modula.eu\\\/de\\\/zubehoer\\\/\"},{\"@type\":\"ListItem\",\"position\":3,\"name\":\"Zubeh\u00f6r f\u00fcr die Tr\u00e4ger\",\"item\":\"https:\\\/\\\/www.modula.eu\\\/de\\\/zubehor\\\/trager\\\/\"},{\"@type\":\"ListItem\",\"position\":4,\"name\":\"Tr\u00e4ger mit Stromzuf\u00fchrung\"}]},{\"@type\":\"WebSite\",\"@id\":\"https:\\\/\\\/www.modula.eu\\\/de\\\/#website\",\"url\":\"https:\\\/\\\/www.modula.eu\\\/de\\\/\",\"name\":\"Modula\",\"description\":\"Think Vertical\",\"publisher\":{\"@id\":\"https:\\\/\\\/www.modula.eu\\\/de\\\/#organization\"},\"potentialAction\":[{\"@type\":\"SearchAction\",\"target\":{\"@type\":\"EntryPoint\",\"urlTemplate\":\"https:\\\/\\\/www.modula.eu\\\/de\\\/?s={search_term_string}\"},\"query-input\":{\"@type\":\"PropertyValueSpecification\",\"valueRequired\":true,\"valueName\":\"search_term_string\"}}],\"inLanguage\":\"de\"},{\"@type\":\"Organization\",\"@id\":\"https:\\\/\\\/www.modula.eu\\\/de\\\/#organization\",\"name\":\"Modula\",\"url\":\"https:\\\/\\\/www.modula.eu\\\/de\\\/\",\"logo\":{\"@type\":\"ImageObject\",\"inLanguage\":\"de\",\"@id\":\"https:\\\/\\\/www.modula.eu\\\/de\\\/#\\\/schema\\\/logo\\\/image\\\/\",\"url\":\"https:\\\/\\\/www.modula.eu\\\/wp-content\\\/uploads\\\/2022\\\/12\\\/Modula-logo.jpg\",\"contentUrl\":\"https:\\\/\\\/www.modula.eu\\\/wp-content\\\/uploads\\\/2022\\\/12\\\/Modula-logo.jpg\",\"width\":759,\"height\":512,\"caption\":\"Modula\"},\"image\":{\"@id\":\"https:\\\/\\\/www.modula.eu\\\/de\\\/#\\\/schema\\\/logo\\\/image\\\/\"}}]}<\/script>\n<!-- \/ Yoast SEO plugin. -->","yoast_head_json":{"title":"Elektrifizierte Schublade f\u00fcr automatisierte Lager| Modula","description":"Entdecken Sie jetzt die Elektrifizierte Schublade, um die Schubladen elektrisch zu betreiben und Ihre Bed\u00fcrfnisse zu befriedigen. Modulieren Sie die f\u00fcr Sie passenden automatisierten Lager!","robots":{"index":"index","follow":"follow","max-snippet":"max-snippet:-1","max-image-preview":"max-image-preview:large","max-video-preview":"max-video-preview:-1"},"canonical":"https:\/\/www.modula.eu\/de\/zubehoer\/trager\/traeger-mit-stromzufuehrung\/","og_locale":"de_DE","og_type":"article","og_title":"Elektrifizierte Schublade f\u00fcr automatisierte Lager| Modula","og_description":"Entdecken Sie jetzt die Elektrifizierte Schublade, um die Schubladen elektrisch zu betreiben und Ihre Bed\u00fcrfnisse zu befriedigen. Modulieren Sie die f\u00fcr Sie passenden automatisierten Lager!","og_url":"https:\/\/www.modula.eu\/de\/zubehoer\/trager\/traeger-mit-stromzufuehrung\/","og_site_name":"Modula","article_modified_time":"2025-06-16T12:18:08+00:00","og_image":[{"width":800,"height":600,"url":"https:\/\/www.modula.eu\/wp-content\/uploads\/2022\/11\/cassetto-elettrificato.jpg","type":"image\/jpeg"}],"twitter_card":"summary_large_image","schema":{"@context":"https:\/\/schema.org","@graph":[{"@type":"WebPage","@id":"https:\/\/www.modula.eu\/de\/zubehoer\/trager\/traeger-mit-stromzufuehrung\/","url":"https:\/\/www.modula.eu\/de\/zubehoer\/trager\/traeger-mit-stromzufuehrung\/","name":"Elektrifizierte Schublade f\u00fcr automatisierte Lager| Modula","isPartOf":{"@id":"https:\/\/www.modula.eu\/de\/#website"},"primaryImageOfPage":{"@id":"https:\/\/www.modula.eu\/de\/zubehoer\/trager\/traeger-mit-stromzufuehrung\/#primaryimage"},"image":{"@id":"https:\/\/www.modula.eu\/de\/zubehoer\/trager\/traeger-mit-stromzufuehrung\/#primaryimage"},"thumbnailUrl":"https:\/\/www.modula.eu\/wp-content\/uploads\/2022\/11\/cassetto-elettrificato.jpg","datePublished":"2022-06-21T07:01:03+00:00","dateModified":"2025-06-16T12:18:08+00:00","description":"Entdecken Sie jetzt die Elektrifizierte Schublade, um die Schubladen elektrisch zu betreiben und Ihre Bed\u00fcrfnisse zu befriedigen. Modulieren Sie die f\u00fcr Sie passenden automatisierten Lager!","breadcrumb":{"@id":"https:\/\/www.modula.eu\/de\/zubehoer\/trager\/traeger-mit-stromzufuehrung\/#breadcrumb"},"inLanguage":"de","potentialAction":[{"@type":"ReadAction","target":["https:\/\/www.modula.eu\/de\/zubehoer\/trager\/traeger-mit-stromzufuehrung\/"]}]},{"@type":"ImageObject","inLanguage":"de","@id":"https:\/\/www.modula.eu\/de\/zubehoer\/trager\/traeger-mit-stromzufuehrung\/#primaryimage","url":"https:\/\/www.modula.eu\/wp-content\/uploads\/2022\/11\/cassetto-elettrificato.jpg","contentUrl":"https:\/\/www.modula.eu\/wp-content\/uploads\/2022\/11\/cassetto-elettrificato.jpg","width":800,"height":600},{"@type":"BreadcrumbList","@id":"https:\/\/www.modula.eu\/de\/zubehoer\/trager\/traeger-mit-stromzufuehrung\/#breadcrumb","itemListElement":[{"@type":"ListItem","position":1,"name":"Home","item":"https:\/\/www.modula.eu\/de\/"},{"@type":"ListItem","position":2,"name":"Zubeh\u00f6r","item":"https:\/\/www.modula.eu\/de\/zubehoer\/"},{"@type":"ListItem","position":3,"name":"Zubeh\u00f6r f\u00fcr die Tr\u00e4ger","item":"https:\/\/www.modula.eu\/de\/zubehor\/trager\/"},{"@type":"ListItem","position":4,"name":"Tr\u00e4ger mit Stromzuf\u00fchrung"}]},{"@type":"WebSite","@id":"https:\/\/www.modula.eu\/de\/#website","url":"https:\/\/www.modula.eu\/de\/","name":"Modula","description":"Think Vertical","publisher":{"@id":"https:\/\/www.modula.eu\/de\/#organization"},"potentialAction":[{"@type":"SearchAction","target":{"@type":"EntryPoint","urlTemplate":"https:\/\/www.modula.eu\/de\/?s={search_term_string}"},"query-input":{"@type":"PropertyValueSpecification","valueRequired":true,"valueName":"search_term_string"}}],"inLanguage":"de"},{"@type":"Organization","@id":"https:\/\/www.modula.eu\/de\/#organization","name":"Modula","url":"https:\/\/www.modula.eu\/de\/","logo":{"@type":"ImageObject","inLanguage":"de","@id":"https:\/\/www.modula.eu\/de\/#\/schema\/logo\/image\/","url":"https:\/\/www.modula.eu\/wp-content\/uploads\/2022\/12\/Modula-logo.jpg","contentUrl":"https:\/\/www.modula.eu\/wp-content\/uploads\/2022\/12\/Modula-logo.jpg","width":759,"height":512,"caption":"Modula"},"image":{"@id":"https:\/\/www.modula.eu\/de\/#\/schema\/logo\/image\/"}}]}},"_links":{"self":[{"href":"https:\/\/www.modula.eu\/de\/wp-json\/wp\/v2\/pages\/8189","targetHints":{"allow":["GET"]}}],"collection":[{"href":"https:\/\/www.modula.eu\/de\/wp-json\/wp\/v2\/pages"}],"about":[{"href":"https:\/\/www.modula.eu\/de\/wp-json\/wp\/v2\/types\/page"}],"author":[{"embeddable":true,"href":"https:\/\/www.modula.eu\/de\/wp-json\/wp\/v2\/users\/1"}],"replies":[{"embeddable":true,"href":"https:\/\/www.modula.eu\/de\/wp-json\/wp\/v2\/comments?post=8189"}],"version-history":[{"count":0,"href":"https:\/\/www.modula.eu\/de\/wp-json\/wp\/v2\/pages\/8189\/revisions"}],"up":[{"embeddable":true,"href":"https:\/\/www.modula.eu\/de\/wp-json\/wp\/v2\/pages\/8185"}],"wp:featuredmedia":[{"embeddable":true,"href":"https:\/\/www.modula.eu\/de\/wp-json\/wp\/v2\/media\/9753"}],"wp:attachment":[{"href":"https:\/\/www.modula.eu\/de\/wp-json\/wp\/v2\/media?parent=8189"}],"curies":[{"name":"wp","href":"https:\/\/api.w.org\/{rel}","templated":true}]}}