{"id":10105,"date":"2022-06-22T15:53:30","date_gmt":"2022-06-22T13:53:30","guid":{"rendered":"https:\/\/www.modula.eu\/storie-di-successo\/automotive\/ap-logistic\/"},"modified":"2024-04-18T12:13:56","modified_gmt":"2024-04-18T10:13:56","slug":"lkq","status":"publish","type":"page","link":"https:\/\/www.modula.eu\/es\/caso-practico-almacenamiento-inteligente\/automocion\/lkq\/","title":{"rendered":"LKQ"},"content":{"rendered":"","protected":false},"excerpt":{"rendered":"","protected":false},"author":1,"featured_media":5895,"parent":10102,"menu_order":0,"comment_status":"closed","ping_status":"closed","template":"case.php","meta":{"_acf_changed":false,"inline_featured_image":false,"mapsvg_location":"","footnotes":""},"class_list":["post-10105","page","type-page","status-publish","has-post-thumbnail","hentry"],"acf":[],"yoast_head":"<!-- This site is optimized with the Yoast SEO plugin v27.3 - https:\/\/yoast.com\/product\/yoast-seo-wordpress\/ -->\n<title>Almacenes autom\u00e1ticos Modula para sector automoci\u00f3n: LKQ<\/title>\n<meta name=\"description\" content=\"Descubra ahora por qu\u00e9 la empresa de log\u00edstica LKQ ha elegido Modula para su sistema de almacenamiento automatizado desde 1998.\" \/>\n<meta name=\"robots\" content=\"index, follow, max-snippet:-1, max-image-preview:large, max-video-preview:-1\" \/>\n<link rel=\"canonical\" href=\"https:\/\/www.modula.eu\/es\/caso-practico-almacenamiento-inteligente\/automocion\/lkq\/\" \/>\n<meta property=\"og:locale\" content=\"es_ES\" \/>\n<meta property=\"og:type\" content=\"article\" \/>\n<meta property=\"og:title\" content=\"Almacenes autom\u00e1ticos Modula para sector automoci\u00f3n: LKQ\" \/>\n<meta property=\"og:description\" content=\"Descubra ahora por qu\u00e9 la empresa de log\u00edstica LKQ ha elegido Modula para su sistema de almacenamiento automatizado desde 1998.\" \/>\n<meta property=\"og:url\" content=\"https:\/\/www.modula.eu\/es\/caso-practico-almacenamiento-inteligente\/automocion\/lkq\/\" \/>\n<meta property=\"og:site_name\" content=\"Modula\" \/>\n<meta property=\"article:modified_time\" content=\"2024-04-18T10:13:56+00:00\" \/>\n<meta property=\"og:image\" content=\"https:\/\/www.modula.eu\/wp-content\/uploads\/2022\/10\/ap-logistics.jpg\" \/>\n\t<meta property=\"og:image:width\" content=\"800\" \/>\n\t<meta property=\"og:image:height\" content=\"600\" \/>\n\t<meta property=\"og:image:type\" content=\"image\/jpeg\" \/>\n<meta name=\"twitter:card\" content=\"summary_large_image\" \/>\n<script type=\"application\/ld+json\" class=\"yoast-schema-graph\">{\"@context\":\"https:\\\/\\\/schema.org\",\"@graph\":[{\"@type\":\"WebPage\",\"@id\":\"https:\\\/\\\/www.modula.eu\\\/es\\\/caso-practico-almacenamiento-inteligente\\\/automocion\\\/lkq\\\/\",\"url\":\"https:\\\/\\\/www.modula.eu\\\/es\\\/caso-practico-almacenamiento-inteligente\\\/automocion\\\/lkq\\\/\",\"name\":\"Almacenes autom\u00e1ticos Modula para sector automoci\u00f3n: LKQ\",\"isPartOf\":{\"@id\":\"https:\\\/\\\/www.modula.eu\\\/es\\\/#website\"},\"primaryImageOfPage\":{\"@id\":\"https:\\\/\\\/www.modula.eu\\\/es\\\/caso-practico-almacenamiento-inteligente\\\/automocion\\\/lkq\\\/#primaryimage\"},\"image\":{\"@id\":\"https:\\\/\\\/www.modula.eu\\\/es\\\/caso-practico-almacenamiento-inteligente\\\/automocion\\\/lkq\\\/#primaryimage\"},\"thumbnailUrl\":\"https:\\\/\\\/www.modula.eu\\\/wp-content\\\/uploads\\\/2022\\\/10\\\/ap-logistics.jpg\",\"datePublished\":\"2022-06-22T13:53:30+00:00\",\"dateModified\":\"2024-04-18T10:13:56+00:00\",\"description\":\"Descubra ahora por qu\u00e9 la empresa de log\u00edstica LKQ ha elegido Modula para su sistema de almacenamiento automatizado desde 1998.\",\"breadcrumb\":{\"@id\":\"https:\\\/\\\/www.modula.eu\\\/es\\\/caso-practico-almacenamiento-inteligente\\\/automocion\\\/lkq\\\/#breadcrumb\"},\"inLanguage\":\"es\",\"potentialAction\":[{\"@type\":\"ReadAction\",\"target\":[\"https:\\\/\\\/www.modula.eu\\\/es\\\/caso-practico-almacenamiento-inteligente\\\/automocion\\\/lkq\\\/\"]}]},{\"@type\":\"ImageObject\",\"inLanguage\":\"es\",\"@id\":\"https:\\\/\\\/www.modula.eu\\\/es\\\/caso-practico-almacenamiento-inteligente\\\/automocion\\\/lkq\\\/#primaryimage\",\"url\":\"https:\\\/\\\/www.modula.eu\\\/wp-content\\\/uploads\\\/2022\\\/10\\\/ap-logistics.jpg\",\"contentUrl\":\"https:\\\/\\\/www.modula.eu\\\/wp-content\\\/uploads\\\/2022\\\/10\\\/ap-logistics.jpg\",\"width\":800,\"height\":600},{\"@type\":\"BreadcrumbList\",\"@id\":\"https:\\\/\\\/www.modula.eu\\\/es\\\/caso-practico-almacenamiento-inteligente\\\/automocion\\\/lkq\\\/#breadcrumb\",\"itemListElement\":[{\"@type\":\"ListItem\",\"position\":1,\"name\":\"Home\",\"item\":\"https:\\\/\\\/www.modula.eu\\\/es\\\/\"},{\"@type\":\"ListItem\",\"position\":2,\"name\":\"Caso Pratico\",\"item\":\"https:\\\/\\\/www.modula.eu\\\/es\\\/caso-practico-almacenamiento-inteligente\\\/\"},{\"@type\":\"ListItem\",\"position\":3,\"name\":\"Automoci\u00f3n\",\"item\":\"https:\\\/\\\/www.modula.eu\\\/es\\\/caso-practico-almacenamiento-inteligente\\\/automocion\\\/\"},{\"@type\":\"ListItem\",\"position\":4,\"name\":\"LKQ\"}]},{\"@type\":\"WebSite\",\"@id\":\"https:\\\/\\\/www.modula.eu\\\/es\\\/#website\",\"url\":\"https:\\\/\\\/www.modula.eu\\\/es\\\/\",\"name\":\"Modula\",\"description\":\"Think Vertical\",\"publisher\":{\"@id\":\"https:\\\/\\\/www.modula.eu\\\/es\\\/#organization\"},\"potentialAction\":[{\"@type\":\"SearchAction\",\"target\":{\"@type\":\"EntryPoint\",\"urlTemplate\":\"https:\\\/\\\/www.modula.eu\\\/es\\\/?s={search_term_string}\"},\"query-input\":{\"@type\":\"PropertyValueSpecification\",\"valueRequired\":true,\"valueName\":\"search_term_string\"}}],\"inLanguage\":\"es\"},{\"@type\":\"Organization\",\"@id\":\"https:\\\/\\\/www.modula.eu\\\/es\\\/#organization\",\"name\":\"Modula\",\"url\":\"https:\\\/\\\/www.modula.eu\\\/es\\\/\",\"logo\":{\"@type\":\"ImageObject\",\"inLanguage\":\"es\",\"@id\":\"https:\\\/\\\/www.modula.eu\\\/es\\\/#\\\/schema\\\/logo\\\/image\\\/\",\"url\":\"https:\\\/\\\/www.modula.eu\\\/wp-content\\\/uploads\\\/2022\\\/12\\\/Modula-logo.jpg\",\"contentUrl\":\"https:\\\/\\\/www.modula.eu\\\/wp-content\\\/uploads\\\/2022\\\/12\\\/Modula-logo.jpg\",\"width\":759,\"height\":512,\"caption\":\"Modula\"},\"image\":{\"@id\":\"https:\\\/\\\/www.modula.eu\\\/es\\\/#\\\/schema\\\/logo\\\/image\\\/\"}}]}<\/script>\n<!-- \/ Yoast SEO plugin. -->","yoast_head_json":{"title":"Almacenes autom\u00e1ticos Modula para sector automoci\u00f3n: LKQ","description":"Descubra ahora por qu\u00e9 la empresa de log\u00edstica LKQ ha elegido Modula para su sistema de almacenamiento automatizado desde 1998.","robots":{"index":"index","follow":"follow","max-snippet":"max-snippet:-1","max-image-preview":"max-image-preview:large","max-video-preview":"max-video-preview:-1"},"canonical":"https:\/\/www.modula.eu\/es\/caso-practico-almacenamiento-inteligente\/automocion\/lkq\/","og_locale":"es_ES","og_type":"article","og_title":"Almacenes autom\u00e1ticos Modula para sector automoci\u00f3n: LKQ","og_description":"Descubra ahora por qu\u00e9 la empresa de log\u00edstica LKQ ha elegido Modula para su sistema de almacenamiento automatizado desde 1998.","og_url":"https:\/\/www.modula.eu\/es\/caso-practico-almacenamiento-inteligente\/automocion\/lkq\/","og_site_name":"Modula","article_modified_time":"2024-04-18T10:13:56+00:00","og_image":[{"width":800,"height":600,"url":"https:\/\/www.modula.eu\/wp-content\/uploads\/2022\/10\/ap-logistics.jpg","type":"image\/jpeg"}],"twitter_card":"summary_large_image","schema":{"@context":"https:\/\/schema.org","@graph":[{"@type":"WebPage","@id":"https:\/\/www.modula.eu\/es\/caso-practico-almacenamiento-inteligente\/automocion\/lkq\/","url":"https:\/\/www.modula.eu\/es\/caso-practico-almacenamiento-inteligente\/automocion\/lkq\/","name":"Almacenes autom\u00e1ticos Modula para sector automoci\u00f3n: LKQ","isPartOf":{"@id":"https:\/\/www.modula.eu\/es\/#website"},"primaryImageOfPage":{"@id":"https:\/\/www.modula.eu\/es\/caso-practico-almacenamiento-inteligente\/automocion\/lkq\/#primaryimage"},"image":{"@id":"https:\/\/www.modula.eu\/es\/caso-practico-almacenamiento-inteligente\/automocion\/lkq\/#primaryimage"},"thumbnailUrl":"https:\/\/www.modula.eu\/wp-content\/uploads\/2022\/10\/ap-logistics.jpg","datePublished":"2022-06-22T13:53:30+00:00","dateModified":"2024-04-18T10:13:56+00:00","description":"Descubra ahora por qu\u00e9 la empresa de log\u00edstica LKQ ha elegido Modula para su sistema de almacenamiento automatizado desde 1998.","breadcrumb":{"@id":"https:\/\/www.modula.eu\/es\/caso-practico-almacenamiento-inteligente\/automocion\/lkq\/#breadcrumb"},"inLanguage":"es","potentialAction":[{"@type":"ReadAction","target":["https:\/\/www.modula.eu\/es\/caso-practico-almacenamiento-inteligente\/automocion\/lkq\/"]}]},{"@type":"ImageObject","inLanguage":"es","@id":"https:\/\/www.modula.eu\/es\/caso-practico-almacenamiento-inteligente\/automocion\/lkq\/#primaryimage","url":"https:\/\/www.modula.eu\/wp-content\/uploads\/2022\/10\/ap-logistics.jpg","contentUrl":"https:\/\/www.modula.eu\/wp-content\/uploads\/2022\/10\/ap-logistics.jpg","width":800,"height":600},{"@type":"BreadcrumbList","@id":"https:\/\/www.modula.eu\/es\/caso-practico-almacenamiento-inteligente\/automocion\/lkq\/#breadcrumb","itemListElement":[{"@type":"ListItem","position":1,"name":"Home","item":"https:\/\/www.modula.eu\/es\/"},{"@type":"ListItem","position":2,"name":"Caso Pratico","item":"https:\/\/www.modula.eu\/es\/caso-practico-almacenamiento-inteligente\/"},{"@type":"ListItem","position":3,"name":"Automoci\u00f3n","item":"https:\/\/www.modula.eu\/es\/caso-practico-almacenamiento-inteligente\/automocion\/"},{"@type":"ListItem","position":4,"name":"LKQ"}]},{"@type":"WebSite","@id":"https:\/\/www.modula.eu\/es\/#website","url":"https:\/\/www.modula.eu\/es\/","name":"Modula","description":"Think Vertical","publisher":{"@id":"https:\/\/www.modula.eu\/es\/#organization"},"potentialAction":[{"@type":"SearchAction","target":{"@type":"EntryPoint","urlTemplate":"https:\/\/www.modula.eu\/es\/?s={search_term_string}"},"query-input":{"@type":"PropertyValueSpecification","valueRequired":true,"valueName":"search_term_string"}}],"inLanguage":"es"},{"@type":"Organization","@id":"https:\/\/www.modula.eu\/es\/#organization","name":"Modula","url":"https:\/\/www.modula.eu\/es\/","logo":{"@type":"ImageObject","inLanguage":"es","@id":"https:\/\/www.modula.eu\/es\/#\/schema\/logo\/image\/","url":"https:\/\/www.modula.eu\/wp-content\/uploads\/2022\/12\/Modula-logo.jpg","contentUrl":"https:\/\/www.modula.eu\/wp-content\/uploads\/2022\/12\/Modula-logo.jpg","width":759,"height":512,"caption":"Modula"},"image":{"@id":"https:\/\/www.modula.eu\/es\/#\/schema\/logo\/image\/"}}]}},"_links":{"self":[{"href":"https:\/\/www.modula.eu\/es\/wp-json\/wp\/v2\/pages\/10105","targetHints":{"allow":["GET"]}}],"collection":[{"href":"https:\/\/www.modula.eu\/es\/wp-json\/wp\/v2\/pages"}],"about":[{"href":"https:\/\/www.modula.eu\/es\/wp-json\/wp\/v2\/types\/page"}],"author":[{"embeddable":true,"href":"https:\/\/www.modula.eu\/es\/wp-json\/wp\/v2\/users\/1"}],"replies":[{"embeddable":true,"href":"https:\/\/www.modula.eu\/es\/wp-json\/wp\/v2\/comments?post=10105"}],"version-history":[{"count":0,"href":"https:\/\/www.modula.eu\/es\/wp-json\/wp\/v2\/pages\/10105\/revisions"}],"up":[{"embeddable":true,"href":"https:\/\/www.modula.eu\/es\/wp-json\/wp\/v2\/pages\/10102"}],"wp:featuredmedia":[{"embeddable":true,"href":"https:\/\/www.modula.eu\/es\/wp-json\/wp\/v2\/media\/5895"}],"wp:attachment":[{"href":"https:\/\/www.modula.eu\/es\/wp-json\/wp\/v2\/media?parent=10105"}],"curies":[{"name":"wp","href":"https:\/\/api.w.org\/{rel}","templated":true}]}}