{"id":10108,"date":"2022-06-22T15:59:36","date_gmt":"2022-06-22T13:59:36","guid":{"rendered":"https:\/\/www.modula.eu\/storie-di-successo\/automotive\/autokelly\/"},"modified":"2023-10-17T12:12:49","modified_gmt":"2023-10-17T10:12:49","slug":"lkq-2","status":"publish","type":"page","link":"https:\/\/www.modula.eu\/es\/caso-practico-almacenamiento-inteligente\/automocion\/lkq-czech-republic\/","title":{"rendered":"LKQ Czech Republic"},"content":{"rendered":"","protected":false},"excerpt":{"rendered":"","protected":false},"author":1,"featured_media":5896,"parent":10102,"menu_order":9,"comment_status":"closed","ping_status":"closed","template":"case.php","meta":{"_acf_changed":false,"inline_featured_image":false,"mapsvg_location":"","footnotes":""},"class_list":["post-10108","page","type-page","status-publish","has-post-thumbnail","hentry"],"acf":[],"yoast_head":"<!-- This site is optimized with the Yoast SEO plugin v27.3 - https:\/\/yoast.com\/product\/yoast-seo-wordpress\/ -->\n<title>Almacenes autom\u00e1ticos Modula para sector automoci\u00f3n: LKQ Czech Republic<\/title>\n<meta name=\"description\" content=\"LKQ es un distribuidor de recambios y accesorios para coches y otros veh\u00edculos. Est\u00e1 presente con diferentes sedes en toda la Rep\u00fablica Checa y tiene una tienda electr\u00f3nica en l\u00ednea.Antes de utilizar los productos Modula, el espacio en el interior del almac\u00e9n no estaba optimizado.\" \/>\n<meta name=\"robots\" content=\"index, follow, max-snippet:-1, max-image-preview:large, max-video-preview:-1\" \/>\n<link rel=\"canonical\" href=\"https:\/\/www.modula.eu\/es\/caso-practico-almacenamiento-inteligente\/automocion\/lkq-czech-republic\/\" \/>\n<meta property=\"og:locale\" content=\"es_ES\" \/>\n<meta property=\"og:type\" content=\"article\" \/>\n<meta property=\"og:title\" content=\"Almacenes autom\u00e1ticos Modula para sector automoci\u00f3n: LKQ Czech Republic\" \/>\n<meta property=\"og:description\" content=\"LKQ es un distribuidor de recambios y accesorios para coches y otros veh\u00edculos. Est\u00e1 presente con diferentes sedes en toda la Rep\u00fablica Checa y tiene una tienda electr\u00f3nica en l\u00ednea.Antes de utilizar los productos Modula, el espacio en el interior del almac\u00e9n no estaba optimizado.\" \/>\n<meta property=\"og:url\" content=\"https:\/\/www.modula.eu\/es\/caso-practico-almacenamiento-inteligente\/automocion\/lkq-czech-republic\/\" \/>\n<meta property=\"og:site_name\" content=\"Modula\" \/>\n<meta property=\"article:modified_time\" content=\"2023-10-17T10:12:49+00:00\" \/>\n<meta property=\"og:image\" content=\"https:\/\/www.modula.eu\/wp-content\/uploads\/2022\/10\/autokelly.jpg\" \/>\n\t<meta property=\"og:image:width\" content=\"800\" \/>\n\t<meta property=\"og:image:height\" content=\"600\" \/>\n\t<meta property=\"og:image:type\" content=\"image\/jpeg\" \/>\n<meta name=\"twitter:card\" content=\"summary_large_image\" \/>\n<script type=\"application\/ld+json\" class=\"yoast-schema-graph\">{\"@context\":\"https:\\\/\\\/schema.org\",\"@graph\":[{\"@type\":\"WebPage\",\"@id\":\"https:\\\/\\\/www.modula.eu\\\/es\\\/caso-practico-almacenamiento-inteligente\\\/automocion\\\/lkq-czech-republic\\\/\",\"url\":\"https:\\\/\\\/www.modula.eu\\\/es\\\/caso-practico-almacenamiento-inteligente\\\/automocion\\\/lkq-czech-republic\\\/\",\"name\":\"Almacenes autom\u00e1ticos Modula para sector automoci\u00f3n: LKQ Czech Republic\",\"isPartOf\":{\"@id\":\"https:\\\/\\\/www.modula.eu\\\/es\\\/#website\"},\"primaryImageOfPage\":{\"@id\":\"https:\\\/\\\/www.modula.eu\\\/es\\\/caso-practico-almacenamiento-inteligente\\\/automocion\\\/lkq-czech-republic\\\/#primaryimage\"},\"image\":{\"@id\":\"https:\\\/\\\/www.modula.eu\\\/es\\\/caso-practico-almacenamiento-inteligente\\\/automocion\\\/lkq-czech-republic\\\/#primaryimage\"},\"thumbnailUrl\":\"https:\\\/\\\/www.modula.eu\\\/wp-content\\\/uploads\\\/2022\\\/10\\\/autokelly.jpg\",\"datePublished\":\"2022-06-22T13:59:36+00:00\",\"dateModified\":\"2023-10-17T10:12:49+00:00\",\"description\":\"LKQ es un distribuidor de recambios y accesorios para coches y otros veh\u00edculos. Est\u00e1 presente con diferentes sedes en toda la Rep\u00fablica Checa y tiene una tienda electr\u00f3nica en l\u00ednea.Antes de utilizar los productos Modula, el espacio en el interior del almac\u00e9n no estaba optimizado.\",\"breadcrumb\":{\"@id\":\"https:\\\/\\\/www.modula.eu\\\/es\\\/caso-practico-almacenamiento-inteligente\\\/automocion\\\/lkq-czech-republic\\\/#breadcrumb\"},\"inLanguage\":\"es\",\"potentialAction\":[{\"@type\":\"ReadAction\",\"target\":[\"https:\\\/\\\/www.modula.eu\\\/es\\\/caso-practico-almacenamiento-inteligente\\\/automocion\\\/lkq-czech-republic\\\/\"]}]},{\"@type\":\"ImageObject\",\"inLanguage\":\"es\",\"@id\":\"https:\\\/\\\/www.modula.eu\\\/es\\\/caso-practico-almacenamiento-inteligente\\\/automocion\\\/lkq-czech-republic\\\/#primaryimage\",\"url\":\"https:\\\/\\\/www.modula.eu\\\/wp-content\\\/uploads\\\/2022\\\/10\\\/autokelly.jpg\",\"contentUrl\":\"https:\\\/\\\/www.modula.eu\\\/wp-content\\\/uploads\\\/2022\\\/10\\\/autokelly.jpg\",\"width\":800,\"height\":600},{\"@type\":\"BreadcrumbList\",\"@id\":\"https:\\\/\\\/www.modula.eu\\\/es\\\/caso-practico-almacenamiento-inteligente\\\/automocion\\\/lkq-czech-republic\\\/#breadcrumb\",\"itemListElement\":[{\"@type\":\"ListItem\",\"position\":1,\"name\":\"Home\",\"item\":\"https:\\\/\\\/www.modula.eu\\\/es\\\/\"},{\"@type\":\"ListItem\",\"position\":2,\"name\":\"Caso Pratico\",\"item\":\"https:\\\/\\\/www.modula.eu\\\/es\\\/caso-practico-almacenamiento-inteligente\\\/\"},{\"@type\":\"ListItem\",\"position\":3,\"name\":\"Automoci\u00f3n\",\"item\":\"https:\\\/\\\/www.modula.eu\\\/es\\\/caso-practico-almacenamiento-inteligente\\\/automocion\\\/\"},{\"@type\":\"ListItem\",\"position\":4,\"name\":\"LKQ Czech Republic\"}]},{\"@type\":\"WebSite\",\"@id\":\"https:\\\/\\\/www.modula.eu\\\/es\\\/#website\",\"url\":\"https:\\\/\\\/www.modula.eu\\\/es\\\/\",\"name\":\"Modula\",\"description\":\"Think Vertical\",\"publisher\":{\"@id\":\"https:\\\/\\\/www.modula.eu\\\/es\\\/#organization\"},\"potentialAction\":[{\"@type\":\"SearchAction\",\"target\":{\"@type\":\"EntryPoint\",\"urlTemplate\":\"https:\\\/\\\/www.modula.eu\\\/es\\\/?s={search_term_string}\"},\"query-input\":{\"@type\":\"PropertyValueSpecification\",\"valueRequired\":true,\"valueName\":\"search_term_string\"}}],\"inLanguage\":\"es\"},{\"@type\":\"Organization\",\"@id\":\"https:\\\/\\\/www.modula.eu\\\/es\\\/#organization\",\"name\":\"Modula\",\"url\":\"https:\\\/\\\/www.modula.eu\\\/es\\\/\",\"logo\":{\"@type\":\"ImageObject\",\"inLanguage\":\"es\",\"@id\":\"https:\\\/\\\/www.modula.eu\\\/es\\\/#\\\/schema\\\/logo\\\/image\\\/\",\"url\":\"https:\\\/\\\/www.modula.eu\\\/wp-content\\\/uploads\\\/2022\\\/12\\\/Modula-logo.jpg\",\"contentUrl\":\"https:\\\/\\\/www.modula.eu\\\/wp-content\\\/uploads\\\/2022\\\/12\\\/Modula-logo.jpg\",\"width\":759,\"height\":512,\"caption\":\"Modula\"},\"image\":{\"@id\":\"https:\\\/\\\/www.modula.eu\\\/es\\\/#\\\/schema\\\/logo\\\/image\\\/\"}}]}<\/script>\n<!-- \/ Yoast SEO plugin. -->","yoast_head_json":{"title":"Almacenes autom\u00e1ticos Modula para sector automoci\u00f3n: LKQ Czech Republic","description":"LKQ es un distribuidor de recambios y accesorios para coches y otros veh\u00edculos. Est\u00e1 presente con diferentes sedes en toda la Rep\u00fablica Checa y tiene una tienda electr\u00f3nica en l\u00ednea.Antes de utilizar los productos Modula, el espacio en el interior del almac\u00e9n no estaba optimizado.","robots":{"index":"index","follow":"follow","max-snippet":"max-snippet:-1","max-image-preview":"max-image-preview:large","max-video-preview":"max-video-preview:-1"},"canonical":"https:\/\/www.modula.eu\/es\/caso-practico-almacenamiento-inteligente\/automocion\/lkq-czech-republic\/","og_locale":"es_ES","og_type":"article","og_title":"Almacenes autom\u00e1ticos Modula para sector automoci\u00f3n: LKQ Czech Republic","og_description":"LKQ es un distribuidor de recambios y accesorios para coches y otros veh\u00edculos. Est\u00e1 presente con diferentes sedes en toda la Rep\u00fablica Checa y tiene una tienda electr\u00f3nica en l\u00ednea.Antes de utilizar los productos Modula, el espacio en el interior del almac\u00e9n no estaba optimizado.","og_url":"https:\/\/www.modula.eu\/es\/caso-practico-almacenamiento-inteligente\/automocion\/lkq-czech-republic\/","og_site_name":"Modula","article_modified_time":"2023-10-17T10:12:49+00:00","og_image":[{"width":800,"height":600,"url":"https:\/\/www.modula.eu\/wp-content\/uploads\/2022\/10\/autokelly.jpg","type":"image\/jpeg"}],"twitter_card":"summary_large_image","schema":{"@context":"https:\/\/schema.org","@graph":[{"@type":"WebPage","@id":"https:\/\/www.modula.eu\/es\/caso-practico-almacenamiento-inteligente\/automocion\/lkq-czech-republic\/","url":"https:\/\/www.modula.eu\/es\/caso-practico-almacenamiento-inteligente\/automocion\/lkq-czech-republic\/","name":"Almacenes autom\u00e1ticos Modula para sector automoci\u00f3n: LKQ Czech Republic","isPartOf":{"@id":"https:\/\/www.modula.eu\/es\/#website"},"primaryImageOfPage":{"@id":"https:\/\/www.modula.eu\/es\/caso-practico-almacenamiento-inteligente\/automocion\/lkq-czech-republic\/#primaryimage"},"image":{"@id":"https:\/\/www.modula.eu\/es\/caso-practico-almacenamiento-inteligente\/automocion\/lkq-czech-republic\/#primaryimage"},"thumbnailUrl":"https:\/\/www.modula.eu\/wp-content\/uploads\/2022\/10\/autokelly.jpg","datePublished":"2022-06-22T13:59:36+00:00","dateModified":"2023-10-17T10:12:49+00:00","description":"LKQ es un distribuidor de recambios y accesorios para coches y otros veh\u00edculos. Est\u00e1 presente con diferentes sedes en toda la Rep\u00fablica Checa y tiene una tienda electr\u00f3nica en l\u00ednea.Antes de utilizar los productos Modula, el espacio en el interior del almac\u00e9n no estaba optimizado.","breadcrumb":{"@id":"https:\/\/www.modula.eu\/es\/caso-practico-almacenamiento-inteligente\/automocion\/lkq-czech-republic\/#breadcrumb"},"inLanguage":"es","potentialAction":[{"@type":"ReadAction","target":["https:\/\/www.modula.eu\/es\/caso-practico-almacenamiento-inteligente\/automocion\/lkq-czech-republic\/"]}]},{"@type":"ImageObject","inLanguage":"es","@id":"https:\/\/www.modula.eu\/es\/caso-practico-almacenamiento-inteligente\/automocion\/lkq-czech-republic\/#primaryimage","url":"https:\/\/www.modula.eu\/wp-content\/uploads\/2022\/10\/autokelly.jpg","contentUrl":"https:\/\/www.modula.eu\/wp-content\/uploads\/2022\/10\/autokelly.jpg","width":800,"height":600},{"@type":"BreadcrumbList","@id":"https:\/\/www.modula.eu\/es\/caso-practico-almacenamiento-inteligente\/automocion\/lkq-czech-republic\/#breadcrumb","itemListElement":[{"@type":"ListItem","position":1,"name":"Home","item":"https:\/\/www.modula.eu\/es\/"},{"@type":"ListItem","position":2,"name":"Caso Pratico","item":"https:\/\/www.modula.eu\/es\/caso-practico-almacenamiento-inteligente\/"},{"@type":"ListItem","position":3,"name":"Automoci\u00f3n","item":"https:\/\/www.modula.eu\/es\/caso-practico-almacenamiento-inteligente\/automocion\/"},{"@type":"ListItem","position":4,"name":"LKQ Czech Republic"}]},{"@type":"WebSite","@id":"https:\/\/www.modula.eu\/es\/#website","url":"https:\/\/www.modula.eu\/es\/","name":"Modula","description":"Think Vertical","publisher":{"@id":"https:\/\/www.modula.eu\/es\/#organization"},"potentialAction":[{"@type":"SearchAction","target":{"@type":"EntryPoint","urlTemplate":"https:\/\/www.modula.eu\/es\/?s={search_term_string}"},"query-input":{"@type":"PropertyValueSpecification","valueRequired":true,"valueName":"search_term_string"}}],"inLanguage":"es"},{"@type":"Organization","@id":"https:\/\/www.modula.eu\/es\/#organization","name":"Modula","url":"https:\/\/www.modula.eu\/es\/","logo":{"@type":"ImageObject","inLanguage":"es","@id":"https:\/\/www.modula.eu\/es\/#\/schema\/logo\/image\/","url":"https:\/\/www.modula.eu\/wp-content\/uploads\/2022\/12\/Modula-logo.jpg","contentUrl":"https:\/\/www.modula.eu\/wp-content\/uploads\/2022\/12\/Modula-logo.jpg","width":759,"height":512,"caption":"Modula"},"image":{"@id":"https:\/\/www.modula.eu\/es\/#\/schema\/logo\/image\/"}}]}},"_links":{"self":[{"href":"https:\/\/www.modula.eu\/es\/wp-json\/wp\/v2\/pages\/10108","targetHints":{"allow":["GET"]}}],"collection":[{"href":"https:\/\/www.modula.eu\/es\/wp-json\/wp\/v2\/pages"}],"about":[{"href":"https:\/\/www.modula.eu\/es\/wp-json\/wp\/v2\/types\/page"}],"author":[{"embeddable":true,"href":"https:\/\/www.modula.eu\/es\/wp-json\/wp\/v2\/users\/1"}],"replies":[{"embeddable":true,"href":"https:\/\/www.modula.eu\/es\/wp-json\/wp\/v2\/comments?post=10108"}],"version-history":[{"count":0,"href":"https:\/\/www.modula.eu\/es\/wp-json\/wp\/v2\/pages\/10108\/revisions"}],"up":[{"embeddable":true,"href":"https:\/\/www.modula.eu\/es\/wp-json\/wp\/v2\/pages\/10102"}],"wp:featuredmedia":[{"embeddable":true,"href":"https:\/\/www.modula.eu\/es\/wp-json\/wp\/v2\/media\/5896"}],"wp:attachment":[{"href":"https:\/\/www.modula.eu\/es\/wp-json\/wp\/v2\/media?parent=10108"}],"curies":[{"name":"wp","href":"https:\/\/api.w.org\/{rel}","templated":true}]}}