{"id":32520,"date":"2024-04-18T17:19:55","date_gmt":"2024-04-18T15:19:55","guid":{"rendered":"https:\/\/www.modula.eu\/caso-practico-almacenamiento-inteligente\/electronico-informatico\/eutron\/"},"modified":"2024-10-01T17:11:24","modified_gmt":"2024-10-01T15:11:24","slug":"eutron","status":"publish","type":"page","link":"https:\/\/www.modula.eu\/es\/caso-practico-almacenamiento-inteligente\/electronico-informatico\/eutron\/","title":{"rendered":"Eutron"},"content":{"rendered":"","protected":false},"excerpt":{"rendered":"","protected":false},"author":1,"featured_media":32515,"parent":10184,"menu_order":9,"comment_status":"closed","ping_status":"closed","template":"case.php","meta":{"_acf_changed":false,"inline_featured_image":false,"mapsvg_location":"","footnotes":""},"class_list":["post-32520","page","type-page","status-publish","has-post-thumbnail","hentry"],"acf":[],"yoast_head":"<!-- This site is optimized with the Yoast SEO plugin v27.3 - https:\/\/yoast.com\/product\/yoast-seo-wordpress\/ -->\n<title>Almacenes Electr\u00f3nicos Automatizados Modula: Eutron<\/title>\n<meta name=\"description\" content=\"Despu\u00e9s de dos a\u00f1os de uso exitoso del Modula Lift y constatando su impacto positivo en las operaciones de la empresa, Eutron decidi\u00f3 ampliar su capacidad de almacenamiento. En 2016, la empresa adquiri\u00f3 un segundo Modula Lift, demostrando la confianza y satisfacci\u00f3n con el sistema.\" \/>\n<meta name=\"robots\" content=\"index, follow, max-snippet:-1, max-image-preview:large, max-video-preview:-1\" \/>\n<link rel=\"canonical\" href=\"https:\/\/www.modula.eu\/es\/caso-practico-almacenamiento-inteligente\/electronico-informatico\/eutron\/\" \/>\n<meta property=\"og:locale\" content=\"es_ES\" \/>\n<meta property=\"og:type\" content=\"article\" \/>\n<meta property=\"og:title\" content=\"Almacenes Electr\u00f3nicos Automatizados Modula: Eutron\" \/>\n<meta property=\"og:description\" content=\"Despu\u00e9s de dos a\u00f1os de uso exitoso del Modula Lift y constatando su impacto positivo en las operaciones de la empresa, Eutron decidi\u00f3 ampliar su capacidad de almacenamiento. En 2016, la empresa adquiri\u00f3 un segundo Modula Lift, demostrando la confianza y satisfacci\u00f3n con el sistema.\" \/>\n<meta property=\"og:url\" content=\"https:\/\/www.modula.eu\/es\/caso-practico-almacenamiento-inteligente\/electronico-informatico\/eutron\/\" \/>\n<meta property=\"og:site_name\" content=\"Modula\" \/>\n<meta property=\"article:modified_time\" content=\"2024-10-01T15:11:24+00:00\" \/>\n<meta property=\"og:image\" content=\"https:\/\/www.modula.eu\/wp-content\/uploads\/2024\/04\/Screenshot-2024-04-18-alle-17.25.18-1024x574.png\" \/>\n\t<meta property=\"og:image:width\" content=\"1024\" \/>\n\t<meta property=\"og:image:height\" content=\"574\" \/>\n\t<meta property=\"og:image:type\" content=\"image\/png\" \/>\n<meta name=\"twitter:card\" content=\"summary_large_image\" \/>\n<script type=\"application\/ld+json\" class=\"yoast-schema-graph\">{\"@context\":\"https:\\\/\\\/schema.org\",\"@graph\":[{\"@type\":\"WebPage\",\"@id\":\"https:\\\/\\\/www.modula.eu\\\/es\\\/caso-practico-almacenamiento-inteligente\\\/electronico-informatico\\\/eutron\\\/\",\"url\":\"https:\\\/\\\/www.modula.eu\\\/es\\\/caso-practico-almacenamiento-inteligente\\\/electronico-informatico\\\/eutron\\\/\",\"name\":\"Almacenes Electr\u00f3nicos Automatizados Modula: Eutron\",\"isPartOf\":{\"@id\":\"https:\\\/\\\/www.modula.eu\\\/es\\\/#website\"},\"primaryImageOfPage\":{\"@id\":\"https:\\\/\\\/www.modula.eu\\\/es\\\/caso-practico-almacenamiento-inteligente\\\/electronico-informatico\\\/eutron\\\/#primaryimage\"},\"image\":{\"@id\":\"https:\\\/\\\/www.modula.eu\\\/es\\\/caso-practico-almacenamiento-inteligente\\\/electronico-informatico\\\/eutron\\\/#primaryimage\"},\"thumbnailUrl\":\"https:\\\/\\\/www.modula.eu\\\/wp-content\\\/uploads\\\/2024\\\/04\\\/Screenshot-2024-04-18-alle-17.25.18.png\",\"datePublished\":\"2024-04-18T15:19:55+00:00\",\"dateModified\":\"2024-10-01T15:11:24+00:00\",\"description\":\"Despu\u00e9s de dos a\u00f1os de uso exitoso del Modula Lift y constatando su impacto positivo en las operaciones de la empresa, Eutron decidi\u00f3 ampliar su capacidad de almacenamiento. En 2016, la empresa adquiri\u00f3 un segundo Modula Lift, demostrando la confianza y satisfacci\u00f3n con el sistema.\",\"breadcrumb\":{\"@id\":\"https:\\\/\\\/www.modula.eu\\\/es\\\/caso-practico-almacenamiento-inteligente\\\/electronico-informatico\\\/eutron\\\/#breadcrumb\"},\"inLanguage\":\"es\",\"potentialAction\":[{\"@type\":\"ReadAction\",\"target\":[\"https:\\\/\\\/www.modula.eu\\\/es\\\/caso-practico-almacenamiento-inteligente\\\/electronico-informatico\\\/eutron\\\/\"]}]},{\"@type\":\"ImageObject\",\"inLanguage\":\"es\",\"@id\":\"https:\\\/\\\/www.modula.eu\\\/es\\\/caso-practico-almacenamiento-inteligente\\\/electronico-informatico\\\/eutron\\\/#primaryimage\",\"url\":\"https:\\\/\\\/www.modula.eu\\\/wp-content\\\/uploads\\\/2024\\\/04\\\/Screenshot-2024-04-18-alle-17.25.18.png\",\"contentUrl\":\"https:\\\/\\\/www.modula.eu\\\/wp-content\\\/uploads\\\/2024\\\/04\\\/Screenshot-2024-04-18-alle-17.25.18.png\",\"width\":1822,\"height\":1022},{\"@type\":\"BreadcrumbList\",\"@id\":\"https:\\\/\\\/www.modula.eu\\\/es\\\/caso-practico-almacenamiento-inteligente\\\/electronico-informatico\\\/eutron\\\/#breadcrumb\",\"itemListElement\":[{\"@type\":\"ListItem\",\"position\":1,\"name\":\"Home\",\"item\":\"https:\\\/\\\/www.modula.eu\\\/es\\\/\"},{\"@type\":\"ListItem\",\"position\":2,\"name\":\"Caso Pratico\",\"item\":\"https:\\\/\\\/www.modula.eu\\\/es\\\/caso-practico-almacenamiento-inteligente\\\/\"},{\"@type\":\"ListItem\",\"position\":3,\"name\":\"Electr\u00f3nico \\\/ Inform\u00e1tico\",\"item\":\"https:\\\/\\\/www.modula.eu\\\/es\\\/caso-practico-almacenamiento-inteligente\\\/electronico-informatico\\\/\"},{\"@type\":\"ListItem\",\"position\":4,\"name\":\"Eutron\"}]},{\"@type\":\"WebSite\",\"@id\":\"https:\\\/\\\/www.modula.eu\\\/es\\\/#website\",\"url\":\"https:\\\/\\\/www.modula.eu\\\/es\\\/\",\"name\":\"Modula\",\"description\":\"Think Vertical\",\"publisher\":{\"@id\":\"https:\\\/\\\/www.modula.eu\\\/es\\\/#organization\"},\"potentialAction\":[{\"@type\":\"SearchAction\",\"target\":{\"@type\":\"EntryPoint\",\"urlTemplate\":\"https:\\\/\\\/www.modula.eu\\\/es\\\/?s={search_term_string}\"},\"query-input\":{\"@type\":\"PropertyValueSpecification\",\"valueRequired\":true,\"valueName\":\"search_term_string\"}}],\"inLanguage\":\"es\"},{\"@type\":\"Organization\",\"@id\":\"https:\\\/\\\/www.modula.eu\\\/es\\\/#organization\",\"name\":\"Modula\",\"url\":\"https:\\\/\\\/www.modula.eu\\\/es\\\/\",\"logo\":{\"@type\":\"ImageObject\",\"inLanguage\":\"es\",\"@id\":\"https:\\\/\\\/www.modula.eu\\\/es\\\/#\\\/schema\\\/logo\\\/image\\\/\",\"url\":\"https:\\\/\\\/www.modula.eu\\\/wp-content\\\/uploads\\\/2022\\\/12\\\/Modula-logo.jpg\",\"contentUrl\":\"https:\\\/\\\/www.modula.eu\\\/wp-content\\\/uploads\\\/2022\\\/12\\\/Modula-logo.jpg\",\"width\":759,\"height\":512,\"caption\":\"Modula\"},\"image\":{\"@id\":\"https:\\\/\\\/www.modula.eu\\\/es\\\/#\\\/schema\\\/logo\\\/image\\\/\"}}]}<\/script>\n<!-- \/ Yoast SEO plugin. -->","yoast_head_json":{"title":"Almacenes Electr\u00f3nicos Automatizados Modula: Eutron","description":"Despu\u00e9s de dos a\u00f1os de uso exitoso del Modula Lift y constatando su impacto positivo en las operaciones de la empresa, Eutron decidi\u00f3 ampliar su capacidad de almacenamiento. En 2016, la empresa adquiri\u00f3 un segundo Modula Lift, demostrando la confianza y satisfacci\u00f3n con el sistema.","robots":{"index":"index","follow":"follow","max-snippet":"max-snippet:-1","max-image-preview":"max-image-preview:large","max-video-preview":"max-video-preview:-1"},"canonical":"https:\/\/www.modula.eu\/es\/caso-practico-almacenamiento-inteligente\/electronico-informatico\/eutron\/","og_locale":"es_ES","og_type":"article","og_title":"Almacenes Electr\u00f3nicos Automatizados Modula: Eutron","og_description":"Despu\u00e9s de dos a\u00f1os de uso exitoso del Modula Lift y constatando su impacto positivo en las operaciones de la empresa, Eutron decidi\u00f3 ampliar su capacidad de almacenamiento. En 2016, la empresa adquiri\u00f3 un segundo Modula Lift, demostrando la confianza y satisfacci\u00f3n con el sistema.","og_url":"https:\/\/www.modula.eu\/es\/caso-practico-almacenamiento-inteligente\/electronico-informatico\/eutron\/","og_site_name":"Modula","article_modified_time":"2024-10-01T15:11:24+00:00","og_image":[{"width":1024,"height":574,"url":"https:\/\/www.modula.eu\/wp-content\/uploads\/2024\/04\/Screenshot-2024-04-18-alle-17.25.18-1024x574.png","type":"image\/png"}],"twitter_card":"summary_large_image","schema":{"@context":"https:\/\/schema.org","@graph":[{"@type":"WebPage","@id":"https:\/\/www.modula.eu\/es\/caso-practico-almacenamiento-inteligente\/electronico-informatico\/eutron\/","url":"https:\/\/www.modula.eu\/es\/caso-practico-almacenamiento-inteligente\/electronico-informatico\/eutron\/","name":"Almacenes Electr\u00f3nicos Automatizados Modula: Eutron","isPartOf":{"@id":"https:\/\/www.modula.eu\/es\/#website"},"primaryImageOfPage":{"@id":"https:\/\/www.modula.eu\/es\/caso-practico-almacenamiento-inteligente\/electronico-informatico\/eutron\/#primaryimage"},"image":{"@id":"https:\/\/www.modula.eu\/es\/caso-practico-almacenamiento-inteligente\/electronico-informatico\/eutron\/#primaryimage"},"thumbnailUrl":"https:\/\/www.modula.eu\/wp-content\/uploads\/2024\/04\/Screenshot-2024-04-18-alle-17.25.18.png","datePublished":"2024-04-18T15:19:55+00:00","dateModified":"2024-10-01T15:11:24+00:00","description":"Despu\u00e9s de dos a\u00f1os de uso exitoso del Modula Lift y constatando su impacto positivo en las operaciones de la empresa, Eutron decidi\u00f3 ampliar su capacidad de almacenamiento. En 2016, la empresa adquiri\u00f3 un segundo Modula Lift, demostrando la confianza y satisfacci\u00f3n con el sistema.","breadcrumb":{"@id":"https:\/\/www.modula.eu\/es\/caso-practico-almacenamiento-inteligente\/electronico-informatico\/eutron\/#breadcrumb"},"inLanguage":"es","potentialAction":[{"@type":"ReadAction","target":["https:\/\/www.modula.eu\/es\/caso-practico-almacenamiento-inteligente\/electronico-informatico\/eutron\/"]}]},{"@type":"ImageObject","inLanguage":"es","@id":"https:\/\/www.modula.eu\/es\/caso-practico-almacenamiento-inteligente\/electronico-informatico\/eutron\/#primaryimage","url":"https:\/\/www.modula.eu\/wp-content\/uploads\/2024\/04\/Screenshot-2024-04-18-alle-17.25.18.png","contentUrl":"https:\/\/www.modula.eu\/wp-content\/uploads\/2024\/04\/Screenshot-2024-04-18-alle-17.25.18.png","width":1822,"height":1022},{"@type":"BreadcrumbList","@id":"https:\/\/www.modula.eu\/es\/caso-practico-almacenamiento-inteligente\/electronico-informatico\/eutron\/#breadcrumb","itemListElement":[{"@type":"ListItem","position":1,"name":"Home","item":"https:\/\/www.modula.eu\/es\/"},{"@type":"ListItem","position":2,"name":"Caso Pratico","item":"https:\/\/www.modula.eu\/es\/caso-practico-almacenamiento-inteligente\/"},{"@type":"ListItem","position":3,"name":"Electr\u00f3nico \/ Inform\u00e1tico","item":"https:\/\/www.modula.eu\/es\/caso-practico-almacenamiento-inteligente\/electronico-informatico\/"},{"@type":"ListItem","position":4,"name":"Eutron"}]},{"@type":"WebSite","@id":"https:\/\/www.modula.eu\/es\/#website","url":"https:\/\/www.modula.eu\/es\/","name":"Modula","description":"Think Vertical","publisher":{"@id":"https:\/\/www.modula.eu\/es\/#organization"},"potentialAction":[{"@type":"SearchAction","target":{"@type":"EntryPoint","urlTemplate":"https:\/\/www.modula.eu\/es\/?s={search_term_string}"},"query-input":{"@type":"PropertyValueSpecification","valueRequired":true,"valueName":"search_term_string"}}],"inLanguage":"es"},{"@type":"Organization","@id":"https:\/\/www.modula.eu\/es\/#organization","name":"Modula","url":"https:\/\/www.modula.eu\/es\/","logo":{"@type":"ImageObject","inLanguage":"es","@id":"https:\/\/www.modula.eu\/es\/#\/schema\/logo\/image\/","url":"https:\/\/www.modula.eu\/wp-content\/uploads\/2022\/12\/Modula-logo.jpg","contentUrl":"https:\/\/www.modula.eu\/wp-content\/uploads\/2022\/12\/Modula-logo.jpg","width":759,"height":512,"caption":"Modula"},"image":{"@id":"https:\/\/www.modula.eu\/es\/#\/schema\/logo\/image\/"}}]}},"_links":{"self":[{"href":"https:\/\/www.modula.eu\/es\/wp-json\/wp\/v2\/pages\/32520","targetHints":{"allow":["GET"]}}],"collection":[{"href":"https:\/\/www.modula.eu\/es\/wp-json\/wp\/v2\/pages"}],"about":[{"href":"https:\/\/www.modula.eu\/es\/wp-json\/wp\/v2\/types\/page"}],"author":[{"embeddable":true,"href":"https:\/\/www.modula.eu\/es\/wp-json\/wp\/v2\/users\/1"}],"replies":[{"embeddable":true,"href":"https:\/\/www.modula.eu\/es\/wp-json\/wp\/v2\/comments?post=32520"}],"version-history":[{"count":0,"href":"https:\/\/www.modula.eu\/es\/wp-json\/wp\/v2\/pages\/32520\/revisions"}],"up":[{"embeddable":true,"href":"https:\/\/www.modula.eu\/es\/wp-json\/wp\/v2\/pages\/10184"}],"wp:featuredmedia":[{"embeddable":true,"href":"https:\/\/www.modula.eu\/es\/wp-json\/wp\/v2\/media\/32515"}],"wp:attachment":[{"href":"https:\/\/www.modula.eu\/es\/wp-json\/wp\/v2\/media?parent=32520"}],"curies":[{"name":"wp","href":"https:\/\/api.w.org\/{rel}","templated":true}]}}