{"id":32948,"date":"2024-04-19T17:27:47","date_gmt":"2024-04-19T15:27:47","guid":{"rendered":"https:\/\/www.modula.eu\/caso-practico-almacenamiento-inteligente\/hidraulico-neumatico-oleodinamico\/otc\/"},"modified":"2024-08-06T11:10:29","modified_gmt":"2024-08-06T09:10:29","slug":"otc","status":"publish","type":"page","link":"https:\/\/www.modula.eu\/es\/caso-practico-almacenamiento-inteligente\/hidraulico-neumatico-oleodinamico\/otc\/","title":{"rendered":"OTC"},"content":{"rendered":"","protected":false},"excerpt":{"rendered":"","protected":false},"author":1,"featured_media":32943,"parent":10317,"menu_order":3,"comment_status":"closed","ping_status":"closed","template":"case.php","meta":{"_acf_changed":false,"inline_featured_image":false,"mapsvg_location":"","footnotes":""},"class_list":["post-32948","page","type-page","status-publish","has-post-thumbnail","hentry"],"acf":[],"yoast_head":"<!-- This site is optimized with the Yoast SEO plugin v27.3 - https:\/\/yoast.com\/product\/yoast-seo-wordpress\/ -->\n<title>Almacenes autom\u00e1ticos verticales para los sectores hidr\u00e1ulico, neum\u00e1tico: OTC<\/title>\n<meta name=\"description\" content=\"La decisi\u00f3n de adquirir la tecnolog\u00eda vertical Modula se debe al deseo de ampliar la producci\u00f3n para satisfacer el aumento de la demanda sin tener repercusiones en la calidad.\" \/>\n<meta name=\"robots\" content=\"index, follow, max-snippet:-1, max-image-preview:large, max-video-preview:-1\" \/>\n<link rel=\"canonical\" href=\"https:\/\/www.modula.eu\/es\/caso-practico-almacenamiento-inteligente\/hidraulico-neumatico-oleodinamico\/otc\/\" \/>\n<meta property=\"og:locale\" content=\"es_ES\" \/>\n<meta property=\"og:type\" content=\"article\" \/>\n<meta property=\"og:title\" content=\"Almacenes autom\u00e1ticos verticales para los sectores hidr\u00e1ulico, neum\u00e1tico: OTC\" \/>\n<meta property=\"og:description\" content=\"La decisi\u00f3n de adquirir la tecnolog\u00eda vertical Modula se debe al deseo de ampliar la producci\u00f3n para satisfacer el aumento de la demanda sin tener repercusiones en la calidad.\" \/>\n<meta property=\"og:url\" content=\"https:\/\/www.modula.eu\/es\/caso-practico-almacenamiento-inteligente\/hidraulico-neumatico-oleodinamico\/otc\/\" \/>\n<meta property=\"og:site_name\" content=\"Modula\" \/>\n<meta property=\"article:modified_time\" content=\"2024-08-06T09:10:29+00:00\" \/>\n<meta property=\"og:image\" content=\"https:\/\/www.modula.eu\/wp-content\/uploads\/2024\/04\/Schermata-2024-04-19-alle-17.29.25.png\" \/>\n\t<meta property=\"og:image:width\" content=\"1140\" \/>\n\t<meta property=\"og:image:height\" content=\"636\" \/>\n\t<meta property=\"og:image:type\" content=\"image\/png\" \/>\n<meta name=\"twitter:card\" content=\"summary_large_image\" \/>\n<script type=\"application\/ld+json\" class=\"yoast-schema-graph\">{\"@context\":\"https:\\\/\\\/schema.org\",\"@graph\":[{\"@type\":\"WebPage\",\"@id\":\"https:\\\/\\\/www.modula.eu\\\/es\\\/caso-practico-almacenamiento-inteligente\\\/hidraulico-neumatico-oleodinamico\\\/otc\\\/\",\"url\":\"https:\\\/\\\/www.modula.eu\\\/es\\\/caso-practico-almacenamiento-inteligente\\\/hidraulico-neumatico-oleodinamico\\\/otc\\\/\",\"name\":\"Almacenes autom\u00e1ticos verticales para los sectores hidr\u00e1ulico, neum\u00e1tico: OTC\",\"isPartOf\":{\"@id\":\"https:\\\/\\\/www.modula.eu\\\/es\\\/#website\"},\"primaryImageOfPage\":{\"@id\":\"https:\\\/\\\/www.modula.eu\\\/es\\\/caso-practico-almacenamiento-inteligente\\\/hidraulico-neumatico-oleodinamico\\\/otc\\\/#primaryimage\"},\"image\":{\"@id\":\"https:\\\/\\\/www.modula.eu\\\/es\\\/caso-practico-almacenamiento-inteligente\\\/hidraulico-neumatico-oleodinamico\\\/otc\\\/#primaryimage\"},\"thumbnailUrl\":\"https:\\\/\\\/www.modula.eu\\\/wp-content\\\/uploads\\\/2024\\\/04\\\/Schermata-2024-04-19-alle-17.29.25.png\",\"datePublished\":\"2024-04-19T15:27:47+00:00\",\"dateModified\":\"2024-08-06T09:10:29+00:00\",\"description\":\"La decisi\u00f3n de adquirir la tecnolog\u00eda vertical Modula se debe al deseo de ampliar la producci\u00f3n para satisfacer el aumento de la demanda sin tener repercusiones en la calidad.\",\"breadcrumb\":{\"@id\":\"https:\\\/\\\/www.modula.eu\\\/es\\\/caso-practico-almacenamiento-inteligente\\\/hidraulico-neumatico-oleodinamico\\\/otc\\\/#breadcrumb\"},\"inLanguage\":\"es\",\"potentialAction\":[{\"@type\":\"ReadAction\",\"target\":[\"https:\\\/\\\/www.modula.eu\\\/es\\\/caso-practico-almacenamiento-inteligente\\\/hidraulico-neumatico-oleodinamico\\\/otc\\\/\"]}]},{\"@type\":\"ImageObject\",\"inLanguage\":\"es\",\"@id\":\"https:\\\/\\\/www.modula.eu\\\/es\\\/caso-practico-almacenamiento-inteligente\\\/hidraulico-neumatico-oleodinamico\\\/otc\\\/#primaryimage\",\"url\":\"https:\\\/\\\/www.modula.eu\\\/wp-content\\\/uploads\\\/2024\\\/04\\\/Schermata-2024-04-19-alle-17.29.25.png\",\"contentUrl\":\"https:\\\/\\\/www.modula.eu\\\/wp-content\\\/uploads\\\/2024\\\/04\\\/Schermata-2024-04-19-alle-17.29.25.png\",\"width\":1140,\"height\":636},{\"@type\":\"BreadcrumbList\",\"@id\":\"https:\\\/\\\/www.modula.eu\\\/es\\\/caso-practico-almacenamiento-inteligente\\\/hidraulico-neumatico-oleodinamico\\\/otc\\\/#breadcrumb\",\"itemListElement\":[{\"@type\":\"ListItem\",\"position\":1,\"name\":\"Home\",\"item\":\"https:\\\/\\\/www.modula.eu\\\/es\\\/\"},{\"@type\":\"ListItem\",\"position\":2,\"name\":\"Caso Pratico\",\"item\":\"https:\\\/\\\/www.modula.eu\\\/es\\\/caso-practico-almacenamiento-inteligente\\\/\"},{\"@type\":\"ListItem\",\"position\":3,\"name\":\"Hidr\u00e1ulico \\\/ neum\u00e1tico \\\/ oleodin\u00e1mico\",\"item\":\"https:\\\/\\\/www.modula.eu\\\/es\\\/caso-practico-almacenamiento-inteligente\\\/hidraulico-neumatico-oleodinamico\\\/\"},{\"@type\":\"ListItem\",\"position\":4,\"name\":\"OTC\"}]},{\"@type\":\"WebSite\",\"@id\":\"https:\\\/\\\/www.modula.eu\\\/es\\\/#website\",\"url\":\"https:\\\/\\\/www.modula.eu\\\/es\\\/\",\"name\":\"Modula\",\"description\":\"Think Vertical\",\"publisher\":{\"@id\":\"https:\\\/\\\/www.modula.eu\\\/es\\\/#organization\"},\"potentialAction\":[{\"@type\":\"SearchAction\",\"target\":{\"@type\":\"EntryPoint\",\"urlTemplate\":\"https:\\\/\\\/www.modula.eu\\\/es\\\/?s={search_term_string}\"},\"query-input\":{\"@type\":\"PropertyValueSpecification\",\"valueRequired\":true,\"valueName\":\"search_term_string\"}}],\"inLanguage\":\"es\"},{\"@type\":\"Organization\",\"@id\":\"https:\\\/\\\/www.modula.eu\\\/es\\\/#organization\",\"name\":\"Modula\",\"url\":\"https:\\\/\\\/www.modula.eu\\\/es\\\/\",\"logo\":{\"@type\":\"ImageObject\",\"inLanguage\":\"es\",\"@id\":\"https:\\\/\\\/www.modula.eu\\\/es\\\/#\\\/schema\\\/logo\\\/image\\\/\",\"url\":\"https:\\\/\\\/www.modula.eu\\\/wp-content\\\/uploads\\\/2022\\\/12\\\/Modula-logo.jpg\",\"contentUrl\":\"https:\\\/\\\/www.modula.eu\\\/wp-content\\\/uploads\\\/2022\\\/12\\\/Modula-logo.jpg\",\"width\":759,\"height\":512,\"caption\":\"Modula\"},\"image\":{\"@id\":\"https:\\\/\\\/www.modula.eu\\\/es\\\/#\\\/schema\\\/logo\\\/image\\\/\"}}]}<\/script>\n<!-- \/ Yoast SEO plugin. -->","yoast_head_json":{"title":"Almacenes autom\u00e1ticos verticales para los sectores hidr\u00e1ulico, neum\u00e1tico: OTC","description":"La decisi\u00f3n de adquirir la tecnolog\u00eda vertical Modula se debe al deseo de ampliar la producci\u00f3n para satisfacer el aumento de la demanda sin tener repercusiones en la calidad.","robots":{"index":"index","follow":"follow","max-snippet":"max-snippet:-1","max-image-preview":"max-image-preview:large","max-video-preview":"max-video-preview:-1"},"canonical":"https:\/\/www.modula.eu\/es\/caso-practico-almacenamiento-inteligente\/hidraulico-neumatico-oleodinamico\/otc\/","og_locale":"es_ES","og_type":"article","og_title":"Almacenes autom\u00e1ticos verticales para los sectores hidr\u00e1ulico, neum\u00e1tico: OTC","og_description":"La decisi\u00f3n de adquirir la tecnolog\u00eda vertical Modula se debe al deseo de ampliar la producci\u00f3n para satisfacer el aumento de la demanda sin tener repercusiones en la calidad.","og_url":"https:\/\/www.modula.eu\/es\/caso-practico-almacenamiento-inteligente\/hidraulico-neumatico-oleodinamico\/otc\/","og_site_name":"Modula","article_modified_time":"2024-08-06T09:10:29+00:00","og_image":[{"width":1140,"height":636,"url":"https:\/\/www.modula.eu\/wp-content\/uploads\/2024\/04\/Schermata-2024-04-19-alle-17.29.25.png","type":"image\/png"}],"twitter_card":"summary_large_image","schema":{"@context":"https:\/\/schema.org","@graph":[{"@type":"WebPage","@id":"https:\/\/www.modula.eu\/es\/caso-practico-almacenamiento-inteligente\/hidraulico-neumatico-oleodinamico\/otc\/","url":"https:\/\/www.modula.eu\/es\/caso-practico-almacenamiento-inteligente\/hidraulico-neumatico-oleodinamico\/otc\/","name":"Almacenes autom\u00e1ticos verticales para los sectores hidr\u00e1ulico, neum\u00e1tico: OTC","isPartOf":{"@id":"https:\/\/www.modula.eu\/es\/#website"},"primaryImageOfPage":{"@id":"https:\/\/www.modula.eu\/es\/caso-practico-almacenamiento-inteligente\/hidraulico-neumatico-oleodinamico\/otc\/#primaryimage"},"image":{"@id":"https:\/\/www.modula.eu\/es\/caso-practico-almacenamiento-inteligente\/hidraulico-neumatico-oleodinamico\/otc\/#primaryimage"},"thumbnailUrl":"https:\/\/www.modula.eu\/wp-content\/uploads\/2024\/04\/Schermata-2024-04-19-alle-17.29.25.png","datePublished":"2024-04-19T15:27:47+00:00","dateModified":"2024-08-06T09:10:29+00:00","description":"La decisi\u00f3n de adquirir la tecnolog\u00eda vertical Modula se debe al deseo de ampliar la producci\u00f3n para satisfacer el aumento de la demanda sin tener repercusiones en la calidad.","breadcrumb":{"@id":"https:\/\/www.modula.eu\/es\/caso-practico-almacenamiento-inteligente\/hidraulico-neumatico-oleodinamico\/otc\/#breadcrumb"},"inLanguage":"es","potentialAction":[{"@type":"ReadAction","target":["https:\/\/www.modula.eu\/es\/caso-practico-almacenamiento-inteligente\/hidraulico-neumatico-oleodinamico\/otc\/"]}]},{"@type":"ImageObject","inLanguage":"es","@id":"https:\/\/www.modula.eu\/es\/caso-practico-almacenamiento-inteligente\/hidraulico-neumatico-oleodinamico\/otc\/#primaryimage","url":"https:\/\/www.modula.eu\/wp-content\/uploads\/2024\/04\/Schermata-2024-04-19-alle-17.29.25.png","contentUrl":"https:\/\/www.modula.eu\/wp-content\/uploads\/2024\/04\/Schermata-2024-04-19-alle-17.29.25.png","width":1140,"height":636},{"@type":"BreadcrumbList","@id":"https:\/\/www.modula.eu\/es\/caso-practico-almacenamiento-inteligente\/hidraulico-neumatico-oleodinamico\/otc\/#breadcrumb","itemListElement":[{"@type":"ListItem","position":1,"name":"Home","item":"https:\/\/www.modula.eu\/es\/"},{"@type":"ListItem","position":2,"name":"Caso Pratico","item":"https:\/\/www.modula.eu\/es\/caso-practico-almacenamiento-inteligente\/"},{"@type":"ListItem","position":3,"name":"Hidr\u00e1ulico \/ neum\u00e1tico \/ oleodin\u00e1mico","item":"https:\/\/www.modula.eu\/es\/caso-practico-almacenamiento-inteligente\/hidraulico-neumatico-oleodinamico\/"},{"@type":"ListItem","position":4,"name":"OTC"}]},{"@type":"WebSite","@id":"https:\/\/www.modula.eu\/es\/#website","url":"https:\/\/www.modula.eu\/es\/","name":"Modula","description":"Think Vertical","publisher":{"@id":"https:\/\/www.modula.eu\/es\/#organization"},"potentialAction":[{"@type":"SearchAction","target":{"@type":"EntryPoint","urlTemplate":"https:\/\/www.modula.eu\/es\/?s={search_term_string}"},"query-input":{"@type":"PropertyValueSpecification","valueRequired":true,"valueName":"search_term_string"}}],"inLanguage":"es"},{"@type":"Organization","@id":"https:\/\/www.modula.eu\/es\/#organization","name":"Modula","url":"https:\/\/www.modula.eu\/es\/","logo":{"@type":"ImageObject","inLanguage":"es","@id":"https:\/\/www.modula.eu\/es\/#\/schema\/logo\/image\/","url":"https:\/\/www.modula.eu\/wp-content\/uploads\/2022\/12\/Modula-logo.jpg","contentUrl":"https:\/\/www.modula.eu\/wp-content\/uploads\/2022\/12\/Modula-logo.jpg","width":759,"height":512,"caption":"Modula"},"image":{"@id":"https:\/\/www.modula.eu\/es\/#\/schema\/logo\/image\/"}}]}},"_links":{"self":[{"href":"https:\/\/www.modula.eu\/es\/wp-json\/wp\/v2\/pages\/32948","targetHints":{"allow":["GET"]}}],"collection":[{"href":"https:\/\/www.modula.eu\/es\/wp-json\/wp\/v2\/pages"}],"about":[{"href":"https:\/\/www.modula.eu\/es\/wp-json\/wp\/v2\/types\/page"}],"author":[{"embeddable":true,"href":"https:\/\/www.modula.eu\/es\/wp-json\/wp\/v2\/users\/1"}],"replies":[{"embeddable":true,"href":"https:\/\/www.modula.eu\/es\/wp-json\/wp\/v2\/comments?post=32948"}],"version-history":[{"count":0,"href":"https:\/\/www.modula.eu\/es\/wp-json\/wp\/v2\/pages\/32948\/revisions"}],"up":[{"embeddable":true,"href":"https:\/\/www.modula.eu\/es\/wp-json\/wp\/v2\/pages\/10317"}],"wp:featuredmedia":[{"embeddable":true,"href":"https:\/\/www.modula.eu\/es\/wp-json\/wp\/v2\/media\/32943"}],"wp:attachment":[{"href":"https:\/\/www.modula.eu\/es\/wp-json\/wp\/v2\/media?parent=32948"}],"curies":[{"name":"wp","href":"https:\/\/api.w.org\/{rel}","templated":true}]}}