{"id":42294,"date":"2024-11-19T09:20:00","date_gmt":"2024-11-19T08:20:00","guid":{"rendered":"https:\/\/www.modula.eu\/caso-practico-almacenamiento-inteligente\/logistica-y-3pl\/taglermaq\/"},"modified":"2025-01-15T11:16:17","modified_gmt":"2025-01-15T10:16:17","slug":"taglermaq","status":"publish","type":"page","link":"https:\/\/www.modula.eu\/es\/caso-practico-almacenamiento-inteligente\/logistica-y-3pl\/taglermaq\/","title":{"rendered":"Taglermaq"},"content":{"rendered":"","protected":false},"excerpt":{"rendered":"","protected":false},"author":1,"featured_media":5935,"parent":10244,"menu_order":4,"comment_status":"closed","ping_status":"closed","template":"case.php","meta":{"_acf_changed":false,"inline_featured_image":false,"mapsvg_location":"","footnotes":""},"class_list":["post-42294","page","type-page","status-publish","has-post-thumbnail","hentry"],"acf":[],"yoast_head":"<!-- This site is optimized with the Yoast SEO plugin v27.3 - https:\/\/yoast.com\/product\/yoast-seo-wordpress\/ -->\n<title>Taglermaq y la colaboraci\u00f3n con Modula \u2013 De la compra a la concesi\u00f3n del producto<\/title>\n<meta name=\"description\" content=\"Taglermaq, empresa l\u00edder en el sector de la log\u00edstica y de la consultor\u00eda en Chile, necesitaba una soluci\u00f3n avanzada para optimizar el almacenamiento de los productos de sus clientes. Tras una evaluaci\u00f3n exhaustiva de las opciones existentes en el mercado, Taglermaq eligi\u00f3 Modula para satisfacer sus necesidades de gesti\u00f3n del espacio y optimizaci\u00f3n de los procesos de almacenamiento.\" \/>\n<meta name=\"robots\" content=\"index, follow, max-snippet:-1, max-image-preview:large, max-video-preview:-1\" \/>\n<link rel=\"canonical\" href=\"https:\/\/www.modula.eu\/es\/caso-practico-almacenamiento-inteligente\/logistica-y-3pl\/taglermaq\/\" \/>\n<meta property=\"og:locale\" content=\"es_ES\" \/>\n<meta property=\"og:type\" content=\"article\" \/>\n<meta property=\"og:title\" content=\"Taglermaq y la colaboraci\u00f3n con Modula \u2013 De la compra a la concesi\u00f3n del producto\" \/>\n<meta property=\"og:description\" content=\"Taglermaq, empresa l\u00edder en el sector de la log\u00edstica y de la consultor\u00eda en Chile, necesitaba una soluci\u00f3n avanzada para optimizar el almacenamiento de los productos de sus clientes. Tras una evaluaci\u00f3n exhaustiva de las opciones existentes en el mercado, Taglermaq eligi\u00f3 Modula para satisfacer sus necesidades de gesti\u00f3n del espacio y optimizaci\u00f3n de los procesos de almacenamiento.\" \/>\n<meta property=\"og:url\" content=\"https:\/\/www.modula.eu\/es\/caso-practico-almacenamiento-inteligente\/logistica-y-3pl\/taglermaq\/\" \/>\n<meta property=\"og:site_name\" content=\"Modula\" \/>\n<meta property=\"article:modified_time\" content=\"2025-01-15T10:16:17+00:00\" \/>\n<meta property=\"og:image\" content=\"https:\/\/www.modula.eu\/wp-content\/uploads\/2022\/10\/47-Kuehne-Nagel.jpg\" \/>\n\t<meta property=\"og:image:width\" content=\"800\" \/>\n\t<meta property=\"og:image:height\" content=\"600\" \/>\n\t<meta property=\"og:image:type\" content=\"image\/jpeg\" \/>\n<meta name=\"twitter:card\" content=\"summary_large_image\" \/>\n<script type=\"application\/ld+json\" class=\"yoast-schema-graph\">{\"@context\":\"https:\\\/\\\/schema.org\",\"@graph\":[{\"@type\":\"WebPage\",\"@id\":\"https:\\\/\\\/www.modula.eu\\\/es\\\/caso-practico-almacenamiento-inteligente\\\/logistica-y-3pl\\\/taglermaq\\\/\",\"url\":\"https:\\\/\\\/www.modula.eu\\\/es\\\/caso-practico-almacenamiento-inteligente\\\/logistica-y-3pl\\\/taglermaq\\\/\",\"name\":\"Taglermaq y la colaboraci\u00f3n con Modula \u2013 De la compra a la concesi\u00f3n del producto\",\"isPartOf\":{\"@id\":\"https:\\\/\\\/www.modula.eu\\\/es\\\/#website\"},\"primaryImageOfPage\":{\"@id\":\"https:\\\/\\\/www.modula.eu\\\/es\\\/caso-practico-almacenamiento-inteligente\\\/logistica-y-3pl\\\/taglermaq\\\/#primaryimage\"},\"image\":{\"@id\":\"https:\\\/\\\/www.modula.eu\\\/es\\\/caso-practico-almacenamiento-inteligente\\\/logistica-y-3pl\\\/taglermaq\\\/#primaryimage\"},\"thumbnailUrl\":\"https:\\\/\\\/www.modula.eu\\\/wp-content\\\/uploads\\\/2022\\\/10\\\/47-Kuehne-Nagel.jpg\",\"datePublished\":\"2024-11-19T08:20:00+00:00\",\"dateModified\":\"2025-01-15T10:16:17+00:00\",\"description\":\"Taglermaq, empresa l\u00edder en el sector de la log\u00edstica y de la consultor\u00eda en Chile, necesitaba una soluci\u00f3n avanzada para optimizar el almacenamiento de los productos de sus clientes. Tras una evaluaci\u00f3n exhaustiva de las opciones existentes en el mercado, Taglermaq eligi\u00f3 Modula para satisfacer sus necesidades de gesti\u00f3n del espacio y optimizaci\u00f3n de los procesos de almacenamiento.\",\"breadcrumb\":{\"@id\":\"https:\\\/\\\/www.modula.eu\\\/es\\\/caso-practico-almacenamiento-inteligente\\\/logistica-y-3pl\\\/taglermaq\\\/#breadcrumb\"},\"inLanguage\":\"es\",\"potentialAction\":[{\"@type\":\"ReadAction\",\"target\":[\"https:\\\/\\\/www.modula.eu\\\/es\\\/caso-practico-almacenamiento-inteligente\\\/logistica-y-3pl\\\/taglermaq\\\/\"]}]},{\"@type\":\"ImageObject\",\"inLanguage\":\"es\",\"@id\":\"https:\\\/\\\/www.modula.eu\\\/es\\\/caso-practico-almacenamiento-inteligente\\\/logistica-y-3pl\\\/taglermaq\\\/#primaryimage\",\"url\":\"https:\\\/\\\/www.modula.eu\\\/wp-content\\\/uploads\\\/2022\\\/10\\\/47-Kuehne-Nagel.jpg\",\"contentUrl\":\"https:\\\/\\\/www.modula.eu\\\/wp-content\\\/uploads\\\/2022\\\/10\\\/47-Kuehne-Nagel.jpg\",\"width\":800,\"height\":600},{\"@type\":\"BreadcrumbList\",\"@id\":\"https:\\\/\\\/www.modula.eu\\\/es\\\/caso-practico-almacenamiento-inteligente\\\/logistica-y-3pl\\\/taglermaq\\\/#breadcrumb\",\"itemListElement\":[{\"@type\":\"ListItem\",\"position\":1,\"name\":\"Home\",\"item\":\"https:\\\/\\\/www.modula.eu\\\/es\\\/\"},{\"@type\":\"ListItem\",\"position\":2,\"name\":\"Caso Pratico\",\"item\":\"https:\\\/\\\/www.modula.eu\\\/es\\\/caso-practico-almacenamiento-inteligente\\\/\"},{\"@type\":\"ListItem\",\"position\":3,\"name\":\"Log\u00edstica \\\/ 3PL\",\"item\":\"https:\\\/\\\/www.modula.eu\\\/es\\\/caso-practico-almacenamiento-inteligente\\\/logistica-y-3pl\\\/\"},{\"@type\":\"ListItem\",\"position\":4,\"name\":\"Taglermaq\"}]},{\"@type\":\"WebSite\",\"@id\":\"https:\\\/\\\/www.modula.eu\\\/es\\\/#website\",\"url\":\"https:\\\/\\\/www.modula.eu\\\/es\\\/\",\"name\":\"Modula\",\"description\":\"Think Vertical\",\"publisher\":{\"@id\":\"https:\\\/\\\/www.modula.eu\\\/es\\\/#organization\"},\"potentialAction\":[{\"@type\":\"SearchAction\",\"target\":{\"@type\":\"EntryPoint\",\"urlTemplate\":\"https:\\\/\\\/www.modula.eu\\\/es\\\/?s={search_term_string}\"},\"query-input\":{\"@type\":\"PropertyValueSpecification\",\"valueRequired\":true,\"valueName\":\"search_term_string\"}}],\"inLanguage\":\"es\"},{\"@type\":\"Organization\",\"@id\":\"https:\\\/\\\/www.modula.eu\\\/es\\\/#organization\",\"name\":\"Modula\",\"url\":\"https:\\\/\\\/www.modula.eu\\\/es\\\/\",\"logo\":{\"@type\":\"ImageObject\",\"inLanguage\":\"es\",\"@id\":\"https:\\\/\\\/www.modula.eu\\\/es\\\/#\\\/schema\\\/logo\\\/image\\\/\",\"url\":\"https:\\\/\\\/www.modula.eu\\\/wp-content\\\/uploads\\\/2022\\\/12\\\/Modula-logo.jpg\",\"contentUrl\":\"https:\\\/\\\/www.modula.eu\\\/wp-content\\\/uploads\\\/2022\\\/12\\\/Modula-logo.jpg\",\"width\":759,\"height\":512,\"caption\":\"Modula\"},\"image\":{\"@id\":\"https:\\\/\\\/www.modula.eu\\\/es\\\/#\\\/schema\\\/logo\\\/image\\\/\"}}]}<\/script>\n<!-- \/ Yoast SEO plugin. -->","yoast_head_json":{"title":"Taglermaq y la colaboraci\u00f3n con Modula \u2013 De la compra a la concesi\u00f3n del producto","description":"Taglermaq, empresa l\u00edder en el sector de la log\u00edstica y de la consultor\u00eda en Chile, necesitaba una soluci\u00f3n avanzada para optimizar el almacenamiento de los productos de sus clientes. Tras una evaluaci\u00f3n exhaustiva de las opciones existentes en el mercado, Taglermaq eligi\u00f3 Modula para satisfacer sus necesidades de gesti\u00f3n del espacio y optimizaci\u00f3n de los procesos de almacenamiento.","robots":{"index":"index","follow":"follow","max-snippet":"max-snippet:-1","max-image-preview":"max-image-preview:large","max-video-preview":"max-video-preview:-1"},"canonical":"https:\/\/www.modula.eu\/es\/caso-practico-almacenamiento-inteligente\/logistica-y-3pl\/taglermaq\/","og_locale":"es_ES","og_type":"article","og_title":"Taglermaq y la colaboraci\u00f3n con Modula \u2013 De la compra a la concesi\u00f3n del producto","og_description":"Taglermaq, empresa l\u00edder en el sector de la log\u00edstica y de la consultor\u00eda en Chile, necesitaba una soluci\u00f3n avanzada para optimizar el almacenamiento de los productos de sus clientes. Tras una evaluaci\u00f3n exhaustiva de las opciones existentes en el mercado, Taglermaq eligi\u00f3 Modula para satisfacer sus necesidades de gesti\u00f3n del espacio y optimizaci\u00f3n de los procesos de almacenamiento.","og_url":"https:\/\/www.modula.eu\/es\/caso-practico-almacenamiento-inteligente\/logistica-y-3pl\/taglermaq\/","og_site_name":"Modula","article_modified_time":"2025-01-15T10:16:17+00:00","og_image":[{"width":800,"height":600,"url":"https:\/\/www.modula.eu\/wp-content\/uploads\/2022\/10\/47-Kuehne-Nagel.jpg","type":"image\/jpeg"}],"twitter_card":"summary_large_image","schema":{"@context":"https:\/\/schema.org","@graph":[{"@type":"WebPage","@id":"https:\/\/www.modula.eu\/es\/caso-practico-almacenamiento-inteligente\/logistica-y-3pl\/taglermaq\/","url":"https:\/\/www.modula.eu\/es\/caso-practico-almacenamiento-inteligente\/logistica-y-3pl\/taglermaq\/","name":"Taglermaq y la colaboraci\u00f3n con Modula \u2013 De la compra a la concesi\u00f3n del producto","isPartOf":{"@id":"https:\/\/www.modula.eu\/es\/#website"},"primaryImageOfPage":{"@id":"https:\/\/www.modula.eu\/es\/caso-practico-almacenamiento-inteligente\/logistica-y-3pl\/taglermaq\/#primaryimage"},"image":{"@id":"https:\/\/www.modula.eu\/es\/caso-practico-almacenamiento-inteligente\/logistica-y-3pl\/taglermaq\/#primaryimage"},"thumbnailUrl":"https:\/\/www.modula.eu\/wp-content\/uploads\/2022\/10\/47-Kuehne-Nagel.jpg","datePublished":"2024-11-19T08:20:00+00:00","dateModified":"2025-01-15T10:16:17+00:00","description":"Taglermaq, empresa l\u00edder en el sector de la log\u00edstica y de la consultor\u00eda en Chile, necesitaba una soluci\u00f3n avanzada para optimizar el almacenamiento de los productos de sus clientes. Tras una evaluaci\u00f3n exhaustiva de las opciones existentes en el mercado, Taglermaq eligi\u00f3 Modula para satisfacer sus necesidades de gesti\u00f3n del espacio y optimizaci\u00f3n de los procesos de almacenamiento.","breadcrumb":{"@id":"https:\/\/www.modula.eu\/es\/caso-practico-almacenamiento-inteligente\/logistica-y-3pl\/taglermaq\/#breadcrumb"},"inLanguage":"es","potentialAction":[{"@type":"ReadAction","target":["https:\/\/www.modula.eu\/es\/caso-practico-almacenamiento-inteligente\/logistica-y-3pl\/taglermaq\/"]}]},{"@type":"ImageObject","inLanguage":"es","@id":"https:\/\/www.modula.eu\/es\/caso-practico-almacenamiento-inteligente\/logistica-y-3pl\/taglermaq\/#primaryimage","url":"https:\/\/www.modula.eu\/wp-content\/uploads\/2022\/10\/47-Kuehne-Nagel.jpg","contentUrl":"https:\/\/www.modula.eu\/wp-content\/uploads\/2022\/10\/47-Kuehne-Nagel.jpg","width":800,"height":600},{"@type":"BreadcrumbList","@id":"https:\/\/www.modula.eu\/es\/caso-practico-almacenamiento-inteligente\/logistica-y-3pl\/taglermaq\/#breadcrumb","itemListElement":[{"@type":"ListItem","position":1,"name":"Home","item":"https:\/\/www.modula.eu\/es\/"},{"@type":"ListItem","position":2,"name":"Caso Pratico","item":"https:\/\/www.modula.eu\/es\/caso-practico-almacenamiento-inteligente\/"},{"@type":"ListItem","position":3,"name":"Log\u00edstica \/ 3PL","item":"https:\/\/www.modula.eu\/es\/caso-practico-almacenamiento-inteligente\/logistica-y-3pl\/"},{"@type":"ListItem","position":4,"name":"Taglermaq"}]},{"@type":"WebSite","@id":"https:\/\/www.modula.eu\/es\/#website","url":"https:\/\/www.modula.eu\/es\/","name":"Modula","description":"Think Vertical","publisher":{"@id":"https:\/\/www.modula.eu\/es\/#organization"},"potentialAction":[{"@type":"SearchAction","target":{"@type":"EntryPoint","urlTemplate":"https:\/\/www.modula.eu\/es\/?s={search_term_string}"},"query-input":{"@type":"PropertyValueSpecification","valueRequired":true,"valueName":"search_term_string"}}],"inLanguage":"es"},{"@type":"Organization","@id":"https:\/\/www.modula.eu\/es\/#organization","name":"Modula","url":"https:\/\/www.modula.eu\/es\/","logo":{"@type":"ImageObject","inLanguage":"es","@id":"https:\/\/www.modula.eu\/es\/#\/schema\/logo\/image\/","url":"https:\/\/www.modula.eu\/wp-content\/uploads\/2022\/12\/Modula-logo.jpg","contentUrl":"https:\/\/www.modula.eu\/wp-content\/uploads\/2022\/12\/Modula-logo.jpg","width":759,"height":512,"caption":"Modula"},"image":{"@id":"https:\/\/www.modula.eu\/es\/#\/schema\/logo\/image\/"}}]}},"_links":{"self":[{"href":"https:\/\/www.modula.eu\/es\/wp-json\/wp\/v2\/pages\/42294","targetHints":{"allow":["GET"]}}],"collection":[{"href":"https:\/\/www.modula.eu\/es\/wp-json\/wp\/v2\/pages"}],"about":[{"href":"https:\/\/www.modula.eu\/es\/wp-json\/wp\/v2\/types\/page"}],"author":[{"embeddable":true,"href":"https:\/\/www.modula.eu\/es\/wp-json\/wp\/v2\/users\/1"}],"replies":[{"embeddable":true,"href":"https:\/\/www.modula.eu\/es\/wp-json\/wp\/v2\/comments?post=42294"}],"version-history":[{"count":0,"href":"https:\/\/www.modula.eu\/es\/wp-json\/wp\/v2\/pages\/42294\/revisions"}],"up":[{"embeddable":true,"href":"https:\/\/www.modula.eu\/es\/wp-json\/wp\/v2\/pages\/10244"}],"wp:featuredmedia":[{"embeddable":true,"href":"https:\/\/www.modula.eu\/es\/wp-json\/wp\/v2\/media\/5935"}],"wp:attachment":[{"href":"https:\/\/www.modula.eu\/es\/wp-json\/wp\/v2\/media?parent=42294"}],"curies":[{"name":"wp","href":"https:\/\/api.w.org\/{rel}","templated":true}]}}