{"id":42339,"date":"2024-11-19T15:01:36","date_gmt":"2024-11-19T14:01:36","guid":{"rendered":"https:\/\/www.modula.eu\/caso-practico-almacenamiento-inteligente\/pasatiempo\/rebuy\/"},"modified":"2025-01-15T11:27:25","modified_gmt":"2025-01-15T10:27:25","slug":"rebuy","status":"publish","type":"page","link":"https:\/\/www.modula.eu\/es\/caso-practico-almacenamiento-inteligente\/pasatiempo\/rebuy\/","title":{"rendered":"ReBuy"},"content":{"rendered":"","protected":false},"excerpt":{"rendered":"","protected":false},"author":1,"featured_media":42333,"parent":33050,"menu_order":4,"comment_status":"closed","ping_status":"closed","template":"case.php","meta":{"_acf_changed":false,"inline_featured_image":false,"mapsvg_location":"","footnotes":""},"class_list":["post-42339","page","type-page","status-publish","has-post-thumbnail","hentry"],"acf":[],"yoast_head":"<!-- This site is optimized with the Yoast SEO plugin v27.3 - https:\/\/yoast.com\/product\/yoast-seo-wordpress\/ -->\n<title>ReBuy elige Modula para Automatizar sus Almacenes<\/title>\n<meta name=\"description\" content=\"reBuy, empresa l\u00edder en la reventa de art\u00edculos usados, ha elegido la tecnolog\u00eda de Modula para automatizar y optimizar la gesti\u00f3n de sus almacenes. Con el objetivo de cumplir con los m\u00e1s altos est\u00e1ndares de calidad en t\u00e9rminos de ecolog\u00eda y sostenibilidad, reBuy ha instalado 36 almacenes verticales Modula, en 6 filas de 6 unidades\" \/>\n<meta name=\"robots\" content=\"index, follow, max-snippet:-1, max-image-preview:large, max-video-preview:-1\" \/>\n<link rel=\"canonical\" href=\"https:\/\/www.modula.eu\/es\/caso-practico-almacenamiento-inteligente\/pasatiempo\/rebuy\/\" \/>\n<meta property=\"og:locale\" content=\"es_ES\" \/>\n<meta property=\"og:type\" content=\"article\" \/>\n<meta property=\"og:title\" content=\"ReBuy elige Modula para Automatizar sus Almacenes\" \/>\n<meta property=\"og:description\" content=\"reBuy, empresa l\u00edder en la reventa de art\u00edculos usados, ha elegido la tecnolog\u00eda de Modula para automatizar y optimizar la gesti\u00f3n de sus almacenes. Con el objetivo de cumplir con los m\u00e1s altos est\u00e1ndares de calidad en t\u00e9rminos de ecolog\u00eda y sostenibilidad, reBuy ha instalado 36 almacenes verticales Modula, en 6 filas de 6 unidades\" \/>\n<meta property=\"og:url\" content=\"https:\/\/www.modula.eu\/es\/caso-practico-almacenamiento-inteligente\/pasatiempo\/rebuy\/\" \/>\n<meta property=\"og:site_name\" content=\"Modula\" \/>\n<meta property=\"article:modified_time\" content=\"2025-01-15T10:27:25+00:00\" \/>\n<meta property=\"og:image\" content=\"https:\/\/www.modula.eu\/wp-content\/uploads\/2024\/11\/rebuy-modula-case-1024x519.png\" \/>\n\t<meta property=\"og:image:width\" content=\"1024\" \/>\n\t<meta property=\"og:image:height\" content=\"519\" \/>\n\t<meta property=\"og:image:type\" content=\"image\/png\" \/>\n<meta name=\"twitter:card\" content=\"summary_large_image\" \/>\n<script type=\"application\/ld+json\" class=\"yoast-schema-graph\">{\"@context\":\"https:\\\/\\\/schema.org\",\"@graph\":[{\"@type\":\"WebPage\",\"@id\":\"https:\\\/\\\/www.modula.eu\\\/es\\\/caso-practico-almacenamiento-inteligente\\\/pasatiempo\\\/rebuy\\\/\",\"url\":\"https:\\\/\\\/www.modula.eu\\\/es\\\/caso-practico-almacenamiento-inteligente\\\/pasatiempo\\\/rebuy\\\/\",\"name\":\"ReBuy elige Modula para Automatizar sus Almacenes\",\"isPartOf\":{\"@id\":\"https:\\\/\\\/www.modula.eu\\\/es\\\/#website\"},\"primaryImageOfPage\":{\"@id\":\"https:\\\/\\\/www.modula.eu\\\/es\\\/caso-practico-almacenamiento-inteligente\\\/pasatiempo\\\/rebuy\\\/#primaryimage\"},\"image\":{\"@id\":\"https:\\\/\\\/www.modula.eu\\\/es\\\/caso-practico-almacenamiento-inteligente\\\/pasatiempo\\\/rebuy\\\/#primaryimage\"},\"thumbnailUrl\":\"https:\\\/\\\/www.modula.eu\\\/wp-content\\\/uploads\\\/2024\\\/11\\\/rebuy-modula-case.png\",\"datePublished\":\"2024-11-19T14:01:36+00:00\",\"dateModified\":\"2025-01-15T10:27:25+00:00\",\"description\":\"reBuy, empresa l\u00edder en la reventa de art\u00edculos usados, ha elegido la tecnolog\u00eda de Modula para automatizar y optimizar la gesti\u00f3n de sus almacenes. Con el objetivo de cumplir con los m\u00e1s altos est\u00e1ndares de calidad en t\u00e9rminos de ecolog\u00eda y sostenibilidad, reBuy ha instalado 36 almacenes verticales Modula, en 6 filas de 6 unidades\",\"breadcrumb\":{\"@id\":\"https:\\\/\\\/www.modula.eu\\\/es\\\/caso-practico-almacenamiento-inteligente\\\/pasatiempo\\\/rebuy\\\/#breadcrumb\"},\"inLanguage\":\"es\",\"potentialAction\":[{\"@type\":\"ReadAction\",\"target\":[\"https:\\\/\\\/www.modula.eu\\\/es\\\/caso-practico-almacenamiento-inteligente\\\/pasatiempo\\\/rebuy\\\/\"]}]},{\"@type\":\"ImageObject\",\"inLanguage\":\"es\",\"@id\":\"https:\\\/\\\/www.modula.eu\\\/es\\\/caso-practico-almacenamiento-inteligente\\\/pasatiempo\\\/rebuy\\\/#primaryimage\",\"url\":\"https:\\\/\\\/www.modula.eu\\\/wp-content\\\/uploads\\\/2024\\\/11\\\/rebuy-modula-case.png\",\"contentUrl\":\"https:\\\/\\\/www.modula.eu\\\/wp-content\\\/uploads\\\/2024\\\/11\\\/rebuy-modula-case.png\",\"width\":2036,\"height\":1032},{\"@type\":\"BreadcrumbList\",\"@id\":\"https:\\\/\\\/www.modula.eu\\\/es\\\/caso-practico-almacenamiento-inteligente\\\/pasatiempo\\\/rebuy\\\/#breadcrumb\",\"itemListElement\":[{\"@type\":\"ListItem\",\"position\":1,\"name\":\"Home\",\"item\":\"https:\\\/\\\/www.modula.eu\\\/es\\\/\"},{\"@type\":\"ListItem\",\"position\":2,\"name\":\"Caso Pratico\",\"item\":\"https:\\\/\\\/www.modula.eu\\\/es\\\/caso-practico-almacenamiento-inteligente\\\/\"},{\"@type\":\"ListItem\",\"position\":3,\"name\":\"Pasatiempo\",\"item\":\"https:\\\/\\\/www.modula.eu\\\/es\\\/caso-practico-almacenamiento-inteligente\\\/pasatiempo\\\/\"},{\"@type\":\"ListItem\",\"position\":4,\"name\":\"ReBuy\"}]},{\"@type\":\"WebSite\",\"@id\":\"https:\\\/\\\/www.modula.eu\\\/es\\\/#website\",\"url\":\"https:\\\/\\\/www.modula.eu\\\/es\\\/\",\"name\":\"Modula\",\"description\":\"Think Vertical\",\"publisher\":{\"@id\":\"https:\\\/\\\/www.modula.eu\\\/es\\\/#organization\"},\"potentialAction\":[{\"@type\":\"SearchAction\",\"target\":{\"@type\":\"EntryPoint\",\"urlTemplate\":\"https:\\\/\\\/www.modula.eu\\\/es\\\/?s={search_term_string}\"},\"query-input\":{\"@type\":\"PropertyValueSpecification\",\"valueRequired\":true,\"valueName\":\"search_term_string\"}}],\"inLanguage\":\"es\"},{\"@type\":\"Organization\",\"@id\":\"https:\\\/\\\/www.modula.eu\\\/es\\\/#organization\",\"name\":\"Modula\",\"url\":\"https:\\\/\\\/www.modula.eu\\\/es\\\/\",\"logo\":{\"@type\":\"ImageObject\",\"inLanguage\":\"es\",\"@id\":\"https:\\\/\\\/www.modula.eu\\\/es\\\/#\\\/schema\\\/logo\\\/image\\\/\",\"url\":\"https:\\\/\\\/www.modula.eu\\\/wp-content\\\/uploads\\\/2022\\\/12\\\/Modula-logo.jpg\",\"contentUrl\":\"https:\\\/\\\/www.modula.eu\\\/wp-content\\\/uploads\\\/2022\\\/12\\\/Modula-logo.jpg\",\"width\":759,\"height\":512,\"caption\":\"Modula\"},\"image\":{\"@id\":\"https:\\\/\\\/www.modula.eu\\\/es\\\/#\\\/schema\\\/logo\\\/image\\\/\"}}]}<\/script>\n<!-- \/ Yoast SEO plugin. -->","yoast_head_json":{"title":"ReBuy elige Modula para Automatizar sus Almacenes","description":"reBuy, empresa l\u00edder en la reventa de art\u00edculos usados, ha elegido la tecnolog\u00eda de Modula para automatizar y optimizar la gesti\u00f3n de sus almacenes. Con el objetivo de cumplir con los m\u00e1s altos est\u00e1ndares de calidad en t\u00e9rminos de ecolog\u00eda y sostenibilidad, reBuy ha instalado 36 almacenes verticales Modula, en 6 filas de 6 unidades","robots":{"index":"index","follow":"follow","max-snippet":"max-snippet:-1","max-image-preview":"max-image-preview:large","max-video-preview":"max-video-preview:-1"},"canonical":"https:\/\/www.modula.eu\/es\/caso-practico-almacenamiento-inteligente\/pasatiempo\/rebuy\/","og_locale":"es_ES","og_type":"article","og_title":"ReBuy elige Modula para Automatizar sus Almacenes","og_description":"reBuy, empresa l\u00edder en la reventa de art\u00edculos usados, ha elegido la tecnolog\u00eda de Modula para automatizar y optimizar la gesti\u00f3n de sus almacenes. Con el objetivo de cumplir con los m\u00e1s altos est\u00e1ndares de calidad en t\u00e9rminos de ecolog\u00eda y sostenibilidad, reBuy ha instalado 36 almacenes verticales Modula, en 6 filas de 6 unidades","og_url":"https:\/\/www.modula.eu\/es\/caso-practico-almacenamiento-inteligente\/pasatiempo\/rebuy\/","og_site_name":"Modula","article_modified_time":"2025-01-15T10:27:25+00:00","og_image":[{"width":1024,"height":519,"url":"https:\/\/www.modula.eu\/wp-content\/uploads\/2024\/11\/rebuy-modula-case-1024x519.png","type":"image\/png"}],"twitter_card":"summary_large_image","schema":{"@context":"https:\/\/schema.org","@graph":[{"@type":"WebPage","@id":"https:\/\/www.modula.eu\/es\/caso-practico-almacenamiento-inteligente\/pasatiempo\/rebuy\/","url":"https:\/\/www.modula.eu\/es\/caso-practico-almacenamiento-inteligente\/pasatiempo\/rebuy\/","name":"ReBuy elige Modula para Automatizar sus Almacenes","isPartOf":{"@id":"https:\/\/www.modula.eu\/es\/#website"},"primaryImageOfPage":{"@id":"https:\/\/www.modula.eu\/es\/caso-practico-almacenamiento-inteligente\/pasatiempo\/rebuy\/#primaryimage"},"image":{"@id":"https:\/\/www.modula.eu\/es\/caso-practico-almacenamiento-inteligente\/pasatiempo\/rebuy\/#primaryimage"},"thumbnailUrl":"https:\/\/www.modula.eu\/wp-content\/uploads\/2024\/11\/rebuy-modula-case.png","datePublished":"2024-11-19T14:01:36+00:00","dateModified":"2025-01-15T10:27:25+00:00","description":"reBuy, empresa l\u00edder en la reventa de art\u00edculos usados, ha elegido la tecnolog\u00eda de Modula para automatizar y optimizar la gesti\u00f3n de sus almacenes. Con el objetivo de cumplir con los m\u00e1s altos est\u00e1ndares de calidad en t\u00e9rminos de ecolog\u00eda y sostenibilidad, reBuy ha instalado 36 almacenes verticales Modula, en 6 filas de 6 unidades","breadcrumb":{"@id":"https:\/\/www.modula.eu\/es\/caso-practico-almacenamiento-inteligente\/pasatiempo\/rebuy\/#breadcrumb"},"inLanguage":"es","potentialAction":[{"@type":"ReadAction","target":["https:\/\/www.modula.eu\/es\/caso-practico-almacenamiento-inteligente\/pasatiempo\/rebuy\/"]}]},{"@type":"ImageObject","inLanguage":"es","@id":"https:\/\/www.modula.eu\/es\/caso-practico-almacenamiento-inteligente\/pasatiempo\/rebuy\/#primaryimage","url":"https:\/\/www.modula.eu\/wp-content\/uploads\/2024\/11\/rebuy-modula-case.png","contentUrl":"https:\/\/www.modula.eu\/wp-content\/uploads\/2024\/11\/rebuy-modula-case.png","width":2036,"height":1032},{"@type":"BreadcrumbList","@id":"https:\/\/www.modula.eu\/es\/caso-practico-almacenamiento-inteligente\/pasatiempo\/rebuy\/#breadcrumb","itemListElement":[{"@type":"ListItem","position":1,"name":"Home","item":"https:\/\/www.modula.eu\/es\/"},{"@type":"ListItem","position":2,"name":"Caso Pratico","item":"https:\/\/www.modula.eu\/es\/caso-practico-almacenamiento-inteligente\/"},{"@type":"ListItem","position":3,"name":"Pasatiempo","item":"https:\/\/www.modula.eu\/es\/caso-practico-almacenamiento-inteligente\/pasatiempo\/"},{"@type":"ListItem","position":4,"name":"ReBuy"}]},{"@type":"WebSite","@id":"https:\/\/www.modula.eu\/es\/#website","url":"https:\/\/www.modula.eu\/es\/","name":"Modula","description":"Think Vertical","publisher":{"@id":"https:\/\/www.modula.eu\/es\/#organization"},"potentialAction":[{"@type":"SearchAction","target":{"@type":"EntryPoint","urlTemplate":"https:\/\/www.modula.eu\/es\/?s={search_term_string}"},"query-input":{"@type":"PropertyValueSpecification","valueRequired":true,"valueName":"search_term_string"}}],"inLanguage":"es"},{"@type":"Organization","@id":"https:\/\/www.modula.eu\/es\/#organization","name":"Modula","url":"https:\/\/www.modula.eu\/es\/","logo":{"@type":"ImageObject","inLanguage":"es","@id":"https:\/\/www.modula.eu\/es\/#\/schema\/logo\/image\/","url":"https:\/\/www.modula.eu\/wp-content\/uploads\/2022\/12\/Modula-logo.jpg","contentUrl":"https:\/\/www.modula.eu\/wp-content\/uploads\/2022\/12\/Modula-logo.jpg","width":759,"height":512,"caption":"Modula"},"image":{"@id":"https:\/\/www.modula.eu\/es\/#\/schema\/logo\/image\/"}}]}},"_links":{"self":[{"href":"https:\/\/www.modula.eu\/es\/wp-json\/wp\/v2\/pages\/42339","targetHints":{"allow":["GET"]}}],"collection":[{"href":"https:\/\/www.modula.eu\/es\/wp-json\/wp\/v2\/pages"}],"about":[{"href":"https:\/\/www.modula.eu\/es\/wp-json\/wp\/v2\/types\/page"}],"author":[{"embeddable":true,"href":"https:\/\/www.modula.eu\/es\/wp-json\/wp\/v2\/users\/1"}],"replies":[{"embeddable":true,"href":"https:\/\/www.modula.eu\/es\/wp-json\/wp\/v2\/comments?post=42339"}],"version-history":[{"count":0,"href":"https:\/\/www.modula.eu\/es\/wp-json\/wp\/v2\/pages\/42339\/revisions"}],"up":[{"embeddable":true,"href":"https:\/\/www.modula.eu\/es\/wp-json\/wp\/v2\/pages\/33050"}],"wp:featuredmedia":[{"embeddable":true,"href":"https:\/\/www.modula.eu\/es\/wp-json\/wp\/v2\/media\/42333"}],"wp:attachment":[{"href":"https:\/\/www.modula.eu\/es\/wp-json\/wp\/v2\/media?parent=42339"}],"curies":[{"name":"wp","href":"https:\/\/api.w.org\/{rel}","templated":true}]}}