{"id":42366,"date":"2024-11-19T15:48:48","date_gmt":"2024-11-19T14:48:48","guid":{"rendered":"https:\/\/www.modula.eu\/caso-practico-almacenamiento-inteligente\/alimentos-y-bebidas\/mt-food\/"},"modified":"2025-01-15T12:11:57","modified_gmt":"2025-01-15T11:11:57","slug":"mt-food","status":"publish","type":"page","link":"https:\/\/www.modula.eu\/es\/caso-practico-almacenamiento-inteligente\/alimentos-y-bebidas\/mt-food\/","title":{"rendered":"MT Food"},"content":{"rendered":"","protected":false},"excerpt":{"rendered":"","protected":false},"author":1,"featured_media":5927,"parent":10220,"menu_order":2,"comment_status":"closed","ping_status":"closed","template":"case.php","meta":{"_acf_changed":false,"inline_featured_image":false,"mapsvg_location":"","footnotes":""},"class_list":["post-42366","page","type-page","status-publish","has-post-thumbnail","hentry"],"acf":[],"yoast_head":"<!-- This site is optimized with the Yoast SEO plugin v27.3 - https:\/\/yoast.com\/product\/yoast-seo-wordpress\/ -->\n<title>MT Food: Optimizaci\u00f3n de la gesti\u00f3n de recambios con la tecnolog\u00eda Modula<\/title>\n<meta name=\"description\" content=\"MT Food es una empresa especializada en tecnolog\u00edas y soluciones avanzadas para plantas de procesamiento de alimentos, como preparaci\u00f3n de carne, corte, loncheado, clasificaci\u00f3n, cocci\u00f3n y envasado. El compromiso con la eficiencia y la precisi\u00f3n de MT Food la llev\u00f3 a mejorar su gesti\u00f3n de piezas de recambio instalando un sistema Modula MX50D.\" \/>\n<meta name=\"robots\" content=\"index, follow, max-snippet:-1, max-image-preview:large, max-video-preview:-1\" \/>\n<link rel=\"canonical\" href=\"https:\/\/www.modula.eu\/es\/caso-practico-almacenamiento-inteligente\/alimentos-y-bebidas\/mt-food\/\" \/>\n<meta property=\"og:locale\" content=\"es_ES\" \/>\n<meta property=\"og:type\" content=\"article\" \/>\n<meta property=\"og:title\" content=\"MT Food: Optimizaci\u00f3n de la gesti\u00f3n de recambios con la tecnolog\u00eda Modula\" \/>\n<meta property=\"og:description\" content=\"MT Food es una empresa especializada en tecnolog\u00edas y soluciones avanzadas para plantas de procesamiento de alimentos, como preparaci\u00f3n de carne, corte, loncheado, clasificaci\u00f3n, cocci\u00f3n y envasado. El compromiso con la eficiencia y la precisi\u00f3n de MT Food la llev\u00f3 a mejorar su gesti\u00f3n de piezas de recambio instalando un sistema Modula MX50D.\" \/>\n<meta property=\"og:url\" content=\"https:\/\/www.modula.eu\/es\/caso-practico-almacenamiento-inteligente\/alimentos-y-bebidas\/mt-food\/\" \/>\n<meta property=\"og:site_name\" content=\"Modula\" \/>\n<meta property=\"article:modified_time\" content=\"2025-01-15T11:11:57+00:00\" \/>\n<meta property=\"og:image\" content=\"https:\/\/www.modula.eu\/wp-content\/uploads\/2022\/10\/38-Gruppo-Mezzacorona.jpg\" \/>\n\t<meta property=\"og:image:width\" content=\"800\" \/>\n\t<meta property=\"og:image:height\" content=\"600\" \/>\n\t<meta property=\"og:image:type\" content=\"image\/jpeg\" \/>\n<meta name=\"twitter:card\" content=\"summary_large_image\" \/>\n<script type=\"application\/ld+json\" class=\"yoast-schema-graph\">{\"@context\":\"https:\\\/\\\/schema.org\",\"@graph\":[{\"@type\":\"WebPage\",\"@id\":\"https:\\\/\\\/www.modula.eu\\\/es\\\/caso-practico-almacenamiento-inteligente\\\/alimentos-y-bebidas\\\/mt-food\\\/\",\"url\":\"https:\\\/\\\/www.modula.eu\\\/es\\\/caso-practico-almacenamiento-inteligente\\\/alimentos-y-bebidas\\\/mt-food\\\/\",\"name\":\"MT Food: Optimizaci\u00f3n de la gesti\u00f3n de recambios con la tecnolog\u00eda Modula\",\"isPartOf\":{\"@id\":\"https:\\\/\\\/www.modula.eu\\\/es\\\/#website\"},\"primaryImageOfPage\":{\"@id\":\"https:\\\/\\\/www.modula.eu\\\/es\\\/caso-practico-almacenamiento-inteligente\\\/alimentos-y-bebidas\\\/mt-food\\\/#primaryimage\"},\"image\":{\"@id\":\"https:\\\/\\\/www.modula.eu\\\/es\\\/caso-practico-almacenamiento-inteligente\\\/alimentos-y-bebidas\\\/mt-food\\\/#primaryimage\"},\"thumbnailUrl\":\"https:\\\/\\\/www.modula.eu\\\/wp-content\\\/uploads\\\/2022\\\/10\\\/38-Gruppo-Mezzacorona.jpg\",\"datePublished\":\"2024-11-19T14:48:48+00:00\",\"dateModified\":\"2025-01-15T11:11:57+00:00\",\"description\":\"MT Food es una empresa especializada en tecnolog\u00edas y soluciones avanzadas para plantas de procesamiento de alimentos, como preparaci\u00f3n de carne, corte, loncheado, clasificaci\u00f3n, cocci\u00f3n y envasado. El compromiso con la eficiencia y la precisi\u00f3n de MT Food la llev\u00f3 a mejorar su gesti\u00f3n de piezas de recambio instalando un sistema Modula MX50D.\",\"breadcrumb\":{\"@id\":\"https:\\\/\\\/www.modula.eu\\\/es\\\/caso-practico-almacenamiento-inteligente\\\/alimentos-y-bebidas\\\/mt-food\\\/#breadcrumb\"},\"inLanguage\":\"es\",\"potentialAction\":[{\"@type\":\"ReadAction\",\"target\":[\"https:\\\/\\\/www.modula.eu\\\/es\\\/caso-practico-almacenamiento-inteligente\\\/alimentos-y-bebidas\\\/mt-food\\\/\"]}]},{\"@type\":\"ImageObject\",\"inLanguage\":\"es\",\"@id\":\"https:\\\/\\\/www.modula.eu\\\/es\\\/caso-practico-almacenamiento-inteligente\\\/alimentos-y-bebidas\\\/mt-food\\\/#primaryimage\",\"url\":\"https:\\\/\\\/www.modula.eu\\\/wp-content\\\/uploads\\\/2022\\\/10\\\/38-Gruppo-Mezzacorona.jpg\",\"contentUrl\":\"https:\\\/\\\/www.modula.eu\\\/wp-content\\\/uploads\\\/2022\\\/10\\\/38-Gruppo-Mezzacorona.jpg\",\"width\":800,\"height\":600},{\"@type\":\"BreadcrumbList\",\"@id\":\"https:\\\/\\\/www.modula.eu\\\/es\\\/caso-practico-almacenamiento-inteligente\\\/alimentos-y-bebidas\\\/mt-food\\\/#breadcrumb\",\"itemListElement\":[{\"@type\":\"ListItem\",\"position\":1,\"name\":\"Home\",\"item\":\"https:\\\/\\\/www.modula.eu\\\/es\\\/\"},{\"@type\":\"ListItem\",\"position\":2,\"name\":\"Caso Pratico\",\"item\":\"https:\\\/\\\/www.modula.eu\\\/es\\\/caso-practico-almacenamiento-inteligente\\\/\"},{\"@type\":\"ListItem\",\"position\":3,\"name\":\"Alimentos y bebidas\\\/Gran distribuci\u00f3n\",\"item\":\"https:\\\/\\\/www.modula.eu\\\/es\\\/caso-practico-almacenamiento-inteligente\\\/alimentos-y-bebidas-gran-distribucion\\\/\"},{\"@type\":\"ListItem\",\"position\":4,\"name\":\"MT Food\"}]},{\"@type\":\"WebSite\",\"@id\":\"https:\\\/\\\/www.modula.eu\\\/es\\\/#website\",\"url\":\"https:\\\/\\\/www.modula.eu\\\/es\\\/\",\"name\":\"Modula\",\"description\":\"Think Vertical\",\"publisher\":{\"@id\":\"https:\\\/\\\/www.modula.eu\\\/es\\\/#organization\"},\"potentialAction\":[{\"@type\":\"SearchAction\",\"target\":{\"@type\":\"EntryPoint\",\"urlTemplate\":\"https:\\\/\\\/www.modula.eu\\\/es\\\/?s={search_term_string}\"},\"query-input\":{\"@type\":\"PropertyValueSpecification\",\"valueRequired\":true,\"valueName\":\"search_term_string\"}}],\"inLanguage\":\"es\"},{\"@type\":\"Organization\",\"@id\":\"https:\\\/\\\/www.modula.eu\\\/es\\\/#organization\",\"name\":\"Modula\",\"url\":\"https:\\\/\\\/www.modula.eu\\\/es\\\/\",\"logo\":{\"@type\":\"ImageObject\",\"inLanguage\":\"es\",\"@id\":\"https:\\\/\\\/www.modula.eu\\\/es\\\/#\\\/schema\\\/logo\\\/image\\\/\",\"url\":\"https:\\\/\\\/www.modula.eu\\\/wp-content\\\/uploads\\\/2022\\\/12\\\/Modula-logo.jpg\",\"contentUrl\":\"https:\\\/\\\/www.modula.eu\\\/wp-content\\\/uploads\\\/2022\\\/12\\\/Modula-logo.jpg\",\"width\":759,\"height\":512,\"caption\":\"Modula\"},\"image\":{\"@id\":\"https:\\\/\\\/www.modula.eu\\\/es\\\/#\\\/schema\\\/logo\\\/image\\\/\"}}]}<\/script>\n<!-- \/ Yoast SEO plugin. -->","yoast_head_json":{"title":"MT Food: Optimizaci\u00f3n de la gesti\u00f3n de recambios con la tecnolog\u00eda Modula","description":"MT Food es una empresa especializada en tecnolog\u00edas y soluciones avanzadas para plantas de procesamiento de alimentos, como preparaci\u00f3n de carne, corte, loncheado, clasificaci\u00f3n, cocci\u00f3n y envasado. El compromiso con la eficiencia y la precisi\u00f3n de MT Food la llev\u00f3 a mejorar su gesti\u00f3n de piezas de recambio instalando un sistema Modula MX50D.","robots":{"index":"index","follow":"follow","max-snippet":"max-snippet:-1","max-image-preview":"max-image-preview:large","max-video-preview":"max-video-preview:-1"},"canonical":"https:\/\/www.modula.eu\/es\/caso-practico-almacenamiento-inteligente\/alimentos-y-bebidas\/mt-food\/","og_locale":"es_ES","og_type":"article","og_title":"MT Food: Optimizaci\u00f3n de la gesti\u00f3n de recambios con la tecnolog\u00eda Modula","og_description":"MT Food es una empresa especializada en tecnolog\u00edas y soluciones avanzadas para plantas de procesamiento de alimentos, como preparaci\u00f3n de carne, corte, loncheado, clasificaci\u00f3n, cocci\u00f3n y envasado. El compromiso con la eficiencia y la precisi\u00f3n de MT Food la llev\u00f3 a mejorar su gesti\u00f3n de piezas de recambio instalando un sistema Modula MX50D.","og_url":"https:\/\/www.modula.eu\/es\/caso-practico-almacenamiento-inteligente\/alimentos-y-bebidas\/mt-food\/","og_site_name":"Modula","article_modified_time":"2025-01-15T11:11:57+00:00","og_image":[{"width":800,"height":600,"url":"https:\/\/www.modula.eu\/wp-content\/uploads\/2022\/10\/38-Gruppo-Mezzacorona.jpg","type":"image\/jpeg"}],"twitter_card":"summary_large_image","schema":{"@context":"https:\/\/schema.org","@graph":[{"@type":"WebPage","@id":"https:\/\/www.modula.eu\/es\/caso-practico-almacenamiento-inteligente\/alimentos-y-bebidas\/mt-food\/","url":"https:\/\/www.modula.eu\/es\/caso-practico-almacenamiento-inteligente\/alimentos-y-bebidas\/mt-food\/","name":"MT Food: Optimizaci\u00f3n de la gesti\u00f3n de recambios con la tecnolog\u00eda Modula","isPartOf":{"@id":"https:\/\/www.modula.eu\/es\/#website"},"primaryImageOfPage":{"@id":"https:\/\/www.modula.eu\/es\/caso-practico-almacenamiento-inteligente\/alimentos-y-bebidas\/mt-food\/#primaryimage"},"image":{"@id":"https:\/\/www.modula.eu\/es\/caso-practico-almacenamiento-inteligente\/alimentos-y-bebidas\/mt-food\/#primaryimage"},"thumbnailUrl":"https:\/\/www.modula.eu\/wp-content\/uploads\/2022\/10\/38-Gruppo-Mezzacorona.jpg","datePublished":"2024-11-19T14:48:48+00:00","dateModified":"2025-01-15T11:11:57+00:00","description":"MT Food es una empresa especializada en tecnolog\u00edas y soluciones avanzadas para plantas de procesamiento de alimentos, como preparaci\u00f3n de carne, corte, loncheado, clasificaci\u00f3n, cocci\u00f3n y envasado. El compromiso con la eficiencia y la precisi\u00f3n de MT Food la llev\u00f3 a mejorar su gesti\u00f3n de piezas de recambio instalando un sistema Modula MX50D.","breadcrumb":{"@id":"https:\/\/www.modula.eu\/es\/caso-practico-almacenamiento-inteligente\/alimentos-y-bebidas\/mt-food\/#breadcrumb"},"inLanguage":"es","potentialAction":[{"@type":"ReadAction","target":["https:\/\/www.modula.eu\/es\/caso-practico-almacenamiento-inteligente\/alimentos-y-bebidas\/mt-food\/"]}]},{"@type":"ImageObject","inLanguage":"es","@id":"https:\/\/www.modula.eu\/es\/caso-practico-almacenamiento-inteligente\/alimentos-y-bebidas\/mt-food\/#primaryimage","url":"https:\/\/www.modula.eu\/wp-content\/uploads\/2022\/10\/38-Gruppo-Mezzacorona.jpg","contentUrl":"https:\/\/www.modula.eu\/wp-content\/uploads\/2022\/10\/38-Gruppo-Mezzacorona.jpg","width":800,"height":600},{"@type":"BreadcrumbList","@id":"https:\/\/www.modula.eu\/es\/caso-practico-almacenamiento-inteligente\/alimentos-y-bebidas\/mt-food\/#breadcrumb","itemListElement":[{"@type":"ListItem","position":1,"name":"Home","item":"https:\/\/www.modula.eu\/es\/"},{"@type":"ListItem","position":2,"name":"Caso Pratico","item":"https:\/\/www.modula.eu\/es\/caso-practico-almacenamiento-inteligente\/"},{"@type":"ListItem","position":3,"name":"Alimentos y bebidas\/Gran distribuci\u00f3n","item":"https:\/\/www.modula.eu\/es\/caso-practico-almacenamiento-inteligente\/alimentos-y-bebidas-gran-distribucion\/"},{"@type":"ListItem","position":4,"name":"MT Food"}]},{"@type":"WebSite","@id":"https:\/\/www.modula.eu\/es\/#website","url":"https:\/\/www.modula.eu\/es\/","name":"Modula","description":"Think Vertical","publisher":{"@id":"https:\/\/www.modula.eu\/es\/#organization"},"potentialAction":[{"@type":"SearchAction","target":{"@type":"EntryPoint","urlTemplate":"https:\/\/www.modula.eu\/es\/?s={search_term_string}"},"query-input":{"@type":"PropertyValueSpecification","valueRequired":true,"valueName":"search_term_string"}}],"inLanguage":"es"},{"@type":"Organization","@id":"https:\/\/www.modula.eu\/es\/#organization","name":"Modula","url":"https:\/\/www.modula.eu\/es\/","logo":{"@type":"ImageObject","inLanguage":"es","@id":"https:\/\/www.modula.eu\/es\/#\/schema\/logo\/image\/","url":"https:\/\/www.modula.eu\/wp-content\/uploads\/2022\/12\/Modula-logo.jpg","contentUrl":"https:\/\/www.modula.eu\/wp-content\/uploads\/2022\/12\/Modula-logo.jpg","width":759,"height":512,"caption":"Modula"},"image":{"@id":"https:\/\/www.modula.eu\/es\/#\/schema\/logo\/image\/"}}]}},"_links":{"self":[{"href":"https:\/\/www.modula.eu\/es\/wp-json\/wp\/v2\/pages\/42366","targetHints":{"allow":["GET"]}}],"collection":[{"href":"https:\/\/www.modula.eu\/es\/wp-json\/wp\/v2\/pages"}],"about":[{"href":"https:\/\/www.modula.eu\/es\/wp-json\/wp\/v2\/types\/page"}],"author":[{"embeddable":true,"href":"https:\/\/www.modula.eu\/es\/wp-json\/wp\/v2\/users\/1"}],"replies":[{"embeddable":true,"href":"https:\/\/www.modula.eu\/es\/wp-json\/wp\/v2\/comments?post=42366"}],"version-history":[{"count":0,"href":"https:\/\/www.modula.eu\/es\/wp-json\/wp\/v2\/pages\/42366\/revisions"}],"up":[{"embeddable":true,"href":"https:\/\/www.modula.eu\/es\/wp-json\/wp\/v2\/pages\/10220"}],"wp:featuredmedia":[{"embeddable":true,"href":"https:\/\/www.modula.eu\/es\/wp-json\/wp\/v2\/media\/5927"}],"wp:attachment":[{"href":"https:\/\/www.modula.eu\/es\/wp-json\/wp\/v2\/media?parent=42366"}],"curies":[{"name":"wp","href":"https:\/\/api.w.org\/{rel}","templated":true}]}}