{"id":44181,"date":"2024-10-03T17:21:45","date_gmt":"2024-10-03T15:21:45","guid":{"rendered":"https:\/\/www.modula.eu\/modula-integrato-con-robot-mobili-autonomi\/"},"modified":"2026-01-21T15:08:45","modified_gmt":"2026-01-21T14:08:45","slug":"robots-moviles-autonomos","status":"publish","type":"page","link":"https:\/\/www.modula.eu\/es\/integracion-robotica\/robots-moviles-autonomos\/","title":{"rendered":"Modula integrado con robots m\u00f3viles aut\u00f3nomos"},"content":{"rendered":"","protected":false},"excerpt":{"rendered":"","protected":false},"author":1,"featured_media":44503,"parent":8094,"menu_order":0,"comment_status":"closed","ping_status":"closed","template":"","meta":{"_acf_changed":false,"inline_featured_image":false,"mapsvg_location":"","footnotes":""},"class_list":["post-44181","page","type-page","status-publish","has-post-thumbnail","hentry"],"acf":[],"yoast_head":"<!-- This site is optimized with the Yoast SEO plugin v27.4 - https:\/\/yoast.com\/product\/yoast-seo-wordpress\/ -->\n<title>Robots M\u00f3viles Aut\u00f3nomos AMR para Almacenes Automatizados | Modula<\/title>\n<meta name=\"description\" content=\"Los Robots M\u00f3viles Aut\u00f3nomos o AMR (acr\u00f3nimo de Autonomous Mobile Robots) son dispositivos capaces de realizar actividades y moverse por el almac\u00e9n de forma aut\u00f3noma. Descubra las soluciones Modula.\" \/>\n<meta name=\"robots\" content=\"index, follow, max-snippet:-1, max-image-preview:large, max-video-preview:-1\" \/>\n<link rel=\"canonical\" href=\"https:\/\/www.modula.eu\/es\/integracion-robotica\/robots-moviles-autonomos\/\" \/>\n<meta property=\"og:locale\" content=\"es_ES\" \/>\n<meta property=\"og:type\" content=\"article\" \/>\n<meta property=\"og:title\" content=\"Robots M\u00f3viles Aut\u00f3nomos AMR para Almacenes Automatizados | Modula\" \/>\n<meta property=\"og:description\" content=\"Los Robots M\u00f3viles Aut\u00f3nomos o AMR (acr\u00f3nimo de Autonomous Mobile Robots) son dispositivos capaces de realizar actividades y moverse por el almac\u00e9n de forma aut\u00f3noma. Descubra las soluciones Modula.\" \/>\n<meta property=\"og:url\" content=\"https:\/\/www.modula.eu\/es\/integracion-robotica\/robots-moviles-autonomos\/\" \/>\n<meta property=\"og:site_name\" content=\"Modula\" \/>\n<meta property=\"article:modified_time\" content=\"2026-01-21T14:08:45+00:00\" \/>\n<meta property=\"og:image\" content=\"https:\/\/www.modula.eu\/wp-content\/uploads\/2024\/12\/MIR-SPECIAL-768x417-c-center.webp\" \/>\n\t<meta property=\"og:image:width\" content=\"768\" \/>\n\t<meta property=\"og:image:height\" content=\"417\" \/>\n\t<meta property=\"og:image:type\" content=\"image\/webp\" \/>\n<meta name=\"twitter:card\" content=\"summary_large_image\" \/>\n<script type=\"application\/ld+json\" class=\"yoast-schema-graph\">{\"@context\":\"https:\\\/\\\/schema.org\",\"@graph\":[{\"@type\":\"WebPage\",\"@id\":\"https:\\\/\\\/www.modula.eu\\\/es\\\/integracion-robotica\\\/robots-moviles-autonomos\\\/\",\"url\":\"https:\\\/\\\/www.modula.eu\\\/es\\\/integracion-robotica\\\/robots-moviles-autonomos\\\/\",\"name\":\"Robots M\u00f3viles Aut\u00f3nomos AMR para Almacenes Automatizados | Modula\",\"isPartOf\":{\"@id\":\"https:\\\/\\\/www.modula.eu\\\/es\\\/#website\"},\"primaryImageOfPage\":{\"@id\":\"https:\\\/\\\/www.modula.eu\\\/es\\\/integracion-robotica\\\/robots-moviles-autonomos\\\/#primaryimage\"},\"image\":{\"@id\":\"https:\\\/\\\/www.modula.eu\\\/es\\\/integracion-robotica\\\/robots-moviles-autonomos\\\/#primaryimage\"},\"thumbnailUrl\":\"https:\\\/\\\/www.modula.eu\\\/wp-content\\\/uploads\\\/2024\\\/12\\\/MIR-SPECIAL-768x417-c-center.webp\",\"datePublished\":\"2024-10-03T15:21:45+00:00\",\"dateModified\":\"2026-01-21T14:08:45+00:00\",\"description\":\"Los Robots M\u00f3viles Aut\u00f3nomos o AMR (acr\u00f3nimo de Autonomous Mobile Robots) son dispositivos capaces de realizar actividades y moverse por el almac\u00e9n de forma aut\u00f3noma. Descubra las soluciones Modula.\",\"breadcrumb\":{\"@id\":\"https:\\\/\\\/www.modula.eu\\\/es\\\/integracion-robotica\\\/robots-moviles-autonomos\\\/#breadcrumb\"},\"inLanguage\":\"es\",\"potentialAction\":[{\"@type\":\"ReadAction\",\"target\":[\"https:\\\/\\\/www.modula.eu\\\/es\\\/integracion-robotica\\\/robots-moviles-autonomos\\\/\"]}]},{\"@type\":\"ImageObject\",\"inLanguage\":\"es\",\"@id\":\"https:\\\/\\\/www.modula.eu\\\/es\\\/integracion-robotica\\\/robots-moviles-autonomos\\\/#primaryimage\",\"url\":\"https:\\\/\\\/www.modula.eu\\\/wp-content\\\/uploads\\\/2024\\\/12\\\/MIR-SPECIAL-768x417-c-center.webp\",\"contentUrl\":\"https:\\\/\\\/www.modula.eu\\\/wp-content\\\/uploads\\\/2024\\\/12\\\/MIR-SPECIAL-768x417-c-center.webp\",\"width\":768,\"height\":417},{\"@type\":\"BreadcrumbList\",\"@id\":\"https:\\\/\\\/www.modula.eu\\\/es\\\/integracion-robotica\\\/robots-moviles-autonomos\\\/#breadcrumb\",\"itemListElement\":[{\"@type\":\"ListItem\",\"position\":1,\"name\":\"Home\",\"item\":\"https:\\\/\\\/www.modula.eu\\\/es\\\/\"},{\"@type\":\"ListItem\",\"position\":2,\"name\":\"Productos\",\"item\":\"https:\\\/\\\/www.modula.eu\\\/es\\\/sistemas-de-almacenaje\\\/\"},{\"@type\":\"ListItem\",\"position\":3,\"name\":\"Integraci\u00f3n rob\u00f3tica\",\"item\":\"https:\\\/\\\/www.modula.eu\\\/es\\\/integracion-robotica\\\/\"},{\"@type\":\"ListItem\",\"position\":4,\"name\":\"Modula integrado con robots m\u00f3viles aut\u00f3nomos\"}]},{\"@type\":\"WebSite\",\"@id\":\"https:\\\/\\\/www.modula.eu\\\/es\\\/#website\",\"url\":\"https:\\\/\\\/www.modula.eu\\\/es\\\/\",\"name\":\"Modula\",\"description\":\"Think Vertical\",\"publisher\":{\"@id\":\"https:\\\/\\\/www.modula.eu\\\/es\\\/#organization\"},\"potentialAction\":[{\"@type\":\"SearchAction\",\"target\":{\"@type\":\"EntryPoint\",\"urlTemplate\":\"https:\\\/\\\/www.modula.eu\\\/es\\\/?s={search_term_string}\"},\"query-input\":{\"@type\":\"PropertyValueSpecification\",\"valueRequired\":true,\"valueName\":\"search_term_string\"}}],\"inLanguage\":\"es\"},{\"@type\":\"Organization\",\"@id\":\"https:\\\/\\\/www.modula.eu\\\/es\\\/#organization\",\"name\":\"Modula\",\"url\":\"https:\\\/\\\/www.modula.eu\\\/es\\\/\",\"logo\":{\"@type\":\"ImageObject\",\"inLanguage\":\"es\",\"@id\":\"https:\\\/\\\/www.modula.eu\\\/es\\\/#\\\/schema\\\/logo\\\/image\\\/\",\"url\":\"https:\\\/\\\/www.modula.eu\\\/wp-content\\\/uploads\\\/2022\\\/12\\\/Modula-logo.jpg\",\"contentUrl\":\"https:\\\/\\\/www.modula.eu\\\/wp-content\\\/uploads\\\/2022\\\/12\\\/Modula-logo.jpg\",\"width\":759,\"height\":512,\"caption\":\"Modula\"},\"image\":{\"@id\":\"https:\\\/\\\/www.modula.eu\\\/es\\\/#\\\/schema\\\/logo\\\/image\\\/\"}}]}<\/script>\n<!-- \/ Yoast SEO plugin. -->","yoast_head_json":{"title":"Robots M\u00f3viles Aut\u00f3nomos AMR para Almacenes Automatizados | Modula","description":"Los Robots M\u00f3viles Aut\u00f3nomos o AMR (acr\u00f3nimo de Autonomous Mobile Robots) son dispositivos capaces de realizar actividades y moverse por el almac\u00e9n de forma aut\u00f3noma. Descubra las soluciones Modula.","robots":{"index":"index","follow":"follow","max-snippet":"max-snippet:-1","max-image-preview":"max-image-preview:large","max-video-preview":"max-video-preview:-1"},"canonical":"https:\/\/www.modula.eu\/es\/integracion-robotica\/robots-moviles-autonomos\/","og_locale":"es_ES","og_type":"article","og_title":"Robots M\u00f3viles Aut\u00f3nomos AMR para Almacenes Automatizados | Modula","og_description":"Los Robots M\u00f3viles Aut\u00f3nomos o AMR (acr\u00f3nimo de Autonomous Mobile Robots) son dispositivos capaces de realizar actividades y moverse por el almac\u00e9n de forma aut\u00f3noma. Descubra las soluciones Modula.","og_url":"https:\/\/www.modula.eu\/es\/integracion-robotica\/robots-moviles-autonomos\/","og_site_name":"Modula","article_modified_time":"2026-01-21T14:08:45+00:00","og_image":[{"width":768,"height":417,"url":"https:\/\/www.modula.eu\/wp-content\/uploads\/2024\/12\/MIR-SPECIAL-768x417-c-center.webp","type":"image\/webp"}],"twitter_card":"summary_large_image","schema":{"@context":"https:\/\/schema.org","@graph":[{"@type":"WebPage","@id":"https:\/\/www.modula.eu\/es\/integracion-robotica\/robots-moviles-autonomos\/","url":"https:\/\/www.modula.eu\/es\/integracion-robotica\/robots-moviles-autonomos\/","name":"Robots M\u00f3viles Aut\u00f3nomos AMR para Almacenes Automatizados | Modula","isPartOf":{"@id":"https:\/\/www.modula.eu\/es\/#website"},"primaryImageOfPage":{"@id":"https:\/\/www.modula.eu\/es\/integracion-robotica\/robots-moviles-autonomos\/#primaryimage"},"image":{"@id":"https:\/\/www.modula.eu\/es\/integracion-robotica\/robots-moviles-autonomos\/#primaryimage"},"thumbnailUrl":"https:\/\/www.modula.eu\/wp-content\/uploads\/2024\/12\/MIR-SPECIAL-768x417-c-center.webp","datePublished":"2024-10-03T15:21:45+00:00","dateModified":"2026-01-21T14:08:45+00:00","description":"Los Robots M\u00f3viles Aut\u00f3nomos o AMR (acr\u00f3nimo de Autonomous Mobile Robots) son dispositivos capaces de realizar actividades y moverse por el almac\u00e9n de forma aut\u00f3noma. Descubra las soluciones Modula.","breadcrumb":{"@id":"https:\/\/www.modula.eu\/es\/integracion-robotica\/robots-moviles-autonomos\/#breadcrumb"},"inLanguage":"es","potentialAction":[{"@type":"ReadAction","target":["https:\/\/www.modula.eu\/es\/integracion-robotica\/robots-moviles-autonomos\/"]}]},{"@type":"ImageObject","inLanguage":"es","@id":"https:\/\/www.modula.eu\/es\/integracion-robotica\/robots-moviles-autonomos\/#primaryimage","url":"https:\/\/www.modula.eu\/wp-content\/uploads\/2024\/12\/MIR-SPECIAL-768x417-c-center.webp","contentUrl":"https:\/\/www.modula.eu\/wp-content\/uploads\/2024\/12\/MIR-SPECIAL-768x417-c-center.webp","width":768,"height":417},{"@type":"BreadcrumbList","@id":"https:\/\/www.modula.eu\/es\/integracion-robotica\/robots-moviles-autonomos\/#breadcrumb","itemListElement":[{"@type":"ListItem","position":1,"name":"Home","item":"https:\/\/www.modula.eu\/es\/"},{"@type":"ListItem","position":2,"name":"Productos","item":"https:\/\/www.modula.eu\/es\/sistemas-de-almacenaje\/"},{"@type":"ListItem","position":3,"name":"Integraci\u00f3n rob\u00f3tica","item":"https:\/\/www.modula.eu\/es\/integracion-robotica\/"},{"@type":"ListItem","position":4,"name":"Modula integrado con robots m\u00f3viles aut\u00f3nomos"}]},{"@type":"WebSite","@id":"https:\/\/www.modula.eu\/es\/#website","url":"https:\/\/www.modula.eu\/es\/","name":"Modula","description":"Think Vertical","publisher":{"@id":"https:\/\/www.modula.eu\/es\/#organization"},"potentialAction":[{"@type":"SearchAction","target":{"@type":"EntryPoint","urlTemplate":"https:\/\/www.modula.eu\/es\/?s={search_term_string}"},"query-input":{"@type":"PropertyValueSpecification","valueRequired":true,"valueName":"search_term_string"}}],"inLanguage":"es"},{"@type":"Organization","@id":"https:\/\/www.modula.eu\/es\/#organization","name":"Modula","url":"https:\/\/www.modula.eu\/es\/","logo":{"@type":"ImageObject","inLanguage":"es","@id":"https:\/\/www.modula.eu\/es\/#\/schema\/logo\/image\/","url":"https:\/\/www.modula.eu\/wp-content\/uploads\/2022\/12\/Modula-logo.jpg","contentUrl":"https:\/\/www.modula.eu\/wp-content\/uploads\/2022\/12\/Modula-logo.jpg","width":759,"height":512,"caption":"Modula"},"image":{"@id":"https:\/\/www.modula.eu\/es\/#\/schema\/logo\/image\/"}}]}},"_links":{"self":[{"href":"https:\/\/www.modula.eu\/es\/wp-json\/wp\/v2\/pages\/44181","targetHints":{"allow":["GET"]}}],"collection":[{"href":"https:\/\/www.modula.eu\/es\/wp-json\/wp\/v2\/pages"}],"about":[{"href":"https:\/\/www.modula.eu\/es\/wp-json\/wp\/v2\/types\/page"}],"author":[{"embeddable":true,"href":"https:\/\/www.modula.eu\/es\/wp-json\/wp\/v2\/users\/1"}],"replies":[{"embeddable":true,"href":"https:\/\/www.modula.eu\/es\/wp-json\/wp\/v2\/comments?post=44181"}],"version-history":[{"count":2,"href":"https:\/\/www.modula.eu\/es\/wp-json\/wp\/v2\/pages\/44181\/revisions"}],"predecessor-version":[{"id":71963,"href":"https:\/\/www.modula.eu\/es\/wp-json\/wp\/v2\/pages\/44181\/revisions\/71963"}],"up":[{"embeddable":true,"href":"https:\/\/www.modula.eu\/es\/wp-json\/wp\/v2\/pages\/8094"}],"wp:featuredmedia":[{"embeddable":true,"href":"https:\/\/www.modula.eu\/es\/wp-json\/wp\/v2\/media\/44503"}],"wp:attachment":[{"href":"https:\/\/www.modula.eu\/es\/wp-json\/wp\/v2\/media?parent=44181"}],"curies":[{"name":"wp","href":"https:\/\/api.w.org\/{rel}","templated":true}]}}