{"id":44939,"date":"2024-12-19T12:18:11","date_gmt":"2024-12-19T11:18:11","guid":{"rendered":"https:\/\/www.modula.eu\/caso-practico-almacenamiento-inteligente\/embalaje\/erli-enterprises-limited\/"},"modified":"2025-06-17T16:00:26","modified_gmt":"2025-06-17T14:00:26","slug":"erli-enterprises-limited","status":"publish","type":"page","link":"https:\/\/www.modula.eu\/es\/caso-practico-almacenamiento-inteligente\/embalaje\/erli-enterprises-limited\/","title":{"rendered":"Erli Enterprises Limited"},"content":{"rendered":"","protected":false},"excerpt":{"rendered":"","protected":false},"author":1,"featured_media":44933,"parent":10347,"menu_order":1,"comment_status":"closed","ping_status":"closed","template":"case.php","meta":{"_acf_changed":false,"inline_featured_image":false,"mapsvg_location":"","footnotes":""},"class_list":["post-44939","page","type-page","status-publish","has-post-thumbnail","hentry"],"acf":[],"yoast_head":"<!-- This site is optimized with the Yoast SEO plugin v27.3 - https:\/\/yoast.com\/product\/yoast-seo-wordpress\/ -->\n<title>Modula Almacenes Autom\u00e1ticos Sector del Embalaje: Erli Enterprises Limited<\/title>\n<meta name=\"description\" content=\"En un mercado altamente competitivo como el minorista, donde la precisi\u00f3n y la rapidez son esenciales, Erli Enterprises Limited, una empresa l\u00edder con sede en Takahina, eligi\u00f3 a Modula para mejorar la gesti\u00f3n de su almac\u00e9n y ofrecer un servicio superior\" \/>\n<meta name=\"robots\" content=\"index, follow, max-snippet:-1, max-image-preview:large, max-video-preview:-1\" \/>\n<link rel=\"canonical\" href=\"https:\/\/www.modula.eu\/es\/caso-practico-almacenamiento-inteligente\/embalaje\/erli-enterprises-limited\/\" \/>\n<meta property=\"og:locale\" content=\"es_ES\" \/>\n<meta property=\"og:type\" content=\"article\" \/>\n<meta property=\"og:title\" content=\"Modula Almacenes Autom\u00e1ticos Sector del Embalaje: Erli Enterprises Limited\" \/>\n<meta property=\"og:description\" content=\"En un mercado altamente competitivo como el minorista, donde la precisi\u00f3n y la rapidez son esenciales, Erli Enterprises Limited, una empresa l\u00edder con sede en Takahina, eligi\u00f3 a Modula para mejorar la gesti\u00f3n de su almac\u00e9n y ofrecer un servicio superior\" \/>\n<meta property=\"og:url\" content=\"https:\/\/www.modula.eu\/es\/caso-practico-almacenamiento-inteligente\/embalaje\/erli-enterprises-limited\/\" \/>\n<meta property=\"og:site_name\" content=\"Modula\" \/>\n<meta property=\"article:modified_time\" content=\"2025-06-17T14:00:26+00:00\" \/>\n<meta property=\"og:image\" content=\"https:\/\/www.modula.eu\/wp-content\/uploads\/2024\/12\/Erli-Enterprises-Limited.png\" \/>\n\t<meta property=\"og:image:width\" content=\"1924\" \/>\n\t<meta property=\"og:image:height\" content=\"1032\" \/>\n\t<meta property=\"og:image:type\" content=\"image\/png\" \/>\n<meta name=\"twitter:card\" content=\"summary_large_image\" \/>\n<script type=\"application\/ld+json\" class=\"yoast-schema-graph\">{\"@context\":\"https:\\\/\\\/schema.org\",\"@graph\":[{\"@type\":\"WebPage\",\"@id\":\"https:\\\/\\\/www.modula.eu\\\/es\\\/caso-practico-almacenamiento-inteligente\\\/embalaje\\\/erli-enterprises-limited\\\/\",\"url\":\"https:\\\/\\\/www.modula.eu\\\/es\\\/caso-practico-almacenamiento-inteligente\\\/embalaje\\\/erli-enterprises-limited\\\/\",\"name\":\"Modula Almacenes Autom\u00e1ticos Sector del Embalaje: Erli Enterprises Limited\",\"isPartOf\":{\"@id\":\"https:\\\/\\\/www.modula.eu\\\/es\\\/#website\"},\"primaryImageOfPage\":{\"@id\":\"https:\\\/\\\/www.modula.eu\\\/es\\\/caso-practico-almacenamiento-inteligente\\\/embalaje\\\/erli-enterprises-limited\\\/#primaryimage\"},\"image\":{\"@id\":\"https:\\\/\\\/www.modula.eu\\\/es\\\/caso-practico-almacenamiento-inteligente\\\/embalaje\\\/erli-enterprises-limited\\\/#primaryimage\"},\"thumbnailUrl\":\"https:\\\/\\\/www.modula.eu\\\/wp-content\\\/uploads\\\/2024\\\/12\\\/Erli-Enterprises-Limited.png\",\"datePublished\":\"2024-12-19T11:18:11+00:00\",\"dateModified\":\"2025-06-17T14:00:26+00:00\",\"description\":\"En un mercado altamente competitivo como el minorista, donde la precisi\u00f3n y la rapidez son esenciales, Erli Enterprises Limited, una empresa l\u00edder con sede en Takahina, eligi\u00f3 a Modula para mejorar la gesti\u00f3n de su almac\u00e9n y ofrecer un servicio superior\",\"breadcrumb\":{\"@id\":\"https:\\\/\\\/www.modula.eu\\\/es\\\/caso-practico-almacenamiento-inteligente\\\/embalaje\\\/erli-enterprises-limited\\\/#breadcrumb\"},\"inLanguage\":\"es\",\"potentialAction\":[{\"@type\":\"ReadAction\",\"target\":[\"https:\\\/\\\/www.modula.eu\\\/es\\\/caso-practico-almacenamiento-inteligente\\\/embalaje\\\/erli-enterprises-limited\\\/\"]}]},{\"@type\":\"ImageObject\",\"inLanguage\":\"es\",\"@id\":\"https:\\\/\\\/www.modula.eu\\\/es\\\/caso-practico-almacenamiento-inteligente\\\/embalaje\\\/erli-enterprises-limited\\\/#primaryimage\",\"url\":\"https:\\\/\\\/www.modula.eu\\\/wp-content\\\/uploads\\\/2024\\\/12\\\/Erli-Enterprises-Limited.png\",\"contentUrl\":\"https:\\\/\\\/www.modula.eu\\\/wp-content\\\/uploads\\\/2024\\\/12\\\/Erli-Enterprises-Limited.png\",\"width\":1924,\"height\":1032},{\"@type\":\"BreadcrumbList\",\"@id\":\"https:\\\/\\\/www.modula.eu\\\/es\\\/caso-practico-almacenamiento-inteligente\\\/embalaje\\\/erli-enterprises-limited\\\/#breadcrumb\",\"itemListElement\":[{\"@type\":\"ListItem\",\"position\":1,\"name\":\"Home\",\"item\":\"https:\\\/\\\/www.modula.eu\\\/es\\\/\"},{\"@type\":\"ListItem\",\"position\":2,\"name\":\"Caso Pratico\",\"item\":\"https:\\\/\\\/www.modula.eu\\\/es\\\/caso-practico-almacenamiento-inteligente\\\/\"},{\"@type\":\"ListItem\",\"position\":3,\"name\":\"Embalaje\",\"item\":\"https:\\\/\\\/www.modula.eu\\\/es\\\/caso-practico-almacenamiento-inteligente\\\/embalaje\\\/\"},{\"@type\":\"ListItem\",\"position\":4,\"name\":\"Erli Enterprises Limited\"}]},{\"@type\":\"WebSite\",\"@id\":\"https:\\\/\\\/www.modula.eu\\\/es\\\/#website\",\"url\":\"https:\\\/\\\/www.modula.eu\\\/es\\\/\",\"name\":\"Modula\",\"description\":\"Think Vertical\",\"publisher\":{\"@id\":\"https:\\\/\\\/www.modula.eu\\\/es\\\/#organization\"},\"potentialAction\":[{\"@type\":\"SearchAction\",\"target\":{\"@type\":\"EntryPoint\",\"urlTemplate\":\"https:\\\/\\\/www.modula.eu\\\/es\\\/?s={search_term_string}\"},\"query-input\":{\"@type\":\"PropertyValueSpecification\",\"valueRequired\":true,\"valueName\":\"search_term_string\"}}],\"inLanguage\":\"es\"},{\"@type\":\"Organization\",\"@id\":\"https:\\\/\\\/www.modula.eu\\\/es\\\/#organization\",\"name\":\"Modula\",\"url\":\"https:\\\/\\\/www.modula.eu\\\/es\\\/\",\"logo\":{\"@type\":\"ImageObject\",\"inLanguage\":\"es\",\"@id\":\"https:\\\/\\\/www.modula.eu\\\/es\\\/#\\\/schema\\\/logo\\\/image\\\/\",\"url\":\"https:\\\/\\\/www.modula.eu\\\/wp-content\\\/uploads\\\/2022\\\/12\\\/Modula-logo.jpg\",\"contentUrl\":\"https:\\\/\\\/www.modula.eu\\\/wp-content\\\/uploads\\\/2022\\\/12\\\/Modula-logo.jpg\",\"width\":759,\"height\":512,\"caption\":\"Modula\"},\"image\":{\"@id\":\"https:\\\/\\\/www.modula.eu\\\/es\\\/#\\\/schema\\\/logo\\\/image\\\/\"}}]}<\/script>\n<!-- \/ Yoast SEO plugin. -->","yoast_head_json":{"title":"Modula Almacenes Autom\u00e1ticos Sector del Embalaje: Erli Enterprises Limited","description":"En un mercado altamente competitivo como el minorista, donde la precisi\u00f3n y la rapidez son esenciales, Erli Enterprises Limited, una empresa l\u00edder con sede en Takahina, eligi\u00f3 a Modula para mejorar la gesti\u00f3n de su almac\u00e9n y ofrecer un servicio superior","robots":{"index":"index","follow":"follow","max-snippet":"max-snippet:-1","max-image-preview":"max-image-preview:large","max-video-preview":"max-video-preview:-1"},"canonical":"https:\/\/www.modula.eu\/es\/caso-practico-almacenamiento-inteligente\/embalaje\/erli-enterprises-limited\/","og_locale":"es_ES","og_type":"article","og_title":"Modula Almacenes Autom\u00e1ticos Sector del Embalaje: Erli Enterprises Limited","og_description":"En un mercado altamente competitivo como el minorista, donde la precisi\u00f3n y la rapidez son esenciales, Erli Enterprises Limited, una empresa l\u00edder con sede en Takahina, eligi\u00f3 a Modula para mejorar la gesti\u00f3n de su almac\u00e9n y ofrecer un servicio superior","og_url":"https:\/\/www.modula.eu\/es\/caso-practico-almacenamiento-inteligente\/embalaje\/erli-enterprises-limited\/","og_site_name":"Modula","article_modified_time":"2025-06-17T14:00:26+00:00","og_image":[{"width":1924,"height":1032,"url":"https:\/\/www.modula.eu\/wp-content\/uploads\/2024\/12\/Erli-Enterprises-Limited.png","type":"image\/png"}],"twitter_card":"summary_large_image","schema":{"@context":"https:\/\/schema.org","@graph":[{"@type":"WebPage","@id":"https:\/\/www.modula.eu\/es\/caso-practico-almacenamiento-inteligente\/embalaje\/erli-enterprises-limited\/","url":"https:\/\/www.modula.eu\/es\/caso-practico-almacenamiento-inteligente\/embalaje\/erli-enterprises-limited\/","name":"Modula Almacenes Autom\u00e1ticos Sector del Embalaje: Erli Enterprises Limited","isPartOf":{"@id":"https:\/\/www.modula.eu\/es\/#website"},"primaryImageOfPage":{"@id":"https:\/\/www.modula.eu\/es\/caso-practico-almacenamiento-inteligente\/embalaje\/erli-enterprises-limited\/#primaryimage"},"image":{"@id":"https:\/\/www.modula.eu\/es\/caso-practico-almacenamiento-inteligente\/embalaje\/erli-enterprises-limited\/#primaryimage"},"thumbnailUrl":"https:\/\/www.modula.eu\/wp-content\/uploads\/2024\/12\/Erli-Enterprises-Limited.png","datePublished":"2024-12-19T11:18:11+00:00","dateModified":"2025-06-17T14:00:26+00:00","description":"En un mercado altamente competitivo como el minorista, donde la precisi\u00f3n y la rapidez son esenciales, Erli Enterprises Limited, una empresa l\u00edder con sede en Takahina, eligi\u00f3 a Modula para mejorar la gesti\u00f3n de su almac\u00e9n y ofrecer un servicio superior","breadcrumb":{"@id":"https:\/\/www.modula.eu\/es\/caso-practico-almacenamiento-inteligente\/embalaje\/erli-enterprises-limited\/#breadcrumb"},"inLanguage":"es","potentialAction":[{"@type":"ReadAction","target":["https:\/\/www.modula.eu\/es\/caso-practico-almacenamiento-inteligente\/embalaje\/erli-enterprises-limited\/"]}]},{"@type":"ImageObject","inLanguage":"es","@id":"https:\/\/www.modula.eu\/es\/caso-practico-almacenamiento-inteligente\/embalaje\/erli-enterprises-limited\/#primaryimage","url":"https:\/\/www.modula.eu\/wp-content\/uploads\/2024\/12\/Erli-Enterprises-Limited.png","contentUrl":"https:\/\/www.modula.eu\/wp-content\/uploads\/2024\/12\/Erli-Enterprises-Limited.png","width":1924,"height":1032},{"@type":"BreadcrumbList","@id":"https:\/\/www.modula.eu\/es\/caso-practico-almacenamiento-inteligente\/embalaje\/erli-enterprises-limited\/#breadcrumb","itemListElement":[{"@type":"ListItem","position":1,"name":"Home","item":"https:\/\/www.modula.eu\/es\/"},{"@type":"ListItem","position":2,"name":"Caso Pratico","item":"https:\/\/www.modula.eu\/es\/caso-practico-almacenamiento-inteligente\/"},{"@type":"ListItem","position":3,"name":"Embalaje","item":"https:\/\/www.modula.eu\/es\/caso-practico-almacenamiento-inteligente\/embalaje\/"},{"@type":"ListItem","position":4,"name":"Erli Enterprises Limited"}]},{"@type":"WebSite","@id":"https:\/\/www.modula.eu\/es\/#website","url":"https:\/\/www.modula.eu\/es\/","name":"Modula","description":"Think Vertical","publisher":{"@id":"https:\/\/www.modula.eu\/es\/#organization"},"potentialAction":[{"@type":"SearchAction","target":{"@type":"EntryPoint","urlTemplate":"https:\/\/www.modula.eu\/es\/?s={search_term_string}"},"query-input":{"@type":"PropertyValueSpecification","valueRequired":true,"valueName":"search_term_string"}}],"inLanguage":"es"},{"@type":"Organization","@id":"https:\/\/www.modula.eu\/es\/#organization","name":"Modula","url":"https:\/\/www.modula.eu\/es\/","logo":{"@type":"ImageObject","inLanguage":"es","@id":"https:\/\/www.modula.eu\/es\/#\/schema\/logo\/image\/","url":"https:\/\/www.modula.eu\/wp-content\/uploads\/2022\/12\/Modula-logo.jpg","contentUrl":"https:\/\/www.modula.eu\/wp-content\/uploads\/2022\/12\/Modula-logo.jpg","width":759,"height":512,"caption":"Modula"},"image":{"@id":"https:\/\/www.modula.eu\/es\/#\/schema\/logo\/image\/"}}]}},"_links":{"self":[{"href":"https:\/\/www.modula.eu\/es\/wp-json\/wp\/v2\/pages\/44939","targetHints":{"allow":["GET"]}}],"collection":[{"href":"https:\/\/www.modula.eu\/es\/wp-json\/wp\/v2\/pages"}],"about":[{"href":"https:\/\/www.modula.eu\/es\/wp-json\/wp\/v2\/types\/page"}],"author":[{"embeddable":true,"href":"https:\/\/www.modula.eu\/es\/wp-json\/wp\/v2\/users\/1"}],"replies":[{"embeddable":true,"href":"https:\/\/www.modula.eu\/es\/wp-json\/wp\/v2\/comments?post=44939"}],"version-history":[{"count":0,"href":"https:\/\/www.modula.eu\/es\/wp-json\/wp\/v2\/pages\/44939\/revisions"}],"up":[{"embeddable":true,"href":"https:\/\/www.modula.eu\/es\/wp-json\/wp\/v2\/pages\/10347"}],"wp:featuredmedia":[{"embeddable":true,"href":"https:\/\/www.modula.eu\/es\/wp-json\/wp\/v2\/media\/44933"}],"wp:attachment":[{"href":"https:\/\/www.modula.eu\/es\/wp-json\/wp\/v2\/media?parent=44939"}],"curies":[{"name":"wp","href":"https:\/\/api.w.org\/{rel}","templated":true}]}}