{"id":44984,"date":"2024-12-19T14:21:13","date_gmt":"2024-12-19T13:21:13","guid":{"rendered":"https:\/\/www.modula.eu\/caso-practico-almacenamiento-inteligente\/mecanico\/jiangsu-tuochuang-scientific-research-instrument\/"},"modified":"2025-07-30T11:07:45","modified_gmt":"2025-07-30T09:07:45","slug":"jiangsu-tuochuang-scientific-research-instrument","status":"publish","type":"page","link":"https:\/\/www.modula.eu\/es\/caso-practico-almacenamiento-inteligente\/hidraulico-neumatico-oleodinamico\/jiangsu-tuochuang-scientific-research-instrument\/","title":{"rendered":"Jiangsu Tuochuang Scientific Research Instrument"},"content":{"rendered":"","protected":false},"excerpt":{"rendered":"","protected":false},"author":1,"featured_media":44979,"parent":10317,"menu_order":1,"comment_status":"closed","ping_status":"closed","template":"case.php","meta":{"_acf_changed":false,"inline_featured_image":false,"mapsvg_location":"","footnotes":""},"class_list":["post-44984","page","type-page","status-publish","has-post-thumbnail","hentry"],"acf":[],"yoast_head":"<!-- This site is optimized with the Yoast SEO plugin v27.3 - https:\/\/yoast.com\/product\/yoast-seo-wordpress\/ -->\n<title>Almacenes Automatizados Modula: Jiangsu Tuochuang Scientific Research Instrument<\/title>\n<meta name=\"description\" content=\"Jiangsu Tuochuang Scientific Research Instrument Co., Ltd, empresa especializada en la fabricaci\u00f3n de ventiladores y equipos para investigaci\u00f3n cient\u00edfica, ha optado por los almacenes autom\u00e1ticos verticales Modula para optimizar su capacidad de almacenamiento y gesti\u00f3n en su planta de Haian. En esta instalaci\u00f3n, la empresa ha incorporado tres unidades Modula de doble bah\u00eda, equipadas con tecnolog\u00eda avanzada de pick-and-place.\" \/>\n<meta name=\"robots\" content=\"index, follow, max-snippet:-1, max-image-preview:large, max-video-preview:-1\" \/>\n<link rel=\"canonical\" href=\"https:\/\/www.modula.eu\/es\/caso-practico-almacenamiento-inteligente\/hidraulico-neumatico-oleodinamico\/jiangsu-tuochuang-scientific-research-instrument\/\" \/>\n<meta property=\"og:locale\" content=\"es_ES\" \/>\n<meta property=\"og:type\" content=\"article\" \/>\n<meta property=\"og:title\" content=\"Almacenes Automatizados Modula: Jiangsu Tuochuang Scientific Research Instrument\" \/>\n<meta property=\"og:description\" content=\"Jiangsu Tuochuang Scientific Research Instrument Co., Ltd, empresa especializada en la fabricaci\u00f3n de ventiladores y equipos para investigaci\u00f3n cient\u00edfica, ha optado por los almacenes autom\u00e1ticos verticales Modula para optimizar su capacidad de almacenamiento y gesti\u00f3n en su planta de Haian. En esta instalaci\u00f3n, la empresa ha incorporado tres unidades Modula de doble bah\u00eda, equipadas con tecnolog\u00eda avanzada de pick-and-place.\" \/>\n<meta property=\"og:url\" content=\"https:\/\/www.modula.eu\/es\/caso-practico-almacenamiento-inteligente\/hidraulico-neumatico-oleodinamico\/jiangsu-tuochuang-scientific-research-instrument\/\" \/>\n<meta property=\"og:site_name\" content=\"Modula\" \/>\n<meta property=\"article:modified_time\" content=\"2025-07-30T09:07:45+00:00\" \/>\n<meta property=\"og:image\" content=\"https:\/\/www.modula.eu\/wp-content\/uploads\/2024\/12\/Screenshot-2024-12-19-alle-14.24.11.png\" \/>\n\t<meta property=\"og:image:width\" content=\"2008\" \/>\n\t<meta property=\"og:image:height\" content=\"1018\" \/>\n\t<meta property=\"og:image:type\" content=\"image\/png\" \/>\n<meta name=\"twitter:card\" content=\"summary_large_image\" \/>\n<script type=\"application\/ld+json\" class=\"yoast-schema-graph\">{\"@context\":\"https:\\\/\\\/schema.org\",\"@graph\":[{\"@type\":\"WebPage\",\"@id\":\"https:\\\/\\\/www.modula.eu\\\/es\\\/caso-practico-almacenamiento-inteligente\\\/hidraulico-neumatico-oleodinamico\\\/jiangsu-tuochuang-scientific-research-instrument\\\/\",\"url\":\"https:\\\/\\\/www.modula.eu\\\/es\\\/caso-practico-almacenamiento-inteligente\\\/hidraulico-neumatico-oleodinamico\\\/jiangsu-tuochuang-scientific-research-instrument\\\/\",\"name\":\"Almacenes Automatizados Modula: Jiangsu Tuochuang Scientific Research Instrument\",\"isPartOf\":{\"@id\":\"https:\\\/\\\/www.modula.eu\\\/es\\\/#website\"},\"primaryImageOfPage\":{\"@id\":\"https:\\\/\\\/www.modula.eu\\\/es\\\/caso-practico-almacenamiento-inteligente\\\/hidraulico-neumatico-oleodinamico\\\/jiangsu-tuochuang-scientific-research-instrument\\\/#primaryimage\"},\"image\":{\"@id\":\"https:\\\/\\\/www.modula.eu\\\/es\\\/caso-practico-almacenamiento-inteligente\\\/hidraulico-neumatico-oleodinamico\\\/jiangsu-tuochuang-scientific-research-instrument\\\/#primaryimage\"},\"thumbnailUrl\":\"https:\\\/\\\/www.modula.eu\\\/wp-content\\\/uploads\\\/2024\\\/12\\\/Screenshot-2024-12-19-alle-14.24.11.png\",\"datePublished\":\"2024-12-19T13:21:13+00:00\",\"dateModified\":\"2025-07-30T09:07:45+00:00\",\"description\":\"Jiangsu Tuochuang Scientific Research Instrument Co., Ltd, empresa especializada en la fabricaci\u00f3n de ventiladores y equipos para investigaci\u00f3n cient\u00edfica, ha optado por los almacenes autom\u00e1ticos verticales Modula para optimizar su capacidad de almacenamiento y gesti\u00f3n en su planta de Haian. En esta instalaci\u00f3n, la empresa ha incorporado tres unidades Modula de doble bah\u00eda, equipadas con tecnolog\u00eda avanzada de pick-and-place.\",\"breadcrumb\":{\"@id\":\"https:\\\/\\\/www.modula.eu\\\/es\\\/caso-practico-almacenamiento-inteligente\\\/hidraulico-neumatico-oleodinamico\\\/jiangsu-tuochuang-scientific-research-instrument\\\/#breadcrumb\"},\"inLanguage\":\"es\",\"potentialAction\":[{\"@type\":\"ReadAction\",\"target\":[\"https:\\\/\\\/www.modula.eu\\\/es\\\/caso-practico-almacenamiento-inteligente\\\/hidraulico-neumatico-oleodinamico\\\/jiangsu-tuochuang-scientific-research-instrument\\\/\"]}]},{\"@type\":\"ImageObject\",\"inLanguage\":\"es\",\"@id\":\"https:\\\/\\\/www.modula.eu\\\/es\\\/caso-practico-almacenamiento-inteligente\\\/hidraulico-neumatico-oleodinamico\\\/jiangsu-tuochuang-scientific-research-instrument\\\/#primaryimage\",\"url\":\"https:\\\/\\\/www.modula.eu\\\/wp-content\\\/uploads\\\/2024\\\/12\\\/Screenshot-2024-12-19-alle-14.24.11.png\",\"contentUrl\":\"https:\\\/\\\/www.modula.eu\\\/wp-content\\\/uploads\\\/2024\\\/12\\\/Screenshot-2024-12-19-alle-14.24.11.png\",\"width\":2008,\"height\":1018},{\"@type\":\"BreadcrumbList\",\"@id\":\"https:\\\/\\\/www.modula.eu\\\/es\\\/caso-practico-almacenamiento-inteligente\\\/hidraulico-neumatico-oleodinamico\\\/jiangsu-tuochuang-scientific-research-instrument\\\/#breadcrumb\",\"itemListElement\":[{\"@type\":\"ListItem\",\"position\":1,\"name\":\"Home\",\"item\":\"https:\\\/\\\/www.modula.eu\\\/es\\\/\"},{\"@type\":\"ListItem\",\"position\":2,\"name\":\"Caso Pratico\",\"item\":\"https:\\\/\\\/www.modula.eu\\\/es\\\/caso-practico-almacenamiento-inteligente\\\/\"},{\"@type\":\"ListItem\",\"position\":3,\"name\":\"Hidr\u00e1ulico \\\/ neum\u00e1tico \\\/ oleodin\u00e1mico\",\"item\":\"https:\\\/\\\/www.modula.eu\\\/es\\\/caso-practico-almacenamiento-inteligente\\\/hidraulico-neumatico-oleodinamico\\\/\"},{\"@type\":\"ListItem\",\"position\":4,\"name\":\"Jiangsu Tuochuang Scientific Research Instrument\"}]},{\"@type\":\"WebSite\",\"@id\":\"https:\\\/\\\/www.modula.eu\\\/es\\\/#website\",\"url\":\"https:\\\/\\\/www.modula.eu\\\/es\\\/\",\"name\":\"Modula\",\"description\":\"Think Vertical\",\"publisher\":{\"@id\":\"https:\\\/\\\/www.modula.eu\\\/es\\\/#organization\"},\"potentialAction\":[{\"@type\":\"SearchAction\",\"target\":{\"@type\":\"EntryPoint\",\"urlTemplate\":\"https:\\\/\\\/www.modula.eu\\\/es\\\/?s={search_term_string}\"},\"query-input\":{\"@type\":\"PropertyValueSpecification\",\"valueRequired\":true,\"valueName\":\"search_term_string\"}}],\"inLanguage\":\"es\"},{\"@type\":\"Organization\",\"@id\":\"https:\\\/\\\/www.modula.eu\\\/es\\\/#organization\",\"name\":\"Modula\",\"url\":\"https:\\\/\\\/www.modula.eu\\\/es\\\/\",\"logo\":{\"@type\":\"ImageObject\",\"inLanguage\":\"es\",\"@id\":\"https:\\\/\\\/www.modula.eu\\\/es\\\/#\\\/schema\\\/logo\\\/image\\\/\",\"url\":\"https:\\\/\\\/www.modula.eu\\\/wp-content\\\/uploads\\\/2022\\\/12\\\/Modula-logo.jpg\",\"contentUrl\":\"https:\\\/\\\/www.modula.eu\\\/wp-content\\\/uploads\\\/2022\\\/12\\\/Modula-logo.jpg\",\"width\":759,\"height\":512,\"caption\":\"Modula\"},\"image\":{\"@id\":\"https:\\\/\\\/www.modula.eu\\\/es\\\/#\\\/schema\\\/logo\\\/image\\\/\"}}]}<\/script>\n<!-- \/ Yoast SEO plugin. -->","yoast_head_json":{"title":"Almacenes Automatizados Modula: Jiangsu Tuochuang Scientific Research Instrument","description":"Jiangsu Tuochuang Scientific Research Instrument Co., Ltd, empresa especializada en la fabricaci\u00f3n de ventiladores y equipos para investigaci\u00f3n cient\u00edfica, ha optado por los almacenes autom\u00e1ticos verticales Modula para optimizar su capacidad de almacenamiento y gesti\u00f3n en su planta de Haian. En esta instalaci\u00f3n, la empresa ha incorporado tres unidades Modula de doble bah\u00eda, equipadas con tecnolog\u00eda avanzada de pick-and-place.","robots":{"index":"index","follow":"follow","max-snippet":"max-snippet:-1","max-image-preview":"max-image-preview:large","max-video-preview":"max-video-preview:-1"},"canonical":"https:\/\/www.modula.eu\/es\/caso-practico-almacenamiento-inteligente\/hidraulico-neumatico-oleodinamico\/jiangsu-tuochuang-scientific-research-instrument\/","og_locale":"es_ES","og_type":"article","og_title":"Almacenes Automatizados Modula: Jiangsu Tuochuang Scientific Research Instrument","og_description":"Jiangsu Tuochuang Scientific Research Instrument Co., Ltd, empresa especializada en la fabricaci\u00f3n de ventiladores y equipos para investigaci\u00f3n cient\u00edfica, ha optado por los almacenes autom\u00e1ticos verticales Modula para optimizar su capacidad de almacenamiento y gesti\u00f3n en su planta de Haian. En esta instalaci\u00f3n, la empresa ha incorporado tres unidades Modula de doble bah\u00eda, equipadas con tecnolog\u00eda avanzada de pick-and-place.","og_url":"https:\/\/www.modula.eu\/es\/caso-practico-almacenamiento-inteligente\/hidraulico-neumatico-oleodinamico\/jiangsu-tuochuang-scientific-research-instrument\/","og_site_name":"Modula","article_modified_time":"2025-07-30T09:07:45+00:00","og_image":[{"width":2008,"height":1018,"url":"https:\/\/www.modula.eu\/wp-content\/uploads\/2024\/12\/Screenshot-2024-12-19-alle-14.24.11.png","type":"image\/png"}],"twitter_card":"summary_large_image","schema":{"@context":"https:\/\/schema.org","@graph":[{"@type":"WebPage","@id":"https:\/\/www.modula.eu\/es\/caso-practico-almacenamiento-inteligente\/hidraulico-neumatico-oleodinamico\/jiangsu-tuochuang-scientific-research-instrument\/","url":"https:\/\/www.modula.eu\/es\/caso-practico-almacenamiento-inteligente\/hidraulico-neumatico-oleodinamico\/jiangsu-tuochuang-scientific-research-instrument\/","name":"Almacenes Automatizados Modula: Jiangsu Tuochuang Scientific Research Instrument","isPartOf":{"@id":"https:\/\/www.modula.eu\/es\/#website"},"primaryImageOfPage":{"@id":"https:\/\/www.modula.eu\/es\/caso-practico-almacenamiento-inteligente\/hidraulico-neumatico-oleodinamico\/jiangsu-tuochuang-scientific-research-instrument\/#primaryimage"},"image":{"@id":"https:\/\/www.modula.eu\/es\/caso-practico-almacenamiento-inteligente\/hidraulico-neumatico-oleodinamico\/jiangsu-tuochuang-scientific-research-instrument\/#primaryimage"},"thumbnailUrl":"https:\/\/www.modula.eu\/wp-content\/uploads\/2024\/12\/Screenshot-2024-12-19-alle-14.24.11.png","datePublished":"2024-12-19T13:21:13+00:00","dateModified":"2025-07-30T09:07:45+00:00","description":"Jiangsu Tuochuang Scientific Research Instrument Co., Ltd, empresa especializada en la fabricaci\u00f3n de ventiladores y equipos para investigaci\u00f3n cient\u00edfica, ha optado por los almacenes autom\u00e1ticos verticales Modula para optimizar su capacidad de almacenamiento y gesti\u00f3n en su planta de Haian. En esta instalaci\u00f3n, la empresa ha incorporado tres unidades Modula de doble bah\u00eda, equipadas con tecnolog\u00eda avanzada de pick-and-place.","breadcrumb":{"@id":"https:\/\/www.modula.eu\/es\/caso-practico-almacenamiento-inteligente\/hidraulico-neumatico-oleodinamico\/jiangsu-tuochuang-scientific-research-instrument\/#breadcrumb"},"inLanguage":"es","potentialAction":[{"@type":"ReadAction","target":["https:\/\/www.modula.eu\/es\/caso-practico-almacenamiento-inteligente\/hidraulico-neumatico-oleodinamico\/jiangsu-tuochuang-scientific-research-instrument\/"]}]},{"@type":"ImageObject","inLanguage":"es","@id":"https:\/\/www.modula.eu\/es\/caso-practico-almacenamiento-inteligente\/hidraulico-neumatico-oleodinamico\/jiangsu-tuochuang-scientific-research-instrument\/#primaryimage","url":"https:\/\/www.modula.eu\/wp-content\/uploads\/2024\/12\/Screenshot-2024-12-19-alle-14.24.11.png","contentUrl":"https:\/\/www.modula.eu\/wp-content\/uploads\/2024\/12\/Screenshot-2024-12-19-alle-14.24.11.png","width":2008,"height":1018},{"@type":"BreadcrumbList","@id":"https:\/\/www.modula.eu\/es\/caso-practico-almacenamiento-inteligente\/hidraulico-neumatico-oleodinamico\/jiangsu-tuochuang-scientific-research-instrument\/#breadcrumb","itemListElement":[{"@type":"ListItem","position":1,"name":"Home","item":"https:\/\/www.modula.eu\/es\/"},{"@type":"ListItem","position":2,"name":"Caso Pratico","item":"https:\/\/www.modula.eu\/es\/caso-practico-almacenamiento-inteligente\/"},{"@type":"ListItem","position":3,"name":"Hidr\u00e1ulico \/ neum\u00e1tico \/ oleodin\u00e1mico","item":"https:\/\/www.modula.eu\/es\/caso-practico-almacenamiento-inteligente\/hidraulico-neumatico-oleodinamico\/"},{"@type":"ListItem","position":4,"name":"Jiangsu Tuochuang Scientific Research Instrument"}]},{"@type":"WebSite","@id":"https:\/\/www.modula.eu\/es\/#website","url":"https:\/\/www.modula.eu\/es\/","name":"Modula","description":"Think Vertical","publisher":{"@id":"https:\/\/www.modula.eu\/es\/#organization"},"potentialAction":[{"@type":"SearchAction","target":{"@type":"EntryPoint","urlTemplate":"https:\/\/www.modula.eu\/es\/?s={search_term_string}"},"query-input":{"@type":"PropertyValueSpecification","valueRequired":true,"valueName":"search_term_string"}}],"inLanguage":"es"},{"@type":"Organization","@id":"https:\/\/www.modula.eu\/es\/#organization","name":"Modula","url":"https:\/\/www.modula.eu\/es\/","logo":{"@type":"ImageObject","inLanguage":"es","@id":"https:\/\/www.modula.eu\/es\/#\/schema\/logo\/image\/","url":"https:\/\/www.modula.eu\/wp-content\/uploads\/2022\/12\/Modula-logo.jpg","contentUrl":"https:\/\/www.modula.eu\/wp-content\/uploads\/2022\/12\/Modula-logo.jpg","width":759,"height":512,"caption":"Modula"},"image":{"@id":"https:\/\/www.modula.eu\/es\/#\/schema\/logo\/image\/"}}]}},"_links":{"self":[{"href":"https:\/\/www.modula.eu\/es\/wp-json\/wp\/v2\/pages\/44984","targetHints":{"allow":["GET"]}}],"collection":[{"href":"https:\/\/www.modula.eu\/es\/wp-json\/wp\/v2\/pages"}],"about":[{"href":"https:\/\/www.modula.eu\/es\/wp-json\/wp\/v2\/types\/page"}],"author":[{"embeddable":true,"href":"https:\/\/www.modula.eu\/es\/wp-json\/wp\/v2\/users\/1"}],"replies":[{"embeddable":true,"href":"https:\/\/www.modula.eu\/es\/wp-json\/wp\/v2\/comments?post=44984"}],"version-history":[{"count":0,"href":"https:\/\/www.modula.eu\/es\/wp-json\/wp\/v2\/pages\/44984\/revisions"}],"up":[{"embeddable":true,"href":"https:\/\/www.modula.eu\/es\/wp-json\/wp\/v2\/pages\/10317"}],"wp:featuredmedia":[{"embeddable":true,"href":"https:\/\/www.modula.eu\/es\/wp-json\/wp\/v2\/media\/44979"}],"wp:attachment":[{"href":"https:\/\/www.modula.eu\/es\/wp-json\/wp\/v2\/media?parent=44984"}],"curies":[{"name":"wp","href":"https:\/\/api.w.org\/{rel}","templated":true}]}}