{"id":45024,"date":"2024-12-19T16:13:54","date_gmt":"2024-12-19T15:13:54","guid":{"rendered":"https:\/\/www.modula.eu\/caso-practico-almacenamiento-inteligente\/logistica-y-3pl\/ningbo-baolan\/"},"modified":"2025-01-15T14:10:04","modified_gmt":"2025-01-15T13:10:04","slug":"ningbo-baolan","status":"publish","type":"page","link":"https:\/\/www.modula.eu\/es\/caso-practico-almacenamiento-inteligente\/logistica-y-3pl\/ningbo-baolan\/","title":{"rendered":"Ningbo Baolan"},"content":{"rendered":"","protected":false},"excerpt":{"rendered":"","protected":false},"author":1,"featured_media":45019,"parent":10244,"menu_order":2,"comment_status":"closed","ping_status":"closed","template":"case.php","meta":{"_acf_changed":false,"inline_featured_image":false,"mapsvg_location":"","footnotes":""},"class_list":["post-45024","page","type-page","status-publish","has-post-thumbnail","hentry"],"acf":[],"yoast_head":"<!-- This site is optimized with the Yoast SEO plugin v27.3 - https:\/\/yoast.com\/product\/yoast-seo-wordpress\/ -->\n<title>Modula Automatizaci\u00f3n de almacenes para distribuci\u00f3n y comercio electr\u00f3nico: Ningbo Baolan<\/title>\n<meta name=\"description\" content=\"Fundada en 2005 y con sede en Ningbo, en la provincia de Zhejiang, Ningbo Baolan es un l\u00edder en la industria de equipos log\u00edsticos con casi 20 a\u00f1os de experiencia. La empresa ha ganado una excelente reputaci\u00f3n por ofrecer soluciones log\u00edsticas innovadoras e inteligentes a clientes en toda China, consolid\u00e1ndose como un referente en el sector.\" \/>\n<meta name=\"robots\" content=\"index, follow, max-snippet:-1, max-image-preview:large, max-video-preview:-1\" \/>\n<link rel=\"canonical\" href=\"https:\/\/www.modula.eu\/es\/caso-practico-almacenamiento-inteligente\/logistica-y-3pl\/ningbo-baolan\/\" \/>\n<meta property=\"og:locale\" content=\"es_ES\" \/>\n<meta property=\"og:type\" content=\"article\" \/>\n<meta property=\"og:title\" content=\"Modula Automatizaci\u00f3n de almacenes para distribuci\u00f3n y comercio electr\u00f3nico: Ningbo Baolan\" \/>\n<meta property=\"og:description\" content=\"Fundada en 2005 y con sede en Ningbo, en la provincia de Zhejiang, Ningbo Baolan es un l\u00edder en la industria de equipos log\u00edsticos con casi 20 a\u00f1os de experiencia. La empresa ha ganado una excelente reputaci\u00f3n por ofrecer soluciones log\u00edsticas innovadoras e inteligentes a clientes en toda China, consolid\u00e1ndose como un referente en el sector.\" \/>\n<meta property=\"og:url\" content=\"https:\/\/www.modula.eu\/es\/caso-practico-almacenamiento-inteligente\/logistica-y-3pl\/ningbo-baolan\/\" \/>\n<meta property=\"og:site_name\" content=\"Modula\" \/>\n<meta property=\"article:modified_time\" content=\"2025-01-15T13:10:04+00:00\" \/>\n<meta property=\"og:image\" content=\"https:\/\/www.modula.eu\/wp-content\/uploads\/2024\/12\/Screenshot-2024-12-19-alle-16.19.40-1024x559.png\" \/>\n\t<meta property=\"og:image:width\" content=\"1024\" \/>\n\t<meta property=\"og:image:height\" content=\"559\" \/>\n\t<meta property=\"og:image:type\" content=\"image\/png\" \/>\n<meta name=\"twitter:card\" content=\"summary_large_image\" \/>\n<script type=\"application\/ld+json\" class=\"yoast-schema-graph\">{\"@context\":\"https:\\\/\\\/schema.org\",\"@graph\":[{\"@type\":\"WebPage\",\"@id\":\"https:\\\/\\\/www.modula.eu\\\/es\\\/caso-practico-almacenamiento-inteligente\\\/logistica-y-3pl\\\/ningbo-baolan\\\/\",\"url\":\"https:\\\/\\\/www.modula.eu\\\/es\\\/caso-practico-almacenamiento-inteligente\\\/logistica-y-3pl\\\/ningbo-baolan\\\/\",\"name\":\"Modula Automatizaci\u00f3n de almacenes para distribuci\u00f3n y comercio electr\u00f3nico: Ningbo Baolan\",\"isPartOf\":{\"@id\":\"https:\\\/\\\/www.modula.eu\\\/es\\\/#website\"},\"primaryImageOfPage\":{\"@id\":\"https:\\\/\\\/www.modula.eu\\\/es\\\/caso-practico-almacenamiento-inteligente\\\/logistica-y-3pl\\\/ningbo-baolan\\\/#primaryimage\"},\"image\":{\"@id\":\"https:\\\/\\\/www.modula.eu\\\/es\\\/caso-practico-almacenamiento-inteligente\\\/logistica-y-3pl\\\/ningbo-baolan\\\/#primaryimage\"},\"thumbnailUrl\":\"https:\\\/\\\/www.modula.eu\\\/wp-content\\\/uploads\\\/2024\\\/12\\\/Screenshot-2024-12-19-alle-16.19.40.png\",\"datePublished\":\"2024-12-19T15:13:54+00:00\",\"dateModified\":\"2025-01-15T13:10:04+00:00\",\"description\":\"Fundada en 2005 y con sede en Ningbo, en la provincia de Zhejiang, Ningbo Baolan es un l\u00edder en la industria de equipos log\u00edsticos con casi 20 a\u00f1os de experiencia. La empresa ha ganado una excelente reputaci\u00f3n por ofrecer soluciones log\u00edsticas innovadoras e inteligentes a clientes en toda China, consolid\u00e1ndose como un referente en el sector.\",\"breadcrumb\":{\"@id\":\"https:\\\/\\\/www.modula.eu\\\/es\\\/caso-practico-almacenamiento-inteligente\\\/logistica-y-3pl\\\/ningbo-baolan\\\/#breadcrumb\"},\"inLanguage\":\"es\",\"potentialAction\":[{\"@type\":\"ReadAction\",\"target\":[\"https:\\\/\\\/www.modula.eu\\\/es\\\/caso-practico-almacenamiento-inteligente\\\/logistica-y-3pl\\\/ningbo-baolan\\\/\"]}]},{\"@type\":\"ImageObject\",\"inLanguage\":\"es\",\"@id\":\"https:\\\/\\\/www.modula.eu\\\/es\\\/caso-practico-almacenamiento-inteligente\\\/logistica-y-3pl\\\/ningbo-baolan\\\/#primaryimage\",\"url\":\"https:\\\/\\\/www.modula.eu\\\/wp-content\\\/uploads\\\/2024\\\/12\\\/Screenshot-2024-12-19-alle-16.19.40.png\",\"contentUrl\":\"https:\\\/\\\/www.modula.eu\\\/wp-content\\\/uploads\\\/2024\\\/12\\\/Screenshot-2024-12-19-alle-16.19.40.png\",\"width\":1890,\"height\":1032},{\"@type\":\"BreadcrumbList\",\"@id\":\"https:\\\/\\\/www.modula.eu\\\/es\\\/caso-practico-almacenamiento-inteligente\\\/logistica-y-3pl\\\/ningbo-baolan\\\/#breadcrumb\",\"itemListElement\":[{\"@type\":\"ListItem\",\"position\":1,\"name\":\"Home\",\"item\":\"https:\\\/\\\/www.modula.eu\\\/es\\\/\"},{\"@type\":\"ListItem\",\"position\":2,\"name\":\"Caso Pratico\",\"item\":\"https:\\\/\\\/www.modula.eu\\\/es\\\/caso-practico-almacenamiento-inteligente\\\/\"},{\"@type\":\"ListItem\",\"position\":3,\"name\":\"Log\u00edstica \\\/ 3PL\",\"item\":\"https:\\\/\\\/www.modula.eu\\\/es\\\/caso-practico-almacenamiento-inteligente\\\/logistica-y-3pl\\\/\"},{\"@type\":\"ListItem\",\"position\":4,\"name\":\"Ningbo Baolan\"}]},{\"@type\":\"WebSite\",\"@id\":\"https:\\\/\\\/www.modula.eu\\\/es\\\/#website\",\"url\":\"https:\\\/\\\/www.modula.eu\\\/es\\\/\",\"name\":\"Modula\",\"description\":\"Think Vertical\",\"publisher\":{\"@id\":\"https:\\\/\\\/www.modula.eu\\\/es\\\/#organization\"},\"potentialAction\":[{\"@type\":\"SearchAction\",\"target\":{\"@type\":\"EntryPoint\",\"urlTemplate\":\"https:\\\/\\\/www.modula.eu\\\/es\\\/?s={search_term_string}\"},\"query-input\":{\"@type\":\"PropertyValueSpecification\",\"valueRequired\":true,\"valueName\":\"search_term_string\"}}],\"inLanguage\":\"es\"},{\"@type\":\"Organization\",\"@id\":\"https:\\\/\\\/www.modula.eu\\\/es\\\/#organization\",\"name\":\"Modula\",\"url\":\"https:\\\/\\\/www.modula.eu\\\/es\\\/\",\"logo\":{\"@type\":\"ImageObject\",\"inLanguage\":\"es\",\"@id\":\"https:\\\/\\\/www.modula.eu\\\/es\\\/#\\\/schema\\\/logo\\\/image\\\/\",\"url\":\"https:\\\/\\\/www.modula.eu\\\/wp-content\\\/uploads\\\/2022\\\/12\\\/Modula-logo.jpg\",\"contentUrl\":\"https:\\\/\\\/www.modula.eu\\\/wp-content\\\/uploads\\\/2022\\\/12\\\/Modula-logo.jpg\",\"width\":759,\"height\":512,\"caption\":\"Modula\"},\"image\":{\"@id\":\"https:\\\/\\\/www.modula.eu\\\/es\\\/#\\\/schema\\\/logo\\\/image\\\/\"}}]}<\/script>\n<!-- \/ Yoast SEO plugin. -->","yoast_head_json":{"title":"Modula Automatizaci\u00f3n de almacenes para distribuci\u00f3n y comercio electr\u00f3nico: Ningbo Baolan","description":"Fundada en 2005 y con sede en Ningbo, en la provincia de Zhejiang, Ningbo Baolan es un l\u00edder en la industria de equipos log\u00edsticos con casi 20 a\u00f1os de experiencia. La empresa ha ganado una excelente reputaci\u00f3n por ofrecer soluciones log\u00edsticas innovadoras e inteligentes a clientes en toda China, consolid\u00e1ndose como un referente en el sector.","robots":{"index":"index","follow":"follow","max-snippet":"max-snippet:-1","max-image-preview":"max-image-preview:large","max-video-preview":"max-video-preview:-1"},"canonical":"https:\/\/www.modula.eu\/es\/caso-practico-almacenamiento-inteligente\/logistica-y-3pl\/ningbo-baolan\/","og_locale":"es_ES","og_type":"article","og_title":"Modula Automatizaci\u00f3n de almacenes para distribuci\u00f3n y comercio electr\u00f3nico: Ningbo Baolan","og_description":"Fundada en 2005 y con sede en Ningbo, en la provincia de Zhejiang, Ningbo Baolan es un l\u00edder en la industria de equipos log\u00edsticos con casi 20 a\u00f1os de experiencia. La empresa ha ganado una excelente reputaci\u00f3n por ofrecer soluciones log\u00edsticas innovadoras e inteligentes a clientes en toda China, consolid\u00e1ndose como un referente en el sector.","og_url":"https:\/\/www.modula.eu\/es\/caso-practico-almacenamiento-inteligente\/logistica-y-3pl\/ningbo-baolan\/","og_site_name":"Modula","article_modified_time":"2025-01-15T13:10:04+00:00","og_image":[{"width":1024,"height":559,"url":"https:\/\/www.modula.eu\/wp-content\/uploads\/2024\/12\/Screenshot-2024-12-19-alle-16.19.40-1024x559.png","type":"image\/png"}],"twitter_card":"summary_large_image","schema":{"@context":"https:\/\/schema.org","@graph":[{"@type":"WebPage","@id":"https:\/\/www.modula.eu\/es\/caso-practico-almacenamiento-inteligente\/logistica-y-3pl\/ningbo-baolan\/","url":"https:\/\/www.modula.eu\/es\/caso-practico-almacenamiento-inteligente\/logistica-y-3pl\/ningbo-baolan\/","name":"Modula Automatizaci\u00f3n de almacenes para distribuci\u00f3n y comercio electr\u00f3nico: Ningbo Baolan","isPartOf":{"@id":"https:\/\/www.modula.eu\/es\/#website"},"primaryImageOfPage":{"@id":"https:\/\/www.modula.eu\/es\/caso-practico-almacenamiento-inteligente\/logistica-y-3pl\/ningbo-baolan\/#primaryimage"},"image":{"@id":"https:\/\/www.modula.eu\/es\/caso-practico-almacenamiento-inteligente\/logistica-y-3pl\/ningbo-baolan\/#primaryimage"},"thumbnailUrl":"https:\/\/www.modula.eu\/wp-content\/uploads\/2024\/12\/Screenshot-2024-12-19-alle-16.19.40.png","datePublished":"2024-12-19T15:13:54+00:00","dateModified":"2025-01-15T13:10:04+00:00","description":"Fundada en 2005 y con sede en Ningbo, en la provincia de Zhejiang, Ningbo Baolan es un l\u00edder en la industria de equipos log\u00edsticos con casi 20 a\u00f1os de experiencia. La empresa ha ganado una excelente reputaci\u00f3n por ofrecer soluciones log\u00edsticas innovadoras e inteligentes a clientes en toda China, consolid\u00e1ndose como un referente en el sector.","breadcrumb":{"@id":"https:\/\/www.modula.eu\/es\/caso-practico-almacenamiento-inteligente\/logistica-y-3pl\/ningbo-baolan\/#breadcrumb"},"inLanguage":"es","potentialAction":[{"@type":"ReadAction","target":["https:\/\/www.modula.eu\/es\/caso-practico-almacenamiento-inteligente\/logistica-y-3pl\/ningbo-baolan\/"]}]},{"@type":"ImageObject","inLanguage":"es","@id":"https:\/\/www.modula.eu\/es\/caso-practico-almacenamiento-inteligente\/logistica-y-3pl\/ningbo-baolan\/#primaryimage","url":"https:\/\/www.modula.eu\/wp-content\/uploads\/2024\/12\/Screenshot-2024-12-19-alle-16.19.40.png","contentUrl":"https:\/\/www.modula.eu\/wp-content\/uploads\/2024\/12\/Screenshot-2024-12-19-alle-16.19.40.png","width":1890,"height":1032},{"@type":"BreadcrumbList","@id":"https:\/\/www.modula.eu\/es\/caso-practico-almacenamiento-inteligente\/logistica-y-3pl\/ningbo-baolan\/#breadcrumb","itemListElement":[{"@type":"ListItem","position":1,"name":"Home","item":"https:\/\/www.modula.eu\/es\/"},{"@type":"ListItem","position":2,"name":"Caso Pratico","item":"https:\/\/www.modula.eu\/es\/caso-practico-almacenamiento-inteligente\/"},{"@type":"ListItem","position":3,"name":"Log\u00edstica \/ 3PL","item":"https:\/\/www.modula.eu\/es\/caso-practico-almacenamiento-inteligente\/logistica-y-3pl\/"},{"@type":"ListItem","position":4,"name":"Ningbo Baolan"}]},{"@type":"WebSite","@id":"https:\/\/www.modula.eu\/es\/#website","url":"https:\/\/www.modula.eu\/es\/","name":"Modula","description":"Think Vertical","publisher":{"@id":"https:\/\/www.modula.eu\/es\/#organization"},"potentialAction":[{"@type":"SearchAction","target":{"@type":"EntryPoint","urlTemplate":"https:\/\/www.modula.eu\/es\/?s={search_term_string}"},"query-input":{"@type":"PropertyValueSpecification","valueRequired":true,"valueName":"search_term_string"}}],"inLanguage":"es"},{"@type":"Organization","@id":"https:\/\/www.modula.eu\/es\/#organization","name":"Modula","url":"https:\/\/www.modula.eu\/es\/","logo":{"@type":"ImageObject","inLanguage":"es","@id":"https:\/\/www.modula.eu\/es\/#\/schema\/logo\/image\/","url":"https:\/\/www.modula.eu\/wp-content\/uploads\/2022\/12\/Modula-logo.jpg","contentUrl":"https:\/\/www.modula.eu\/wp-content\/uploads\/2022\/12\/Modula-logo.jpg","width":759,"height":512,"caption":"Modula"},"image":{"@id":"https:\/\/www.modula.eu\/es\/#\/schema\/logo\/image\/"}}]}},"_links":{"self":[{"href":"https:\/\/www.modula.eu\/es\/wp-json\/wp\/v2\/pages\/45024","targetHints":{"allow":["GET"]}}],"collection":[{"href":"https:\/\/www.modula.eu\/es\/wp-json\/wp\/v2\/pages"}],"about":[{"href":"https:\/\/www.modula.eu\/es\/wp-json\/wp\/v2\/types\/page"}],"author":[{"embeddable":true,"href":"https:\/\/www.modula.eu\/es\/wp-json\/wp\/v2\/users\/1"}],"replies":[{"embeddable":true,"href":"https:\/\/www.modula.eu\/es\/wp-json\/wp\/v2\/comments?post=45024"}],"version-history":[{"count":0,"href":"https:\/\/www.modula.eu\/es\/wp-json\/wp\/v2\/pages\/45024\/revisions"}],"up":[{"embeddable":true,"href":"https:\/\/www.modula.eu\/es\/wp-json\/wp\/v2\/pages\/10244"}],"wp:featuredmedia":[{"embeddable":true,"href":"https:\/\/www.modula.eu\/es\/wp-json\/wp\/v2\/media\/45019"}],"wp:attachment":[{"href":"https:\/\/www.modula.eu\/es\/wp-json\/wp\/v2\/media?parent=45024"}],"curies":[{"name":"wp","href":"https:\/\/api.w.org\/{rel}","templated":true}]}}