{"id":57178,"date":"2025-05-29T09:52:07","date_gmt":"2025-05-29T07:52:07","guid":{"rendered":"https:\/\/www.modula.eu\/caso-practico-almacenamiento-inteligente\/ceramico\/florim-2\/"},"modified":"2025-05-29T15:25:05","modified_gmt":"2025-05-29T13:25:05","slug":"keda","status":"publish","type":"page","link":"https:\/\/www.modula.eu\/es\/caso-practico-almacenamiento-inteligente\/ceramico\/keda\/","title":{"rendered":"Keda"},"content":{"rendered":"","protected":false},"excerpt":{"rendered":"","protected":false},"author":1,"featured_media":57173,"parent":10142,"menu_order":1,"comment_status":"closed","ping_status":"closed","template":"case.php","meta":{"_acf_changed":false,"inline_featured_image":false,"mapsvg_location":"","footnotes":""},"class_list":["post-57178","page","type-page","status-publish","has-post-thumbnail","hentry"],"acf":[],"yoast_head":"<!-- This site is optimized with the Yoast SEO plugin v27.3 - https:\/\/yoast.com\/product\/yoast-seo-wordpress\/ -->\n<title>Almacenes autom\u00e1ticos Modula para el sector cer\u00e1mico: Keda Manufacturing | Modula<\/title>\n<meta name=\"description\" content=\"Descubre c\u00f3mo Keda, empresa l\u00edder en el sector cer\u00e1mico, optimiz\u00f3 su log\u00edstica interna con los sistemas autom\u00e1ticos de almacenamiento vertical de Modula. Eficiencia, ahorro de espacio e integraci\u00f3n con ERP para una gesti\u00f3n inteligente del inventario.\" \/>\n<meta name=\"robots\" content=\"index, follow, max-snippet:-1, max-image-preview:large, max-video-preview:-1\" \/>\n<link rel=\"canonical\" href=\"https:\/\/www.modula.eu\/es\/caso-practico-almacenamiento-inteligente\/ceramico\/keda\/\" \/>\n<meta property=\"og:locale\" content=\"es_ES\" \/>\n<meta property=\"og:type\" content=\"article\" \/>\n<meta property=\"og:title\" content=\"Almacenes autom\u00e1ticos Modula para el sector cer\u00e1mico: Keda Manufacturing | Modula\" \/>\n<meta property=\"og:description\" content=\"Descubre c\u00f3mo Keda, empresa l\u00edder en el sector cer\u00e1mico, optimiz\u00f3 su log\u00edstica interna con los sistemas autom\u00e1ticos de almacenamiento vertical de Modula. Eficiencia, ahorro de espacio e integraci\u00f3n con ERP para una gesti\u00f3n inteligente del inventario.\" \/>\n<meta property=\"og:url\" content=\"https:\/\/www.modula.eu\/es\/caso-practico-almacenamiento-inteligente\/ceramico\/keda\/\" \/>\n<meta property=\"og:site_name\" content=\"Modula\" \/>\n<meta property=\"article:modified_time\" content=\"2025-05-29T13:25:05+00:00\" \/>\n<meta property=\"og:image\" content=\"https:\/\/www.modula.eu\/wp-content\/uploads\/2025\/05\/Modula-Keda-case-study-1024x518.png\" \/>\n\t<meta property=\"og:image:width\" content=\"1024\" \/>\n\t<meta property=\"og:image:height\" content=\"518\" \/>\n\t<meta property=\"og:image:type\" content=\"image\/png\" \/>\n<meta name=\"twitter:card\" content=\"summary_large_image\" \/>\n<script type=\"application\/ld+json\" class=\"yoast-schema-graph\">{\"@context\":\"https:\\\/\\\/schema.org\",\"@graph\":[{\"@type\":\"WebPage\",\"@id\":\"https:\\\/\\\/www.modula.eu\\\/es\\\/caso-practico-almacenamiento-inteligente\\\/ceramico\\\/keda\\\/\",\"url\":\"https:\\\/\\\/www.modula.eu\\\/es\\\/caso-practico-almacenamiento-inteligente\\\/ceramico\\\/keda\\\/\",\"name\":\"Almacenes autom\u00e1ticos Modula para el sector cer\u00e1mico: Keda Manufacturing | Modula\",\"isPartOf\":{\"@id\":\"https:\\\/\\\/www.modula.eu\\\/es\\\/#website\"},\"primaryImageOfPage\":{\"@id\":\"https:\\\/\\\/www.modula.eu\\\/es\\\/caso-practico-almacenamiento-inteligente\\\/ceramico\\\/keda\\\/#primaryimage\"},\"image\":{\"@id\":\"https:\\\/\\\/www.modula.eu\\\/es\\\/caso-practico-almacenamiento-inteligente\\\/ceramico\\\/keda\\\/#primaryimage\"},\"thumbnailUrl\":\"https:\\\/\\\/www.modula.eu\\\/wp-content\\\/uploads\\\/2025\\\/05\\\/Modula-Keda-case-study.png\",\"datePublished\":\"2025-05-29T07:52:07+00:00\",\"dateModified\":\"2025-05-29T13:25:05+00:00\",\"description\":\"Descubre c\u00f3mo Keda, empresa l\u00edder en el sector cer\u00e1mico, optimiz\u00f3 su log\u00edstica interna con los sistemas autom\u00e1ticos de almacenamiento vertical de Modula. Eficiencia, ahorro de espacio e integraci\u00f3n con ERP para una gesti\u00f3n inteligente del inventario.\",\"breadcrumb\":{\"@id\":\"https:\\\/\\\/www.modula.eu\\\/es\\\/caso-practico-almacenamiento-inteligente\\\/ceramico\\\/keda\\\/#breadcrumb\"},\"inLanguage\":\"es\",\"potentialAction\":[{\"@type\":\"ReadAction\",\"target\":[\"https:\\\/\\\/www.modula.eu\\\/es\\\/caso-practico-almacenamiento-inteligente\\\/ceramico\\\/keda\\\/\"]}]},{\"@type\":\"ImageObject\",\"inLanguage\":\"es\",\"@id\":\"https:\\\/\\\/www.modula.eu\\\/es\\\/caso-practico-almacenamiento-inteligente\\\/ceramico\\\/keda\\\/#primaryimage\",\"url\":\"https:\\\/\\\/www.modula.eu\\\/wp-content\\\/uploads\\\/2025\\\/05\\\/Modula-Keda-case-study.png\",\"contentUrl\":\"https:\\\/\\\/www.modula.eu\\\/wp-content\\\/uploads\\\/2025\\\/05\\\/Modula-Keda-case-study.png\",\"width\":2024,\"height\":1024},{\"@type\":\"BreadcrumbList\",\"@id\":\"https:\\\/\\\/www.modula.eu\\\/es\\\/caso-practico-almacenamiento-inteligente\\\/ceramico\\\/keda\\\/#breadcrumb\",\"itemListElement\":[{\"@type\":\"ListItem\",\"position\":1,\"name\":\"Home\",\"item\":\"https:\\\/\\\/www.modula.eu\\\/es\\\/\"},{\"@type\":\"ListItem\",\"position\":2,\"name\":\"Caso Pratico\",\"item\":\"https:\\\/\\\/www.modula.eu\\\/es\\\/caso-practico-almacenamiento-inteligente\\\/\"},{\"@type\":\"ListItem\",\"position\":3,\"name\":\"Cer\u00e1mico\",\"item\":\"https:\\\/\\\/www.modula.eu\\\/es\\\/caso-practico-almacenamiento-inteligente\\\/ceramico\\\/\"},{\"@type\":\"ListItem\",\"position\":4,\"name\":\"Keda\"}]},{\"@type\":\"WebSite\",\"@id\":\"https:\\\/\\\/www.modula.eu\\\/es\\\/#website\",\"url\":\"https:\\\/\\\/www.modula.eu\\\/es\\\/\",\"name\":\"Modula\",\"description\":\"Think Vertical\",\"publisher\":{\"@id\":\"https:\\\/\\\/www.modula.eu\\\/es\\\/#organization\"},\"potentialAction\":[{\"@type\":\"SearchAction\",\"target\":{\"@type\":\"EntryPoint\",\"urlTemplate\":\"https:\\\/\\\/www.modula.eu\\\/es\\\/?s={search_term_string}\"},\"query-input\":{\"@type\":\"PropertyValueSpecification\",\"valueRequired\":true,\"valueName\":\"search_term_string\"}}],\"inLanguage\":\"es\"},{\"@type\":\"Organization\",\"@id\":\"https:\\\/\\\/www.modula.eu\\\/es\\\/#organization\",\"name\":\"Modula\",\"url\":\"https:\\\/\\\/www.modula.eu\\\/es\\\/\",\"logo\":{\"@type\":\"ImageObject\",\"inLanguage\":\"es\",\"@id\":\"https:\\\/\\\/www.modula.eu\\\/es\\\/#\\\/schema\\\/logo\\\/image\\\/\",\"url\":\"https:\\\/\\\/www.modula.eu\\\/wp-content\\\/uploads\\\/2022\\\/12\\\/Modula-logo.jpg\",\"contentUrl\":\"https:\\\/\\\/www.modula.eu\\\/wp-content\\\/uploads\\\/2022\\\/12\\\/Modula-logo.jpg\",\"width\":759,\"height\":512,\"caption\":\"Modula\"},\"image\":{\"@id\":\"https:\\\/\\\/www.modula.eu\\\/es\\\/#\\\/schema\\\/logo\\\/image\\\/\"}}]}<\/script>\n<!-- \/ Yoast SEO plugin. -->","yoast_head_json":{"title":"Almacenes autom\u00e1ticos Modula para el sector cer\u00e1mico: Keda Manufacturing | Modula","description":"Descubre c\u00f3mo Keda, empresa l\u00edder en el sector cer\u00e1mico, optimiz\u00f3 su log\u00edstica interna con los sistemas autom\u00e1ticos de almacenamiento vertical de Modula. Eficiencia, ahorro de espacio e integraci\u00f3n con ERP para una gesti\u00f3n inteligente del inventario.","robots":{"index":"index","follow":"follow","max-snippet":"max-snippet:-1","max-image-preview":"max-image-preview:large","max-video-preview":"max-video-preview:-1"},"canonical":"https:\/\/www.modula.eu\/es\/caso-practico-almacenamiento-inteligente\/ceramico\/keda\/","og_locale":"es_ES","og_type":"article","og_title":"Almacenes autom\u00e1ticos Modula para el sector cer\u00e1mico: Keda Manufacturing | Modula","og_description":"Descubre c\u00f3mo Keda, empresa l\u00edder en el sector cer\u00e1mico, optimiz\u00f3 su log\u00edstica interna con los sistemas autom\u00e1ticos de almacenamiento vertical de Modula. Eficiencia, ahorro de espacio e integraci\u00f3n con ERP para una gesti\u00f3n inteligente del inventario.","og_url":"https:\/\/www.modula.eu\/es\/caso-practico-almacenamiento-inteligente\/ceramico\/keda\/","og_site_name":"Modula","article_modified_time":"2025-05-29T13:25:05+00:00","og_image":[{"width":1024,"height":518,"url":"https:\/\/www.modula.eu\/wp-content\/uploads\/2025\/05\/Modula-Keda-case-study-1024x518.png","type":"image\/png"}],"twitter_card":"summary_large_image","schema":{"@context":"https:\/\/schema.org","@graph":[{"@type":"WebPage","@id":"https:\/\/www.modula.eu\/es\/caso-practico-almacenamiento-inteligente\/ceramico\/keda\/","url":"https:\/\/www.modula.eu\/es\/caso-practico-almacenamiento-inteligente\/ceramico\/keda\/","name":"Almacenes autom\u00e1ticos Modula para el sector cer\u00e1mico: Keda Manufacturing | Modula","isPartOf":{"@id":"https:\/\/www.modula.eu\/es\/#website"},"primaryImageOfPage":{"@id":"https:\/\/www.modula.eu\/es\/caso-practico-almacenamiento-inteligente\/ceramico\/keda\/#primaryimage"},"image":{"@id":"https:\/\/www.modula.eu\/es\/caso-practico-almacenamiento-inteligente\/ceramico\/keda\/#primaryimage"},"thumbnailUrl":"https:\/\/www.modula.eu\/wp-content\/uploads\/2025\/05\/Modula-Keda-case-study.png","datePublished":"2025-05-29T07:52:07+00:00","dateModified":"2025-05-29T13:25:05+00:00","description":"Descubre c\u00f3mo Keda, empresa l\u00edder en el sector cer\u00e1mico, optimiz\u00f3 su log\u00edstica interna con los sistemas autom\u00e1ticos de almacenamiento vertical de Modula. Eficiencia, ahorro de espacio e integraci\u00f3n con ERP para una gesti\u00f3n inteligente del inventario.","breadcrumb":{"@id":"https:\/\/www.modula.eu\/es\/caso-practico-almacenamiento-inteligente\/ceramico\/keda\/#breadcrumb"},"inLanguage":"es","potentialAction":[{"@type":"ReadAction","target":["https:\/\/www.modula.eu\/es\/caso-practico-almacenamiento-inteligente\/ceramico\/keda\/"]}]},{"@type":"ImageObject","inLanguage":"es","@id":"https:\/\/www.modula.eu\/es\/caso-practico-almacenamiento-inteligente\/ceramico\/keda\/#primaryimage","url":"https:\/\/www.modula.eu\/wp-content\/uploads\/2025\/05\/Modula-Keda-case-study.png","contentUrl":"https:\/\/www.modula.eu\/wp-content\/uploads\/2025\/05\/Modula-Keda-case-study.png","width":2024,"height":1024},{"@type":"BreadcrumbList","@id":"https:\/\/www.modula.eu\/es\/caso-practico-almacenamiento-inteligente\/ceramico\/keda\/#breadcrumb","itemListElement":[{"@type":"ListItem","position":1,"name":"Home","item":"https:\/\/www.modula.eu\/es\/"},{"@type":"ListItem","position":2,"name":"Caso Pratico","item":"https:\/\/www.modula.eu\/es\/caso-practico-almacenamiento-inteligente\/"},{"@type":"ListItem","position":3,"name":"Cer\u00e1mico","item":"https:\/\/www.modula.eu\/es\/caso-practico-almacenamiento-inteligente\/ceramico\/"},{"@type":"ListItem","position":4,"name":"Keda"}]},{"@type":"WebSite","@id":"https:\/\/www.modula.eu\/es\/#website","url":"https:\/\/www.modula.eu\/es\/","name":"Modula","description":"Think Vertical","publisher":{"@id":"https:\/\/www.modula.eu\/es\/#organization"},"potentialAction":[{"@type":"SearchAction","target":{"@type":"EntryPoint","urlTemplate":"https:\/\/www.modula.eu\/es\/?s={search_term_string}"},"query-input":{"@type":"PropertyValueSpecification","valueRequired":true,"valueName":"search_term_string"}}],"inLanguage":"es"},{"@type":"Organization","@id":"https:\/\/www.modula.eu\/es\/#organization","name":"Modula","url":"https:\/\/www.modula.eu\/es\/","logo":{"@type":"ImageObject","inLanguage":"es","@id":"https:\/\/www.modula.eu\/es\/#\/schema\/logo\/image\/","url":"https:\/\/www.modula.eu\/wp-content\/uploads\/2022\/12\/Modula-logo.jpg","contentUrl":"https:\/\/www.modula.eu\/wp-content\/uploads\/2022\/12\/Modula-logo.jpg","width":759,"height":512,"caption":"Modula"},"image":{"@id":"https:\/\/www.modula.eu\/es\/#\/schema\/logo\/image\/"}}]}},"_links":{"self":[{"href":"https:\/\/www.modula.eu\/es\/wp-json\/wp\/v2\/pages\/57178","targetHints":{"allow":["GET"]}}],"collection":[{"href":"https:\/\/www.modula.eu\/es\/wp-json\/wp\/v2\/pages"}],"about":[{"href":"https:\/\/www.modula.eu\/es\/wp-json\/wp\/v2\/types\/page"}],"author":[{"embeddable":true,"href":"https:\/\/www.modula.eu\/es\/wp-json\/wp\/v2\/users\/1"}],"replies":[{"embeddable":true,"href":"https:\/\/www.modula.eu\/es\/wp-json\/wp\/v2\/comments?post=57178"}],"version-history":[{"count":0,"href":"https:\/\/www.modula.eu\/es\/wp-json\/wp\/v2\/pages\/57178\/revisions"}],"up":[{"embeddable":true,"href":"https:\/\/www.modula.eu\/es\/wp-json\/wp\/v2\/pages\/10142"}],"wp:featuredmedia":[{"embeddable":true,"href":"https:\/\/www.modula.eu\/es\/wp-json\/wp\/v2\/media\/57173"}],"wp:attachment":[{"href":"https:\/\/www.modula.eu\/es\/wp-json\/wp\/v2\/media?parent=57178"}],"curies":[{"name":"wp","href":"https:\/\/api.w.org\/{rel}","templated":true}]}}