{"id":64315,"date":"2025-08-26T14:52:32","date_gmt":"2025-08-26T12:52:32","guid":{"rendered":"https:\/\/www.modula.eu\/caso-practico-almacenamiento-inteligente\/electronico-informatico\/flexcon\/"},"modified":"2025-08-27T15:05:54","modified_gmt":"2025-08-27T13:05:54","slug":"flexcon","status":"publish","type":"page","link":"https:\/\/www.modula.eu\/es\/caso-practico-almacenamiento-inteligente\/electronico-informatico\/flexcon\/","title":{"rendered":"Flexcon"},"content":{"rendered":"","protected":false},"excerpt":{"rendered":"","protected":false},"author":6,"featured_media":64310,"parent":10184,"menu_order":1,"comment_status":"closed","ping_status":"closed","template":"case.php","meta":{"_acf_changed":false,"inline_featured_image":false,"mapsvg_location":"","footnotes":""},"class_list":["post-64315","page","type-page","status-publish","has-post-thumbnail","hentry"],"acf":[],"yoast_head":"<!-- This site is optimized with the Yoast SEO plugin v27.3 - https:\/\/yoast.com\/product\/yoast-seo-wordpress\/ -->\n<title>Almacenes Electr\u00f3nicos Automatizados Modula: Flexcon<\/title>\n<meta name=\"description\" content=\"Descubre c\u00f3mo Modula colabor\u00f3 con Flexcon para integrar soluciones de almacenamiento vertical automatizado con sistemas de simulaci\u00f3n rob\u00f3tica, mejorando la eficiencia log\u00edstica, la precisi\u00f3n del picking y la automatizaci\u00f3n en el sector electr\u00f3nica\u2011software.\" \/>\n<meta name=\"robots\" content=\"index, follow, max-snippet:-1, max-image-preview:large, max-video-preview:-1\" \/>\n<link rel=\"canonical\" href=\"https:\/\/www.modula.eu\/es\/caso-practico-almacenamiento-inteligente\/electronico-informatico\/flexcon\/\" \/>\n<meta property=\"og:locale\" content=\"es_ES\" \/>\n<meta property=\"og:type\" content=\"article\" \/>\n<meta property=\"og:title\" content=\"Almacenes Electr\u00f3nicos Automatizados Modula: Flexcon\" \/>\n<meta property=\"og:description\" content=\"Descubre c\u00f3mo Modula colabor\u00f3 con Flexcon para integrar soluciones de almacenamiento vertical automatizado con sistemas de simulaci\u00f3n rob\u00f3tica, mejorando la eficiencia log\u00edstica, la precisi\u00f3n del picking y la automatizaci\u00f3n en el sector electr\u00f3nica\u2011software.\" \/>\n<meta property=\"og:url\" content=\"https:\/\/www.modula.eu\/es\/caso-practico-almacenamiento-inteligente\/electronico-informatico\/flexcon\/\" \/>\n<meta property=\"og:site_name\" content=\"Modula\" \/>\n<meta property=\"article:modified_time\" content=\"2025-08-27T13:05:54+00:00\" \/>\n<meta property=\"og:image\" content=\"https:\/\/www.modula.eu\/wp-content\/uploads\/2025\/08\/flexcon.png\" \/>\n\t<meta property=\"og:image:width\" content=\"800\" \/>\n\t<meta property=\"og:image:height\" content=\"600\" \/>\n\t<meta property=\"og:image:type\" content=\"image\/png\" \/>\n<meta name=\"twitter:card\" content=\"summary_large_image\" \/>\n<script type=\"application\/ld+json\" class=\"yoast-schema-graph\">{\"@context\":\"https:\\\/\\\/schema.org\",\"@graph\":[{\"@type\":\"WebPage\",\"@id\":\"https:\\\/\\\/www.modula.eu\\\/es\\\/caso-practico-almacenamiento-inteligente\\\/electronico-informatico\\\/flexcon\\\/\",\"url\":\"https:\\\/\\\/www.modula.eu\\\/es\\\/caso-practico-almacenamiento-inteligente\\\/electronico-informatico\\\/flexcon\\\/\",\"name\":\"Almacenes Electr\u00f3nicos Automatizados Modula: Flexcon\",\"isPartOf\":{\"@id\":\"https:\\\/\\\/www.modula.eu\\\/es\\\/#website\"},\"primaryImageOfPage\":{\"@id\":\"https:\\\/\\\/www.modula.eu\\\/es\\\/caso-practico-almacenamiento-inteligente\\\/electronico-informatico\\\/flexcon\\\/#primaryimage\"},\"image\":{\"@id\":\"https:\\\/\\\/www.modula.eu\\\/es\\\/caso-practico-almacenamiento-inteligente\\\/electronico-informatico\\\/flexcon\\\/#primaryimage\"},\"thumbnailUrl\":\"https:\\\/\\\/www.modula.eu\\\/wp-content\\\/uploads\\\/2025\\\/08\\\/flexcon.png\",\"datePublished\":\"2025-08-26T12:52:32+00:00\",\"dateModified\":\"2025-08-27T13:05:54+00:00\",\"description\":\"Descubre c\u00f3mo Modula colabor\u00f3 con Flexcon para integrar soluciones de almacenamiento vertical automatizado con sistemas de simulaci\u00f3n rob\u00f3tica, mejorando la eficiencia log\u00edstica, la precisi\u00f3n del picking y la automatizaci\u00f3n en el sector electr\u00f3nica\u2011software.\",\"breadcrumb\":{\"@id\":\"https:\\\/\\\/www.modula.eu\\\/es\\\/caso-practico-almacenamiento-inteligente\\\/electronico-informatico\\\/flexcon\\\/#breadcrumb\"},\"inLanguage\":\"es\",\"potentialAction\":[{\"@type\":\"ReadAction\",\"target\":[\"https:\\\/\\\/www.modula.eu\\\/es\\\/caso-practico-almacenamiento-inteligente\\\/electronico-informatico\\\/flexcon\\\/\"]}]},{\"@type\":\"ImageObject\",\"inLanguage\":\"es\",\"@id\":\"https:\\\/\\\/www.modula.eu\\\/es\\\/caso-practico-almacenamiento-inteligente\\\/electronico-informatico\\\/flexcon\\\/#primaryimage\",\"url\":\"https:\\\/\\\/www.modula.eu\\\/wp-content\\\/uploads\\\/2025\\\/08\\\/flexcon.png\",\"contentUrl\":\"https:\\\/\\\/www.modula.eu\\\/wp-content\\\/uploads\\\/2025\\\/08\\\/flexcon.png\",\"width\":800,\"height\":600},{\"@type\":\"BreadcrumbList\",\"@id\":\"https:\\\/\\\/www.modula.eu\\\/es\\\/caso-practico-almacenamiento-inteligente\\\/electronico-informatico\\\/flexcon\\\/#breadcrumb\",\"itemListElement\":[{\"@type\":\"ListItem\",\"position\":1,\"name\":\"Home\",\"item\":\"https:\\\/\\\/www.modula.eu\\\/es\\\/\"},{\"@type\":\"ListItem\",\"position\":2,\"name\":\"Caso Pratico\",\"item\":\"https:\\\/\\\/www.modula.eu\\\/es\\\/caso-practico-almacenamiento-inteligente\\\/\"},{\"@type\":\"ListItem\",\"position\":3,\"name\":\"Electr\u00f3nico \\\/ Inform\u00e1tico\",\"item\":\"https:\\\/\\\/www.modula.eu\\\/es\\\/caso-practico-almacenamiento-inteligente\\\/electronico-informatico\\\/\"},{\"@type\":\"ListItem\",\"position\":4,\"name\":\"Flexcon\"}]},{\"@type\":\"WebSite\",\"@id\":\"https:\\\/\\\/www.modula.eu\\\/es\\\/#website\",\"url\":\"https:\\\/\\\/www.modula.eu\\\/es\\\/\",\"name\":\"Modula\",\"description\":\"Think Vertical\",\"publisher\":{\"@id\":\"https:\\\/\\\/www.modula.eu\\\/es\\\/#organization\"},\"potentialAction\":[{\"@type\":\"SearchAction\",\"target\":{\"@type\":\"EntryPoint\",\"urlTemplate\":\"https:\\\/\\\/www.modula.eu\\\/es\\\/?s={search_term_string}\"},\"query-input\":{\"@type\":\"PropertyValueSpecification\",\"valueRequired\":true,\"valueName\":\"search_term_string\"}}],\"inLanguage\":\"es\"},{\"@type\":\"Organization\",\"@id\":\"https:\\\/\\\/www.modula.eu\\\/es\\\/#organization\",\"name\":\"Modula\",\"url\":\"https:\\\/\\\/www.modula.eu\\\/es\\\/\",\"logo\":{\"@type\":\"ImageObject\",\"inLanguage\":\"es\",\"@id\":\"https:\\\/\\\/www.modula.eu\\\/es\\\/#\\\/schema\\\/logo\\\/image\\\/\",\"url\":\"https:\\\/\\\/www.modula.eu\\\/wp-content\\\/uploads\\\/2022\\\/12\\\/Modula-logo.jpg\",\"contentUrl\":\"https:\\\/\\\/www.modula.eu\\\/wp-content\\\/uploads\\\/2022\\\/12\\\/Modula-logo.jpg\",\"width\":759,\"height\":512,\"caption\":\"Modula\"},\"image\":{\"@id\":\"https:\\\/\\\/www.modula.eu\\\/es\\\/#\\\/schema\\\/logo\\\/image\\\/\"}}]}<\/script>\n<!-- \/ Yoast SEO plugin. -->","yoast_head_json":{"title":"Almacenes Electr\u00f3nicos Automatizados Modula: Flexcon","description":"Descubre c\u00f3mo Modula colabor\u00f3 con Flexcon para integrar soluciones de almacenamiento vertical automatizado con sistemas de simulaci\u00f3n rob\u00f3tica, mejorando la eficiencia log\u00edstica, la precisi\u00f3n del picking y la automatizaci\u00f3n en el sector electr\u00f3nica\u2011software.","robots":{"index":"index","follow":"follow","max-snippet":"max-snippet:-1","max-image-preview":"max-image-preview:large","max-video-preview":"max-video-preview:-1"},"canonical":"https:\/\/www.modula.eu\/es\/caso-practico-almacenamiento-inteligente\/electronico-informatico\/flexcon\/","og_locale":"es_ES","og_type":"article","og_title":"Almacenes Electr\u00f3nicos Automatizados Modula: Flexcon","og_description":"Descubre c\u00f3mo Modula colabor\u00f3 con Flexcon para integrar soluciones de almacenamiento vertical automatizado con sistemas de simulaci\u00f3n rob\u00f3tica, mejorando la eficiencia log\u00edstica, la precisi\u00f3n del picking y la automatizaci\u00f3n en el sector electr\u00f3nica\u2011software.","og_url":"https:\/\/www.modula.eu\/es\/caso-practico-almacenamiento-inteligente\/electronico-informatico\/flexcon\/","og_site_name":"Modula","article_modified_time":"2025-08-27T13:05:54+00:00","og_image":[{"width":800,"height":600,"url":"https:\/\/www.modula.eu\/wp-content\/uploads\/2025\/08\/flexcon.png","type":"image\/png"}],"twitter_card":"summary_large_image","schema":{"@context":"https:\/\/schema.org","@graph":[{"@type":"WebPage","@id":"https:\/\/www.modula.eu\/es\/caso-practico-almacenamiento-inteligente\/electronico-informatico\/flexcon\/","url":"https:\/\/www.modula.eu\/es\/caso-practico-almacenamiento-inteligente\/electronico-informatico\/flexcon\/","name":"Almacenes Electr\u00f3nicos Automatizados Modula: Flexcon","isPartOf":{"@id":"https:\/\/www.modula.eu\/es\/#website"},"primaryImageOfPage":{"@id":"https:\/\/www.modula.eu\/es\/caso-practico-almacenamiento-inteligente\/electronico-informatico\/flexcon\/#primaryimage"},"image":{"@id":"https:\/\/www.modula.eu\/es\/caso-practico-almacenamiento-inteligente\/electronico-informatico\/flexcon\/#primaryimage"},"thumbnailUrl":"https:\/\/www.modula.eu\/wp-content\/uploads\/2025\/08\/flexcon.png","datePublished":"2025-08-26T12:52:32+00:00","dateModified":"2025-08-27T13:05:54+00:00","description":"Descubre c\u00f3mo Modula colabor\u00f3 con Flexcon para integrar soluciones de almacenamiento vertical automatizado con sistemas de simulaci\u00f3n rob\u00f3tica, mejorando la eficiencia log\u00edstica, la precisi\u00f3n del picking y la automatizaci\u00f3n en el sector electr\u00f3nica\u2011software.","breadcrumb":{"@id":"https:\/\/www.modula.eu\/es\/caso-practico-almacenamiento-inteligente\/electronico-informatico\/flexcon\/#breadcrumb"},"inLanguage":"es","potentialAction":[{"@type":"ReadAction","target":["https:\/\/www.modula.eu\/es\/caso-practico-almacenamiento-inteligente\/electronico-informatico\/flexcon\/"]}]},{"@type":"ImageObject","inLanguage":"es","@id":"https:\/\/www.modula.eu\/es\/caso-practico-almacenamiento-inteligente\/electronico-informatico\/flexcon\/#primaryimage","url":"https:\/\/www.modula.eu\/wp-content\/uploads\/2025\/08\/flexcon.png","contentUrl":"https:\/\/www.modula.eu\/wp-content\/uploads\/2025\/08\/flexcon.png","width":800,"height":600},{"@type":"BreadcrumbList","@id":"https:\/\/www.modula.eu\/es\/caso-practico-almacenamiento-inteligente\/electronico-informatico\/flexcon\/#breadcrumb","itemListElement":[{"@type":"ListItem","position":1,"name":"Home","item":"https:\/\/www.modula.eu\/es\/"},{"@type":"ListItem","position":2,"name":"Caso Pratico","item":"https:\/\/www.modula.eu\/es\/caso-practico-almacenamiento-inteligente\/"},{"@type":"ListItem","position":3,"name":"Electr\u00f3nico \/ Inform\u00e1tico","item":"https:\/\/www.modula.eu\/es\/caso-practico-almacenamiento-inteligente\/electronico-informatico\/"},{"@type":"ListItem","position":4,"name":"Flexcon"}]},{"@type":"WebSite","@id":"https:\/\/www.modula.eu\/es\/#website","url":"https:\/\/www.modula.eu\/es\/","name":"Modula","description":"Think Vertical","publisher":{"@id":"https:\/\/www.modula.eu\/es\/#organization"},"potentialAction":[{"@type":"SearchAction","target":{"@type":"EntryPoint","urlTemplate":"https:\/\/www.modula.eu\/es\/?s={search_term_string}"},"query-input":{"@type":"PropertyValueSpecification","valueRequired":true,"valueName":"search_term_string"}}],"inLanguage":"es"},{"@type":"Organization","@id":"https:\/\/www.modula.eu\/es\/#organization","name":"Modula","url":"https:\/\/www.modula.eu\/es\/","logo":{"@type":"ImageObject","inLanguage":"es","@id":"https:\/\/www.modula.eu\/es\/#\/schema\/logo\/image\/","url":"https:\/\/www.modula.eu\/wp-content\/uploads\/2022\/12\/Modula-logo.jpg","contentUrl":"https:\/\/www.modula.eu\/wp-content\/uploads\/2022\/12\/Modula-logo.jpg","width":759,"height":512,"caption":"Modula"},"image":{"@id":"https:\/\/www.modula.eu\/es\/#\/schema\/logo\/image\/"}}]}},"_links":{"self":[{"href":"https:\/\/www.modula.eu\/es\/wp-json\/wp\/v2\/pages\/64315","targetHints":{"allow":["GET"]}}],"collection":[{"href":"https:\/\/www.modula.eu\/es\/wp-json\/wp\/v2\/pages"}],"about":[{"href":"https:\/\/www.modula.eu\/es\/wp-json\/wp\/v2\/types\/page"}],"author":[{"embeddable":true,"href":"https:\/\/www.modula.eu\/es\/wp-json\/wp\/v2\/users\/6"}],"replies":[{"embeddable":true,"href":"https:\/\/www.modula.eu\/es\/wp-json\/wp\/v2\/comments?post=64315"}],"version-history":[{"count":0,"href":"https:\/\/www.modula.eu\/es\/wp-json\/wp\/v2\/pages\/64315\/revisions"}],"up":[{"embeddable":true,"href":"https:\/\/www.modula.eu\/es\/wp-json\/wp\/v2\/pages\/10184"}],"wp:featuredmedia":[{"embeddable":true,"href":"https:\/\/www.modula.eu\/es\/wp-json\/wp\/v2\/media\/64310"}],"wp:attachment":[{"href":"https:\/\/www.modula.eu\/es\/wp-json\/wp\/v2\/media?parent=64315"}],"curies":[{"name":"wp","href":"https:\/\/api.w.org\/{rel}","templated":true}]}}