{"id":73041,"date":"2026-02-04T09:50:15","date_gmt":"2026-02-04T08:50:15","guid":{"rendered":"https:\/\/www.modula.eu\/caso-practico-almacenamiento-inteligente\/alimentos-y-bebidas\/royal-canin-korea\/"},"modified":"2026-02-04T12:19:25","modified_gmt":"2026-02-04T11:19:25","slug":"royal-canin-korea","status":"publish","type":"page","link":"https:\/\/www.modula.eu\/es\/caso-practico-almacenamiento-inteligente\/alimentos-y-bebidas\/royal-canin-korea\/","title":{"rendered":"Royal Canin Korea"},"content":{"rendered":"","protected":false},"excerpt":{"rendered":"","protected":false},"author":6,"featured_media":73043,"parent":10220,"menu_order":10,"comment_status":"closed","ping_status":"closed","template":"case.php","meta":{"_acf_changed":false,"inline_featured_image":false,"mapsvg_location":"","footnotes":""},"class_list":["post-73041","page","type-page","status-publish","has-post-thumbnail","hentry"],"acf":[],"yoast_head":"<!-- This site is optimized with the Yoast SEO plugin v27.3 - https:\/\/yoast.com\/product\/yoast-seo-wordpress\/ -->\n<title>Automatizaci\u00f3n de almacenes Modula para alimentos para mascotas: Royal Canin Korea<\/title>\n<meta name=\"description\" content=\"Tras la implementaci\u00f3n de los almacenes autom\u00e1ticos verticales Modula, los beneficios fueron inmediatos y tangibles. La dr\u00e1stica reducci\u00f3n del uso de medios pesados ha conllevado una disminuci\u00f3n significativa del riesgo de accidentes.\" \/>\n<meta name=\"robots\" content=\"index, follow, max-snippet:-1, max-image-preview:large, max-video-preview:-1\" \/>\n<link rel=\"canonical\" href=\"https:\/\/www.modula.eu\/es\/caso-practico-almacenamiento-inteligente\/alimentos-y-bebidas\/royal-canin-korea\/\" \/>\n<meta property=\"og:locale\" content=\"es_ES\" \/>\n<meta property=\"og:type\" content=\"article\" \/>\n<meta property=\"og:title\" content=\"Automatizaci\u00f3n de almacenes Modula para alimentos para mascotas: Royal Canin Korea\" \/>\n<meta property=\"og:description\" content=\"Tras la implementaci\u00f3n de los almacenes autom\u00e1ticos verticales Modula, los beneficios fueron inmediatos y tangibles. La dr\u00e1stica reducci\u00f3n del uso de medios pesados ha conllevado una disminuci\u00f3n significativa del riesgo de accidentes.\" \/>\n<meta property=\"og:url\" content=\"https:\/\/www.modula.eu\/es\/caso-practico-almacenamiento-inteligente\/alimentos-y-bebidas\/royal-canin-korea\/\" \/>\n<meta property=\"og:site_name\" content=\"Modula\" \/>\n<meta property=\"article:modified_time\" content=\"2026-02-04T11:19:25+00:00\" \/>\n<meta property=\"og:image\" content=\"https:\/\/www.modula.eu\/wp-content\/uploads\/2026\/02\/Royal-Canin-Korea-Modula-Lift-ML50D-1.png\" \/>\n\t<meta property=\"og:image:width\" content=\"1536\" \/>\n\t<meta property=\"og:image:height\" content=\"1024\" \/>\n\t<meta property=\"og:image:type\" content=\"image\/png\" \/>\n<meta name=\"twitter:card\" content=\"summary_large_image\" \/>\n<script type=\"application\/ld+json\" class=\"yoast-schema-graph\">{\"@context\":\"https:\\\/\\\/schema.org\",\"@graph\":[{\"@type\":\"WebPage\",\"@id\":\"https:\\\/\\\/www.modula.eu\\\/es\\\/caso-practico-almacenamiento-inteligente\\\/alimentos-y-bebidas\\\/royal-canin-korea\\\/\",\"url\":\"https:\\\/\\\/www.modula.eu\\\/es\\\/caso-practico-almacenamiento-inteligente\\\/alimentos-y-bebidas\\\/royal-canin-korea\\\/\",\"name\":\"Automatizaci\u00f3n de almacenes Modula para alimentos para mascotas: Royal Canin Korea\",\"isPartOf\":{\"@id\":\"https:\\\/\\\/www.modula.eu\\\/es\\\/#website\"},\"primaryImageOfPage\":{\"@id\":\"https:\\\/\\\/www.modula.eu\\\/es\\\/caso-practico-almacenamiento-inteligente\\\/alimentos-y-bebidas\\\/royal-canin-korea\\\/#primaryimage\"},\"image\":{\"@id\":\"https:\\\/\\\/www.modula.eu\\\/es\\\/caso-practico-almacenamiento-inteligente\\\/alimentos-y-bebidas\\\/royal-canin-korea\\\/#primaryimage\"},\"thumbnailUrl\":\"https:\\\/\\\/www.modula.eu\\\/wp-content\\\/uploads\\\/2026\\\/02\\\/Royal-Canin-Korea-Modula-Lift-ML50D-1.png\",\"datePublished\":\"2026-02-04T08:50:15+00:00\",\"dateModified\":\"2026-02-04T11:19:25+00:00\",\"description\":\"Tras la implementaci\u00f3n de los almacenes autom\u00e1ticos verticales Modula, los beneficios fueron inmediatos y tangibles. La dr\u00e1stica reducci\u00f3n del uso de medios pesados ha conllevado una disminuci\u00f3n significativa del riesgo de accidentes.\",\"breadcrumb\":{\"@id\":\"https:\\\/\\\/www.modula.eu\\\/es\\\/caso-practico-almacenamiento-inteligente\\\/alimentos-y-bebidas\\\/royal-canin-korea\\\/#breadcrumb\"},\"inLanguage\":\"es\",\"potentialAction\":[{\"@type\":\"ReadAction\",\"target\":[\"https:\\\/\\\/www.modula.eu\\\/es\\\/caso-practico-almacenamiento-inteligente\\\/alimentos-y-bebidas\\\/royal-canin-korea\\\/\"]}]},{\"@type\":\"ImageObject\",\"inLanguage\":\"es\",\"@id\":\"https:\\\/\\\/www.modula.eu\\\/es\\\/caso-practico-almacenamiento-inteligente\\\/alimentos-y-bebidas\\\/royal-canin-korea\\\/#primaryimage\",\"url\":\"https:\\\/\\\/www.modula.eu\\\/wp-content\\\/uploads\\\/2026\\\/02\\\/Royal-Canin-Korea-Modula-Lift-ML50D-1.png\",\"contentUrl\":\"https:\\\/\\\/www.modula.eu\\\/wp-content\\\/uploads\\\/2026\\\/02\\\/Royal-Canin-Korea-Modula-Lift-ML50D-1.png\",\"width\":1536,\"height\":1024},{\"@type\":\"BreadcrumbList\",\"@id\":\"https:\\\/\\\/www.modula.eu\\\/es\\\/caso-practico-almacenamiento-inteligente\\\/alimentos-y-bebidas\\\/royal-canin-korea\\\/#breadcrumb\",\"itemListElement\":[{\"@type\":\"ListItem\",\"position\":1,\"name\":\"Home\",\"item\":\"https:\\\/\\\/www.modula.eu\\\/es\\\/\"},{\"@type\":\"ListItem\",\"position\":2,\"name\":\"Caso Pratico\",\"item\":\"https:\\\/\\\/www.modula.eu\\\/es\\\/caso-practico-almacenamiento-inteligente\\\/\"},{\"@type\":\"ListItem\",\"position\":3,\"name\":\"Alimentos y bebidas\\\/Gran distribuci\u00f3n\",\"item\":\"https:\\\/\\\/www.modula.eu\\\/es\\\/caso-practico-almacenamiento-inteligente\\\/alimentos-y-bebidas-gran-distribucion\\\/\"},{\"@type\":\"ListItem\",\"position\":4,\"name\":\"Royal Canin Korea\"}]},{\"@type\":\"WebSite\",\"@id\":\"https:\\\/\\\/www.modula.eu\\\/es\\\/#website\",\"url\":\"https:\\\/\\\/www.modula.eu\\\/es\\\/\",\"name\":\"Modula\",\"description\":\"Think Vertical\",\"publisher\":{\"@id\":\"https:\\\/\\\/www.modula.eu\\\/es\\\/#organization\"},\"potentialAction\":[{\"@type\":\"SearchAction\",\"target\":{\"@type\":\"EntryPoint\",\"urlTemplate\":\"https:\\\/\\\/www.modula.eu\\\/es\\\/?s={search_term_string}\"},\"query-input\":{\"@type\":\"PropertyValueSpecification\",\"valueRequired\":true,\"valueName\":\"search_term_string\"}}],\"inLanguage\":\"es\"},{\"@type\":\"Organization\",\"@id\":\"https:\\\/\\\/www.modula.eu\\\/es\\\/#organization\",\"name\":\"Modula\",\"url\":\"https:\\\/\\\/www.modula.eu\\\/es\\\/\",\"logo\":{\"@type\":\"ImageObject\",\"inLanguage\":\"es\",\"@id\":\"https:\\\/\\\/www.modula.eu\\\/es\\\/#\\\/schema\\\/logo\\\/image\\\/\",\"url\":\"https:\\\/\\\/www.modula.eu\\\/wp-content\\\/uploads\\\/2022\\\/12\\\/Modula-logo.jpg\",\"contentUrl\":\"https:\\\/\\\/www.modula.eu\\\/wp-content\\\/uploads\\\/2022\\\/12\\\/Modula-logo.jpg\",\"width\":759,\"height\":512,\"caption\":\"Modula\"},\"image\":{\"@id\":\"https:\\\/\\\/www.modula.eu\\\/es\\\/#\\\/schema\\\/logo\\\/image\\\/\"}}]}<\/script>\n<!-- \/ Yoast SEO plugin. -->","yoast_head_json":{"title":"Automatizaci\u00f3n de almacenes Modula para alimentos para mascotas: Royal Canin Korea","description":"Tras la implementaci\u00f3n de los almacenes autom\u00e1ticos verticales Modula, los beneficios fueron inmediatos y tangibles. La dr\u00e1stica reducci\u00f3n del uso de medios pesados ha conllevado una disminuci\u00f3n significativa del riesgo de accidentes.","robots":{"index":"index","follow":"follow","max-snippet":"max-snippet:-1","max-image-preview":"max-image-preview:large","max-video-preview":"max-video-preview:-1"},"canonical":"https:\/\/www.modula.eu\/es\/caso-practico-almacenamiento-inteligente\/alimentos-y-bebidas\/royal-canin-korea\/","og_locale":"es_ES","og_type":"article","og_title":"Automatizaci\u00f3n de almacenes Modula para alimentos para mascotas: Royal Canin Korea","og_description":"Tras la implementaci\u00f3n de los almacenes autom\u00e1ticos verticales Modula, los beneficios fueron inmediatos y tangibles. La dr\u00e1stica reducci\u00f3n del uso de medios pesados ha conllevado una disminuci\u00f3n significativa del riesgo de accidentes.","og_url":"https:\/\/www.modula.eu\/es\/caso-practico-almacenamiento-inteligente\/alimentos-y-bebidas\/royal-canin-korea\/","og_site_name":"Modula","article_modified_time":"2026-02-04T11:19:25+00:00","og_image":[{"width":1536,"height":1024,"url":"https:\/\/www.modula.eu\/wp-content\/uploads\/2026\/02\/Royal-Canin-Korea-Modula-Lift-ML50D-1.png","type":"image\/png"}],"twitter_card":"summary_large_image","schema":{"@context":"https:\/\/schema.org","@graph":[{"@type":"WebPage","@id":"https:\/\/www.modula.eu\/es\/caso-practico-almacenamiento-inteligente\/alimentos-y-bebidas\/royal-canin-korea\/","url":"https:\/\/www.modula.eu\/es\/caso-practico-almacenamiento-inteligente\/alimentos-y-bebidas\/royal-canin-korea\/","name":"Automatizaci\u00f3n de almacenes Modula para alimentos para mascotas: Royal Canin Korea","isPartOf":{"@id":"https:\/\/www.modula.eu\/es\/#website"},"primaryImageOfPage":{"@id":"https:\/\/www.modula.eu\/es\/caso-practico-almacenamiento-inteligente\/alimentos-y-bebidas\/royal-canin-korea\/#primaryimage"},"image":{"@id":"https:\/\/www.modula.eu\/es\/caso-practico-almacenamiento-inteligente\/alimentos-y-bebidas\/royal-canin-korea\/#primaryimage"},"thumbnailUrl":"https:\/\/www.modula.eu\/wp-content\/uploads\/2026\/02\/Royal-Canin-Korea-Modula-Lift-ML50D-1.png","datePublished":"2026-02-04T08:50:15+00:00","dateModified":"2026-02-04T11:19:25+00:00","description":"Tras la implementaci\u00f3n de los almacenes autom\u00e1ticos verticales Modula, los beneficios fueron inmediatos y tangibles. La dr\u00e1stica reducci\u00f3n del uso de medios pesados ha conllevado una disminuci\u00f3n significativa del riesgo de accidentes.","breadcrumb":{"@id":"https:\/\/www.modula.eu\/es\/caso-practico-almacenamiento-inteligente\/alimentos-y-bebidas\/royal-canin-korea\/#breadcrumb"},"inLanguage":"es","potentialAction":[{"@type":"ReadAction","target":["https:\/\/www.modula.eu\/es\/caso-practico-almacenamiento-inteligente\/alimentos-y-bebidas\/royal-canin-korea\/"]}]},{"@type":"ImageObject","inLanguage":"es","@id":"https:\/\/www.modula.eu\/es\/caso-practico-almacenamiento-inteligente\/alimentos-y-bebidas\/royal-canin-korea\/#primaryimage","url":"https:\/\/www.modula.eu\/wp-content\/uploads\/2026\/02\/Royal-Canin-Korea-Modula-Lift-ML50D-1.png","contentUrl":"https:\/\/www.modula.eu\/wp-content\/uploads\/2026\/02\/Royal-Canin-Korea-Modula-Lift-ML50D-1.png","width":1536,"height":1024},{"@type":"BreadcrumbList","@id":"https:\/\/www.modula.eu\/es\/caso-practico-almacenamiento-inteligente\/alimentos-y-bebidas\/royal-canin-korea\/#breadcrumb","itemListElement":[{"@type":"ListItem","position":1,"name":"Home","item":"https:\/\/www.modula.eu\/es\/"},{"@type":"ListItem","position":2,"name":"Caso Pratico","item":"https:\/\/www.modula.eu\/es\/caso-practico-almacenamiento-inteligente\/"},{"@type":"ListItem","position":3,"name":"Alimentos y bebidas\/Gran distribuci\u00f3n","item":"https:\/\/www.modula.eu\/es\/caso-practico-almacenamiento-inteligente\/alimentos-y-bebidas-gran-distribucion\/"},{"@type":"ListItem","position":4,"name":"Royal Canin Korea"}]},{"@type":"WebSite","@id":"https:\/\/www.modula.eu\/es\/#website","url":"https:\/\/www.modula.eu\/es\/","name":"Modula","description":"Think Vertical","publisher":{"@id":"https:\/\/www.modula.eu\/es\/#organization"},"potentialAction":[{"@type":"SearchAction","target":{"@type":"EntryPoint","urlTemplate":"https:\/\/www.modula.eu\/es\/?s={search_term_string}"},"query-input":{"@type":"PropertyValueSpecification","valueRequired":true,"valueName":"search_term_string"}}],"inLanguage":"es"},{"@type":"Organization","@id":"https:\/\/www.modula.eu\/es\/#organization","name":"Modula","url":"https:\/\/www.modula.eu\/es\/","logo":{"@type":"ImageObject","inLanguage":"es","@id":"https:\/\/www.modula.eu\/es\/#\/schema\/logo\/image\/","url":"https:\/\/www.modula.eu\/wp-content\/uploads\/2022\/12\/Modula-logo.jpg","contentUrl":"https:\/\/www.modula.eu\/wp-content\/uploads\/2022\/12\/Modula-logo.jpg","width":759,"height":512,"caption":"Modula"},"image":{"@id":"https:\/\/www.modula.eu\/es\/#\/schema\/logo\/image\/"}}]}},"_links":{"self":[{"href":"https:\/\/www.modula.eu\/es\/wp-json\/wp\/v2\/pages\/73041","targetHints":{"allow":["GET"]}}],"collection":[{"href":"https:\/\/www.modula.eu\/es\/wp-json\/wp\/v2\/pages"}],"about":[{"href":"https:\/\/www.modula.eu\/es\/wp-json\/wp\/v2\/types\/page"}],"author":[{"embeddable":true,"href":"https:\/\/www.modula.eu\/es\/wp-json\/wp\/v2\/users\/6"}],"replies":[{"embeddable":true,"href":"https:\/\/www.modula.eu\/es\/wp-json\/wp\/v2\/comments?post=73041"}],"version-history":[{"count":2,"href":"https:\/\/www.modula.eu\/es\/wp-json\/wp\/v2\/pages\/73041\/revisions"}],"predecessor-version":[{"id":73085,"href":"https:\/\/www.modula.eu\/es\/wp-json\/wp\/v2\/pages\/73041\/revisions\/73085"}],"up":[{"embeddable":true,"href":"https:\/\/www.modula.eu\/es\/wp-json\/wp\/v2\/pages\/10220"}],"wp:featuredmedia":[{"embeddable":true,"href":"https:\/\/www.modula.eu\/es\/wp-json\/wp\/v2\/media\/73043"}],"wp:attachment":[{"href":"https:\/\/www.modula.eu\/es\/wp-json\/wp\/v2\/media?parent=73041"}],"curies":[{"name":"wp","href":"https:\/\/api.w.org\/{rel}","templated":true}]}}