{"id":76435,"date":"2026-04-14T09:02:01","date_gmt":"2026-04-14T07:02:01","guid":{"rendered":"https:\/\/www.modula.eu\/?page_id=76435"},"modified":"2026-04-14T13:43:34","modified_gmt":"2026-04-14T11:43:34","slug":"educacion-administracion-publica","status":"publish","type":"page","link":"https:\/\/www.modula.eu\/es\/caso-practico\/educacion-administracion-publica\/","title":{"rendered":"Educaci\u00f3n \/ Administraci\u00f3n p\u00fablica"},"content":{"rendered":"","protected":false},"excerpt":{"rendered":"","protected":false},"author":6,"featured_media":0,"parent":10078,"menu_order":1,"comment_status":"closed","ping_status":"closed","template":"case-category.php","meta":{"_acf_changed":false,"inline_featured_image":false,"mapsvg_location":"","footnotes":""},"class_list":["post-76435","page","type-page","status-publish","hentry"],"acf":[],"yoast_head":"<!-- This site is optimized with the Yoast SEO plugin v27.3 - https:\/\/yoast.com\/product\/yoast-seo-wordpress\/ -->\n<title>Almacenes autom\u00e1ticos Modula para el sector de la educaci\u00f3n y administraci\u00f3n p\u00fablica<\/title>\n<meta name=\"description\" content=\"Los sistemas de almacenamiento autom\u00e1tico Modula son adecuados para todos los sectores industriales. Entra y descubre nuestras soluciones para el sector de la educaci\u00f3n y la administraci\u00f3n p\u00fablica.\" \/>\n<meta name=\"robots\" content=\"index, follow, max-snippet:-1, max-image-preview:large, max-video-preview:-1\" \/>\n<link rel=\"canonical\" href=\"https:\/\/www.modula.eu\/es\/caso-practico\/educacion-administracion-publica\/\" \/>\n<meta property=\"og:locale\" content=\"es_ES\" \/>\n<meta property=\"og:type\" content=\"article\" \/>\n<meta property=\"og:title\" content=\"Almacenes autom\u00e1ticos Modula para el sector de la educaci\u00f3n y administraci\u00f3n p\u00fablica\" \/>\n<meta property=\"og:description\" content=\"Los sistemas de almacenamiento autom\u00e1tico Modula son adecuados para todos los sectores industriales. Entra y descubre nuestras soluciones para el sector de la educaci\u00f3n y la administraci\u00f3n p\u00fablica.\" \/>\n<meta property=\"og:url\" content=\"https:\/\/www.modula.eu\/es\/caso-practico\/educacion-administracion-publica\/\" \/>\n<meta property=\"og:site_name\" content=\"Modula\" \/>\n<meta property=\"article:modified_time\" content=\"2026-04-14T11:43:34+00:00\" \/>\n<meta name=\"twitter:card\" content=\"summary_large_image\" \/>\n<script type=\"application\/ld+json\" class=\"yoast-schema-graph\">{\"@context\":\"https:\\\/\\\/schema.org\",\"@graph\":[{\"@type\":\"WebPage\",\"@id\":\"https:\\\/\\\/www.modula.eu\\\/es\\\/caso-practico\\\/educacion-administracion-publica\\\/\",\"url\":\"https:\\\/\\\/www.modula.eu\\\/es\\\/caso-practico\\\/educacion-administracion-publica\\\/\",\"name\":\"Almacenes autom\u00e1ticos Modula para el sector de la educaci\u00f3n y administraci\u00f3n p\u00fablica\",\"isPartOf\":{\"@id\":\"https:\\\/\\\/www.modula.eu\\\/es\\\/#website\"},\"datePublished\":\"2026-04-14T07:02:01+00:00\",\"dateModified\":\"2026-04-14T11:43:34+00:00\",\"description\":\"Los sistemas de almacenamiento autom\u00e1tico Modula son adecuados para todos los sectores industriales. Entra y descubre nuestras soluciones para el sector de la educaci\u00f3n y la administraci\u00f3n p\u00fablica.\",\"breadcrumb\":{\"@id\":\"https:\\\/\\\/www.modula.eu\\\/es\\\/caso-practico\\\/educacion-administracion-publica\\\/#breadcrumb\"},\"inLanguage\":\"es\",\"potentialAction\":[{\"@type\":\"ReadAction\",\"target\":[\"https:\\\/\\\/www.modula.eu\\\/es\\\/caso-practico\\\/educacion-administracion-publica\\\/\"]}]},{\"@type\":\"BreadcrumbList\",\"@id\":\"https:\\\/\\\/www.modula.eu\\\/es\\\/caso-practico\\\/educacion-administracion-publica\\\/#breadcrumb\",\"itemListElement\":[{\"@type\":\"ListItem\",\"position\":1,\"name\":\"Home\",\"item\":\"https:\\\/\\\/www.modula.eu\\\/es\\\/\"},{\"@type\":\"ListItem\",\"position\":2,\"name\":\"Caso Pratico\",\"item\":\"https:\\\/\\\/www.modula.eu\\\/es\\\/caso-practico-almacenamiento-inteligente\\\/\"},{\"@type\":\"ListItem\",\"position\":3,\"name\":\"Educaci\u00f3n \\\/ Administraci\u00f3n p\u00fablica\"}]},{\"@type\":\"WebSite\",\"@id\":\"https:\\\/\\\/www.modula.eu\\\/es\\\/#website\",\"url\":\"https:\\\/\\\/www.modula.eu\\\/es\\\/\",\"name\":\"Modula\",\"description\":\"Think Vertical\",\"publisher\":{\"@id\":\"https:\\\/\\\/www.modula.eu\\\/es\\\/#organization\"},\"potentialAction\":[{\"@type\":\"SearchAction\",\"target\":{\"@type\":\"EntryPoint\",\"urlTemplate\":\"https:\\\/\\\/www.modula.eu\\\/es\\\/?s={search_term_string}\"},\"query-input\":{\"@type\":\"PropertyValueSpecification\",\"valueRequired\":true,\"valueName\":\"search_term_string\"}}],\"inLanguage\":\"es\"},{\"@type\":\"Organization\",\"@id\":\"https:\\\/\\\/www.modula.eu\\\/es\\\/#organization\",\"name\":\"Modula\",\"url\":\"https:\\\/\\\/www.modula.eu\\\/es\\\/\",\"logo\":{\"@type\":\"ImageObject\",\"inLanguage\":\"es\",\"@id\":\"https:\\\/\\\/www.modula.eu\\\/es\\\/#\\\/schema\\\/logo\\\/image\\\/\",\"url\":\"https:\\\/\\\/www.modula.eu\\\/wp-content\\\/uploads\\\/2022\\\/12\\\/Modula-logo.jpg\",\"contentUrl\":\"https:\\\/\\\/www.modula.eu\\\/wp-content\\\/uploads\\\/2022\\\/12\\\/Modula-logo.jpg\",\"width\":759,\"height\":512,\"caption\":\"Modula\"},\"image\":{\"@id\":\"https:\\\/\\\/www.modula.eu\\\/es\\\/#\\\/schema\\\/logo\\\/image\\\/\"}}]}<\/script>\n<!-- \/ Yoast SEO plugin. -->","yoast_head_json":{"title":"Almacenes autom\u00e1ticos Modula para el sector de la educaci\u00f3n y administraci\u00f3n p\u00fablica","description":"Los sistemas de almacenamiento autom\u00e1tico Modula son adecuados para todos los sectores industriales. Entra y descubre nuestras soluciones para el sector de la educaci\u00f3n y la administraci\u00f3n p\u00fablica.","robots":{"index":"index","follow":"follow","max-snippet":"max-snippet:-1","max-image-preview":"max-image-preview:large","max-video-preview":"max-video-preview:-1"},"canonical":"https:\/\/www.modula.eu\/es\/caso-practico\/educacion-administracion-publica\/","og_locale":"es_ES","og_type":"article","og_title":"Almacenes autom\u00e1ticos Modula para el sector de la educaci\u00f3n y administraci\u00f3n p\u00fablica","og_description":"Los sistemas de almacenamiento autom\u00e1tico Modula son adecuados para todos los sectores industriales. Entra y descubre nuestras soluciones para el sector de la educaci\u00f3n y la administraci\u00f3n p\u00fablica.","og_url":"https:\/\/www.modula.eu\/es\/caso-practico\/educacion-administracion-publica\/","og_site_name":"Modula","article_modified_time":"2026-04-14T11:43:34+00:00","twitter_card":"summary_large_image","schema":{"@context":"https:\/\/schema.org","@graph":[{"@type":"WebPage","@id":"https:\/\/www.modula.eu\/es\/caso-practico\/educacion-administracion-publica\/","url":"https:\/\/www.modula.eu\/es\/caso-practico\/educacion-administracion-publica\/","name":"Almacenes autom\u00e1ticos Modula para el sector de la educaci\u00f3n y administraci\u00f3n p\u00fablica","isPartOf":{"@id":"https:\/\/www.modula.eu\/es\/#website"},"datePublished":"2026-04-14T07:02:01+00:00","dateModified":"2026-04-14T11:43:34+00:00","description":"Los sistemas de almacenamiento autom\u00e1tico Modula son adecuados para todos los sectores industriales. Entra y descubre nuestras soluciones para el sector de la educaci\u00f3n y la administraci\u00f3n p\u00fablica.","breadcrumb":{"@id":"https:\/\/www.modula.eu\/es\/caso-practico\/educacion-administracion-publica\/#breadcrumb"},"inLanguage":"es","potentialAction":[{"@type":"ReadAction","target":["https:\/\/www.modula.eu\/es\/caso-practico\/educacion-administracion-publica\/"]}]},{"@type":"BreadcrumbList","@id":"https:\/\/www.modula.eu\/es\/caso-practico\/educacion-administracion-publica\/#breadcrumb","itemListElement":[{"@type":"ListItem","position":1,"name":"Home","item":"https:\/\/www.modula.eu\/es\/"},{"@type":"ListItem","position":2,"name":"Caso Pratico","item":"https:\/\/www.modula.eu\/es\/caso-practico-almacenamiento-inteligente\/"},{"@type":"ListItem","position":3,"name":"Educaci\u00f3n \/ Administraci\u00f3n p\u00fablica"}]},{"@type":"WebSite","@id":"https:\/\/www.modula.eu\/es\/#website","url":"https:\/\/www.modula.eu\/es\/","name":"Modula","description":"Think Vertical","publisher":{"@id":"https:\/\/www.modula.eu\/es\/#organization"},"potentialAction":[{"@type":"SearchAction","target":{"@type":"EntryPoint","urlTemplate":"https:\/\/www.modula.eu\/es\/?s={search_term_string}"},"query-input":{"@type":"PropertyValueSpecification","valueRequired":true,"valueName":"search_term_string"}}],"inLanguage":"es"},{"@type":"Organization","@id":"https:\/\/www.modula.eu\/es\/#organization","name":"Modula","url":"https:\/\/www.modula.eu\/es\/","logo":{"@type":"ImageObject","inLanguage":"es","@id":"https:\/\/www.modula.eu\/es\/#\/schema\/logo\/image\/","url":"https:\/\/www.modula.eu\/wp-content\/uploads\/2022\/12\/Modula-logo.jpg","contentUrl":"https:\/\/www.modula.eu\/wp-content\/uploads\/2022\/12\/Modula-logo.jpg","width":759,"height":512,"caption":"Modula"},"image":{"@id":"https:\/\/www.modula.eu\/es\/#\/schema\/logo\/image\/"}}]}},"_links":{"self":[{"href":"https:\/\/www.modula.eu\/es\/wp-json\/wp\/v2\/pages\/76435","targetHints":{"allow":["GET"]}}],"collection":[{"href":"https:\/\/www.modula.eu\/es\/wp-json\/wp\/v2\/pages"}],"about":[{"href":"https:\/\/www.modula.eu\/es\/wp-json\/wp\/v2\/types\/page"}],"author":[{"embeddable":true,"href":"https:\/\/www.modula.eu\/es\/wp-json\/wp\/v2\/users\/6"}],"replies":[{"embeddable":true,"href":"https:\/\/www.modula.eu\/es\/wp-json\/wp\/v2\/comments?post=76435"}],"version-history":[{"count":3,"href":"https:\/\/www.modula.eu\/es\/wp-json\/wp\/v2\/pages\/76435\/revisions"}],"predecessor-version":[{"id":77082,"href":"https:\/\/www.modula.eu\/es\/wp-json\/wp\/v2\/pages\/76435\/revisions\/77082"}],"up":[{"embeddable":true,"href":"https:\/\/www.modula.eu\/es\/wp-json\/wp\/v2\/pages\/10078"}],"wp:attachment":[{"href":"https:\/\/www.modula.eu\/es\/wp-json\/wp\/v2\/media?parent=76435"}],"curies":[{"name":"wp","href":"https:\/\/api.w.org\/{rel}","templated":true}]}}