{"id":76456,"date":"2026-04-14T09:22:15","date_gmt":"2026-04-14T07:22:15","guid":{"rendered":"https:\/\/www.modula.eu\/?page_id=76456"},"modified":"2026-04-14T13:35:41","modified_gmt":"2026-04-14T11:35:41","slug":"wuhan-university","status":"publish","type":"page","link":"https:\/\/www.modula.eu\/es\/caso-practico\/educacion-administracion-publica\/wuhan-university\/","title":{"rendered":"Wuhan University"},"content":{"rendered":"","protected":false},"excerpt":{"rendered":"","protected":false},"author":6,"featured_media":76457,"parent":76435,"menu_order":0,"comment_status":"closed","ping_status":"closed","template":"case.php","meta":{"_acf_changed":false,"inline_featured_image":false,"mapsvg_location":"","footnotes":""},"class_list":["post-76456","page","type-page","status-publish","has-post-thumbnail","hentry"],"acf":[],"yoast_head":"<!-- This site is optimized with the Yoast SEO plugin v27.3 - https:\/\/yoast.com\/product\/yoast-seo-wordpress\/ -->\n<title>Almacenes autom\u00e1ticos verticales Modula para el sector de la educaci\u00f3n: Wuhan University<\/title>\n<meta name=\"description\" content=\"La introducci\u00f3n del almac\u00e9n autom\u00e1tico vertical gener\u00f3 beneficios inmediatos y medibles. M\u00e1s de 500 robots y drones se almacenan ahora de forma segura y ordenada, con un monitoreo constante de los movimientos de entrada y salida.\" \/>\n<meta name=\"robots\" content=\"index, follow, max-snippet:-1, max-image-preview:large, max-video-preview:-1\" \/>\n<link rel=\"canonical\" href=\"https:\/\/www.modula.eu\/es\/caso-practico\/educacion-administracion-publica\/wuhan-university\/\" \/>\n<meta property=\"og:locale\" content=\"es_ES\" \/>\n<meta property=\"og:type\" content=\"article\" \/>\n<meta property=\"og:title\" content=\"Almacenes autom\u00e1ticos verticales Modula para el sector de la educaci\u00f3n: Wuhan University\" \/>\n<meta property=\"og:description\" content=\"La introducci\u00f3n del almac\u00e9n autom\u00e1tico vertical gener\u00f3 beneficios inmediatos y medibles. M\u00e1s de 500 robots y drones se almacenan ahora de forma segura y ordenada, con un monitoreo constante de los movimientos de entrada y salida.\" \/>\n<meta property=\"og:url\" content=\"https:\/\/www.modula.eu\/es\/caso-practico\/educacion-administracion-publica\/wuhan-university\/\" \/>\n<meta property=\"og:site_name\" content=\"Modula\" \/>\n<meta property=\"article:modified_time\" content=\"2026-04-14T11:35:41+00:00\" \/>\n<meta property=\"og:image\" content=\"https:\/\/www.modula.eu\/wp-content\/uploads\/2026\/04\/Wuhan-University-Modula-Next.jpg\" \/>\n\t<meta property=\"og:image:width\" content=\"1831\" \/>\n\t<meta property=\"og:image:height\" content=\"879\" \/>\n\t<meta property=\"og:image:type\" content=\"image\/jpeg\" \/>\n<meta name=\"twitter:card\" content=\"summary_large_image\" \/>\n<script type=\"application\/ld+json\" class=\"yoast-schema-graph\">{\"@context\":\"https:\\\/\\\/schema.org\",\"@graph\":[{\"@type\":\"WebPage\",\"@id\":\"https:\\\/\\\/www.modula.eu\\\/es\\\/caso-practico\\\/educacion-administracion-publica\\\/wuhan-university\\\/\",\"url\":\"https:\\\/\\\/www.modula.eu\\\/es\\\/caso-practico\\\/educacion-administracion-publica\\\/wuhan-university\\\/\",\"name\":\"Almacenes autom\u00e1ticos verticales Modula para el sector de la educaci\u00f3n: Wuhan University\",\"isPartOf\":{\"@id\":\"https:\\\/\\\/www.modula.eu\\\/es\\\/#website\"},\"primaryImageOfPage\":{\"@id\":\"https:\\\/\\\/www.modula.eu\\\/es\\\/caso-practico\\\/educacion-administracion-publica\\\/wuhan-university\\\/#primaryimage\"},\"image\":{\"@id\":\"https:\\\/\\\/www.modula.eu\\\/es\\\/caso-practico\\\/educacion-administracion-publica\\\/wuhan-university\\\/#primaryimage\"},\"thumbnailUrl\":\"https:\\\/\\\/www.modula.eu\\\/wp-content\\\/uploads\\\/2026\\\/04\\\/Wuhan-University-Modula-Next.jpg\",\"datePublished\":\"2026-04-14T07:22:15+00:00\",\"dateModified\":\"2026-04-14T11:35:41+00:00\",\"description\":\"La introducci\u00f3n del almac\u00e9n autom\u00e1tico vertical gener\u00f3 beneficios inmediatos y medibles. M\u00e1s de 500 robots y drones se almacenan ahora de forma segura y ordenada, con un monitoreo constante de los movimientos de entrada y salida.\",\"breadcrumb\":{\"@id\":\"https:\\\/\\\/www.modula.eu\\\/es\\\/caso-practico\\\/educacion-administracion-publica\\\/wuhan-university\\\/#breadcrumb\"},\"inLanguage\":\"es\",\"potentialAction\":[{\"@type\":\"ReadAction\",\"target\":[\"https:\\\/\\\/www.modula.eu\\\/es\\\/caso-practico\\\/educacion-administracion-publica\\\/wuhan-university\\\/\"]}]},{\"@type\":\"ImageObject\",\"inLanguage\":\"es\",\"@id\":\"https:\\\/\\\/www.modula.eu\\\/es\\\/caso-practico\\\/educacion-administracion-publica\\\/wuhan-university\\\/#primaryimage\",\"url\":\"https:\\\/\\\/www.modula.eu\\\/wp-content\\\/uploads\\\/2026\\\/04\\\/Wuhan-University-Modula-Next.jpg\",\"contentUrl\":\"https:\\\/\\\/www.modula.eu\\\/wp-content\\\/uploads\\\/2026\\\/04\\\/Wuhan-University-Modula-Next.jpg\",\"width\":1831,\"height\":879},{\"@type\":\"BreadcrumbList\",\"@id\":\"https:\\\/\\\/www.modula.eu\\\/es\\\/caso-practico\\\/educacion-administracion-publica\\\/wuhan-university\\\/#breadcrumb\",\"itemListElement\":[{\"@type\":\"ListItem\",\"position\":1,\"name\":\"Home\",\"item\":\"https:\\\/\\\/www.modula.eu\\\/es\\\/\"},{\"@type\":\"ListItem\",\"position\":2,\"name\":\"Caso Pratico\",\"item\":\"https:\\\/\\\/www.modula.eu\\\/es\\\/caso-practico-almacenamiento-inteligente\\\/\"},{\"@type\":\"ListItem\",\"position\":3,\"name\":\"Educaci\u00f3n \\\/ Administraci\u00f3n p\u00fablica\",\"item\":\"https:\\\/\\\/www.modula.eu\\\/es\\\/caso-practico\\\/educacion-administracion-publica\\\/\"},{\"@type\":\"ListItem\",\"position\":4,\"name\":\"Wuhan University\"}]},{\"@type\":\"WebSite\",\"@id\":\"https:\\\/\\\/www.modula.eu\\\/es\\\/#website\",\"url\":\"https:\\\/\\\/www.modula.eu\\\/es\\\/\",\"name\":\"Modula\",\"description\":\"Think Vertical\",\"publisher\":{\"@id\":\"https:\\\/\\\/www.modula.eu\\\/es\\\/#organization\"},\"potentialAction\":[{\"@type\":\"SearchAction\",\"target\":{\"@type\":\"EntryPoint\",\"urlTemplate\":\"https:\\\/\\\/www.modula.eu\\\/es\\\/?s={search_term_string}\"},\"query-input\":{\"@type\":\"PropertyValueSpecification\",\"valueRequired\":true,\"valueName\":\"search_term_string\"}}],\"inLanguage\":\"es\"},{\"@type\":\"Organization\",\"@id\":\"https:\\\/\\\/www.modula.eu\\\/es\\\/#organization\",\"name\":\"Modula\",\"url\":\"https:\\\/\\\/www.modula.eu\\\/es\\\/\",\"logo\":{\"@type\":\"ImageObject\",\"inLanguage\":\"es\",\"@id\":\"https:\\\/\\\/www.modula.eu\\\/es\\\/#\\\/schema\\\/logo\\\/image\\\/\",\"url\":\"https:\\\/\\\/www.modula.eu\\\/wp-content\\\/uploads\\\/2022\\\/12\\\/Modula-logo.jpg\",\"contentUrl\":\"https:\\\/\\\/www.modula.eu\\\/wp-content\\\/uploads\\\/2022\\\/12\\\/Modula-logo.jpg\",\"width\":759,\"height\":512,\"caption\":\"Modula\"},\"image\":{\"@id\":\"https:\\\/\\\/www.modula.eu\\\/es\\\/#\\\/schema\\\/logo\\\/image\\\/\"}}]}<\/script>\n<!-- \/ Yoast SEO plugin. -->","yoast_head_json":{"title":"Almacenes autom\u00e1ticos verticales Modula para el sector de la educaci\u00f3n: Wuhan University","description":"La introducci\u00f3n del almac\u00e9n autom\u00e1tico vertical gener\u00f3 beneficios inmediatos y medibles. M\u00e1s de 500 robots y drones se almacenan ahora de forma segura y ordenada, con un monitoreo constante de los movimientos de entrada y salida.","robots":{"index":"index","follow":"follow","max-snippet":"max-snippet:-1","max-image-preview":"max-image-preview:large","max-video-preview":"max-video-preview:-1"},"canonical":"https:\/\/www.modula.eu\/es\/caso-practico\/educacion-administracion-publica\/wuhan-university\/","og_locale":"es_ES","og_type":"article","og_title":"Almacenes autom\u00e1ticos verticales Modula para el sector de la educaci\u00f3n: Wuhan University","og_description":"La introducci\u00f3n del almac\u00e9n autom\u00e1tico vertical gener\u00f3 beneficios inmediatos y medibles. M\u00e1s de 500 robots y drones se almacenan ahora de forma segura y ordenada, con un monitoreo constante de los movimientos de entrada y salida.","og_url":"https:\/\/www.modula.eu\/es\/caso-practico\/educacion-administracion-publica\/wuhan-university\/","og_site_name":"Modula","article_modified_time":"2026-04-14T11:35:41+00:00","og_image":[{"width":1831,"height":879,"url":"https:\/\/www.modula.eu\/wp-content\/uploads\/2026\/04\/Wuhan-University-Modula-Next.jpg","type":"image\/jpeg"}],"twitter_card":"summary_large_image","schema":{"@context":"https:\/\/schema.org","@graph":[{"@type":"WebPage","@id":"https:\/\/www.modula.eu\/es\/caso-practico\/educacion-administracion-publica\/wuhan-university\/","url":"https:\/\/www.modula.eu\/es\/caso-practico\/educacion-administracion-publica\/wuhan-university\/","name":"Almacenes autom\u00e1ticos verticales Modula para el sector de la educaci\u00f3n: Wuhan University","isPartOf":{"@id":"https:\/\/www.modula.eu\/es\/#website"},"primaryImageOfPage":{"@id":"https:\/\/www.modula.eu\/es\/caso-practico\/educacion-administracion-publica\/wuhan-university\/#primaryimage"},"image":{"@id":"https:\/\/www.modula.eu\/es\/caso-practico\/educacion-administracion-publica\/wuhan-university\/#primaryimage"},"thumbnailUrl":"https:\/\/www.modula.eu\/wp-content\/uploads\/2026\/04\/Wuhan-University-Modula-Next.jpg","datePublished":"2026-04-14T07:22:15+00:00","dateModified":"2026-04-14T11:35:41+00:00","description":"La introducci\u00f3n del almac\u00e9n autom\u00e1tico vertical gener\u00f3 beneficios inmediatos y medibles. M\u00e1s de 500 robots y drones se almacenan ahora de forma segura y ordenada, con un monitoreo constante de los movimientos de entrada y salida.","breadcrumb":{"@id":"https:\/\/www.modula.eu\/es\/caso-practico\/educacion-administracion-publica\/wuhan-university\/#breadcrumb"},"inLanguage":"es","potentialAction":[{"@type":"ReadAction","target":["https:\/\/www.modula.eu\/es\/caso-practico\/educacion-administracion-publica\/wuhan-university\/"]}]},{"@type":"ImageObject","inLanguage":"es","@id":"https:\/\/www.modula.eu\/es\/caso-practico\/educacion-administracion-publica\/wuhan-university\/#primaryimage","url":"https:\/\/www.modula.eu\/wp-content\/uploads\/2026\/04\/Wuhan-University-Modula-Next.jpg","contentUrl":"https:\/\/www.modula.eu\/wp-content\/uploads\/2026\/04\/Wuhan-University-Modula-Next.jpg","width":1831,"height":879},{"@type":"BreadcrumbList","@id":"https:\/\/www.modula.eu\/es\/caso-practico\/educacion-administracion-publica\/wuhan-university\/#breadcrumb","itemListElement":[{"@type":"ListItem","position":1,"name":"Home","item":"https:\/\/www.modula.eu\/es\/"},{"@type":"ListItem","position":2,"name":"Caso Pratico","item":"https:\/\/www.modula.eu\/es\/caso-practico-almacenamiento-inteligente\/"},{"@type":"ListItem","position":3,"name":"Educaci\u00f3n \/ Administraci\u00f3n p\u00fablica","item":"https:\/\/www.modula.eu\/es\/caso-practico\/educacion-administracion-publica\/"},{"@type":"ListItem","position":4,"name":"Wuhan University"}]},{"@type":"WebSite","@id":"https:\/\/www.modula.eu\/es\/#website","url":"https:\/\/www.modula.eu\/es\/","name":"Modula","description":"Think Vertical","publisher":{"@id":"https:\/\/www.modula.eu\/es\/#organization"},"potentialAction":[{"@type":"SearchAction","target":{"@type":"EntryPoint","urlTemplate":"https:\/\/www.modula.eu\/es\/?s={search_term_string}"},"query-input":{"@type":"PropertyValueSpecification","valueRequired":true,"valueName":"search_term_string"}}],"inLanguage":"es"},{"@type":"Organization","@id":"https:\/\/www.modula.eu\/es\/#organization","name":"Modula","url":"https:\/\/www.modula.eu\/es\/","logo":{"@type":"ImageObject","inLanguage":"es","@id":"https:\/\/www.modula.eu\/es\/#\/schema\/logo\/image\/","url":"https:\/\/www.modula.eu\/wp-content\/uploads\/2022\/12\/Modula-logo.jpg","contentUrl":"https:\/\/www.modula.eu\/wp-content\/uploads\/2022\/12\/Modula-logo.jpg","width":759,"height":512,"caption":"Modula"},"image":{"@id":"https:\/\/www.modula.eu\/es\/#\/schema\/logo\/image\/"}}]}},"_links":{"self":[{"href":"https:\/\/www.modula.eu\/es\/wp-json\/wp\/v2\/pages\/76456","targetHints":{"allow":["GET"]}}],"collection":[{"href":"https:\/\/www.modula.eu\/es\/wp-json\/wp\/v2\/pages"}],"about":[{"href":"https:\/\/www.modula.eu\/es\/wp-json\/wp\/v2\/types\/page"}],"author":[{"embeddable":true,"href":"https:\/\/www.modula.eu\/es\/wp-json\/wp\/v2\/users\/6"}],"replies":[{"embeddable":true,"href":"https:\/\/www.modula.eu\/es\/wp-json\/wp\/v2\/comments?post=76456"}],"version-history":[{"count":3,"href":"https:\/\/www.modula.eu\/es\/wp-json\/wp\/v2\/pages\/76456\/revisions"}],"predecessor-version":[{"id":77076,"href":"https:\/\/www.modula.eu\/es\/wp-json\/wp\/v2\/pages\/76456\/revisions\/77076"}],"up":[{"embeddable":true,"href":"https:\/\/www.modula.eu\/es\/wp-json\/wp\/v2\/pages\/76435"}],"wp:featuredmedia":[{"embeddable":true,"href":"https:\/\/www.modula.eu\/es\/wp-json\/wp\/v2\/media\/76457"}],"wp:attachment":[{"href":"https:\/\/www.modula.eu\/es\/wp-json\/wp\/v2\/media?parent=76456"}],"curies":[{"name":"wp","href":"https:\/\/api.w.org\/{rel}","templated":true}]}}